{"id":8,"date":"2024-01-08T18:51:30","date_gmt":"2024-01-08T18:51:30","guid":{"rendered":"https:\/\/crazytime.com.pl\/?page_id=8"},"modified":"2024-01-17T00:58:32","modified_gmt":"2024-01-17T00:58:32","slug":"bonus-features-of-the-crazy-time-game","status":"publish","type":"page","link":"https:\/\/crazytime.com.pl\/tr\/bonus-features-of-the-crazy-time-game\/","title":{"rendered":"Crazy Time Oyununun Bonus \u00d6zellikleri"},"content":{"rendered":"<p>Crazy Time oyununun \u00f6nemli avantajlar\u0131ndan biri, d\u00f6rt farkl\u0131 oyun bi\u00e7iminde ve bahis \u00e7arpanlar\u0131na sahip ekstra Top Slot \u00f6zelli\u011finin bulunmas\u0131d\u0131r. Her bonus turu, oyunculara \u00e7e\u015fitli maddi \u00f6d\u00fcller sunar.<\/p>\n<h2>Coin Flip<\/h2>\n<p>Ger\u00e7ek bir st\u00fcdyodaki oyun sunucusu, \u00f6zel bir makine kullanarak ger\u00e7ek bir madeni para atar. Paran\u0131n mavi ve k\u0131rm\u0131z\u0131 taraflar\u0131 vard\u0131r. Her iki taraf da kazan\u00e7 sa\u011flar. Madeni paran\u0131n at\u0131lmas\u0131 \u00f6ncesinde, k\u0131rm\u0131z\u0131 ve mavi taraflar i\u00e7in \u00e7arpanlar rastgele belirlenir.<\/p>\n<h2>Cash Hunt<\/h2>\n<p>Bu se\u00e7enek etkinle\u015ftirildi\u011finde, 108 adet rastgele \u00e7arpan\u0131n bulundu\u011fu dev bir ekran ortaya \u00e7\u0131kar. T\u00fcm \u00e7arpanlar, rastgele se\u00e7ilen sembollerle gizlenir. Tur ba\u015flad\u0131ktan sonra semboller kar\u0131\u015f\u0131r. Oyuncunun yapmas\u0131 gereken, en y\u00fcksek bahis \u00e7arpan\u0131n\u0131 gizleyen g\u00f6r\u00fcnt\u00fcy\u00fc se\u00e7mektir.<\/p>\n<h2>Pachinko<\/h2>\n<p>Bu, iyi \u00f6d\u00fcllerle dolu \u00e7ok ilgin\u00e7 bir turdur. Oyuncunun \u00f6n\u00fcnde b\u00fcy\u00fck bir duvar ve bir pul ile engeller ortaya \u00e7\u0131kar. Hedef, pullar\u0131n \u00e7engel engellerini a\u015fmas\u0131n\u0131 sa\u011flamak ve bahis \u00e7arpan\u0131na veya \u00e7arpan\u0131n iki kat\u0131na \u00e7\u0131kmas\u0131na denk d\u00fc\u015fen bir h\u00fccreye inmektir, bu da oyunculara ekstra kazan\u00e7 \u015fanslar\u0131 sa\u011flar.<\/p>\n<h2>Crazy Time<\/h2>\n<p>Bu bonus seviyesi oyunun en heyecan verici an\u0131d\u0131r. Kumarbaz, gizemli bir k\u0131rm\u0131z\u0131 kap\u0131 arac\u0131l\u0131\u011f\u0131yla yeni bir sanal konuma girer. Burada, mavi, ye\u015fil ve sar\u0131 ba\u015flatma oklar\u0131na sahip b\u00fcy\u00fck bir para \u00e7ark\u0131 bulunmaktad\u0131r. Ok taraf\u0131ndan g\u00f6sterilen bahis \u00e7arpanlar\u0131 kazan\u0131labilir. \u00d6d\u00fcl\u00fc iki veya \u00fc\u00e7 kat\u0131na \u00e7\u0131karma \u015fans\u0131 vard\u0131r. Maksimum \u00f6d\u00fcl, x20000 bahislere kadar \u00e7\u0131kar.<\/p>\n<h2>Top Slot<\/h2>\n<p>Bu slot \u00f6zelli\u011fi, oyunculara ek kazan\u00e7 sa\u011flar. Ekran\u0131n \u00fcst k\u0131sm\u0131nda bir yuva ile yard\u0131mc\u0131 bir alan bulunmaktad\u0131r. Oyuncunun say\u0131sal bir bahis \u00f6d\u00fcl\u00fc almay\u0131 ba\u015farmas\u0131 durumunda, buna ek olarak Top Slot \u00e7arpan\u0131 uygulan\u0131r ve \u00f6demenin miktar\u0131 artar.<\/p>\n<p>Crazy Time oyununda bahis yapmak ilgin\u00e7, \u00e7ekici ve karl\u0131d\u0131r. Kurallar olduk\u00e7a basittir ve kazan\u00e7lar \u00f6nemlidir. Farkl\u0131 bakiyelere sahip oyuncular\u0131n raundlara kat\u0131lmas\u0131na izin veren geni\u015f bir bahis aral\u0131\u011f\u0131 bulunmaktad\u0131r. Bir oyuncu, tekerlek sekt\u00f6r\u00fcne veya t\u00fcm sekt\u00f6rlere bahis koyabilir. Buna 15 saniye ayr\u0131l\u0131r. Sonra, sunucu davulu \u00e7evirir ve heyecan verici bir oyunu ba\u015flat\u0131r.<\/p>\n<p>Crazy Time slotu, bir oyun modelinde birka\u00e7 e\u011flencenin benzersiz bir kombinasyonunu temsil eder. B\u00fcy\u00fck \u00f6deme katsay\u0131lar\u0131 ve inan\u0131lmaz \u00f6d\u00fcl f\u0131rsatlar\u0131, slotu sanal casinonun ziyaret\u00e7ileri aras\u0131nda \u00e7ok pop\u00fcler hale getirmi\u015ftir.<\/p>\n","protected":false},"excerpt":{"rendered":"<p>Crazy Time oyununun \u00f6nemli avantajlar\u0131ndan biri, d\u00f6rt farkl\u0131 oyun bi\u00e7iminde ve bahis \u00e7arpanlar\u0131na sahip ekstra Top Slot \u00f6zelli\u011finin bulunmas\u0131d\u0131r. Her bonus turu, oyunculara \u00e7e\u015fitli maddi \u00f6d\u00fcller sunar. Coin Flip Ger\u00e7ek bir st\u00fcdyodaki oyun sunucusu, \u00f6zel bir makine kullanarak ger\u00e7ek bir madeni para atar. Paran\u0131n mavi ve k\u0131rm\u0131z\u0131 taraflar\u0131 vard\u0131r. Her &hellip;<\/p>\n","protected":false},"author":1,"featured_media":0,"parent":0,"menu_order":0,"comment_status":"closed","ping_status":"closed","template":"","meta":{"footnotes":""},"class_list":["post-8","page","type-page","status-publish","hentry"],"yoast_head":"<!-- This site is optimized with the Yoast SEO plugin v27.2 - https:\/\/yoast.com\/product\/yoast-seo-wordpress\/ -->\n<title>\u0411\u043e\u043d\u0443\u0441\u0438 \u0432 \u0436\u0438\u0432\u0430\u0442\u0430 \u0438\u0433\u0440\u0430 Crazy Time<\/title>\n<meta name=\"description\" content=\"Coin Flip, Cash Hunt, Pachinko, Crazy Time ve heyecan verici Crazy Time oyunundaki di\u011fer bonuslar. Crazy Time oyunundaki \u00fccretsiz bonuslar - nas\u0131l al\u0131n\u0131r ve kazan\u0131l\u0131r.\" \/>\n<meta name=\"robots\" content=\"index, follow, max-snippet:-1, max-image-preview:large, max-video-preview:-1\" \/>\n<link rel=\"canonical\" href=\"https:\/\/crazytime.com.pl\/tr\/bonus-features-of-the-crazy-time-game\/\" \/>\n<meta property=\"og:locale\" content=\"tr_TR\" \/>\n<meta property=\"og:locale:alternate\" content=\"ru_RU\" \/>\n<meta property=\"og:locale:alternate\" content=\"en_US\" \/>\n<meta property=\"og:locale:alternate\" content=\"pt_PT\" \/>\n<meta property=\"og:locale:alternate\" content=\"es_ES\" \/>\n<meta property=\"og:locale:alternate\" content=\"fr_FR\" \/>\n<meta property=\"og:locale:alternate\" content=\"de_DE\" \/>\n<meta property=\"og:locale:alternate\" content=\"pl_PL\" \/>\n<meta property=\"og:locale:alternate\" content=\"it_IT\" \/>\n<meta property=\"og:locale:alternate\" content=\"uk\" \/>\n<meta property=\"og:locale:alternate\" content=\"sr_RS\" \/>\n<meta property=\"og:locale:alternate\" content=\"bg_BG\" \/>\n<meta property=\"og:type\" content=\"article\" \/>\n<meta property=\"og:title\" content=\"\u0411\u043e\u043d\u0443\u0441\u0438 \u0432 \u0436\u0438\u0432\u0430\u0442\u0430 \u0438\u0433\u0440\u0430 Crazy Time\" \/>\n<meta property=\"og:description\" content=\"Coin Flip, Cash Hunt, Pachinko, Crazy Time \u0438 \u0434\u0440\u0443\u0433\u0438 \u0431\u043e\u043d\u0443\u0441\u0438 \u0432 \u0443\u0432\u043b\u0435\u043a\u0430\u0442\u0435\u043b\u043d\u0430\u0442\u0430 \u0438\u0433\u0440\u0430 Crazy Time. \u0421\u0432\u043e\u0431\u043e\u0434\u043d\u0438 \u0431\u043e\u043d\u0443\u0441\u0438 \u0432 \u0438\u0433\u0440\u0430\u0442\u0430 Crazy Time - \u043a\u0430\u043a \u0434\u0430 \u0433\u0438 \u043f\u043e\u043b\u0443\u0447\u0438\u0442\u0435 \u0438 \u0441\u043f\u0435\u0447\u0435\u043b\u0438\u0442\u0435\" \/>\n<meta property=\"og:url\" content=\"https:\/\/crazytime.com.pl\/tr\/bonus-features-of-the-crazy-time-game\/\" \/>\n<meta property=\"og:site_name\" content=\"Crazy Time\" \/>\n<meta property=\"article:modified_time\" content=\"2024-01-17T00:58:32+00:00\" \/>\n<meta name=\"twitter:card\" content=\"summary_large_image\" \/>\n<meta name=\"twitter:label1\" content=\"Tahmini okuma s\u00fcresi\" \/>\n\t<meta name=\"twitter:data1\" content=\"18 minutes\" \/>\n<script type=\"application\/ld+json\" class=\"yoast-schema-graph\">{\"@context\":\"https:\/\/schema.org\",\"@graph\":[{\"@type\":\"WebPage\",\"@id\":\"https:\/\/crazytime.com.pl\/bg\/bonus-features-of-the-crazy-time-game\/\",\"url\":\"https:\/\/crazytime.com.pl\/bg\/bonus-features-of-the-crazy-time-game\/\",\"name\":\"\u0411\u043e\u043d\u0443\u0441\u0438 \u0432 \u0436\u0438\u0432\u0430\u0442\u0430 \u0438\u0433\u0440\u0430 Crazy Time\",\"isPartOf\":{\"@id\":\"https:\/\/crazytime.com.pl\/#website\"},\"datePublished\":\"2024-01-08T18:51:30+00:00\",\"dateModified\":\"2024-01-17T00:58:32+00:00\",\"description\":\"Coin Flip, Cash Hunt, Pachinko, Crazy Time \u0438 \u0434\u0440\u0443\u0433\u0438 \u0431\u043e\u043d\u0443\u0441\u0438 \u0432 \u0443\u0432\u043b\u0435\u043a\u0430\u0442\u0435\u043b\u043d\u0430\u0442\u0430 \u0438\u0433\u0440\u0430 Crazy Time. \u0421\u0432\u043e\u0431\u043e\u0434\u043d\u0438 \u0431\u043e\u043d\u0443\u0441\u0438 \u0432 \u0438\u0433\u0440\u0430\u0442\u0430 Crazy Time - \u043a\u0430\u043a \u0434\u0430 \u0433\u0438 \u043f\u043e\u043b\u0443\u0447\u0438\u0442\u0435 \u0438 \u0441\u043f\u0435\u0447\u0435\u043b\u0438\u0442\u0435\",\"breadcrumb\":{\"@id\":\"https:\/\/crazytime.com.pl\/bg\/bonus-features-of-the-crazy-time-game\/#breadcrumb\"},\"inLanguage\":\"tr-TR\",\"potentialAction\":[{\"@type\":\"ReadAction\",\"target\":[\"https:\/\/crazytime.com.pl\/bg\/bonus-features-of-the-crazy-time-game\/\"]}]},{\"@type\":\"BreadcrumbList\",\"@id\":\"https:\/\/crazytime.com.pl\/bg\/bonus-features-of-the-crazy-time-game\/#breadcrumb\",\"itemListElement\":[{\"@type\":\"ListItem\",\"position\":1,\"name\":\"Home\",\"item\":\"https:\/\/crazytime.com.pl\/\"},{\"@type\":\"ListItem\",\"position\":2,\"name\":\"\u0411\u043e\u043d\u0443\u0441 \u0444\u0443\u043d\u043a\u0446\u0438\u0438 \u043d\u0430 \u0438\u0433\u0440\u0430\u0442\u0430 Crazy Time\"}]},{\"@type\":\"WebSite\",\"@id\":\"https:\/\/crazytime.com.pl\/#website\",\"url\":\"https:\/\/crazytime.com.pl\/\",\"name\":\"Crazy Time\",\"description\":\"\",\"potentialAction\":[{\"@type\":\"SearchAction\",\"target\":{\"@type\":\"EntryPoint\",\"urlTemplate\":\"https:\/\/crazytime.com.pl\/?s={search_term_string}\"},\"query-input\":{\"@type\":\"PropertyValueSpecification\",\"valueRequired\":true,\"valueName\":\"search_term_string\"}}],\"inLanguage\":\"tr-TR\"}]}<\/script>\n<!-- \/ Yoast SEO plugin. -->","yoast_head_json":{"title":"\u0411\u043e\u043d\u0443\u0441\u0438 \u0432 \u0436\u0438\u0432\u0430\u0442\u0430 \u0438\u0433\u0440\u0430 Crazy Time","description":"Coin Flip, Cash Hunt, Pachinko, Crazy Time ve heyecan verici Crazy Time oyunundaki di\u011fer bonuslar. Crazy Time oyunundaki \u00fccretsiz bonuslar - nas\u0131l al\u0131n\u0131r ve kazan\u0131l\u0131r.","robots":{"index":"index","follow":"follow","max-snippet":"max-snippet:-1","max-image-preview":"max-image-preview:large","max-video-preview":"max-video-preview:-1"},"canonical":"https:\/\/crazytime.com.pl\/tr\/bonus-features-of-the-crazy-time-game\/","og_locale":"tr_TR","og_type":"article","og_title":"\u0411\u043e\u043d\u0443\u0441\u0438 \u0432 \u0436\u0438\u0432\u0430\u0442\u0430 \u0438\u0433\u0440\u0430 Crazy Time","og_description":"Coin Flip, Cash Hunt, Pachinko, Crazy Time \u0438 \u0434\u0440\u0443\u0433\u0438 \u0431\u043e\u043d\u0443\u0441\u0438 \u0432 \u0443\u0432\u043b\u0435\u043a\u0430\u0442\u0435\u043b\u043d\u0430\u0442\u0430 \u0438\u0433\u0440\u0430 Crazy Time. \u0421\u0432\u043e\u0431\u043e\u0434\u043d\u0438 \u0431\u043e\u043d\u0443\u0441\u0438 \u0432 \u0438\u0433\u0440\u0430\u0442\u0430 Crazy Time - \u043a\u0430\u043a \u0434\u0430 \u0433\u0438 \u043f\u043e\u043b\u0443\u0447\u0438\u0442\u0435 \u0438 \u0441\u043f\u0435\u0447\u0435\u043b\u0438\u0442\u0435","og_url":"https:\/\/crazytime.com.pl\/tr\/bonus-features-of-the-crazy-time-game\/","og_site_name":"Crazy Time","article_modified_time":"2024-01-17T00:58:32+00:00","twitter_card":"summary_large_image","twitter_misc":{"Tahmini okuma s\u00fcresi":"18 minutes"},"schema":{"@context":"https:\/\/schema.org","@graph":[{"@type":"WebPage","@id":"https:\/\/crazytime.com.pl\/bg\/bonus-features-of-the-crazy-time-game\/","url":"https:\/\/crazytime.com.pl\/bg\/bonus-features-of-the-crazy-time-game\/","name":"\u0411\u043e\u043d\u0443\u0441\u0438 \u0432 \u0436\u0438\u0432\u0430\u0442\u0430 \u0438\u0433\u0440\u0430 Crazy Time","isPartOf":{"@id":"https:\/\/crazytime.com.pl\/#website"},"datePublished":"2024-01-08T18:51:30+00:00","dateModified":"2024-01-17T00:58:32+00:00","description":"Coin Flip, Cash Hunt, Pachinko, Crazy Time \u0438 \u0434\u0440\u0443\u0433\u0438 \u0431\u043e\u043d\u0443\u0441\u0438 \u0432 \u0443\u0432\u043b\u0435\u043a\u0430\u0442\u0435\u043b\u043d\u0430\u0442\u0430 \u0438\u0433\u0440\u0430 Crazy Time. \u0421\u0432\u043e\u0431\u043e\u0434\u043d\u0438 \u0431\u043e\u043d\u0443\u0441\u0438 \u0432 \u0438\u0433\u0440\u0430\u0442\u0430 Crazy Time - \u043a\u0430\u043a \u0434\u0430 \u0433\u0438 \u043f\u043e\u043b\u0443\u0447\u0438\u0442\u0435 \u0438 \u0441\u043f\u0435\u0447\u0435\u043b\u0438\u0442\u0435","breadcrumb":{"@id":"https:\/\/crazytime.com.pl\/bg\/bonus-features-of-the-crazy-time-game\/#breadcrumb"},"inLanguage":"tr-TR","potentialAction":[{"@type":"ReadAction","target":["https:\/\/crazytime.com.pl\/bg\/bonus-features-of-the-crazy-time-game\/"]}]},{"@type":"BreadcrumbList","@id":"https:\/\/crazytime.com.pl\/bg\/bonus-features-of-the-crazy-time-game\/#breadcrumb","itemListElement":[{"@type":"ListItem","position":1,"name":"Home","item":"https:\/\/crazytime.com.pl\/"},{"@type":"ListItem","position":2,"name":"\u0411\u043e\u043d\u0443\u0441 \u0444\u0443\u043d\u043a\u0446\u0438\u0438 \u043d\u0430 \u0438\u0433\u0440\u0430\u0442\u0430 Crazy Time"}]},{"@type":"WebSite","@id":"https:\/\/crazytime.com.pl\/#website","url":"https:\/\/crazytime.com.pl\/","name":"Crazy Time","description":"","potentialAction":[{"@type":"SearchAction","target":{"@type":"EntryPoint","urlTemplate":"https:\/\/crazytime.com.pl\/?s={search_term_string}"},"query-input":{"@type":"PropertyValueSpecification","valueRequired":true,"valueName":"search_term_string"}}],"inLanguage":"tr-TR"}]}},"_links":{"self":[{"href":"https:\/\/crazytime.com.pl\/tr\/wp-json\/wp\/v2\/pages\/8","targetHints":{"allow":["GET"]}}],"collection":[{"href":"https:\/\/crazytime.com.pl\/tr\/wp-json\/wp\/v2\/pages"}],"about":[{"href":"https:\/\/crazytime.com.pl\/tr\/wp-json\/wp\/v2\/types\/page"}],"author":[{"embeddable":true,"href":"https:\/\/crazytime.com.pl\/tr\/wp-json\/wp\/v2\/users\/1"}],"replies":[{"embeddable":true,"href":"https:\/\/crazytime.com.pl\/tr\/wp-json\/wp\/v2\/comments?post=8"}],"version-history":[{"count":25,"href":"https:\/\/crazytime.com.pl\/tr\/wp-json\/wp\/v2\/pages\/8\/revisions"}],"predecessor-version":[{"id":183,"href":"https:\/\/crazytime.com.pl\/tr\/wp-json\/wp\/v2\/pages\/8\/revisions\/183"}],"wp:attachment":[{"href":"https:\/\/crazytime.com.pl\/tr\/wp-json\/wp\/v2\/media?parent=8"}],"curies":[{"name":"wp","href":"https:\/\/api.w.org\/{rel}","templated":true}]}}