{"id":18,"date":"2024-01-08T18:56:27","date_gmt":"2024-01-08T18:56:27","guid":{"rendered":"https:\/\/crazytime.com.pl\/?page_id=18"},"modified":"2024-01-17T01:07:10","modified_gmt":"2024-01-17T01:07:10","slug":"about-us","status":"publish","type":"page","link":"https:\/\/crazytime.com.pl\/tr\/about-us\/","title":{"rendered":"Hakk\u0131m\u0131zda"},"content":{"rendered":"<p>Ho\u015f geldiniz! Online casinolar d\u00fcnyas\u0131n\u0131n en yenilik\u00e7i ve heyecan verici oyunlar\u0131ndan biri olan Evolution Gaming&#8217;in Crazy Time&#8217;\u0131na adanm\u0131\u015f olan web sitemize ho\u015f geldiniz. Sitemiz, bu heyecan verici oyunun hayranlar\u0131 i\u00e7in \u00f6zel olarak tasarlanm\u0131\u015f olup herkesin maksimum keyifli ve etkili bir oyun deneyimi i\u00e7in kullan\u0131\u015fl\u0131 bilgiler, ipu\u00e7lar\u0131 ve rehberler bulabilece\u011fi bir yerdir.<\/p>\n<h2><strong>Misyonumuz<\/strong><\/h2>\n<p>Ziyaret\u00e7ilerimize Crazy Time hakk\u0131nda en g\u00fcncel ve detayl\u0131 bilgileri sunmay\u0131 ama\u00e7l\u0131yoruz. Hedefimiz, oyun mekani\u011fini, bahis stratejilerini ve kazanma olas\u0131l\u0131klar\u0131n\u0131 daha iyi anlamalar\u0131na yard\u0131mc\u0131 olmak i\u00e7in hem acemi hem de deneyimli oyunculara destek olmakt\u0131r. Do\u011fru bilgilerin ve oyunun derin bir anlay\u0131\u015f\u0131n\u0131n oyun s\u00fcrecinin keyfini art\u0131rd\u0131\u011f\u0131na ve ba\u015far\u0131 \u015fans\u0131n\u0131z\u0131 \u00f6nemli \u00f6l\u00e7\u00fcde art\u0131rabilece\u011finize inan\u0131yoruz.<\/p>\n<h2><strong>Ne Sunuyoruz<\/strong><\/h2>\n<p>Web sitemizde \u015funlar\u0131 bulacaks\u0131n\u0131z:<\/p>\n<ul>\n<li><strong>Detayl\u0131 Rehberler ve Stratejiler:<\/strong> Oyunun temellerinden ileri d\u00fczey taktiklere kadar her y\u00f6n\u00fcn\u00fc ele al\u0131yoruz.<\/li>\n<li><strong>Uzman \u0130pu\u00e7lar\u0131:<\/strong> Uzmanlar\u0131m\u0131z d\u00fczenli olarak oyununuzu geli\u015ftirmenize yard\u0131mc\u0131 olacak profesyonel tavsiyeler ve \u00f6neriler sunar.<\/li>\n<li><strong>Haberler ve G\u00fcncellemeler:<\/strong> Crazy Time d\u00fcnyas\u0131ndaki en son haberleri ve g\u00fcncellemeleri takip ederek her zaman en yeni olaylardan haberdar olun.<\/li>\n<\/ul>\n<p>Web sitemiz sadece bir bilgi kayna\u011f\u0131 de\u011fil, ayn\u0131 zamanda Crazy Time oyununa duyulan sevgiyle bir araya gelen benzer d\u00fc\u015f\u00fcnen bireylerin bir toplulu\u011fudur. Her ziyaret\u00e7iyi de\u011ferli buluyor ve herkesin kendini rahat ve g\u00fcvende hissedebilece\u011fi dostane bir atmosfer yaratmaya \u00e7al\u0131\u015f\u0131yoruz.<\/p>\n","protected":false},"excerpt":{"rendered":"<p>Ho\u015f geldiniz! Online casinolar d\u00fcnyas\u0131n\u0131n en yenilik\u00e7i ve heyecan verici oyunlar\u0131ndan biri olan Evolution Gaming&#8217;in Crazy Time&#8217;\u0131na adanm\u0131\u015f olan web sitemize ho\u015f geldiniz. Sitemiz, bu heyecan verici oyunun hayranlar\u0131 i\u00e7in \u00f6zel olarak tasarlanm\u0131\u015f olup herkesin maksimum keyifli ve etkili bir oyun deneyimi i\u00e7in kullan\u0131\u015fl\u0131 bilgiler, ipu\u00e7lar\u0131 ve rehberler bulabilece\u011fi bir &hellip;<\/p>\n","protected":false},"author":1,"featured_media":0,"parent":0,"menu_order":0,"comment_status":"closed","ping_status":"closed","template":"","meta":{"footnotes":""},"class_list":["post-18","page","type-page","status-publish","hentry"],"yoast_head":"<!-- This site is optimized with the Yoast SEO plugin v27.2 - https:\/\/yoast.com\/product\/yoast-seo-wordpress\/ -->\n<title>\u041e \u0441\u0430\u0439\u0442\u0435 \u0434\u043b\u044f \u0438\u0433\u0440\u044b Crazy Time<\/title>\n<meta name=\"description\" content=\"Sitemiz, Crazy Time oyununa adanm\u0131\u015f olup, nas\u0131l oynanaca\u011f\u0131 ve kazanma stratejileri, kural a\u00e7\u0131klamalar\u0131, haberler ve di\u011fer bilgileri sa\u011fl\u0131yor.\" \/>\n<meta name=\"robots\" content=\"index, follow, max-snippet:-1, max-image-preview:large, max-video-preview:-1\" \/>\n<link rel=\"canonical\" href=\"https:\/\/crazytime.com.pl\/tr\/about-us\/\" \/>\n<meta property=\"og:locale\" content=\"tr_TR\" \/>\n<meta property=\"og:locale:alternate\" content=\"ru_RU\" \/>\n<meta property=\"og:locale:alternate\" content=\"en_US\" \/>\n<meta property=\"og:locale:alternate\" content=\"pt_PT\" \/>\n<meta property=\"og:locale:alternate\" content=\"es_ES\" \/>\n<meta property=\"og:locale:alternate\" content=\"fr_FR\" \/>\n<meta property=\"og:locale:alternate\" content=\"de_DE\" \/>\n<meta property=\"og:locale:alternate\" content=\"pl_PL\" \/>\n<meta property=\"og:locale:alternate\" content=\"it_IT\" \/>\n<meta property=\"og:locale:alternate\" content=\"uk\" \/>\n<meta property=\"og:locale:alternate\" content=\"sr_RS\" \/>\n<meta property=\"og:locale:alternate\" content=\"bg_BG\" \/>\n<meta property=\"og:type\" content=\"article\" \/>\n<meta property=\"og:title\" content=\"\u041e \u0441\u0430\u0439\u0442\u0435 \u0434\u043b\u044f \u0438\u0433\u0440\u044b Crazy Time\" \/>\n<meta property=\"og:description\" content=\"\u041d\u0430\u0448 \u0441\u0430\u0439\u0442 \u043f\u043e\u0441\u0432\u044f\u0449\u0435\u043d \u0438\u0433\u0440\u0435 Crazy Time, \u0433\u0434\u0435 \u043c\u044b \u0434\u0430\u0435\u043c \u0441\u0442\u0440\u0430\u0442\u0435\u0433\u0438\u0438 \u043a\u0430\u043a \u0438\u0433\u0440\u0430\u0442\u044c \u0438 \u043f\u043e\u0431\u0435\u0436\u0434\u0430\u0442\u044c, \u043e\u043f\u0438\u0441\u0430\u043d\u0438\u044f \u043f\u0440\u0430\u0432\u0438\u043b, \u043d\u043e\u0432\u043e\u0441\u0442\u0438 \u0438 \u0434\u0440\u0443\u0433\u0443\u044e \u0438\u043d\u0444\u043e\u0440\u043c\u0430\u0446\u0438\u044e\" \/>\n<meta property=\"og:url\" content=\"https:\/\/crazytime.com.pl\/tr\/about-us\/\" \/>\n<meta property=\"og:site_name\" content=\"Crazy Time\" \/>\n<meta property=\"article:modified_time\" content=\"2024-01-17T01:07:10+00:00\" \/>\n<meta name=\"twitter:card\" content=\"summary_large_image\" \/>\n<meta name=\"twitter:label1\" content=\"Tahmini okuma s\u00fcresi\" \/>\n\t<meta name=\"twitter:data1\" content=\"11 minutes\" \/>\n<script type=\"application\/ld+json\" class=\"yoast-schema-graph\">{\"@context\":\"https:\/\/schema.org\",\"@graph\":[{\"@type\":\"WebPage\",\"@id\":\"https:\/\/crazytime.com.pl\/about-us\/\",\"url\":\"https:\/\/crazytime.com.pl\/about-us\/\",\"name\":\"\u041e \u0441\u0430\u0439\u0442\u0435 \u0434\u043b\u044f \u0438\u0433\u0440\u044b Crazy Time\",\"isPartOf\":{\"@id\":\"https:\/\/crazytime.com.pl\/#website\"},\"datePublished\":\"2024-01-08T18:56:27+00:00\",\"dateModified\":\"2024-01-17T01:07:10+00:00\",\"description\":\"\u041d\u0430\u0448 \u0441\u0430\u0439\u0442 \u043f\u043e\u0441\u0432\u044f\u0449\u0435\u043d \u0438\u0433\u0440\u0435 Crazy Time, \u0433\u0434\u0435 \u043c\u044b \u0434\u0430\u0435\u043c \u0441\u0442\u0440\u0430\u0442\u0435\u0433\u0438\u0438 \u043a\u0430\u043a \u0438\u0433\u0440\u0430\u0442\u044c \u0438 \u043f\u043e\u0431\u0435\u0436\u0434\u0430\u0442\u044c, \u043e\u043f\u0438\u0441\u0430\u043d\u0438\u044f \u043f\u0440\u0430\u0432\u0438\u043b, \u043d\u043e\u0432\u043e\u0441\u0442\u0438 \u0438 \u0434\u0440\u0443\u0433\u0443\u044e \u0438\u043d\u0444\u043e\u0440\u043c\u0430\u0446\u0438\u044e\",\"breadcrumb\":{\"@id\":\"https:\/\/crazytime.com.pl\/about-us\/#breadcrumb\"},\"inLanguage\":\"tr-TR\",\"potentialAction\":[{\"@type\":\"ReadAction\",\"target\":[\"https:\/\/crazytime.com.pl\/about-us\/\"]}]},{\"@type\":\"BreadcrumbList\",\"@id\":\"https:\/\/crazytime.com.pl\/about-us\/#breadcrumb\",\"itemListElement\":[{\"@type\":\"ListItem\",\"position\":1,\"name\":\"Home\",\"item\":\"https:\/\/crazytime.com.pl\/\"},{\"@type\":\"ListItem\",\"position\":2,\"name\":\"\u041e \u043d\u0430\u0441\"}]},{\"@type\":\"WebSite\",\"@id\":\"https:\/\/crazytime.com.pl\/#website\",\"url\":\"https:\/\/crazytime.com.pl\/\",\"name\":\"Crazy Time\",\"description\":\"\",\"potentialAction\":[{\"@type\":\"SearchAction\",\"target\":{\"@type\":\"EntryPoint\",\"urlTemplate\":\"https:\/\/crazytime.com.pl\/?s={search_term_string}\"},\"query-input\":{\"@type\":\"PropertyValueSpecification\",\"valueRequired\":true,\"valueName\":\"search_term_string\"}}],\"inLanguage\":\"tr-TR\"}]}<\/script>\n<!-- \/ Yoast SEO plugin. -->","yoast_head_json":{"title":"\u041e \u0441\u0430\u0439\u0442\u0435 \u0434\u043b\u044f \u0438\u0433\u0440\u044b Crazy Time","description":"Sitemiz, Crazy Time oyununa adanm\u0131\u015f olup, nas\u0131l oynanaca\u011f\u0131 ve kazanma stratejileri, kural a\u00e7\u0131klamalar\u0131, haberler ve di\u011fer bilgileri sa\u011fl\u0131yor.","robots":{"index":"index","follow":"follow","max-snippet":"max-snippet:-1","max-image-preview":"max-image-preview:large","max-video-preview":"max-video-preview:-1"},"canonical":"https:\/\/crazytime.com.pl\/tr\/about-us\/","og_locale":"tr_TR","og_type":"article","og_title":"\u041e \u0441\u0430\u0439\u0442\u0435 \u0434\u043b\u044f \u0438\u0433\u0440\u044b Crazy Time","og_description":"\u041d\u0430\u0448 \u0441\u0430\u0439\u0442 \u043f\u043e\u0441\u0432\u044f\u0449\u0435\u043d \u0438\u0433\u0440\u0435 Crazy Time, \u0433\u0434\u0435 \u043c\u044b \u0434\u0430\u0435\u043c \u0441\u0442\u0440\u0430\u0442\u0435\u0433\u0438\u0438 \u043a\u0430\u043a \u0438\u0433\u0440\u0430\u0442\u044c \u0438 \u043f\u043e\u0431\u0435\u0436\u0434\u0430\u0442\u044c, \u043e\u043f\u0438\u0441\u0430\u043d\u0438\u044f \u043f\u0440\u0430\u0432\u0438\u043b, \u043d\u043e\u0432\u043e\u0441\u0442\u0438 \u0438 \u0434\u0440\u0443\u0433\u0443\u044e \u0438\u043d\u0444\u043e\u0440\u043c\u0430\u0446\u0438\u044e","og_url":"https:\/\/crazytime.com.pl\/tr\/about-us\/","og_site_name":"Crazy Time","article_modified_time":"2024-01-17T01:07:10+00:00","twitter_card":"summary_large_image","twitter_misc":{"Tahmini okuma s\u00fcresi":"11 minutes"},"schema":{"@context":"https:\/\/schema.org","@graph":[{"@type":"WebPage","@id":"https:\/\/crazytime.com.pl\/about-us\/","url":"https:\/\/crazytime.com.pl\/about-us\/","name":"\u041e \u0441\u0430\u0439\u0442\u0435 \u0434\u043b\u044f \u0438\u0433\u0440\u044b Crazy Time","isPartOf":{"@id":"https:\/\/crazytime.com.pl\/#website"},"datePublished":"2024-01-08T18:56:27+00:00","dateModified":"2024-01-17T01:07:10+00:00","description":"\u041d\u0430\u0448 \u0441\u0430\u0439\u0442 \u043f\u043e\u0441\u0432\u044f\u0449\u0435\u043d \u0438\u0433\u0440\u0435 Crazy Time, \u0433\u0434\u0435 \u043c\u044b \u0434\u0430\u0435\u043c \u0441\u0442\u0440\u0430\u0442\u0435\u0433\u0438\u0438 \u043a\u0430\u043a \u0438\u0433\u0440\u0430\u0442\u044c \u0438 \u043f\u043e\u0431\u0435\u0436\u0434\u0430\u0442\u044c, \u043e\u043f\u0438\u0441\u0430\u043d\u0438\u044f \u043f\u0440\u0430\u0432\u0438\u043b, \u043d\u043e\u0432\u043e\u0441\u0442\u0438 \u0438 \u0434\u0440\u0443\u0433\u0443\u044e \u0438\u043d\u0444\u043e\u0440\u043c\u0430\u0446\u0438\u044e","breadcrumb":{"@id":"https:\/\/crazytime.com.pl\/about-us\/#breadcrumb"},"inLanguage":"tr-TR","potentialAction":[{"@type":"ReadAction","target":["https:\/\/crazytime.com.pl\/about-us\/"]}]},{"@type":"BreadcrumbList","@id":"https:\/\/crazytime.com.pl\/about-us\/#breadcrumb","itemListElement":[{"@type":"ListItem","position":1,"name":"Home","item":"https:\/\/crazytime.com.pl\/"},{"@type":"ListItem","position":2,"name":"\u041e \u043d\u0430\u0441"}]},{"@type":"WebSite","@id":"https:\/\/crazytime.com.pl\/#website","url":"https:\/\/crazytime.com.pl\/","name":"Crazy Time","description":"","potentialAction":[{"@type":"SearchAction","target":{"@type":"EntryPoint","urlTemplate":"https:\/\/crazytime.com.pl\/?s={search_term_string}"},"query-input":{"@type":"PropertyValueSpecification","valueRequired":true,"valueName":"search_term_string"}}],"inLanguage":"tr-TR"}]}},"_links":{"self":[{"href":"https:\/\/crazytime.com.pl\/tr\/wp-json\/wp\/v2\/pages\/18","targetHints":{"allow":["GET"]}}],"collection":[{"href":"https:\/\/crazytime.com.pl\/tr\/wp-json\/wp\/v2\/pages"}],"about":[{"href":"https:\/\/crazytime.com.pl\/tr\/wp-json\/wp\/v2\/types\/page"}],"author":[{"embeddable":true,"href":"https:\/\/crazytime.com.pl\/tr\/wp-json\/wp\/v2\/users\/1"}],"replies":[{"embeddable":true,"href":"https:\/\/crazytime.com.pl\/tr\/wp-json\/wp\/v2\/comments?post=18"}],"version-history":[{"count":26,"href":"https:\/\/crazytime.com.pl\/tr\/wp-json\/wp\/v2\/pages\/18\/revisions"}],"predecessor-version":[{"id":191,"href":"https:\/\/crazytime.com.pl\/tr\/wp-json\/wp\/v2\/pages\/18\/revisions\/191"}],"wp:attachment":[{"href":"https:\/\/crazytime.com.pl\/tr\/wp-json\/wp\/v2\/media?parent=18"}],"curies":[{"name":"wp","href":"https:\/\/api.w.org\/{rel}","templated":true}]}}