{"id":13,"date":"2024-01-08T18:54:30","date_gmt":"2024-01-08T18:54:30","guid":{"rendered":"https:\/\/crazytime.com.pl\/?page_id=13"},"modified":"2024-01-17T01:05:55","modified_gmt":"2024-01-17T01:05:55","slug":"how-to-play-and-win-in-crazy-time","status":"publish","type":"page","link":"https:\/\/crazytime.com.pl\/tr\/how-to-play-and-win-in-crazy-time\/","title":{"rendered":"Crazy Time Nas\u0131l Oynan\u0131r ve Kazan\u0131l\u0131r"},"content":{"rendered":"<p>Canl\u0131 oyun Crazy Time, Evolution Gaming taraf\u0131ndan geli\u015ftirilmi\u015f olup benzersiz format\u0131 ve etkile\u015fimli unsurlar\u0131yla online casinolar d\u00fcnyas\u0131nda ger\u00e7ek bir hit haline gelmi\u015ftir. Crazy Time&#8217;\u0131 etkili bir \u015fekilde oynamak ve ger\u00e7ek para kazanmak i\u00e7in \u015fans\u0131n\u0131z\u0131 art\u0131rabilecek temel strateji ve taktikleri anlamak \u00f6nemlidir. Bu Crazy Time oyun stratejilerini takip ederek kesinlikle kazanaca\u011f\u0131n\u0131z\u0131 iddia etmiyoruz, ancak stratejileri takip etmek, sadece bilgisayar tu\u015flar\u0131na basmaktan daha iyi bir kazanma \u015fans\u0131n\u0131z\u0131n olaca\u011f\u0131na inan\u0131yoruz.<\/p>\n<h2><strong>Crazy Time Oyunun Temelleri<\/strong><\/h2>\n<p>\u00d6ncelikle, Crazy Time&#8217;\u0131n bir \u015fans oyunu oldu\u011funu anlamak \u00f6nemlidir; \u00e7e\u015fitli sekt\u00f6rler i\u00e7eren bir \u015fans tekerle\u011fine dayal\u0131d\u0131r, bu sekt\u00f6rler aras\u0131nda say\u0131lar (1, 2, 5, 10) ve d\u00f6rt bonus oyun (Pachinko, Cash Hunt, Coin Flip ve Crazy Time) bulunmaktad\u0131r. Her sekt\u00f6r\u00fcn farkl\u0131 \u00f6deme katlar\u0131 vard\u0131r ve bonus oyunlar kazanma \u015fans\u0131 sunar. Di\u011fer bir deyi\u015fle, Crazy Time oyununda bonuslar bulunmaktad\u0131r ve bunlar\u0131 bonus f\u0131rsatlar\u0131 olarak adland\u0131rmak daha do\u011frudur; yani bir bonus oyun, bonus kazanma \u015fans\u0131d\u0131r.<\/p>\n<h3><strong>\u00c7e\u015fitli Bahis Se\u00e7enekleri<\/strong><\/h3>\n<p>Crazy Time&#8217;\u0131n \u00f6nemli bir y\u00f6n\u00fc \u00e7e\u015fitli bahis se\u00e7enekleridir. Oyuncular, say\u0131lar ve bonus oyunlar dahil olmak \u00fczere herhangi bir say\u0131da sekt\u00f6re bahis yapabilirler. Temel strateji, bahisleri kazanma olas\u0131l\u0131\u011f\u0131n\u0131 art\u0131racak \u015fekilde da\u011f\u0131tmakt\u0131r, ancak bonus raundlarda b\u00fcy\u00fck \u00f6demelerin \u015fans\u0131n\u0131 ka\u00e7\u0131rmamakt\u0131r.<\/p>\n<h3><strong>Bahis Da\u011f\u0131t\u0131m Stratejisi<\/strong><\/h3>\n<p>Crazy Time&#8217;da pop\u00fcler bir strateji, bahisleri say\u0131lara ve bonus sekt\u00f6rlerine da\u011f\u0131tmakt\u0131r. \u00d6rne\u011fin, s\u0131k ama k\u00fc\u00e7\u00fck \u00f6demeler i\u00e7in 1 ve 2 say\u0131lar\u0131na bahis yapabilir ve ayr\u0131ca b\u00fcy\u00fck kazan\u00e7 \u015fans\u0131na sahip olmak i\u00e7in bir veya iki bonus sekt\u00f6r\u00fc se\u00e7ebilirsiniz.<\/p>\n<h3><strong>Bonus Oyunlara Odaklanma Takti\u011fi<\/strong><\/h3>\n<p>Ba\u015fka bir yakla\u015f\u0131m, bonus oyunlara odaklanmakt\u0131r. Bonus oyunlar y\u00fcksek \u00e7arpanlar ve heyecan verici bir oyun sa\u011flad\u0131\u011f\u0131ndan, baz\u0131 oyuncular bunlara sadece bahis yapmay\u0131 tercih eder. Bu, kaybetme riskini art\u0131r\u0131r, ancak potansiyel kazan\u00e7 \u00f6nemli \u00f6l\u00e7\u00fcde y\u00fcksek olabilir. Matematiksel hesaplamalar, bu stratejinin karl\u0131 bir oyun stratejisi oldu\u011funu g\u00f6stermektedir.<\/p>\n<h3><strong>Martingale Stratejisi<\/strong><\/h3>\n<p>Rulette pop\u00fcler olan Martingale stratejisi, Crazy Time&#8217;da da uygulanabilir. Bu sistem, her kay\u0131ptan sonra bahisleri iki kat\u0131na \u00e7\u0131karmay\u0131 i\u00e7erir. Ancak y\u00fcksek riskleri hat\u0131rlamak ve \u00f6nemli finansal kay\u0131plardan ka\u00e7\u0131nmak i\u00e7in s\u0131k\u0131 s\u0131n\u0131rlar koymak \u00f6nemlidir.<\/p>\n<h3><strong>B\u00fct\u00e7e Y\u00f6netimi<\/strong><\/h3>\n<p>Herhangi bir stratejinin \u00f6nemli bir par\u00e7as\u0131 b\u00fct\u00e7e y\u00f6netimidir. Oynamak i\u00e7in s\u0131k\u0131 bir b\u00fct\u00e7e belirlemek ve buna uymak, finansal riskleri kontrol etmek i\u00e7in \u00f6nerilir. Bu, duygusal bahisleri \u00f6nlemeye yard\u0131mc\u0131 olur ve daha uzun s\u00fcre oynaman\u0131za izin verir. Ay\u0131rd\u0131\u011f\u0131n\u0131z miktar t\u00fckendi\u011finde, sadece oynamay\u0131 b\u0131rak\u0131rs\u0131n\u0131z. Bir sonraki g\u00fcn yaln\u0131zca oynayabilirsiniz.<\/p>\n<h3><strong>Bonus Raundlar\u0131n\u0131 \u00d6\u011frenme<\/strong><\/h3>\n<p>Her bonus raundunun \u00f6zelliklerini bilmek ba\u015far\u0131 \u015fans\u0131n\u0131 \u00f6nemli \u00f6l\u00e7\u00fcde art\u0131rabilir. \u00d6rne\u011fin, Pachinko ve Crazy Time&#8217;da kazanc\u0131 birka\u00e7 kat art\u0131rabilen \u00e7arpanlar bulunmaktad\u0131r. Her bonus oyununun mekani\u011fini anlamak, daha d\u00fc\u015f\u00fcnceli kararlar almaya yard\u0131mc\u0131 olur.<\/p>\n<h3><strong>\u0130statistikleri Kullanma<\/strong><\/h3>\n<p>Crazy Time&#8217;da \u00f6nceki raundlardan istatistikleri kullanmak da faydal\u0131 olabilir. Baz\u0131 oyuncular, bahisler hakk\u0131nda kararlar vermek i\u00e7in belirli sekt\u00f6rlerin d\u00fczenliliklerine g\u00fcvenir.<\/p>\n<h3><strong>Strateji ve Taktiklere \u0130li\u015fkin Sonu\u00e7lar<\/strong><\/h3>\n<p>Crazy Time oynarken, bunun \u00f6ncelikle e\u011flence oldu\u011funu hat\u0131rlamak \u00f6nemlidir. \u00c7e\u015fitli stratejiler ve taktikler olmas\u0131na ra\u011fmen, oyun sonu\u00e7lar\u0131 her zaman \u015fansa ba\u011fl\u0131d\u0131r. Her oyuncu i\u00e7in sorumlu b\u00fct\u00e7e y\u00f6netimi bir \u00f6ncelik olmal\u0131d\u0131r. Bu stratejileri ve yakla\u015f\u0131mlar\u0131 kullanarak oyuncular, ba\u015far\u0131 \u015fanslar\u0131n\u0131 art\u0131rabilir ve Crazy Time&#8217;da heyecan verici ve dinamik bir oyun deneyiminin tad\u0131n\u0131 \u00e7\u0131karabilirler.<\/p>\n","protected":false},"excerpt":{"rendered":"<p>Canl\u0131 oyun Crazy Time, Evolution Gaming taraf\u0131ndan geli\u015ftirilmi\u015f olup benzersiz format\u0131 ve etkile\u015fimli unsurlar\u0131yla online casinolar d\u00fcnyas\u0131nda ger\u00e7ek bir hit haline gelmi\u015ftir. Crazy Time&#8217;\u0131 etkili bir \u015fekilde oynamak ve ger\u00e7ek para kazanmak i\u00e7in \u015fans\u0131n\u0131z\u0131 art\u0131rabilecek temel strateji ve taktikleri anlamak \u00f6nemlidir. Bu Crazy Time oyun stratejilerini takip ederek kesinlikle kazanaca\u011f\u0131n\u0131z\u0131 &hellip;<\/p>\n","protected":false},"author":1,"featured_media":0,"parent":0,"menu_order":0,"comment_status":"closed","ping_status":"closed","template":"","meta":{"footnotes":""},"class_list":["post-13","page","type-page","status-publish","hentry"],"yoast_head":"<!-- This site is optimized with the Yoast SEO plugin v27.2 - https:\/\/yoast.com\/product\/yoast-seo-wordpress\/ -->\n<title>\u041a\u0430\u043a \u0434\u0430 \u0438\u0433\u0440\u0430\u0435\u0442\u0435 \u0438 \u0441\u043f\u0435\u0447\u0435\u043b\u0438\u0442\u0435 \u0432 \u0438\u0433\u0440\u0430\u0442\u0430 Crazy Time<\/title>\n<meta name=\"description\" content=\"Crazy Time oyununu oynaman\u0131n ve kazanman\u0131n en iyi stratejileri ve taktikleri. Canl\u0131 Crazy Time oyununda ger\u00e7ek para nas\u0131l kazan\u0131l\u0131r.\" \/>\n<meta name=\"robots\" content=\"index, follow, max-snippet:-1, max-image-preview:large, max-video-preview:-1\" \/>\n<link rel=\"canonical\" href=\"https:\/\/crazytime.com.pl\/tr\/how-to-play-and-win-in-crazy-time\/\" \/>\n<meta property=\"og:locale\" content=\"tr_TR\" \/>\n<meta property=\"og:locale:alternate\" content=\"ru_RU\" \/>\n<meta property=\"og:locale:alternate\" content=\"en_US\" \/>\n<meta property=\"og:locale:alternate\" content=\"pt_PT\" \/>\n<meta property=\"og:locale:alternate\" content=\"es_ES\" \/>\n<meta property=\"og:locale:alternate\" content=\"fr_FR\" \/>\n<meta property=\"og:locale:alternate\" content=\"de_DE\" \/>\n<meta property=\"og:locale:alternate\" content=\"pl_PL\" \/>\n<meta property=\"og:locale:alternate\" content=\"it_IT\" \/>\n<meta property=\"og:locale:alternate\" content=\"uk\" \/>\n<meta property=\"og:locale:alternate\" content=\"sr_RS\" \/>\n<meta property=\"og:locale:alternate\" content=\"bg_BG\" \/>\n<meta property=\"og:type\" content=\"article\" \/>\n<meta property=\"og:title\" content=\"\u041a\u0430\u043a \u0434\u0430 \u0438\u0433\u0440\u0430\u0435\u0442\u0435 \u0438 \u0441\u043f\u0435\u0447\u0435\u043b\u0438\u0442\u0435 \u0432 \u0438\u0433\u0440\u0430\u0442\u0430 Crazy Time\" \/>\n<meta property=\"og:description\" content=\"\u041d\u0430\u0439-\u0434\u043e\u0431\u0440\u0438\u0442\u0435 \u0441\u0442\u0440\u0430\u0442\u0435\u0433\u0438\u0438 \u0438 \u0442\u0430\u043a\u0442\u0438\u043a\u0438 \u0437\u0430 \u0438\u0433\u0440\u0430 \u0432 Crazy Time. \u041a\u0430\u043a \u0434\u0430 \u0441\u043f\u0435\u0447\u0435\u043b\u0438\u0442\u0435 \u0440\u0435\u0430\u043b\u043d\u0438 \u043f\u0430\u0440\u0438 \u0432 \u0436\u0438\u0432\u0430\u0442\u0430 \u0438\u0433\u0440\u0430 Crazy Time.\" \/>\n<meta property=\"og:url\" content=\"https:\/\/crazytime.com.pl\/tr\/how-to-play-and-win-in-crazy-time\/\" \/>\n<meta property=\"og:site_name\" content=\"Crazy Time\" \/>\n<meta property=\"article:modified_time\" content=\"2024-01-17T01:05:55+00:00\" \/>\n<meta name=\"twitter:card\" content=\"summary_large_image\" \/>\n<meta name=\"twitter:label1\" content=\"Tahmini okuma s\u00fcresi\" \/>\n\t<meta name=\"twitter:data1\" content=\"27 minutes\" \/>\n<script type=\"application\/ld+json\" class=\"yoast-schema-graph\">{\"@context\":\"https:\/\/schema.org\",\"@graph\":[{\"@type\":\"WebPage\",\"@id\":\"https:\/\/crazytime.com.pl\/bg\/how-to-play-and-win-in-crazy-time\/\",\"url\":\"https:\/\/crazytime.com.pl\/bg\/how-to-play-and-win-in-crazy-time\/\",\"name\":\"\u041a\u0430\u043a \u0434\u0430 \u0438\u0433\u0440\u0430\u0435\u0442\u0435 \u0438 \u0441\u043f\u0435\u0447\u0435\u043b\u0438\u0442\u0435 \u0432 \u0438\u0433\u0440\u0430\u0442\u0430 Crazy Time\",\"isPartOf\":{\"@id\":\"https:\/\/crazytime.com.pl\/#website\"},\"datePublished\":\"2024-01-08T18:54:30+00:00\",\"dateModified\":\"2024-01-17T01:05:55+00:00\",\"description\":\"\u041d\u0430\u0439-\u0434\u043e\u0431\u0440\u0438\u0442\u0435 \u0441\u0442\u0440\u0430\u0442\u0435\u0433\u0438\u0438 \u0438 \u0442\u0430\u043a\u0442\u0438\u043a\u0438 \u0437\u0430 \u0438\u0433\u0440\u0430 \u0432 Crazy Time. \u041a\u0430\u043a \u0434\u0430 \u0441\u043f\u0435\u0447\u0435\u043b\u0438\u0442\u0435 \u0440\u0435\u0430\u043b\u043d\u0438 \u043f\u0430\u0440\u0438 \u0432 \u0436\u0438\u0432\u0430\u0442\u0430 \u0438\u0433\u0440\u0430 Crazy Time.\",\"breadcrumb\":{\"@id\":\"https:\/\/crazytime.com.pl\/bg\/how-to-play-and-win-in-crazy-time\/#breadcrumb\"},\"inLanguage\":\"tr-TR\",\"potentialAction\":[{\"@type\":\"ReadAction\",\"target\":[\"https:\/\/crazytime.com.pl\/bg\/how-to-play-and-win-in-crazy-time\/\"]}]},{\"@type\":\"BreadcrumbList\",\"@id\":\"https:\/\/crazytime.com.pl\/bg\/how-to-play-and-win-in-crazy-time\/#breadcrumb\",\"itemListElement\":[{\"@type\":\"ListItem\",\"position\":1,\"name\":\"Home\",\"item\":\"https:\/\/crazytime.com.pl\/\"},{\"@type\":\"ListItem\",\"position\":2,\"name\":\"\u041a\u0430\u043a \u0434\u0430 \u0438\u0433\u0440\u0430\u0435\u0442\u0435 \u0438 \u0441\u043f\u0435\u0447\u0435\u043b\u0438\u0442\u0435 \u0432 Crazy Time\"}]},{\"@type\":\"WebSite\",\"@id\":\"https:\/\/crazytime.com.pl\/#website\",\"url\":\"https:\/\/crazytime.com.pl\/\",\"name\":\"Crazy Time\",\"description\":\"\",\"potentialAction\":[{\"@type\":\"SearchAction\",\"target\":{\"@type\":\"EntryPoint\",\"urlTemplate\":\"https:\/\/crazytime.com.pl\/?s={search_term_string}\"},\"query-input\":{\"@type\":\"PropertyValueSpecification\",\"valueRequired\":true,\"valueName\":\"search_term_string\"}}],\"inLanguage\":\"tr-TR\"}]}<\/script>\n<!-- \/ Yoast SEO plugin. -->","yoast_head_json":{"title":"\u041a\u0430\u043a \u0434\u0430 \u0438\u0433\u0440\u0430\u0435\u0442\u0435 \u0438 \u0441\u043f\u0435\u0447\u0435\u043b\u0438\u0442\u0435 \u0432 \u0438\u0433\u0440\u0430\u0442\u0430 Crazy Time","description":"Crazy Time oyununu oynaman\u0131n ve kazanman\u0131n en iyi stratejileri ve taktikleri. Canl\u0131 Crazy Time oyununda ger\u00e7ek para nas\u0131l kazan\u0131l\u0131r.","robots":{"index":"index","follow":"follow","max-snippet":"max-snippet:-1","max-image-preview":"max-image-preview:large","max-video-preview":"max-video-preview:-1"},"canonical":"https:\/\/crazytime.com.pl\/tr\/how-to-play-and-win-in-crazy-time\/","og_locale":"tr_TR","og_type":"article","og_title":"\u041a\u0430\u043a \u0434\u0430 \u0438\u0433\u0440\u0430\u0435\u0442\u0435 \u0438 \u0441\u043f\u0435\u0447\u0435\u043b\u0438\u0442\u0435 \u0432 \u0438\u0433\u0440\u0430\u0442\u0430 Crazy Time","og_description":"\u041d\u0430\u0439-\u0434\u043e\u0431\u0440\u0438\u0442\u0435 \u0441\u0442\u0440\u0430\u0442\u0435\u0433\u0438\u0438 \u0438 \u0442\u0430\u043a\u0442\u0438\u043a\u0438 \u0437\u0430 \u0438\u0433\u0440\u0430 \u0432 Crazy Time. \u041a\u0430\u043a \u0434\u0430 \u0441\u043f\u0435\u0447\u0435\u043b\u0438\u0442\u0435 \u0440\u0435\u0430\u043b\u043d\u0438 \u043f\u0430\u0440\u0438 \u0432 \u0436\u0438\u0432\u0430\u0442\u0430 \u0438\u0433\u0440\u0430 Crazy Time.","og_url":"https:\/\/crazytime.com.pl\/tr\/how-to-play-and-win-in-crazy-time\/","og_site_name":"Crazy Time","article_modified_time":"2024-01-17T01:05:55+00:00","twitter_card":"summary_large_image","twitter_misc":{"Tahmini okuma s\u00fcresi":"27 minutes"},"schema":{"@context":"https:\/\/schema.org","@graph":[{"@type":"WebPage","@id":"https:\/\/crazytime.com.pl\/bg\/how-to-play-and-win-in-crazy-time\/","url":"https:\/\/crazytime.com.pl\/bg\/how-to-play-and-win-in-crazy-time\/","name":"\u041a\u0430\u043a \u0434\u0430 \u0438\u0433\u0440\u0430\u0435\u0442\u0435 \u0438 \u0441\u043f\u0435\u0447\u0435\u043b\u0438\u0442\u0435 \u0432 \u0438\u0433\u0440\u0430\u0442\u0430 Crazy Time","isPartOf":{"@id":"https:\/\/crazytime.com.pl\/#website"},"datePublished":"2024-01-08T18:54:30+00:00","dateModified":"2024-01-17T01:05:55+00:00","description":"\u041d\u0430\u0439-\u0434\u043e\u0431\u0440\u0438\u0442\u0435 \u0441\u0442\u0440\u0430\u0442\u0435\u0433\u0438\u0438 \u0438 \u0442\u0430\u043a\u0442\u0438\u043a\u0438 \u0437\u0430 \u0438\u0433\u0440\u0430 \u0432 Crazy Time. \u041a\u0430\u043a \u0434\u0430 \u0441\u043f\u0435\u0447\u0435\u043b\u0438\u0442\u0435 \u0440\u0435\u0430\u043b\u043d\u0438 \u043f\u0430\u0440\u0438 \u0432 \u0436\u0438\u0432\u0430\u0442\u0430 \u0438\u0433\u0440\u0430 Crazy Time.","breadcrumb":{"@id":"https:\/\/crazytime.com.pl\/bg\/how-to-play-and-win-in-crazy-time\/#breadcrumb"},"inLanguage":"tr-TR","potentialAction":[{"@type":"ReadAction","target":["https:\/\/crazytime.com.pl\/bg\/how-to-play-and-win-in-crazy-time\/"]}]},{"@type":"BreadcrumbList","@id":"https:\/\/crazytime.com.pl\/bg\/how-to-play-and-win-in-crazy-time\/#breadcrumb","itemListElement":[{"@type":"ListItem","position":1,"name":"Home","item":"https:\/\/crazytime.com.pl\/"},{"@type":"ListItem","position":2,"name":"\u041a\u0430\u043a \u0434\u0430 \u0438\u0433\u0440\u0430\u0435\u0442\u0435 \u0438 \u0441\u043f\u0435\u0447\u0435\u043b\u0438\u0442\u0435 \u0432 Crazy Time"}]},{"@type":"WebSite","@id":"https:\/\/crazytime.com.pl\/#website","url":"https:\/\/crazytime.com.pl\/","name":"Crazy Time","description":"","potentialAction":[{"@type":"SearchAction","target":{"@type":"EntryPoint","urlTemplate":"https:\/\/crazytime.com.pl\/?s={search_term_string}"},"query-input":{"@type":"PropertyValueSpecification","valueRequired":true,"valueName":"search_term_string"}}],"inLanguage":"tr-TR"}]}},"_links":{"self":[{"href":"https:\/\/crazytime.com.pl\/tr\/wp-json\/wp\/v2\/pages\/13","targetHints":{"allow":["GET"]}}],"collection":[{"href":"https:\/\/crazytime.com.pl\/tr\/wp-json\/wp\/v2\/pages"}],"about":[{"href":"https:\/\/crazytime.com.pl\/tr\/wp-json\/wp\/v2\/types\/page"}],"author":[{"embeddable":true,"href":"https:\/\/crazytime.com.pl\/tr\/wp-json\/wp\/v2\/users\/1"}],"replies":[{"embeddable":true,"href":"https:\/\/crazytime.com.pl\/tr\/wp-json\/wp\/v2\/comments?post=13"}],"version-history":[{"count":25,"href":"https:\/\/crazytime.com.pl\/tr\/wp-json\/wp\/v2\/pages\/13\/revisions"}],"predecessor-version":[{"id":189,"href":"https:\/\/crazytime.com.pl\/tr\/wp-json\/wp\/v2\/pages\/13\/revisions\/189"}],"wp:attachment":[{"href":"https:\/\/crazytime.com.pl\/tr\/wp-json\/wp\/v2\/media?parent=13"}],"curies":[{"name":"wp","href":"https:\/\/api.w.org\/{rel}","templated":true}]}}