{"id":6,"date":"2024-01-08T18:50:22","date_gmt":"2024-01-08T18:50:22","guid":{"rendered":"https:\/\/crazytime.com.pl\/?page_id=6"},"modified":"2024-01-17T01:01:09","modified_gmt":"2024-01-17T01:01:09","slug":"crazy-time","status":"publish","type":"page","link":"https:\/\/crazytime.com.pl\/pt\/","title":{"rendered":"Vantagens e Caracter\u00edsticas do Jogo ao Vivo Crazy Time"},"content":{"rendered":"<p>Na linha de m\u00e1quinas ca\u00e7a-n\u00edqueis da conhecida empresa Evolution Gaming, o jogo Crazy Time merece aten\u00e7\u00e3o especial. \u00c9 um jogo com rondas de b\u00f4nus \u00fanicas, multiplicadores significativos e ganhos substanciais. A emocionante divers\u00e3o ocorre em tempo real. A ess\u00eancia do jogo \u00e9 baseada no princ\u00edpio da roda de dinheiro Dream Catcher, mas o jogo apresenta rondas de b\u00f4nus \u00fanicas &#8211; Coin Flip, Cash Hunt, Pachinko e Crazy Time. Estas s\u00e3o quatro oportunidades adicionais para acertar o jackpot em um cassino online. As rondas ocorrem com a participa\u00e7\u00e3o de um dealer profissional, e o ca\u00e7a-n\u00edqueis s\u00f3 pode ser jogado com moeda real; n\u00e3o h\u00e1 vers\u00e3o de demonstra\u00e7\u00e3o.<\/p>\n<h2>Caracter\u00edsticas e Especifica\u00e7\u00f5es da M\u00e1quina Ca\u00e7a-N\u00edqueis Crazy Time<\/h2>\n<p>Ap\u00f3s o lan\u00e7amento do v\u00eddeo ca\u00e7a-n\u00edqueis Crazy Time, uma enorme roda de dinheiro aparece diante do jogador, dividida em 54 setores. Os segmentos t\u00eam n\u00fameros 1, 2, 5 ou 10, bem como s\u00edmbolos representando uma das quatro rondas de b\u00f4nus. N\u00fameros e s\u00edmbolos t\u00eam valores diferentes e s\u00e3o distribu\u00eddos de forma desigual na roda de jogo.<\/p>\n<p>A roda de dinheiro cont\u00e9m 21 setores com um coeficiente de x1, 13 segmentos com x2, 7 setores com x5 e 4 segmentos com um multiplicador de x10. Os s\u00edmbolos de b\u00f4nus das rondas de ca\u00e7a-n\u00edqueis Coin Flip, Cash Hunt, Pachinko e Crazy Time ocupam 4, 2, 2 e 1 setor na roda, respectivamente. O pr\u00eamio quando essas c\u00e9lulas aparecem atinge x5000, x10000, x10000 e x20000 apostas, o que \u00e9 uma recompensa bastante generosa para os jogadores. \u00c9 bastante poss\u00edvel aterrissar nos setores de pr\u00eamios; as chances dos jogadores s\u00e3o de 16% em 100% &#8211; a cada 6-7 giros da roda de dinheiro trazem um b\u00f4nus. Um dealer ao vivo, ou apresentador, gira o tambor em diferentes dire\u00e7\u00f5es no Crazy Time. As principais caracter\u00edsticas e par\u00e2metros do jogo Crazy Time:<\/p>\n<ul>\n<li>Data de lan\u00e7amento do jogo &#8211; 2020;<\/li>\n<li>Desenvolvedor &#8211; Evolution Gaming;<\/li>\n<li>Tipo de jogo &#8211; jogo em tempo real;<\/li>\n<li>Percentual te\u00f3rico de retorno ao jogador &#8211; 95,5%;<\/li>\n<li>Pr\u00eamio m\u00e1ximo poss\u00edvel &#8211; x25000 apostas;<\/li>\n<li>Campo de jogo &#8211; 54 setores com n\u00fameros e s\u00edmbolos;<\/li>\n<li>Quatro rondas de b\u00f4nus com pr\u00eamios diferentes;<\/li>\n<li>Suporte em PC e dispositivos m\u00f3veis;<\/li>\n<li>Transmiss\u00f5es de v\u00eddeo ao vivo das rondas de jogo;<\/li>\n<li>Faixa de apostas &#8211; de 0,1 a 100 euros (libras, d\u00f3lares);<\/li>\n<li>Recurso especial Top Slot com multiplicadores de apostas.<\/li>\n<\/ul>\n<p>O enorme tambor colorido com segmentos brilhantes pode recompensar o jogador com pr\u00eamios em dinheiro substanciais. O apelo ao jogo \u00e9 adicionado pela realiza\u00e7\u00e3o de rondas em formato ao vivo com a participa\u00e7\u00e3o de um dealer real. O ca\u00e7a-n\u00edqueis cont\u00e9m recursos de b\u00f4nus \u00fanicos que podem aumentar significativamente os ganhos do jogador. O ca\u00e7a-n\u00edqueis pode ser jogado em cassinos online com a categoria de jogos ao vivo e o software de ca\u00e7a-n\u00edqueis do desenvolvedor.<\/p>\n","protected":false},"excerpt":{"rendered":"<p>Na linha de m\u00e1quinas ca\u00e7a-n\u00edqueis da conhecida empresa Evolution Gaming, o jogo Crazy Time merece aten\u00e7\u00e3o especial. \u00c9 um jogo com rondas de b\u00f4nus \u00fanicas, multiplicadores significativos e ganhos substanciais. A emocionante divers\u00e3o ocorre em tempo real. A ess\u00eancia do jogo \u00e9 baseada no princ\u00edpio da roda de dinheiro Dream &hellip;<\/p>\n","protected":false},"author":1,"featured_media":163,"parent":0,"menu_order":0,"comment_status":"closed","ping_status":"closed","template":"","meta":{"footnotes":""},"class_list":["post-6","page","type-page","status-publish","has-post-thumbnail","hentry"],"yoast_head":"<!-- This site is optimized with the Yoast SEO plugin v27.2 - https:\/\/yoast.com\/product\/yoast-seo-wordpress\/ -->\n<title>\u0418\u0433\u0440\u0430 \u043d\u0430 \u043e\u043d\u043b\u0430\u0439\u043d \u0438\u0433\u0440\u0430\u0442\u0430 Crazy Time \u0432 \u043e\u043d\u043b\u0430\u0439\u043d \u043a\u0430\u0437\u0438\u043d\u043e.<\/title>\n<meta name=\"description\" content=\"Jogando com dinheiro real no jogo ao vivo Crazy Time em um cassino online. Prever o resultado, baixar o aplicativo no iPhone e Android, fazer apostas, jogo ao vivo\" \/>\n<meta name=\"robots\" content=\"index, follow, max-snippet:-1, max-image-preview:large, max-video-preview:-1\" \/>\n<link rel=\"canonical\" href=\"https:\/\/crazytime.com.pl\/pt\/\" \/>\n<meta property=\"og:locale\" content=\"pt_PT\" \/>\n<meta property=\"og:locale:alternate\" content=\"ru_RU\" \/>\n<meta property=\"og:locale:alternate\" content=\"en_US\" \/>\n<meta property=\"og:locale:alternate\" content=\"es_ES\" \/>\n<meta property=\"og:locale:alternate\" content=\"fr_FR\" \/>\n<meta property=\"og:locale:alternate\" content=\"de_DE\" \/>\n<meta property=\"og:locale:alternate\" content=\"pl_PL\" \/>\n<meta property=\"og:locale:alternate\" content=\"tr_TR\" \/>\n<meta property=\"og:locale:alternate\" content=\"it_IT\" \/>\n<meta property=\"og:locale:alternate\" content=\"uk\" \/>\n<meta property=\"og:locale:alternate\" content=\"sr_RS\" \/>\n<meta property=\"og:locale:alternate\" content=\"bg_BG\" \/>\n<meta property=\"og:type\" content=\"article\" \/>\n<meta property=\"og:title\" content=\"\u0418\u0433\u0440\u0430 \u043d\u0430 \u043e\u043d\u043b\u0430\u0439\u043d \u0438\u0433\u0440\u0430\u0442\u0430 Crazy Time \u0432 \u043e\u043d\u043b\u0430\u0439\u043d \u043a\u0430\u0437\u0438\u043d\u043e.\" \/>\n<meta property=\"og:description\" content=\"\u0418\u0433\u0440\u0430 \u0437\u0430 \u0438\u0441\u0442\u0438\u043d\u0441\u043a\u0438 \u043f\u0430\u0440\u0438 \u0432 \u0436\u0438\u0432\u0430\u0442\u0430 \u0438\u0433\u0440\u0430 Crazy Time \u0432 \u043e\u043d\u043b\u0430\u0439\u043d \u043a\u0430\u0437\u0438\u043d\u043e. \u041f\u0440\u0435\u0434\u0432\u0438\u0436\u0434\u0430\u043d\u0435 \u043d\u0430 \u0440\u0435\u0437\u0443\u043b\u0442\u0430\u0442\u0430, \u0438\u0437\u0442\u0435\u0433\u043b\u044f\u043d\u0435 \u043d\u0430 \u043f\u0440\u0438\u043b\u043e\u0436\u0435\u043d\u0438\u0435\u0442\u043e \u0437\u0430 iPhone \u0438 Android, \u043f\u043e\u0441\u0442\u0430\u0432\u044f\u043d\u0435 \u043d\u0430 \u0437\u0430\u043b\u043e\u0437\u0438, \u0436\u0438\u0432\u0430 \u0438\u0433\u0440\u0430.\" \/>\n<meta property=\"og:url\" content=\"https:\/\/crazytime.com.pl\/pt\/\" \/>\n<meta property=\"og:site_name\" content=\"Crazy Time\" \/>\n<meta property=\"article:modified_time\" content=\"2024-01-17T01:01:09+00:00\" \/>\n<meta property=\"og:image\" content=\"https:\/\/crazytime.com.pl\/wp-content\/uploads\/crazy-time.webp\" \/>\n\t<meta property=\"og:image:width\" content=\"2354\" \/>\n\t<meta property=\"og:image:height\" content=\"981\" \/>\n\t<meta property=\"og:image:type\" content=\"image\/webp\" \/>\n<meta name=\"twitter:card\" content=\"summary_large_image\" \/>\n<meta name=\"twitter:label1\" content=\"Tempo estimado de leitura\" \/>\n\t<meta name=\"twitter:data1\" content=\"19 minutos\" \/>\n<script type=\"application\/ld+json\" class=\"yoast-schema-graph\">{\"@context\":\"https:\/\/schema.org\",\"@graph\":[{\"@type\":\"WebPage\",\"@id\":\"https:\/\/crazytime.com.pl\/\",\"url\":\"https:\/\/crazytime.com.pl\/\",\"name\":\"\u0418\u0433\u0440\u0430 \u043d\u0430 \u043e\u043d\u043b\u0430\u0439\u043d \u0438\u0433\u0440\u0430\u0442\u0430 Crazy Time \u0432 \u043e\u043d\u043b\u0430\u0439\u043d \u043a\u0430\u0437\u0438\u043d\u043e.\",\"isPartOf\":{\"@id\":\"https:\/\/crazytime.com.pl\/#website\"},\"primaryImageOfPage\":{\"@id\":\"https:\/\/crazytime.com.pl\/#primaryimage\"},\"image\":{\"@id\":\"https:\/\/crazytime.com.pl\/#primaryimage\"},\"thumbnailUrl\":\"https:\/\/crazytime.com.pl\/wp-content\/uploads\/crazy-time.webp\",\"datePublished\":\"2024-01-08T18:50:22+00:00\",\"dateModified\":\"2024-01-17T01:01:09+00:00\",\"description\":\"\u0418\u0433\u0440\u0430 \u0437\u0430 \u0438\u0441\u0442\u0438\u043d\u0441\u043a\u0438 \u043f\u0430\u0440\u0438 \u0432 \u0436\u0438\u0432\u0430\u0442\u0430 \u0438\u0433\u0440\u0430 Crazy Time \u0432 \u043e\u043d\u043b\u0430\u0439\u043d \u043a\u0430\u0437\u0438\u043d\u043e. \u041f\u0440\u0435\u0434\u0432\u0438\u0436\u0434\u0430\u043d\u0435 \u043d\u0430 \u0440\u0435\u0437\u0443\u043b\u0442\u0430\u0442\u0430, \u0438\u0437\u0442\u0435\u0433\u043b\u044f\u043d\u0435 \u043d\u0430 \u043f\u0440\u0438\u043b\u043e\u0436\u0435\u043d\u0438\u0435\u0442\u043e \u0437\u0430 iPhone \u0438 Android, \u043f\u043e\u0441\u0442\u0430\u0432\u044f\u043d\u0435 \u043d\u0430 \u0437\u0430\u043b\u043e\u0437\u0438, \u0436\u0438\u0432\u0430 \u0438\u0433\u0440\u0430.\",\"breadcrumb\":{\"@id\":\"https:\/\/crazytime.com.pl\/#breadcrumb\"},\"inLanguage\":\"pt-PT\",\"potentialAction\":[{\"@type\":\"ReadAction\",\"target\":[\"https:\/\/crazytime.com.pl\/\"]}]},{\"@type\":\"ImageObject\",\"inLanguage\":\"pt-PT\",\"@id\":\"https:\/\/crazytime.com.pl\/#primaryimage\",\"url\":\"https:\/\/crazytime.com.pl\/wp-content\/uploads\/crazy-time.webp\",\"contentUrl\":\"https:\/\/crazytime.com.pl\/wp-content\/uploads\/crazy-time.webp\",\"width\":2354,\"height\":981},{\"@type\":\"BreadcrumbList\",\"@id\":\"https:\/\/crazytime.com.pl\/#breadcrumb\",\"itemListElement\":[{\"@type\":\"ListItem\",\"position\":1,\"name\":\"Home\",\"item\":\"https:\/\/crazytime.com.pl\/\"},{\"@type\":\"ListItem\",\"position\":2,\"name\":\"\u041f\u0440\u0435\u0434\u0438\u043c\u0441\u0442\u0432\u0430 \u0438 \u0445\u0430\u0440\u0430\u043a\u0442\u0435\u0440\u0438\u0441\u0442\u0438\u043a\u0438 \u043d\u0430 \u0436\u0438\u0432\u0430\u0442\u0430 \u0438\u0433\u0440\u0430 Crazy Time\"}]},{\"@type\":\"WebSite\",\"@id\":\"https:\/\/crazytime.com.pl\/#website\",\"url\":\"https:\/\/crazytime.com.pl\/\",\"name\":\"Crazy Time\",\"description\":\"\",\"potentialAction\":[{\"@type\":\"SearchAction\",\"target\":{\"@type\":\"EntryPoint\",\"urlTemplate\":\"https:\/\/crazytime.com.pl\/?s={search_term_string}\"},\"query-input\":{\"@type\":\"PropertyValueSpecification\",\"valueRequired\":true,\"valueName\":\"search_term_string\"}}],\"inLanguage\":\"pt-PT\"}]}<\/script>\n<!-- \/ Yoast SEO plugin. -->","yoast_head_json":{"title":"\u0418\u0433\u0440\u0430 \u043d\u0430 \u043e\u043d\u043b\u0430\u0439\u043d \u0438\u0433\u0440\u0430\u0442\u0430 Crazy Time \u0432 \u043e\u043d\u043b\u0430\u0439\u043d \u043a\u0430\u0437\u0438\u043d\u043e.","description":"Jogando com dinheiro real no jogo ao vivo Crazy Time em um cassino online. Prever o resultado, baixar o aplicativo no iPhone e Android, fazer apostas, jogo ao vivo","robots":{"index":"index","follow":"follow","max-snippet":"max-snippet:-1","max-image-preview":"max-image-preview:large","max-video-preview":"max-video-preview:-1"},"canonical":"https:\/\/crazytime.com.pl\/pt\/","og_locale":"pt_PT","og_type":"article","og_title":"\u0418\u0433\u0440\u0430 \u043d\u0430 \u043e\u043d\u043b\u0430\u0439\u043d \u0438\u0433\u0440\u0430\u0442\u0430 Crazy Time \u0432 \u043e\u043d\u043b\u0430\u0439\u043d \u043a\u0430\u0437\u0438\u043d\u043e.","og_description":"\u0418\u0433\u0440\u0430 \u0437\u0430 \u0438\u0441\u0442\u0438\u043d\u0441\u043a\u0438 \u043f\u0430\u0440\u0438 \u0432 \u0436\u0438\u0432\u0430\u0442\u0430 \u0438\u0433\u0440\u0430 Crazy Time \u0432 \u043e\u043d\u043b\u0430\u0439\u043d \u043a\u0430\u0437\u0438\u043d\u043e. \u041f\u0440\u0435\u0434\u0432\u0438\u0436\u0434\u0430\u043d\u0435 \u043d\u0430 \u0440\u0435\u0437\u0443\u043b\u0442\u0430\u0442\u0430, \u0438\u0437\u0442\u0435\u0433\u043b\u044f\u043d\u0435 \u043d\u0430 \u043f\u0440\u0438\u043b\u043e\u0436\u0435\u043d\u0438\u0435\u0442\u043e \u0437\u0430 iPhone \u0438 Android, \u043f\u043e\u0441\u0442\u0430\u0432\u044f\u043d\u0435 \u043d\u0430 \u0437\u0430\u043b\u043e\u0437\u0438, \u0436\u0438\u0432\u0430 \u0438\u0433\u0440\u0430.","og_url":"https:\/\/crazytime.com.pl\/pt\/","og_site_name":"Crazy Time","article_modified_time":"2024-01-17T01:01:09+00:00","og_image":[{"width":2354,"height":981,"url":"https:\/\/crazytime.com.pl\/wp-content\/uploads\/crazy-time.webp","type":"image\/webp"}],"twitter_card":"summary_large_image","twitter_misc":{"Tempo estimado de leitura":"19 minutos"},"schema":{"@context":"https:\/\/schema.org","@graph":[{"@type":"WebPage","@id":"https:\/\/crazytime.com.pl\/","url":"https:\/\/crazytime.com.pl\/","name":"\u0418\u0433\u0440\u0430 \u043d\u0430 \u043e\u043d\u043b\u0430\u0439\u043d \u0438\u0433\u0440\u0430\u0442\u0430 Crazy Time \u0432 \u043e\u043d\u043b\u0430\u0439\u043d \u043a\u0430\u0437\u0438\u043d\u043e.","isPartOf":{"@id":"https:\/\/crazytime.com.pl\/#website"},"primaryImageOfPage":{"@id":"https:\/\/crazytime.com.pl\/#primaryimage"},"image":{"@id":"https:\/\/crazytime.com.pl\/#primaryimage"},"thumbnailUrl":"https:\/\/crazytime.com.pl\/wp-content\/uploads\/crazy-time.webp","datePublished":"2024-01-08T18:50:22+00:00","dateModified":"2024-01-17T01:01:09+00:00","description":"\u0418\u0433\u0440\u0430 \u0437\u0430 \u0438\u0441\u0442\u0438\u043d\u0441\u043a\u0438 \u043f\u0430\u0440\u0438 \u0432 \u0436\u0438\u0432\u0430\u0442\u0430 \u0438\u0433\u0440\u0430 Crazy Time \u0432 \u043e\u043d\u043b\u0430\u0439\u043d \u043a\u0430\u0437\u0438\u043d\u043e. \u041f\u0440\u0435\u0434\u0432\u0438\u0436\u0434\u0430\u043d\u0435 \u043d\u0430 \u0440\u0435\u0437\u0443\u043b\u0442\u0430\u0442\u0430, \u0438\u0437\u0442\u0435\u0433\u043b\u044f\u043d\u0435 \u043d\u0430 \u043f\u0440\u0438\u043b\u043e\u0436\u0435\u043d\u0438\u0435\u0442\u043e \u0437\u0430 iPhone \u0438 Android, \u043f\u043e\u0441\u0442\u0430\u0432\u044f\u043d\u0435 \u043d\u0430 \u0437\u0430\u043b\u043e\u0437\u0438, \u0436\u0438\u0432\u0430 \u0438\u0433\u0440\u0430.","breadcrumb":{"@id":"https:\/\/crazytime.com.pl\/#breadcrumb"},"inLanguage":"pt-PT","potentialAction":[{"@type":"ReadAction","target":["https:\/\/crazytime.com.pl\/"]}]},{"@type":"ImageObject","inLanguage":"pt-PT","@id":"https:\/\/crazytime.com.pl\/#primaryimage","url":"https:\/\/crazytime.com.pl\/wp-content\/uploads\/crazy-time.webp","contentUrl":"https:\/\/crazytime.com.pl\/wp-content\/uploads\/crazy-time.webp","width":2354,"height":981},{"@type":"BreadcrumbList","@id":"https:\/\/crazytime.com.pl\/#breadcrumb","itemListElement":[{"@type":"ListItem","position":1,"name":"Home","item":"https:\/\/crazytime.com.pl\/"},{"@type":"ListItem","position":2,"name":"\u041f\u0440\u0435\u0434\u0438\u043c\u0441\u0442\u0432\u0430 \u0438 \u0445\u0430\u0440\u0430\u043a\u0442\u0435\u0440\u0438\u0441\u0442\u0438\u043a\u0438 \u043d\u0430 \u0436\u0438\u0432\u0430\u0442\u0430 \u0438\u0433\u0440\u0430 Crazy Time"}]},{"@type":"WebSite","@id":"https:\/\/crazytime.com.pl\/#website","url":"https:\/\/crazytime.com.pl\/","name":"Crazy Time","description":"","potentialAction":[{"@type":"SearchAction","target":{"@type":"EntryPoint","urlTemplate":"https:\/\/crazytime.com.pl\/?s={search_term_string}"},"query-input":{"@type":"PropertyValueSpecification","valueRequired":true,"valueName":"search_term_string"}}],"inLanguage":"pt-PT"}]}},"_links":{"self":[{"href":"https:\/\/crazytime.com.pl\/pt\/wp-json\/wp\/v2\/pages\/6","targetHints":{"allow":["GET"]}}],"collection":[{"href":"https:\/\/crazytime.com.pl\/pt\/wp-json\/wp\/v2\/pages"}],"about":[{"href":"https:\/\/crazytime.com.pl\/pt\/wp-json\/wp\/v2\/types\/page"}],"author":[{"embeddable":true,"href":"https:\/\/crazytime.com.pl\/pt\/wp-json\/wp\/v2\/users\/1"}],"replies":[{"embeddable":true,"href":"https:\/\/crazytime.com.pl\/pt\/wp-json\/wp\/v2\/comments?post=6"}],"version-history":[{"count":26,"href":"https:\/\/crazytime.com.pl\/pt\/wp-json\/wp\/v2\/pages\/6\/revisions"}],"predecessor-version":[{"id":185,"href":"https:\/\/crazytime.com.pl\/pt\/wp-json\/wp\/v2\/pages\/6\/revisions\/185"}],"wp:featuredmedia":[{"embeddable":true,"href":"https:\/\/crazytime.com.pl\/pt\/wp-json\/wp\/v2\/media\/163"}],"wp:attachment":[{"href":"https:\/\/crazytime.com.pl\/pt\/wp-json\/wp\/v2\/media?parent=6"}],"curies":[{"name":"wp","href":"https:\/\/api.w.org\/{rel}","templated":true}]}}