{"id":16,"date":"2024-01-08T18:55:33","date_gmt":"2024-01-08T18:55:33","guid":{"rendered":"https:\/\/crazytime.com.pl\/?page_id=16"},"modified":"2024-01-17T01:04:22","modified_gmt":"2024-01-17T01:04:22","slug":"choosing-an-online-casino-for-playing-crazy-time","status":"publish","type":"page","link":"https:\/\/crazytime.com.pl\/pt\/choosing-an-online-casino-for-playing-crazy-time\/","title":{"rendered":"Escolhendo um Cassino Online para Jogar Crazy Time"},"content":{"rendered":"<p>Escolher o cassino online certo para jogar Crazy Time \u00e9 um aspecto crucial que pode impactar significativamente sua experi\u00eancia de jogo. Crazy Time \u00e9 um jogo popular e emocionante da Evolution Gaming, exigindo uma plataforma confi\u00e1vel e de alta qualidade para jogar. Aqui est\u00e3o algumas dicas sobre como escolher o melhor cassino online para esse fim. Por um lado, o jogo \u00e9 o mesmo em todos os lugares. Por outro lado, cada cassino tem regras diferentes, como dep\u00f3sitos, saques de ganhos e verifica\u00e7\u00e3o de identidade do jogador. E isso influencia fortemente a experi\u00eancia do jogador.<\/p>\n<h2><strong>Cassinos Online Licenciados<\/strong><\/h2>\n<p>A primeira coisa a considerar \u00e9 a presen\u00e7a de uma licen\u00e7a para o cassino. Um cassino licenciado garante jogo justo e prote\u00e7\u00e3o ao jogador. Tamb\u00e9m \u00e9 importante verificar as avalia\u00e7\u00f5es de outros jogadores e a classifica\u00e7\u00e3o do cassino para garantir sua confiabilidade e reputa\u00e7\u00e3o. Como sabemos o qu\u00e3o f\u00e1cil \u00e9 falsificar avalia\u00e7\u00f5es, \u00e9 essencial verificar em v\u00e1rios lugares.<\/p>\n<p>Certifique-se de que o cassino escolhido ofere\u00e7a Crazy Time em sua sele\u00e7\u00e3o de jogos. Tamb\u00e9m \u00e9 importante que o site do cassino seja f\u00e1cil de usar, tenha bons gr\u00e1ficos e forne\u00e7a conex\u00f5es est\u00e1veis sem atrasos, o que \u00e9 crucial para jogos ao vivo.<\/p>\n<p>Muitos cassinos online oferecem b\u00f4nus e promo\u00e7\u00f5es atrativas, especialmente para novos jogadores. Procure um cassino com bons b\u00f4nus de boas-vindas ou promo\u00e7\u00f5es especiais para jogar Crazy Time, mas revise cuidadosamente os termos e condi\u00e7\u00f5es para obt\u00ea-los e us\u00e1-los.<\/p>\n<p>Escolha um cassino que suporte m\u00e9todos convenientes de dep\u00f3sito e saque para voc\u00ea. A disponibilidade de v\u00e1rias op\u00e7\u00f5es de pagamento, incluindo carteiras eletr\u00f4nicas, cart\u00f5es de cr\u00e9dito e criptomoedas, torna o processo de jogo mais confort\u00e1vel.<\/p>\n<p>Um bom atendimento ao cliente \u00e9 uma parte integral de um cassino online de qualidade. Certifique-se de que o cassino ofere\u00e7a suporte ao cliente eficiente acess\u00edvel por meio de v\u00e1rios canais de comunica\u00e7\u00e3o e capaz de resolver rapidamente quest\u00f5es e problemas que surgem.<\/p>\n<p>Se voc\u00ea prefere jogar a partir de um dispositivo m\u00f3vel, verifique se o cassino oferece jogos em plataformas m\u00f3veis. A presen\u00e7a de um aplicativo m\u00f3vel ou de um site m\u00f3vel bem otimizado simplifica significativamente o acesso ao jogo a qualquer momento e em qualquer lugar.<\/p>\n<p>Escolher um cassino online para jogar Crazy Time \u00e9 uma combina\u00e7\u00e3o de prefer\u00eancias pessoais e crit\u00e9rios objetivos, como seguran\u00e7a, confiabilidade, conveni\u00eancia e qualidade do servi\u00e7o. Dedique tempo a uma sele\u00e7\u00e3o cuidadosa, e isso garantir\u00e1 a voc\u00ea a melhor experi\u00eancia de jogo.<\/p>\n","protected":false},"excerpt":{"rendered":"<p>Escolher o cassino online certo para jogar Crazy Time \u00e9 um aspecto crucial que pode impactar significativamente sua experi\u00eancia de jogo. Crazy Time \u00e9 um jogo popular e emocionante da Evolution Gaming, exigindo uma plataforma confi\u00e1vel e de alta qualidade para jogar. Aqui est\u00e3o algumas dicas sobre como escolher o &hellip;<\/p>\n","protected":false},"author":1,"featured_media":0,"parent":0,"menu_order":0,"comment_status":"closed","ping_status":"closed","template":"","meta":{"footnotes":""},"class_list":["post-16","page","type-page","status-publish","hentry"],"yoast_head":"<!-- This site is optimized with the Yoast SEO plugin v27.2 - https:\/\/yoast.com\/product\/yoast-seo-wordpress\/ -->\n<title>\u041a\u0430\u043a \u0434\u0430 \u0438\u0437\u0431\u0435\u0440\u0435\u0442\u0435 \u043e\u043d\u043b\u0430\u0439\u043d \u043a\u0430\u0437\u0438\u043d\u043e \u0437\u0430 \u0438\u0433\u0440\u0430 \u043d\u0430 Crazy Time<\/title>\n<meta name=\"description\" content=\"Escolhendo um cassino online para fazer apostas no jogo Crazy Time. Registro, login para um jogo bem-sucedido no Crazy Time.\" \/>\n<meta name=\"robots\" content=\"index, follow, max-snippet:-1, max-image-preview:large, max-video-preview:-1\" \/>\n<link rel=\"canonical\" href=\"https:\/\/crazytime.com.pl\/pt\/choosing-an-online-casino-for-playing-crazy-time\/\" \/>\n<meta property=\"og:locale\" content=\"pt_PT\" \/>\n<meta property=\"og:locale:alternate\" content=\"ru_RU\" \/>\n<meta property=\"og:locale:alternate\" content=\"en_US\" \/>\n<meta property=\"og:locale:alternate\" content=\"es_ES\" \/>\n<meta property=\"og:locale:alternate\" content=\"fr_FR\" \/>\n<meta property=\"og:locale:alternate\" content=\"de_DE\" \/>\n<meta property=\"og:locale:alternate\" content=\"pl_PL\" \/>\n<meta property=\"og:locale:alternate\" content=\"tr_TR\" \/>\n<meta property=\"og:locale:alternate\" content=\"it_IT\" \/>\n<meta property=\"og:locale:alternate\" content=\"uk\" \/>\n<meta property=\"og:locale:alternate\" content=\"sr_RS\" \/>\n<meta property=\"og:locale:alternate\" content=\"bg_BG\" \/>\n<meta property=\"og:type\" content=\"article\" \/>\n<meta property=\"og:title\" content=\"\u041a\u0430\u043a \u0434\u0430 \u0438\u0437\u0431\u0435\u0440\u0435\u0442\u0435 \u043e\u043d\u043b\u0430\u0439\u043d \u043a\u0430\u0437\u0438\u043d\u043e \u0437\u0430 \u0438\u0433\u0440\u0430 \u043d\u0430 Crazy Time\" \/>\n<meta property=\"og:description\" content=\"\u0418\u0437\u0431\u043e\u0440 \u043d\u0430 \u043e\u043d\u043b\u0430\u0439\u043d \u043a\u0430\u0437\u0438\u043d\u043e \u0437\u0430 \u043f\u043e\u0441\u0442\u0430\u0432\u044f\u043d\u0435 \u043d\u0430 \u0437\u0430\u043b\u043e\u0437\u0438 \u0432 \u0438\u0433\u0440\u0430\u0442\u0430 Crazy Time. \u0420\u0435\u0433\u0438\u0441\u0442\u0440\u0430\u0446\u0438\u044f, \u0432\u0445\u043e\u0434 \u0437\u0430 \u0443\u0441\u043f\u0435\u0448\u043d\u0430 \u0438\u0433\u0440\u0430 \u0432 Crazy Time.\" \/>\n<meta property=\"og:url\" content=\"https:\/\/crazytime.com.pl\/pt\/choosing-an-online-casino-for-playing-crazy-time\/\" \/>\n<meta property=\"og:site_name\" content=\"Crazy Time\" \/>\n<meta property=\"article:modified_time\" content=\"2024-01-17T01:04:22+00:00\" \/>\n<meta name=\"twitter:card\" content=\"summary_large_image\" \/>\n<meta name=\"twitter:label1\" content=\"Tempo estimado de leitura\" \/>\n\t<meta name=\"twitter:data1\" content=\"17 minutos\" \/>\n<script type=\"application\/ld+json\" class=\"yoast-schema-graph\">{\"@context\":\"https:\/\/schema.org\",\"@graph\":[{\"@type\":\"WebPage\",\"@id\":\"https:\/\/crazytime.com.pl\/bg\/choosing-an-online-casino-for-playing-crazy-time\/\",\"url\":\"https:\/\/crazytime.com.pl\/bg\/choosing-an-online-casino-for-playing-crazy-time\/\",\"name\":\"\u041a\u0430\u043a \u0434\u0430 \u0438\u0437\u0431\u0435\u0440\u0435\u0442\u0435 \u043e\u043d\u043b\u0430\u0439\u043d \u043a\u0430\u0437\u0438\u043d\u043e \u0437\u0430 \u0438\u0433\u0440\u0430 \u043d\u0430 Crazy Time\",\"isPartOf\":{\"@id\":\"https:\/\/crazytime.com.pl\/#website\"},\"datePublished\":\"2024-01-08T18:55:33+00:00\",\"dateModified\":\"2024-01-17T01:04:22+00:00\",\"description\":\"\u0418\u0437\u0431\u043e\u0440 \u043d\u0430 \u043e\u043d\u043b\u0430\u0439\u043d \u043a\u0430\u0437\u0438\u043d\u043e \u0437\u0430 \u043f\u043e\u0441\u0442\u0430\u0432\u044f\u043d\u0435 \u043d\u0430 \u0437\u0430\u043b\u043e\u0437\u0438 \u0432 \u0438\u0433\u0440\u0430\u0442\u0430 Crazy Time. \u0420\u0435\u0433\u0438\u0441\u0442\u0440\u0430\u0446\u0438\u044f, \u0432\u0445\u043e\u0434 \u0437\u0430 \u0443\u0441\u043f\u0435\u0448\u043d\u0430 \u0438\u0433\u0440\u0430 \u0432 Crazy Time.\",\"breadcrumb\":{\"@id\":\"https:\/\/crazytime.com.pl\/bg\/choosing-an-online-casino-for-playing-crazy-time\/#breadcrumb\"},\"inLanguage\":\"pt-PT\",\"potentialAction\":[{\"@type\":\"ReadAction\",\"target\":[\"https:\/\/crazytime.com.pl\/bg\/choosing-an-online-casino-for-playing-crazy-time\/\"]}]},{\"@type\":\"BreadcrumbList\",\"@id\":\"https:\/\/crazytime.com.pl\/bg\/choosing-an-online-casino-for-playing-crazy-time\/#breadcrumb\",\"itemListElement\":[{\"@type\":\"ListItem\",\"position\":1,\"name\":\"Home\",\"item\":\"https:\/\/crazytime.com.pl\/\"},{\"@type\":\"ListItem\",\"position\":2,\"name\":\"\u0418\u0437\u0431\u043e\u0440 \u043d\u0430 \u043e\u043d\u043b\u0430\u0439\u043d \u043a\u0430\u0437\u0438\u043d\u043e \u0437\u0430 \u0438\u0433\u0440\u0430 \u043d\u0430 Crazy Time\"}]},{\"@type\":\"WebSite\",\"@id\":\"https:\/\/crazytime.com.pl\/#website\",\"url\":\"https:\/\/crazytime.com.pl\/\",\"name\":\"Crazy Time\",\"description\":\"\",\"potentialAction\":[{\"@type\":\"SearchAction\",\"target\":{\"@type\":\"EntryPoint\",\"urlTemplate\":\"https:\/\/crazytime.com.pl\/?s={search_term_string}\"},\"query-input\":{\"@type\":\"PropertyValueSpecification\",\"valueRequired\":true,\"valueName\":\"search_term_string\"}}],\"inLanguage\":\"pt-PT\"}]}<\/script>\n<!-- \/ Yoast SEO plugin. -->","yoast_head_json":{"title":"\u041a\u0430\u043a \u0434\u0430 \u0438\u0437\u0431\u0435\u0440\u0435\u0442\u0435 \u043e\u043d\u043b\u0430\u0439\u043d \u043a\u0430\u0437\u0438\u043d\u043e \u0437\u0430 \u0438\u0433\u0440\u0430 \u043d\u0430 Crazy Time","description":"Escolhendo um cassino online para fazer apostas no jogo Crazy Time. Registro, login para um jogo bem-sucedido no Crazy Time.","robots":{"index":"index","follow":"follow","max-snippet":"max-snippet:-1","max-image-preview":"max-image-preview:large","max-video-preview":"max-video-preview:-1"},"canonical":"https:\/\/crazytime.com.pl\/pt\/choosing-an-online-casino-for-playing-crazy-time\/","og_locale":"pt_PT","og_type":"article","og_title":"\u041a\u0430\u043a \u0434\u0430 \u0438\u0437\u0431\u0435\u0440\u0435\u0442\u0435 \u043e\u043d\u043b\u0430\u0439\u043d \u043a\u0430\u0437\u0438\u043d\u043e \u0437\u0430 \u0438\u0433\u0440\u0430 \u043d\u0430 Crazy Time","og_description":"\u0418\u0437\u0431\u043e\u0440 \u043d\u0430 \u043e\u043d\u043b\u0430\u0439\u043d \u043a\u0430\u0437\u0438\u043d\u043e \u0437\u0430 \u043f\u043e\u0441\u0442\u0430\u0432\u044f\u043d\u0435 \u043d\u0430 \u0437\u0430\u043b\u043e\u0437\u0438 \u0432 \u0438\u0433\u0440\u0430\u0442\u0430 Crazy Time. \u0420\u0435\u0433\u0438\u0441\u0442\u0440\u0430\u0446\u0438\u044f, \u0432\u0445\u043e\u0434 \u0437\u0430 \u0443\u0441\u043f\u0435\u0448\u043d\u0430 \u0438\u0433\u0440\u0430 \u0432 Crazy Time.","og_url":"https:\/\/crazytime.com.pl\/pt\/choosing-an-online-casino-for-playing-crazy-time\/","og_site_name":"Crazy Time","article_modified_time":"2024-01-17T01:04:22+00:00","twitter_card":"summary_large_image","twitter_misc":{"Tempo estimado de leitura":"17 minutos"},"schema":{"@context":"https:\/\/schema.org","@graph":[{"@type":"WebPage","@id":"https:\/\/crazytime.com.pl\/bg\/choosing-an-online-casino-for-playing-crazy-time\/","url":"https:\/\/crazytime.com.pl\/bg\/choosing-an-online-casino-for-playing-crazy-time\/","name":"\u041a\u0430\u043a \u0434\u0430 \u0438\u0437\u0431\u0435\u0440\u0435\u0442\u0435 \u043e\u043d\u043b\u0430\u0439\u043d \u043a\u0430\u0437\u0438\u043d\u043e \u0437\u0430 \u0438\u0433\u0440\u0430 \u043d\u0430 Crazy Time","isPartOf":{"@id":"https:\/\/crazytime.com.pl\/#website"},"datePublished":"2024-01-08T18:55:33+00:00","dateModified":"2024-01-17T01:04:22+00:00","description":"\u0418\u0437\u0431\u043e\u0440 \u043d\u0430 \u043e\u043d\u043b\u0430\u0439\u043d \u043a\u0430\u0437\u0438\u043d\u043e \u0437\u0430 \u043f\u043e\u0441\u0442\u0430\u0432\u044f\u043d\u0435 \u043d\u0430 \u0437\u0430\u043b\u043e\u0437\u0438 \u0432 \u0438\u0433\u0440\u0430\u0442\u0430 Crazy Time. \u0420\u0435\u0433\u0438\u0441\u0442\u0440\u0430\u0446\u0438\u044f, \u0432\u0445\u043e\u0434 \u0437\u0430 \u0443\u0441\u043f\u0435\u0448\u043d\u0430 \u0438\u0433\u0440\u0430 \u0432 Crazy Time.","breadcrumb":{"@id":"https:\/\/crazytime.com.pl\/bg\/choosing-an-online-casino-for-playing-crazy-time\/#breadcrumb"},"inLanguage":"pt-PT","potentialAction":[{"@type":"ReadAction","target":["https:\/\/crazytime.com.pl\/bg\/choosing-an-online-casino-for-playing-crazy-time\/"]}]},{"@type":"BreadcrumbList","@id":"https:\/\/crazytime.com.pl\/bg\/choosing-an-online-casino-for-playing-crazy-time\/#breadcrumb","itemListElement":[{"@type":"ListItem","position":1,"name":"Home","item":"https:\/\/crazytime.com.pl\/"},{"@type":"ListItem","position":2,"name":"\u0418\u0437\u0431\u043e\u0440 \u043d\u0430 \u043e\u043d\u043b\u0430\u0439\u043d \u043a\u0430\u0437\u0438\u043d\u043e \u0437\u0430 \u0438\u0433\u0440\u0430 \u043d\u0430 Crazy Time"}]},{"@type":"WebSite","@id":"https:\/\/crazytime.com.pl\/#website","url":"https:\/\/crazytime.com.pl\/","name":"Crazy Time","description":"","potentialAction":[{"@type":"SearchAction","target":{"@type":"EntryPoint","urlTemplate":"https:\/\/crazytime.com.pl\/?s={search_term_string}"},"query-input":{"@type":"PropertyValueSpecification","valueRequired":true,"valueName":"search_term_string"}}],"inLanguage":"pt-PT"}]}},"_links":{"self":[{"href":"https:\/\/crazytime.com.pl\/pt\/wp-json\/wp\/v2\/pages\/16","targetHints":{"allow":["GET"]}}],"collection":[{"href":"https:\/\/crazytime.com.pl\/pt\/wp-json\/wp\/v2\/pages"}],"about":[{"href":"https:\/\/crazytime.com.pl\/pt\/wp-json\/wp\/v2\/types\/page"}],"author":[{"embeddable":true,"href":"https:\/\/crazytime.com.pl\/pt\/wp-json\/wp\/v2\/users\/1"}],"replies":[{"embeddable":true,"href":"https:\/\/crazytime.com.pl\/pt\/wp-json\/wp\/v2\/comments?post=16"}],"version-history":[{"count":26,"href":"https:\/\/crazytime.com.pl\/pt\/wp-json\/wp\/v2\/pages\/16\/revisions"}],"predecessor-version":[{"id":187,"href":"https:\/\/crazytime.com.pl\/pt\/wp-json\/wp\/v2\/pages\/16\/revisions\/187"}],"wp:attachment":[{"href":"https:\/\/crazytime.com.pl\/pt\/wp-json\/wp\/v2\/media?parent=16"}],"curies":[{"name":"wp","href":"https:\/\/api.w.org\/{rel}","templated":true}]}}