{"id":10,"date":"2024-01-08T18:52:45","date_gmt":"2024-01-08T18:52:45","guid":{"rendered":"https:\/\/crazytime.com.pl\/?page_id=10"},"modified":"2024-01-17T01:09:09","modified_gmt":"2024-01-17T01:09:09","slug":"reviews","status":"publish","type":"page","link":"https:\/\/crazytime.com.pl\/pt\/reviews\/","title":{"rendered":"Avalia\u00e7\u00f5es"},"content":{"rendered":"<p>Milh\u00f5es de jogadores em todo o mundo participam do jogo ao vivo Crazy Time e desfrutam da experi\u00eancia. N\u00e3o h\u00e1 um \u00fanico pa\u00eds no mundo sem jogadores de Crazy Time. E existem raz\u00f5es para essa popularidade. Entre elas est\u00e1 a sensa\u00e7\u00e3o de estar em um cassino online real, j\u00e1 que o jogo \u00e9 conduzido por um dealer ao vivo. Em outras palavras, voc\u00ea pode se acomodar confortavelmente em sua cadeira e aproveitar o jogo. Coletamos opini\u00f5es de jogadores reais, proporcionando uma vis\u00e3o geral do jogo Crazy Time.<\/p>\n<p>O jogo online Crazy Time \u00e9 um turbilh\u00e3o de emo\u00e7\u00f5es! Um show ao vivo com um apresentador real e v\u00e1rios jogos de b\u00f4nus deixa todos envolvidos. \u00c9 o melhor passatempo para os entusiastas do jogo. Parece que voc\u00ea est\u00e1 em um cassino de Las Vegas ou Macau. Eu realmente gostei.<\/p>\n<p>Maxim, 22 anos<\/p>\n<p>Eu experimentei muitos jogos em cassinos online, mas Crazy Time se tornou meu jogo favorito. Gr\u00e1ficos vibrantes, apresentadores animados e a possibilidade de grandes vit\u00f3rias \u2013 simplesmente incr\u00edvel! Leva um pouco de tempo para entender os jogos de b\u00f4nus. Existem v\u00e1rios deles, e s\u00e3o diferentes, mas n\u00e3o \u00e9 complicado.<\/p>\n<p>Alexander, 24 anos<\/p>\n<p>Crazy Time \u00e9 \u00fanico com seus rounds de b\u00f4nus. Sempre que voc\u00ea ganha acesso a um deles, sente uma incr\u00edvel onda de adrenalina. E isso aumenta significativamente as chances de uma grande vit\u00f3ria. O tipo de vit\u00f3ria em que voc\u00ea sai com sua namorada e pode comprar qualquer coisa que ela queira.<\/p>\n<p>Mark, 27 anos<\/p>\n<p>Esse jogo combina perfeitamente a emo\u00e7\u00e3o de um show e as oportunidades de um cassino. Os apresentadores tornam o processo ainda mais emocionante. Entretenimento real para jogadores de todas as idades.<\/p>\n<p>Maria, 22 anos<\/p>\n<p>Crazy Time \u00e9 mais do que apenas um jogo de azar. Est\u00e1 cheio de surpresas e reviravoltas inesperadas, tornando cada sess\u00e3o de jogo \u00fanica e inesquec\u00edvel. \u00c9 um show completo onde voc\u00ea pode aproveitar cada momento. N\u00e3o entendo por que as pessoas v\u00e3o ao cinema ou gastam seu tempo de maneira diferente quando podem come\u00e7ar o Crazy Time, e a divers\u00e3o est\u00e1 garantida.<\/p>\n<p>Alina, 22 anos<\/p>\n<p>Eu amo os momentos com jogos de b\u00f4nus no Crazy Time. Eles adicionam um toque especial ao jogo e oferecem chances de grandes vit\u00f3rias. Eu passo tempo de qualidade jogando este jogo! E ningu\u00e9m pode me convencer de que jogos de azar s\u00e3o ruins, porque se \u00e9 jogo de azar, ent\u00e3o apenas Crazy Time.<\/p>\n<p>Alexander, 23 anos<\/p>\n<p>Crazy Time \u00e9 a escolha perfeita para quem quer mais do que apenas uma experi\u00eancia de jogo, mas um show completo. Os apresentadores, m\u00fasica, intera\u00e7\u00e3o \u2013 tudo \u00e9 de alta qualidade! \u00c9 como se voc\u00ea tivesse visitado um cassino real.<\/p>\n<p>Nick, 20 anos<\/p>\n<p>Esse jogo me cativou desde o primeiro olhar. Brilhante, en\u00e9rgico e sempre cheio de surpresas \u2013 \u00e9 assim que eu imagino o cassino online perfeito. Costumava pensar que os jogos de crash eram o pr\u00f3ximo passo no desenvolvimento, mas agora vejo que os jogos ao vivo como o Crazy Time s\u00e3o o pr\u00f3ximo n\u00edvel.<\/p>\n<p>Bruno, 26 anos<\/p>\n<p>No Crazy Time, cada rodada \u00e9 uma nova aventura. Gosto de haver tantos elementos diferentes: desde girar a roda at\u00e9 mini-jogos de b\u00f4nus. Parece que h\u00e1 muita variedade e elementos no jogo, mas voc\u00ea n\u00e3o se perde.<\/p>\n<p>Ignat, 27 anos<\/p>\n<p>Jogando Crazy Time, sinto-me parte de um grande e divertido show. N\u00e3o se trata apenas de jogar, mas tamb\u00e9m de uma \u00f3tima maneira de relaxar ap\u00f3s um dia dif\u00edcil. N\u00e3o consigo imaginar minha vida sem Crazy Time.<\/p>\n<p>Natalia, 28 anos<\/p>\n<p>\u00d3timo jogo para quem gosta de cassinos ao vivo com elementos interativos. Crazy Time surpreende constantemente com a variedade de rodadas e possibilidades. \u00c9 um jogo onde voc\u00ea sempre descobrir\u00e1 algo novo.<\/p>\n<p>Andrey, 21 anos<\/p>\n<p>Crazy Time \u00e9 uma explos\u00e3o de emo\u00e7\u00f5es! A cada vez, voc\u00ea sente a emo\u00e7\u00e3o quando a roda come\u00e7a a desacelerar, esperando para ver em qual segmento ela vai parar. Eu realmente gosto disso.<\/p>\n<p>Vanessa, 20 anos<\/p>\n<p>Amo esse jogo pela sua din\u00e2mica e variedade. No Crazy Time, sempre h\u00e1 algo acontecendo, e isso mant\u00e9m todo o processo de jogo emocionante.<\/p>\n<p>Alex, 34 anos<\/p>\n<p>Este jogo \u00e9 uma excelente maneira de testar sua sorte em uma atmosfera vibrante e emocionante. Crazy Time n\u00e3o \u00e9 apenas um cassino; \u00e9 um show completo! O jogo \u00e9 conhecido, e muitos dos meus amigos jogam. Nenhum dos meus amigos se arrepende de jogar Crazy Time.<\/p>\n<p>Dan, 23 anos<\/p>\n<p>Crazy Time superou todas as minhas expectativas para um jogo ao vivo. Rounds de b\u00f4nus emocionantes, apresentadores animados e uma atmosfera incr\u00edvel \u2013 \u00e9 exatamente o que voc\u00ea precisa para uma noite excelente. Vou continuar jogando.<\/p>\n<p>Denis, 20 anos<\/p>\n","protected":false},"excerpt":{"rendered":"<p>Milh\u00f5es de jogadores em todo o mundo participam do jogo ao vivo Crazy Time e desfrutam da experi\u00eancia. N\u00e3o h\u00e1 um \u00fanico pa\u00eds no mundo sem jogadores de Crazy Time. E existem raz\u00f5es para essa popularidade. Entre elas est\u00e1 a sensa\u00e7\u00e3o de estar em um cassino online real, j\u00e1 que &hellip;<\/p>\n","protected":false},"author":1,"featured_media":0,"parent":0,"menu_order":0,"comment_status":"closed","ping_status":"closed","template":"","meta":{"footnotes":""},"class_list":["post-10","page","type-page","status-publish","hentry"],"yoast_head":"<!-- This site is optimized with the Yoast SEO plugin v27.2 - https:\/\/yoast.com\/product\/yoast-seo-wordpress\/ -->\n<title>\u041e\u0442\u0437\u044b\u0432\u044b \u0438\u0433\u0440\u043e\u043a\u043e\u0432 \u043e live \u0438\u0433\u0440\u0435 Crazy Time<\/title>\n<meta name=\"description\" content=\"Avalia\u00e7\u00f5es, opini\u00f5es e feedback de jogadores reais sobre o jogo \u00fanico com dealer ao vivo Crazy Time. Opini\u00f5es honestas sobre Crazy Time.\" \/>\n<meta name=\"robots\" content=\"index, follow, max-snippet:-1, max-image-preview:large, max-video-preview:-1\" \/>\n<link rel=\"canonical\" href=\"https:\/\/crazytime.com.pl\/pt\/reviews\/\" \/>\n<meta property=\"og:locale\" content=\"pt_PT\" \/>\n<meta property=\"og:locale:alternate\" content=\"ru_RU\" \/>\n<meta property=\"og:locale:alternate\" content=\"en_US\" \/>\n<meta property=\"og:locale:alternate\" content=\"es_ES\" \/>\n<meta property=\"og:locale:alternate\" content=\"fr_FR\" \/>\n<meta property=\"og:locale:alternate\" content=\"de_DE\" \/>\n<meta property=\"og:locale:alternate\" content=\"pl_PL\" \/>\n<meta property=\"og:locale:alternate\" content=\"tr_TR\" \/>\n<meta property=\"og:locale:alternate\" content=\"it_IT\" \/>\n<meta property=\"og:locale:alternate\" content=\"uk\" \/>\n<meta property=\"og:locale:alternate\" content=\"sr_RS\" \/>\n<meta property=\"og:locale:alternate\" content=\"bg_BG\" \/>\n<meta property=\"og:type\" content=\"article\" \/>\n<meta property=\"og:title\" content=\"\u041e\u0442\u0437\u044b\u0432\u044b \u0438\u0433\u0440\u043e\u043a\u043e\u0432 \u043e live \u0438\u0433\u0440\u0435 Crazy Time\" \/>\n<meta property=\"og:description\" content=\"\u041e\u0431\u0437\u043e\u0440\u044b, \u043c\u043d\u0435\u043d\u0438\u044f \u0438 \u043e\u0442\u0437\u044b\u0432\u044b \u043d\u0430\u0441\u0442\u043e\u044f\u0449\u0438\u0445 \u0438\u0433\u0440\u043e\u043a\u043e\u0432 \u043e\u0431 \u0443\u043d\u0438\u043a\u0430\u043b\u044c\u043d\u043e\u0439 \u0438\u0433\u0440\u0435 \u0441 \u0436\u0438\u0432\u044b\u043c \u0434\u0438\u043b\u0435\u0440\u043e\u043c Crazy Time. \u0427\u0435\u0441\u0442\u043d\u043e\u0435 \u043c\u043d\u0435\u043d\u0438\u0435 \u043e Crazy Time\" \/>\n<meta property=\"og:url\" content=\"https:\/\/crazytime.com.pl\/pt\/reviews\/\" \/>\n<meta property=\"og:site_name\" content=\"Crazy Time\" \/>\n<meta property=\"article:modified_time\" content=\"2024-01-17T01:09:09+00:00\" \/>\n<meta name=\"twitter:card\" content=\"summary_large_image\" \/>\n<meta name=\"twitter:label1\" content=\"Tempo estimado de leitura\" \/>\n\t<meta name=\"twitter:data1\" content=\"32 minutos\" \/>\n<script type=\"application\/ld+json\" class=\"yoast-schema-graph\">{\"@context\":\"https:\/\/schema.org\",\"@graph\":[{\"@type\":\"WebPage\",\"@id\":\"https:\/\/crazytime.com.pl\/reviews\/\",\"url\":\"https:\/\/crazytime.com.pl\/reviews\/\",\"name\":\"\u041e\u0442\u0437\u044b\u0432\u044b \u0438\u0433\u0440\u043e\u043a\u043e\u0432 \u043e live \u0438\u0433\u0440\u0435 Crazy Time\",\"isPartOf\":{\"@id\":\"https:\/\/crazytime.com.pl\/#website\"},\"datePublished\":\"2024-01-08T18:52:45+00:00\",\"dateModified\":\"2024-01-17T01:09:09+00:00\",\"description\":\"\u041e\u0431\u0437\u043e\u0440\u044b, \u043c\u043d\u0435\u043d\u0438\u044f \u0438 \u043e\u0442\u0437\u044b\u0432\u044b \u043d\u0430\u0441\u0442\u043e\u044f\u0449\u0438\u0445 \u0438\u0433\u0440\u043e\u043a\u043e\u0432 \u043e\u0431 \u0443\u043d\u0438\u043a\u0430\u043b\u044c\u043d\u043e\u0439 \u0438\u0433\u0440\u0435 \u0441 \u0436\u0438\u0432\u044b\u043c \u0434\u0438\u043b\u0435\u0440\u043e\u043c Crazy Time. \u0427\u0435\u0441\u0442\u043d\u043e\u0435 \u043c\u043d\u0435\u043d\u0438\u0435 \u043e Crazy Time\",\"breadcrumb\":{\"@id\":\"https:\/\/crazytime.com.pl\/reviews\/#breadcrumb\"},\"inLanguage\":\"pt-PT\",\"potentialAction\":[{\"@type\":\"ReadAction\",\"target\":[\"https:\/\/crazytime.com.pl\/reviews\/\"]}]},{\"@type\":\"BreadcrumbList\",\"@id\":\"https:\/\/crazytime.com.pl\/reviews\/#breadcrumb\",\"itemListElement\":[{\"@type\":\"ListItem\",\"position\":1,\"name\":\"Home\",\"item\":\"https:\/\/crazytime.com.pl\/\"},{\"@type\":\"ListItem\",\"position\":2,\"name\":\"\u041e\u0442\u0437\u044b\u0432\u044b\"}]},{\"@type\":\"WebSite\",\"@id\":\"https:\/\/crazytime.com.pl\/#website\",\"url\":\"https:\/\/crazytime.com.pl\/\",\"name\":\"Crazy Time\",\"description\":\"\",\"potentialAction\":[{\"@type\":\"SearchAction\",\"target\":{\"@type\":\"EntryPoint\",\"urlTemplate\":\"https:\/\/crazytime.com.pl\/?s={search_term_string}\"},\"query-input\":{\"@type\":\"PropertyValueSpecification\",\"valueRequired\":true,\"valueName\":\"search_term_string\"}}],\"inLanguage\":\"pt-PT\"}]}<\/script>\n<!-- \/ Yoast SEO plugin. -->","yoast_head_json":{"title":"\u041e\u0442\u0437\u044b\u0432\u044b \u0438\u0433\u0440\u043e\u043a\u043e\u0432 \u043e live \u0438\u0433\u0440\u0435 Crazy Time","description":"Avalia\u00e7\u00f5es, opini\u00f5es e feedback de jogadores reais sobre o jogo \u00fanico com dealer ao vivo Crazy Time. Opini\u00f5es honestas sobre Crazy Time.","robots":{"index":"index","follow":"follow","max-snippet":"max-snippet:-1","max-image-preview":"max-image-preview:large","max-video-preview":"max-video-preview:-1"},"canonical":"https:\/\/crazytime.com.pl\/pt\/reviews\/","og_locale":"pt_PT","og_type":"article","og_title":"\u041e\u0442\u0437\u044b\u0432\u044b \u0438\u0433\u0440\u043e\u043a\u043e\u0432 \u043e live \u0438\u0433\u0440\u0435 Crazy Time","og_description":"\u041e\u0431\u0437\u043e\u0440\u044b, \u043c\u043d\u0435\u043d\u0438\u044f \u0438 \u043e\u0442\u0437\u044b\u0432\u044b \u043d\u0430\u0441\u0442\u043e\u044f\u0449\u0438\u0445 \u0438\u0433\u0440\u043e\u043a\u043e\u0432 \u043e\u0431 \u0443\u043d\u0438\u043a\u0430\u043b\u044c\u043d\u043e\u0439 \u0438\u0433\u0440\u0435 \u0441 \u0436\u0438\u0432\u044b\u043c \u0434\u0438\u043b\u0435\u0440\u043e\u043c Crazy Time. \u0427\u0435\u0441\u0442\u043d\u043e\u0435 \u043c\u043d\u0435\u043d\u0438\u0435 \u043e Crazy Time","og_url":"https:\/\/crazytime.com.pl\/pt\/reviews\/","og_site_name":"Crazy Time","article_modified_time":"2024-01-17T01:09:09+00:00","twitter_card":"summary_large_image","twitter_misc":{"Tempo estimado de leitura":"32 minutos"},"schema":{"@context":"https:\/\/schema.org","@graph":[{"@type":"WebPage","@id":"https:\/\/crazytime.com.pl\/reviews\/","url":"https:\/\/crazytime.com.pl\/reviews\/","name":"\u041e\u0442\u0437\u044b\u0432\u044b \u0438\u0433\u0440\u043e\u043a\u043e\u0432 \u043e live \u0438\u0433\u0440\u0435 Crazy Time","isPartOf":{"@id":"https:\/\/crazytime.com.pl\/#website"},"datePublished":"2024-01-08T18:52:45+00:00","dateModified":"2024-01-17T01:09:09+00:00","description":"\u041e\u0431\u0437\u043e\u0440\u044b, \u043c\u043d\u0435\u043d\u0438\u044f \u0438 \u043e\u0442\u0437\u044b\u0432\u044b \u043d\u0430\u0441\u0442\u043e\u044f\u0449\u0438\u0445 \u0438\u0433\u0440\u043e\u043a\u043e\u0432 \u043e\u0431 \u0443\u043d\u0438\u043a\u0430\u043b\u044c\u043d\u043e\u0439 \u0438\u0433\u0440\u0435 \u0441 \u0436\u0438\u0432\u044b\u043c \u0434\u0438\u043b\u0435\u0440\u043e\u043c Crazy Time. \u0427\u0435\u0441\u0442\u043d\u043e\u0435 \u043c\u043d\u0435\u043d\u0438\u0435 \u043e Crazy Time","breadcrumb":{"@id":"https:\/\/crazytime.com.pl\/reviews\/#breadcrumb"},"inLanguage":"pt-PT","potentialAction":[{"@type":"ReadAction","target":["https:\/\/crazytime.com.pl\/reviews\/"]}]},{"@type":"BreadcrumbList","@id":"https:\/\/crazytime.com.pl\/reviews\/#breadcrumb","itemListElement":[{"@type":"ListItem","position":1,"name":"Home","item":"https:\/\/crazytime.com.pl\/"},{"@type":"ListItem","position":2,"name":"\u041e\u0442\u0437\u044b\u0432\u044b"}]},{"@type":"WebSite","@id":"https:\/\/crazytime.com.pl\/#website","url":"https:\/\/crazytime.com.pl\/","name":"Crazy Time","description":"","potentialAction":[{"@type":"SearchAction","target":{"@type":"EntryPoint","urlTemplate":"https:\/\/crazytime.com.pl\/?s={search_term_string}"},"query-input":{"@type":"PropertyValueSpecification","valueRequired":true,"valueName":"search_term_string"}}],"inLanguage":"pt-PT"}]}},"_links":{"self":[{"href":"https:\/\/crazytime.com.pl\/pt\/wp-json\/wp\/v2\/pages\/10","targetHints":{"allow":["GET"]}}],"collection":[{"href":"https:\/\/crazytime.com.pl\/pt\/wp-json\/wp\/v2\/pages"}],"about":[{"href":"https:\/\/crazytime.com.pl\/pt\/wp-json\/wp\/v2\/types\/page"}],"author":[{"embeddable":true,"href":"https:\/\/crazytime.com.pl\/pt\/wp-json\/wp\/v2\/users\/1"}],"replies":[{"embeddable":true,"href":"https:\/\/crazytime.com.pl\/pt\/wp-json\/wp\/v2\/comments?post=10"}],"version-history":[{"count":24,"href":"https:\/\/crazytime.com.pl\/pt\/wp-json\/wp\/v2\/pages\/10\/revisions"}],"predecessor-version":[{"id":193,"href":"https:\/\/crazytime.com.pl\/pt\/wp-json\/wp\/v2\/pages\/10\/revisions\/193"}],"wp:attachment":[{"href":"https:\/\/crazytime.com.pl\/pt\/wp-json\/wp\/v2\/media?parent=10"}],"curies":[{"name":"wp","href":"https:\/\/api.w.org\/{rel}","templated":true}]}}