{"id":8,"date":"2024-01-08T18:51:30","date_gmt":"2024-01-08T18:51:30","guid":{"rendered":"https:\/\/crazytime.com.pl\/?page_id=8"},"modified":"2024-01-17T00:58:32","modified_gmt":"2024-01-17T00:58:32","slug":"bonus-features-of-the-crazy-time-game","status":"publish","type":"page","link":"https:\/\/crazytime.com.pl\/pl\/bonus-features-of-the-crazy-time-game\/","title":{"rendered":"Funkcje bonusowe gry Crazy Time"},"content":{"rendered":"<p>Jednym z istotnych atut\u00f3w gry Crazy Time jest obecno\u015b\u0107 bonus\u00f3w w postaci czterech r\u00f3\u017cnych gier oraz dodatkowej funkcji Top Slot z mno\u017cnikami zak\u0142ad\u00f3w. Ka\u017cda runda bonusowa przynosi graczom r\u00f3\u017cnorodne nagrody pieni\u0119\u017cne.<\/p>\n<h2>Coin Flip<\/h2>\n<p>Prowadz\u0105cy gr\u0119 w prawdziwym studio z ko\u0142em pieni\u0119\u017cnym rzuca prawdziw\u0105 monet\u0105 za pomoc\u0105 specjalnej maszyny. Moneta ma b\u0142\u0119kitn\u0105 i czerwon\u0105 stron\u0119. Ka\u017cda strona ko\u0144czy si\u0119 wygran\u0105. Przed rzutem monet\u0105 mno\u017cniki dla czerwonej i niebieskiej strony s\u0105 losowo okre\u015blane.<\/p>\n<h2>Cash Hunt<\/h2>\n<p>Po aktywacji tej opcji pojawia si\u0119 ogromny ekran z losowymi mno\u017cnikami, kt\u00f3rych jest \u0142\u0105cznie 108. Wszystkie mno\u017cniki s\u0105 zakryte losowo wybranymi symbolami. Po rozpocz\u0119ciu rundy symbole tasuj\u0105 si\u0119. Gracz musi wybra\u0107 obraz, pod kt\u00f3rym kryje si\u0119 jak najwy\u017cszy mno\u017cnik zak\u0142ad\u00f3w.<\/p>\n<h2>Pachinko<\/h2>\n<p>To bardzo interesuj\u0105ca runda z dobrymi nagrodami. Przed graczem pojawia si\u0119 ogromna \u015bciana z przeszkodami i kr\u0105\u017ckiem. Celem jest doprowadzenie kr\u0105\u017cka do pokonania przeszk\u00f3d i wyl\u0105dowania w kom\u00f3rce z mno\u017cnikiem zak\u0142adu lub podwojeniem mno\u017cnika, co daje graczom dodatkowe szanse na wygran\u0105.<\/p>\n<h2>Crazy Time<\/h2>\n<p>Ten poziom bonusowy to najbardziej ekscytuj\u0105cy moment gry. Gracz przenika do nowej wirtualnej lokalizacji przez tajemnicze czerwone drzwi. Tutaj znajduje si\u0119 du\u017ce ko\u0142o pieni\u0119\u017cne z niebieskimi, zielonymi i \u017c\u00f3\u0142tymi strza\u0142kami startowymi. Mo\u017cna wygra\u0107 mno\u017cniki zak\u0142ad\u00f3w, wskazane przez strza\u0142k\u0119. Istnieje szansa na podwojenie lub potrojenie nagrody. Maksymalna wygrana to a\u017c x20000 zak\u0142ad\u00f3w.<\/p>\n<h2>Top Slot<\/h2>\n<p>Ta funkcja slotu daje graczom dodatkowe korzy\u015bci z wygranych. W g\u00f3rnej cz\u0119\u015bci ekranu znajduje si\u0119 pomocnicze pole ze slotem. Je\u015bli graczowi uda si\u0119 uzyska\u0107 nagrod\u0119 numerycznego zak\u0142adu, do niej dodatkowo stosowany jest mno\u017cnik Top Slot, zwi\u0119kszaj\u0105cy wielko\u015b\u0107 wyp\u0142aty.<\/p>\n<p>Zak\u0142ady w grze Crazy Time s\u0105 interesuj\u0105ce, anga\u017cuj\u0105ce i op\u0142acalne. Zasady s\u0105 do\u015b\u0107 proste, a wygrane s\u0105 znaczne. Szeroki zakres zak\u0142ad\u00f3w pozwala graczom z r\u00f3\u017cnymi kapita\u0142ami do\u0142\u0105czy\u0107 do rund. Gracz mo\u017ce postawi\u0107 zak\u0142ad na jeden sektor ko\u0142a lub na wszystkie razem. Przeznaczono na to 15 sekund. Nast\u0119pnie prowadz\u0105cy obraca b\u0119bnem, rozpoczynaj\u0105c ekscytuj\u0105c\u0105 gr\u0119.<\/p>\n<p>Slot Crazy Time stanowi unikalne po\u0142\u0105czenie kilku rozrywek w jednym modelu gry. Ogromne wsp\u00f3\u0142czynniki wyp\u0142at i niesamowite mo\u017cliwo\u015bci zdobycia nagr\u00f3d sprawi\u0142y, \u017ce slot sta\u0142 si\u0119 bardzo popularny w\u015br\u00f3d odwiedzaj\u0105cych wirtualne kasyna.<\/p>\n","protected":false},"excerpt":{"rendered":"<p>Jednym z istotnych atut\u00f3w gry Crazy Time jest obecno\u015b\u0107 bonus\u00f3w w postaci czterech r\u00f3\u017cnych gier oraz dodatkowej funkcji Top Slot z mno\u017cnikami zak\u0142ad\u00f3w. Ka\u017cda runda bonusowa przynosi graczom r\u00f3\u017cnorodne nagrody pieni\u0119\u017cne. Coin Flip Prowadz\u0105cy gr\u0119 w prawdziwym studio z ko\u0142em pieni\u0119\u017cnym rzuca prawdziw\u0105 monet\u0105 za pomoc\u0105 specjalnej maszyny. Moneta ma &hellip;<\/p>\n","protected":false},"author":1,"featured_media":0,"parent":0,"menu_order":0,"comment_status":"closed","ping_status":"closed","template":"","meta":{"footnotes":""},"class_list":["post-8","page","type-page","status-publish","hentry"],"yoast_head":"<!-- This site is optimized with the Yoast SEO plugin v27.2 - https:\/\/yoast.com\/product\/yoast-seo-wordpress\/ -->\n<title>\u0411\u043e\u043d\u0443\u0441\u0438 \u0432 \u0436\u0438\u0432\u0430\u0442\u0430 \u0438\u0433\u0440\u0430 Crazy Time<\/title>\n<meta name=\"description\" content=\"Coin Flip, Cash Hunt, Pachinko, Crazy Time i inne bonusy w ekscytuj\u0105cej grze Crazy Time. Darmowe bonusy w grze Crazy Time - jak je zdoby\u0107 i wygra\u0107.\" \/>\n<meta name=\"robots\" content=\"index, follow, max-snippet:-1, max-image-preview:large, max-video-preview:-1\" \/>\n<link rel=\"canonical\" href=\"https:\/\/crazytime.com.pl\/pl\/bonus-features-of-the-crazy-time-game\/\" \/>\n<meta property=\"og:locale\" content=\"pl_PL\" \/>\n<meta property=\"og:locale:alternate\" content=\"ru_RU\" \/>\n<meta property=\"og:locale:alternate\" content=\"en_US\" \/>\n<meta property=\"og:locale:alternate\" content=\"pt_PT\" \/>\n<meta property=\"og:locale:alternate\" content=\"es_ES\" \/>\n<meta property=\"og:locale:alternate\" content=\"fr_FR\" \/>\n<meta property=\"og:locale:alternate\" content=\"de_DE\" \/>\n<meta property=\"og:locale:alternate\" content=\"tr_TR\" \/>\n<meta property=\"og:locale:alternate\" content=\"it_IT\" \/>\n<meta property=\"og:locale:alternate\" content=\"uk\" \/>\n<meta property=\"og:locale:alternate\" content=\"sr_RS\" \/>\n<meta property=\"og:locale:alternate\" content=\"bg_BG\" \/>\n<meta property=\"og:type\" content=\"article\" \/>\n<meta property=\"og:title\" content=\"\u0411\u043e\u043d\u0443\u0441\u0438 \u0432 \u0436\u0438\u0432\u0430\u0442\u0430 \u0438\u0433\u0440\u0430 Crazy Time\" \/>\n<meta property=\"og:description\" content=\"Coin Flip, Cash Hunt, Pachinko, Crazy Time \u0438 \u0434\u0440\u0443\u0433\u0438 \u0431\u043e\u043d\u0443\u0441\u0438 \u0432 \u0443\u0432\u043b\u0435\u043a\u0430\u0442\u0435\u043b\u043d\u0430\u0442\u0430 \u0438\u0433\u0440\u0430 Crazy Time. \u0421\u0432\u043e\u0431\u043e\u0434\u043d\u0438 \u0431\u043e\u043d\u0443\u0441\u0438 \u0432 \u0438\u0433\u0440\u0430\u0442\u0430 Crazy Time - \u043a\u0430\u043a \u0434\u0430 \u0433\u0438 \u043f\u043e\u043b\u0443\u0447\u0438\u0442\u0435 \u0438 \u0441\u043f\u0435\u0447\u0435\u043b\u0438\u0442\u0435\" \/>\n<meta property=\"og:url\" content=\"https:\/\/crazytime.com.pl\/pl\/bonus-features-of-the-crazy-time-game\/\" \/>\n<meta property=\"og:site_name\" content=\"Crazy Time\" \/>\n<meta property=\"article:modified_time\" content=\"2024-01-17T00:58:32+00:00\" \/>\n<meta name=\"twitter:card\" content=\"summary_large_image\" \/>\n<meta name=\"twitter:label1\" content=\"Szacowany czas czytania\" \/>\n\t<meta name=\"twitter:data1\" content=\"18 minut\" \/>\n<script type=\"application\/ld+json\" class=\"yoast-schema-graph\">{\"@context\":\"https:\/\/schema.org\",\"@graph\":[{\"@type\":\"WebPage\",\"@id\":\"https:\/\/crazytime.com.pl\/bg\/bonus-features-of-the-crazy-time-game\/\",\"url\":\"https:\/\/crazytime.com.pl\/bg\/bonus-features-of-the-crazy-time-game\/\",\"name\":\"\u0411\u043e\u043d\u0443\u0441\u0438 \u0432 \u0436\u0438\u0432\u0430\u0442\u0430 \u0438\u0433\u0440\u0430 Crazy Time\",\"isPartOf\":{\"@id\":\"https:\/\/crazytime.com.pl\/#website\"},\"datePublished\":\"2024-01-08T18:51:30+00:00\",\"dateModified\":\"2024-01-17T00:58:32+00:00\",\"description\":\"Coin Flip, Cash Hunt, Pachinko, Crazy Time \u0438 \u0434\u0440\u0443\u0433\u0438 \u0431\u043e\u043d\u0443\u0441\u0438 \u0432 \u0443\u0432\u043b\u0435\u043a\u0430\u0442\u0435\u043b\u043d\u0430\u0442\u0430 \u0438\u0433\u0440\u0430 Crazy Time. \u0421\u0432\u043e\u0431\u043e\u0434\u043d\u0438 \u0431\u043e\u043d\u0443\u0441\u0438 \u0432 \u0438\u0433\u0440\u0430\u0442\u0430 Crazy Time - \u043a\u0430\u043a \u0434\u0430 \u0433\u0438 \u043f\u043e\u043b\u0443\u0447\u0438\u0442\u0435 \u0438 \u0441\u043f\u0435\u0447\u0435\u043b\u0438\u0442\u0435\",\"breadcrumb\":{\"@id\":\"https:\/\/crazytime.com.pl\/bg\/bonus-features-of-the-crazy-time-game\/#breadcrumb\"},\"inLanguage\":\"pl-PL\",\"potentialAction\":[{\"@type\":\"ReadAction\",\"target\":[\"https:\/\/crazytime.com.pl\/bg\/bonus-features-of-the-crazy-time-game\/\"]}]},{\"@type\":\"BreadcrumbList\",\"@id\":\"https:\/\/crazytime.com.pl\/bg\/bonus-features-of-the-crazy-time-game\/#breadcrumb\",\"itemListElement\":[{\"@type\":\"ListItem\",\"position\":1,\"name\":\"Home\",\"item\":\"https:\/\/crazytime.com.pl\/\"},{\"@type\":\"ListItem\",\"position\":2,\"name\":\"\u0411\u043e\u043d\u0443\u0441 \u0444\u0443\u043d\u043a\u0446\u0438\u0438 \u043d\u0430 \u0438\u0433\u0440\u0430\u0442\u0430 Crazy Time\"}]},{\"@type\":\"WebSite\",\"@id\":\"https:\/\/crazytime.com.pl\/#website\",\"url\":\"https:\/\/crazytime.com.pl\/\",\"name\":\"Crazy Time\",\"description\":\"\",\"potentialAction\":[{\"@type\":\"SearchAction\",\"target\":{\"@type\":\"EntryPoint\",\"urlTemplate\":\"https:\/\/crazytime.com.pl\/?s={search_term_string}\"},\"query-input\":{\"@type\":\"PropertyValueSpecification\",\"valueRequired\":true,\"valueName\":\"search_term_string\"}}],\"inLanguage\":\"pl-PL\"}]}<\/script>\n<!-- \/ Yoast SEO plugin. -->","yoast_head_json":{"title":"\u0411\u043e\u043d\u0443\u0441\u0438 \u0432 \u0436\u0438\u0432\u0430\u0442\u0430 \u0438\u0433\u0440\u0430 Crazy Time","description":"Coin Flip, Cash Hunt, Pachinko, Crazy Time i inne bonusy w ekscytuj\u0105cej grze Crazy Time. Darmowe bonusy w grze Crazy Time - jak je zdoby\u0107 i wygra\u0107.","robots":{"index":"index","follow":"follow","max-snippet":"max-snippet:-1","max-image-preview":"max-image-preview:large","max-video-preview":"max-video-preview:-1"},"canonical":"https:\/\/crazytime.com.pl\/pl\/bonus-features-of-the-crazy-time-game\/","og_locale":"pl_PL","og_type":"article","og_title":"\u0411\u043e\u043d\u0443\u0441\u0438 \u0432 \u0436\u0438\u0432\u0430\u0442\u0430 \u0438\u0433\u0440\u0430 Crazy Time","og_description":"Coin Flip, Cash Hunt, Pachinko, Crazy Time \u0438 \u0434\u0440\u0443\u0433\u0438 \u0431\u043e\u043d\u0443\u0441\u0438 \u0432 \u0443\u0432\u043b\u0435\u043a\u0430\u0442\u0435\u043b\u043d\u0430\u0442\u0430 \u0438\u0433\u0440\u0430 Crazy Time. \u0421\u0432\u043e\u0431\u043e\u0434\u043d\u0438 \u0431\u043e\u043d\u0443\u0441\u0438 \u0432 \u0438\u0433\u0440\u0430\u0442\u0430 Crazy Time - \u043a\u0430\u043a \u0434\u0430 \u0433\u0438 \u043f\u043e\u043b\u0443\u0447\u0438\u0442\u0435 \u0438 \u0441\u043f\u0435\u0447\u0435\u043b\u0438\u0442\u0435","og_url":"https:\/\/crazytime.com.pl\/pl\/bonus-features-of-the-crazy-time-game\/","og_site_name":"Crazy Time","article_modified_time":"2024-01-17T00:58:32+00:00","twitter_card":"summary_large_image","twitter_misc":{"Szacowany czas czytania":"18 minut"},"schema":{"@context":"https:\/\/schema.org","@graph":[{"@type":"WebPage","@id":"https:\/\/crazytime.com.pl\/bg\/bonus-features-of-the-crazy-time-game\/","url":"https:\/\/crazytime.com.pl\/bg\/bonus-features-of-the-crazy-time-game\/","name":"\u0411\u043e\u043d\u0443\u0441\u0438 \u0432 \u0436\u0438\u0432\u0430\u0442\u0430 \u0438\u0433\u0440\u0430 Crazy Time","isPartOf":{"@id":"https:\/\/crazytime.com.pl\/#website"},"datePublished":"2024-01-08T18:51:30+00:00","dateModified":"2024-01-17T00:58:32+00:00","description":"Coin Flip, Cash Hunt, Pachinko, Crazy Time \u0438 \u0434\u0440\u0443\u0433\u0438 \u0431\u043e\u043d\u0443\u0441\u0438 \u0432 \u0443\u0432\u043b\u0435\u043a\u0430\u0442\u0435\u043b\u043d\u0430\u0442\u0430 \u0438\u0433\u0440\u0430 Crazy Time. \u0421\u0432\u043e\u0431\u043e\u0434\u043d\u0438 \u0431\u043e\u043d\u0443\u0441\u0438 \u0432 \u0438\u0433\u0440\u0430\u0442\u0430 Crazy Time - \u043a\u0430\u043a \u0434\u0430 \u0433\u0438 \u043f\u043e\u043b\u0443\u0447\u0438\u0442\u0435 \u0438 \u0441\u043f\u0435\u0447\u0435\u043b\u0438\u0442\u0435","breadcrumb":{"@id":"https:\/\/crazytime.com.pl\/bg\/bonus-features-of-the-crazy-time-game\/#breadcrumb"},"inLanguage":"pl-PL","potentialAction":[{"@type":"ReadAction","target":["https:\/\/crazytime.com.pl\/bg\/bonus-features-of-the-crazy-time-game\/"]}]},{"@type":"BreadcrumbList","@id":"https:\/\/crazytime.com.pl\/bg\/bonus-features-of-the-crazy-time-game\/#breadcrumb","itemListElement":[{"@type":"ListItem","position":1,"name":"Home","item":"https:\/\/crazytime.com.pl\/"},{"@type":"ListItem","position":2,"name":"\u0411\u043e\u043d\u0443\u0441 \u0444\u0443\u043d\u043a\u0446\u0438\u0438 \u043d\u0430 \u0438\u0433\u0440\u0430\u0442\u0430 Crazy Time"}]},{"@type":"WebSite","@id":"https:\/\/crazytime.com.pl\/#website","url":"https:\/\/crazytime.com.pl\/","name":"Crazy Time","description":"","potentialAction":[{"@type":"SearchAction","target":{"@type":"EntryPoint","urlTemplate":"https:\/\/crazytime.com.pl\/?s={search_term_string}"},"query-input":{"@type":"PropertyValueSpecification","valueRequired":true,"valueName":"search_term_string"}}],"inLanguage":"pl-PL"}]}},"_links":{"self":[{"href":"https:\/\/crazytime.com.pl\/pl\/wp-json\/wp\/v2\/pages\/8","targetHints":{"allow":["GET"]}}],"collection":[{"href":"https:\/\/crazytime.com.pl\/pl\/wp-json\/wp\/v2\/pages"}],"about":[{"href":"https:\/\/crazytime.com.pl\/pl\/wp-json\/wp\/v2\/types\/page"}],"author":[{"embeddable":true,"href":"https:\/\/crazytime.com.pl\/pl\/wp-json\/wp\/v2\/users\/1"}],"replies":[{"embeddable":true,"href":"https:\/\/crazytime.com.pl\/pl\/wp-json\/wp\/v2\/comments?post=8"}],"version-history":[{"count":25,"href":"https:\/\/crazytime.com.pl\/pl\/wp-json\/wp\/v2\/pages\/8\/revisions"}],"predecessor-version":[{"id":183,"href":"https:\/\/crazytime.com.pl\/pl\/wp-json\/wp\/v2\/pages\/8\/revisions\/183"}],"wp:attachment":[{"href":"https:\/\/crazytime.com.pl\/pl\/wp-json\/wp\/v2\/media?parent=8"}],"curies":[{"name":"wp","href":"https:\/\/api.w.org\/{rel}","templated":true}]}}