{"id":6,"date":"2024-01-08T18:50:22","date_gmt":"2024-01-08T18:50:22","guid":{"rendered":"https:\/\/crazytime.com.pl\/?page_id=6"},"modified":"2024-01-17T01:01:09","modified_gmt":"2024-01-17T01:01:09","slug":"crazy-time","status":"publish","type":"page","link":"https:\/\/crazytime.com.pl\/pl\/","title":{"rendered":"Zalety i Cechy Gry na \u017bywo Crazy Time"},"content":{"rendered":"<p>W linii automat\u00f3w do gier od znanej firmy Evolution Gaming szczeg\u00f3lne uznanie zas\u0142uguje gra Crazy Time. To gra z unikalnymi rundami bonusowymi, znacz\u0105cymi mno\u017cnikami i znacznymi wygranymi. Ekscytuj\u0105ca rozrywka odbywa si\u0119 w trybie czasu rzeczywistego. Istota gry opiera si\u0119 na zasadzie ko\u0142a pieni\u0119\u017cnego Dream Catcher, ale gra zawiera unikalne rundy bonusowe &#8211; Coin Flip, Cash Hunt, Pachinko i Crazy Time. To cztery dodatkowe mo\u017cliwo\u015bci zdobycia jackpota w kasynie online. Rundy odbywaj\u0105 si\u0119 przy udziale profesjonalnego krupiera, a slot mo\u017cna gra\u0107 tylko za prawdziw\u0105 walut\u0119; nie ma wersji demonstracyjnej.<\/p>\n<h2>Cechy i charakterystyka automatu do gry Crazy Time<\/h2>\n<p>Po uruchomieniu wideoautomatu Crazy Time przed graczem pojawia si\u0119 ogromny b\u0119ben pieni\u0119\u017cny podzielony na 54 sektory. Segmenty maj\u0105 numery 1, 2, 5 lub 10, a tak\u017ce symbole reprezentuj\u0105ce jedn\u0105 z czterech rund bonusowych. Numery i symbole maj\u0105 r\u00f3\u017cne warto\u015bci i s\u0105 nier\u00f3wnomiernie roz\u0142o\u017cone na kole gry.<\/p>\n<p>Ko\u0142o pieni\u0119\u017cne zawiera 21 sektor\u00f3w z wsp\u00f3\u0142czynnikiem x1, 13 segment\u00f3w z x2, 7 sektor\u00f3w z x5 i 4 segmenty z mno\u017cnikiem x10. Symbole bonusowe rund slot\u00f3w Coin Flip, Cash Hunt, Pachinko i Crazy Time zajmuj\u0105 odpowiednio 4, 2, 2 i 1 sektor na kole. Wygrana, gdy te kom\u00f3rki si\u0119 pojawi\u0105, si\u0119ga x5000, x10000, x10000 i x20000 zak\u0142ad\u00f3w, co jest do\u015b\u0107 hojn\u0105 nagrod\u0105 dla graczy. Jest ca\u0142kiem mo\u017cliwe trafi\u0107 do sektor\u00f3w nagr\u00f3d; szanse graczy wynosz\u0105 16% z 100% &#8211; co 6-7 obrot\u00f3w ko\u0142em pieni\u0119\u017cnym przynosi bonus. Prawdziwy krupier, czyli prowadz\u0105cy, kr\u0119ci b\u0119bnem w r\u00f3\u017cnych kierunkach w grze Crazy Time. G\u0142\u00f3wne cechy i parametry gry Crazy Time:<\/p>\n<ul>\n<li>Data wydania gry \u2013 2020 rok;<\/li>\n<li>Producent \u2013 Evolution Gaming;<\/li>\n<li>Typ gry \u2013 gra w czasie rzeczywistym;<\/li>\n<li>Teoretyczny procent zwrotu do gracza \u2013 95,5%;<\/li>\n<li>Maksymalna mo\u017cliwa wygrana \u2013 x25000 zak\u0142ad\u00f3w;<\/li>\n<li>Pole gry \u2013 54 sektory z numerami i symbolami;<\/li>\n<li>Cztery rundy bonusowe z r\u00f3\u017cnymi nagrodami;<\/li>\n<li>Wsparcie na PC i urz\u0105dzeniach mobilnych;<\/li>\n<li>Transmisje wideo na \u017cywo z rund gry;<\/li>\n<li>Zakres zak\u0142ad\u00f3w \u2013 od 0,1 do 100 euro (funt\u00f3w, dolar\u00f3w);<\/li>\n<li>Specjalna funkcja Top Slot z mno\u017cnikami zak\u0142ad\u00f3w.<\/li>\n<\/ul>\n<p>Ogromny, kolorowy b\u0119ben z jasnymi segmentami mo\u017ce nagrodzi\u0107 gracza znacznymi nagrodami pieni\u0119\u017cnymi. Atrakcyjno\u015b\u0107 rozgrywki dodaje przeprowadzanie rund w formie na \u017cywo z udzia\u0142em prawdziwego krupiera. Wideoautomat zawiera unikalne funkcje bonusowe, kt\u00f3re mog\u0105 znacz\u0105co zwi\u0119kszy\u0107 wygrane gracza. Slot mo\u017cna gra\u0107 w kasynach online z kategori\u0105 gier na \u017cywo i oprogramowaniem do automat\u00f3w tego dewelopera.<\/p>\n","protected":false},"excerpt":{"rendered":"<p>W linii automat\u00f3w do gier od znanej firmy Evolution Gaming szczeg\u00f3lne uznanie zas\u0142uguje gra Crazy Time. To gra z unikalnymi rundami bonusowymi, znacz\u0105cymi mno\u017cnikami i znacznymi wygranymi. Ekscytuj\u0105ca rozrywka odbywa si\u0119 w trybie czasu rzeczywistego. Istota gry opiera si\u0119 na zasadzie ko\u0142a pieni\u0119\u017cnego Dream Catcher, ale gra zawiera unikalne rundy &hellip;<\/p>\n","protected":false},"author":1,"featured_media":163,"parent":0,"menu_order":0,"comment_status":"closed","ping_status":"closed","template":"","meta":{"footnotes":""},"class_list":["post-6","page","type-page","status-publish","has-post-thumbnail","hentry"],"yoast_head":"<!-- This site is optimized with the Yoast SEO plugin v27.2 - https:\/\/yoast.com\/product\/yoast-seo-wordpress\/ -->\n<title>\u0418\u0433\u0440\u0430 \u043d\u0430 \u043e\u043d\u043b\u0430\u0439\u043d \u0438\u0433\u0440\u0430\u0442\u0430 Crazy Time \u0432 \u043e\u043d\u043b\u0430\u0439\u043d \u043a\u0430\u0437\u0438\u043d\u043e.<\/title>\n<meta name=\"description\" content=\"Granie na prawdziwe pieni\u0105dze w grze na \u017cywo Crazy Time w kasynie internetowym. Przewidzie\u0107 wynik, pobra\u0107 aplikacj\u0119 na iPhone&#039;a i Androida, zawiera\u0107 zak\u0142ady, gra na \u017cywo\" \/>\n<meta name=\"robots\" content=\"index, follow, max-snippet:-1, max-image-preview:large, max-video-preview:-1\" \/>\n<link rel=\"canonical\" href=\"https:\/\/crazytime.com.pl\/pl\/\" \/>\n<meta property=\"og:locale\" content=\"pl_PL\" \/>\n<meta property=\"og:locale:alternate\" content=\"ru_RU\" \/>\n<meta property=\"og:locale:alternate\" content=\"en_US\" \/>\n<meta property=\"og:locale:alternate\" content=\"pt_PT\" \/>\n<meta property=\"og:locale:alternate\" content=\"es_ES\" \/>\n<meta property=\"og:locale:alternate\" content=\"fr_FR\" \/>\n<meta property=\"og:locale:alternate\" content=\"de_DE\" \/>\n<meta property=\"og:locale:alternate\" content=\"tr_TR\" \/>\n<meta property=\"og:locale:alternate\" content=\"it_IT\" \/>\n<meta property=\"og:locale:alternate\" content=\"uk\" \/>\n<meta property=\"og:locale:alternate\" content=\"sr_RS\" \/>\n<meta property=\"og:locale:alternate\" content=\"bg_BG\" \/>\n<meta property=\"og:type\" content=\"article\" \/>\n<meta property=\"og:title\" content=\"\u0418\u0433\u0440\u0430 \u043d\u0430 \u043e\u043d\u043b\u0430\u0439\u043d \u0438\u0433\u0440\u0430\u0442\u0430 Crazy Time \u0432 \u043e\u043d\u043b\u0430\u0439\u043d \u043a\u0430\u0437\u0438\u043d\u043e.\" \/>\n<meta property=\"og:description\" content=\"\u0418\u0433\u0440\u0430 \u0437\u0430 \u0438\u0441\u0442\u0438\u043d\u0441\u043a\u0438 \u043f\u0430\u0440\u0438 \u0432 \u0436\u0438\u0432\u0430\u0442\u0430 \u0438\u0433\u0440\u0430 Crazy Time \u0432 \u043e\u043d\u043b\u0430\u0439\u043d \u043a\u0430\u0437\u0438\u043d\u043e. \u041f\u0440\u0435\u0434\u0432\u0438\u0436\u0434\u0430\u043d\u0435 \u043d\u0430 \u0440\u0435\u0437\u0443\u043b\u0442\u0430\u0442\u0430, \u0438\u0437\u0442\u0435\u0433\u043b\u044f\u043d\u0435 \u043d\u0430 \u043f\u0440\u0438\u043b\u043e\u0436\u0435\u043d\u0438\u0435\u0442\u043e \u0437\u0430 iPhone \u0438 Android, \u043f\u043e\u0441\u0442\u0430\u0432\u044f\u043d\u0435 \u043d\u0430 \u0437\u0430\u043b\u043e\u0437\u0438, \u0436\u0438\u0432\u0430 \u0438\u0433\u0440\u0430.\" \/>\n<meta property=\"og:url\" content=\"https:\/\/crazytime.com.pl\/pl\/\" \/>\n<meta property=\"og:site_name\" content=\"Crazy Time\" \/>\n<meta property=\"article:modified_time\" content=\"2024-01-17T01:01:09+00:00\" \/>\n<meta property=\"og:image\" content=\"https:\/\/crazytime.com.pl\/wp-content\/uploads\/crazy-time.webp\" \/>\n\t<meta property=\"og:image:width\" content=\"2354\" \/>\n\t<meta property=\"og:image:height\" content=\"981\" \/>\n\t<meta property=\"og:image:type\" content=\"image\/webp\" \/>\n<meta name=\"twitter:card\" content=\"summary_large_image\" \/>\n<meta name=\"twitter:label1\" content=\"Szacowany czas czytania\" \/>\n\t<meta name=\"twitter:data1\" content=\"19 minut\" \/>\n<script type=\"application\/ld+json\" class=\"yoast-schema-graph\">{\"@context\":\"https:\/\/schema.org\",\"@graph\":[{\"@type\":\"WebPage\",\"@id\":\"https:\/\/crazytime.com.pl\/\",\"url\":\"https:\/\/crazytime.com.pl\/\",\"name\":\"\u0418\u0433\u0440\u0430 \u043d\u0430 \u043e\u043d\u043b\u0430\u0439\u043d \u0438\u0433\u0440\u0430\u0442\u0430 Crazy Time \u0432 \u043e\u043d\u043b\u0430\u0439\u043d \u043a\u0430\u0437\u0438\u043d\u043e.\",\"isPartOf\":{\"@id\":\"https:\/\/crazytime.com.pl\/#website\"},\"primaryImageOfPage\":{\"@id\":\"https:\/\/crazytime.com.pl\/#primaryimage\"},\"image\":{\"@id\":\"https:\/\/crazytime.com.pl\/#primaryimage\"},\"thumbnailUrl\":\"https:\/\/crazytime.com.pl\/wp-content\/uploads\/crazy-time.webp\",\"datePublished\":\"2024-01-08T18:50:22+00:00\",\"dateModified\":\"2024-01-17T01:01:09+00:00\",\"description\":\"\u0418\u0433\u0440\u0430 \u0437\u0430 \u0438\u0441\u0442\u0438\u043d\u0441\u043a\u0438 \u043f\u0430\u0440\u0438 \u0432 \u0436\u0438\u0432\u0430\u0442\u0430 \u0438\u0433\u0440\u0430 Crazy Time \u0432 \u043e\u043d\u043b\u0430\u0439\u043d \u043a\u0430\u0437\u0438\u043d\u043e. \u041f\u0440\u0435\u0434\u0432\u0438\u0436\u0434\u0430\u043d\u0435 \u043d\u0430 \u0440\u0435\u0437\u0443\u043b\u0442\u0430\u0442\u0430, \u0438\u0437\u0442\u0435\u0433\u043b\u044f\u043d\u0435 \u043d\u0430 \u043f\u0440\u0438\u043b\u043e\u0436\u0435\u043d\u0438\u0435\u0442\u043e \u0437\u0430 iPhone \u0438 Android, \u043f\u043e\u0441\u0442\u0430\u0432\u044f\u043d\u0435 \u043d\u0430 \u0437\u0430\u043b\u043e\u0437\u0438, \u0436\u0438\u0432\u0430 \u0438\u0433\u0440\u0430.\",\"breadcrumb\":{\"@id\":\"https:\/\/crazytime.com.pl\/#breadcrumb\"},\"inLanguage\":\"pl-PL\",\"potentialAction\":[{\"@type\":\"ReadAction\",\"target\":[\"https:\/\/crazytime.com.pl\/\"]}]},{\"@type\":\"ImageObject\",\"inLanguage\":\"pl-PL\",\"@id\":\"https:\/\/crazytime.com.pl\/#primaryimage\",\"url\":\"https:\/\/crazytime.com.pl\/wp-content\/uploads\/crazy-time.webp\",\"contentUrl\":\"https:\/\/crazytime.com.pl\/wp-content\/uploads\/crazy-time.webp\",\"width\":2354,\"height\":981},{\"@type\":\"BreadcrumbList\",\"@id\":\"https:\/\/crazytime.com.pl\/#breadcrumb\",\"itemListElement\":[{\"@type\":\"ListItem\",\"position\":1,\"name\":\"Home\",\"item\":\"https:\/\/crazytime.com.pl\/\"},{\"@type\":\"ListItem\",\"position\":2,\"name\":\"\u041f\u0440\u0435\u0434\u0438\u043c\u0441\u0442\u0432\u0430 \u0438 \u0445\u0430\u0440\u0430\u043a\u0442\u0435\u0440\u0438\u0441\u0442\u0438\u043a\u0438 \u043d\u0430 \u0436\u0438\u0432\u0430\u0442\u0430 \u0438\u0433\u0440\u0430 Crazy Time\"}]},{\"@type\":\"WebSite\",\"@id\":\"https:\/\/crazytime.com.pl\/#website\",\"url\":\"https:\/\/crazytime.com.pl\/\",\"name\":\"Crazy Time\",\"description\":\"\",\"potentialAction\":[{\"@type\":\"SearchAction\",\"target\":{\"@type\":\"EntryPoint\",\"urlTemplate\":\"https:\/\/crazytime.com.pl\/?s={search_term_string}\"},\"query-input\":{\"@type\":\"PropertyValueSpecification\",\"valueRequired\":true,\"valueName\":\"search_term_string\"}}],\"inLanguage\":\"pl-PL\"}]}<\/script>\n<!-- \/ Yoast SEO plugin. -->","yoast_head_json":{"title":"\u0418\u0433\u0440\u0430 \u043d\u0430 \u043e\u043d\u043b\u0430\u0439\u043d \u0438\u0433\u0440\u0430\u0442\u0430 Crazy Time \u0432 \u043e\u043d\u043b\u0430\u0439\u043d \u043a\u0430\u0437\u0438\u043d\u043e.","description":"Granie na prawdziwe pieni\u0105dze w grze na \u017cywo Crazy Time w kasynie internetowym. Przewidzie\u0107 wynik, pobra\u0107 aplikacj\u0119 na iPhone'a i Androida, zawiera\u0107 zak\u0142ady, gra na \u017cywo","robots":{"index":"index","follow":"follow","max-snippet":"max-snippet:-1","max-image-preview":"max-image-preview:large","max-video-preview":"max-video-preview:-1"},"canonical":"https:\/\/crazytime.com.pl\/pl\/","og_locale":"pl_PL","og_type":"article","og_title":"\u0418\u0433\u0440\u0430 \u043d\u0430 \u043e\u043d\u043b\u0430\u0439\u043d \u0438\u0433\u0440\u0430\u0442\u0430 Crazy Time \u0432 \u043e\u043d\u043b\u0430\u0439\u043d \u043a\u0430\u0437\u0438\u043d\u043e.","og_description":"\u0418\u0433\u0440\u0430 \u0437\u0430 \u0438\u0441\u0442\u0438\u043d\u0441\u043a\u0438 \u043f\u0430\u0440\u0438 \u0432 \u0436\u0438\u0432\u0430\u0442\u0430 \u0438\u0433\u0440\u0430 Crazy Time \u0432 \u043e\u043d\u043b\u0430\u0439\u043d \u043a\u0430\u0437\u0438\u043d\u043e. \u041f\u0440\u0435\u0434\u0432\u0438\u0436\u0434\u0430\u043d\u0435 \u043d\u0430 \u0440\u0435\u0437\u0443\u043b\u0442\u0430\u0442\u0430, \u0438\u0437\u0442\u0435\u0433\u043b\u044f\u043d\u0435 \u043d\u0430 \u043f\u0440\u0438\u043b\u043e\u0436\u0435\u043d\u0438\u0435\u0442\u043e \u0437\u0430 iPhone \u0438 Android, \u043f\u043e\u0441\u0442\u0430\u0432\u044f\u043d\u0435 \u043d\u0430 \u0437\u0430\u043b\u043e\u0437\u0438, \u0436\u0438\u0432\u0430 \u0438\u0433\u0440\u0430.","og_url":"https:\/\/crazytime.com.pl\/pl\/","og_site_name":"Crazy Time","article_modified_time":"2024-01-17T01:01:09+00:00","og_image":[{"width":2354,"height":981,"url":"https:\/\/crazytime.com.pl\/wp-content\/uploads\/crazy-time.webp","type":"image\/webp"}],"twitter_card":"summary_large_image","twitter_misc":{"Szacowany czas czytania":"19 minut"},"schema":{"@context":"https:\/\/schema.org","@graph":[{"@type":"WebPage","@id":"https:\/\/crazytime.com.pl\/","url":"https:\/\/crazytime.com.pl\/","name":"\u0418\u0433\u0440\u0430 \u043d\u0430 \u043e\u043d\u043b\u0430\u0439\u043d \u0438\u0433\u0440\u0430\u0442\u0430 Crazy Time \u0432 \u043e\u043d\u043b\u0430\u0439\u043d \u043a\u0430\u0437\u0438\u043d\u043e.","isPartOf":{"@id":"https:\/\/crazytime.com.pl\/#website"},"primaryImageOfPage":{"@id":"https:\/\/crazytime.com.pl\/#primaryimage"},"image":{"@id":"https:\/\/crazytime.com.pl\/#primaryimage"},"thumbnailUrl":"https:\/\/crazytime.com.pl\/wp-content\/uploads\/crazy-time.webp","datePublished":"2024-01-08T18:50:22+00:00","dateModified":"2024-01-17T01:01:09+00:00","description":"\u0418\u0433\u0440\u0430 \u0437\u0430 \u0438\u0441\u0442\u0438\u043d\u0441\u043a\u0438 \u043f\u0430\u0440\u0438 \u0432 \u0436\u0438\u0432\u0430\u0442\u0430 \u0438\u0433\u0440\u0430 Crazy Time \u0432 \u043e\u043d\u043b\u0430\u0439\u043d \u043a\u0430\u0437\u0438\u043d\u043e. \u041f\u0440\u0435\u0434\u0432\u0438\u0436\u0434\u0430\u043d\u0435 \u043d\u0430 \u0440\u0435\u0437\u0443\u043b\u0442\u0430\u0442\u0430, \u0438\u0437\u0442\u0435\u0433\u043b\u044f\u043d\u0435 \u043d\u0430 \u043f\u0440\u0438\u043b\u043e\u0436\u0435\u043d\u0438\u0435\u0442\u043e \u0437\u0430 iPhone \u0438 Android, \u043f\u043e\u0441\u0442\u0430\u0432\u044f\u043d\u0435 \u043d\u0430 \u0437\u0430\u043b\u043e\u0437\u0438, \u0436\u0438\u0432\u0430 \u0438\u0433\u0440\u0430.","breadcrumb":{"@id":"https:\/\/crazytime.com.pl\/#breadcrumb"},"inLanguage":"pl-PL","potentialAction":[{"@type":"ReadAction","target":["https:\/\/crazytime.com.pl\/"]}]},{"@type":"ImageObject","inLanguage":"pl-PL","@id":"https:\/\/crazytime.com.pl\/#primaryimage","url":"https:\/\/crazytime.com.pl\/wp-content\/uploads\/crazy-time.webp","contentUrl":"https:\/\/crazytime.com.pl\/wp-content\/uploads\/crazy-time.webp","width":2354,"height":981},{"@type":"BreadcrumbList","@id":"https:\/\/crazytime.com.pl\/#breadcrumb","itemListElement":[{"@type":"ListItem","position":1,"name":"Home","item":"https:\/\/crazytime.com.pl\/"},{"@type":"ListItem","position":2,"name":"\u041f\u0440\u0435\u0434\u0438\u043c\u0441\u0442\u0432\u0430 \u0438 \u0445\u0430\u0440\u0430\u043a\u0442\u0435\u0440\u0438\u0441\u0442\u0438\u043a\u0438 \u043d\u0430 \u0436\u0438\u0432\u0430\u0442\u0430 \u0438\u0433\u0440\u0430 Crazy Time"}]},{"@type":"WebSite","@id":"https:\/\/crazytime.com.pl\/#website","url":"https:\/\/crazytime.com.pl\/","name":"Crazy Time","description":"","potentialAction":[{"@type":"SearchAction","target":{"@type":"EntryPoint","urlTemplate":"https:\/\/crazytime.com.pl\/?s={search_term_string}"},"query-input":{"@type":"PropertyValueSpecification","valueRequired":true,"valueName":"search_term_string"}}],"inLanguage":"pl-PL"}]}},"_links":{"self":[{"href":"https:\/\/crazytime.com.pl\/pl\/wp-json\/wp\/v2\/pages\/6","targetHints":{"allow":["GET"]}}],"collection":[{"href":"https:\/\/crazytime.com.pl\/pl\/wp-json\/wp\/v2\/pages"}],"about":[{"href":"https:\/\/crazytime.com.pl\/pl\/wp-json\/wp\/v2\/types\/page"}],"author":[{"embeddable":true,"href":"https:\/\/crazytime.com.pl\/pl\/wp-json\/wp\/v2\/users\/1"}],"replies":[{"embeddable":true,"href":"https:\/\/crazytime.com.pl\/pl\/wp-json\/wp\/v2\/comments?post=6"}],"version-history":[{"count":26,"href":"https:\/\/crazytime.com.pl\/pl\/wp-json\/wp\/v2\/pages\/6\/revisions"}],"predecessor-version":[{"id":185,"href":"https:\/\/crazytime.com.pl\/pl\/wp-json\/wp\/v2\/pages\/6\/revisions\/185"}],"wp:featuredmedia":[{"embeddable":true,"href":"https:\/\/crazytime.com.pl\/pl\/wp-json\/wp\/v2\/media\/163"}],"wp:attachment":[{"href":"https:\/\/crazytime.com.pl\/pl\/wp-json\/wp\/v2\/media?parent=6"}],"curies":[{"name":"wp","href":"https:\/\/api.w.org\/{rel}","templated":true}]}}