{"id":18,"date":"2024-01-08T18:56:27","date_gmt":"2024-01-08T18:56:27","guid":{"rendered":"https:\/\/crazytime.com.pl\/?page_id=18"},"modified":"2024-01-17T01:07:10","modified_gmt":"2024-01-17T01:07:10","slug":"about-us","status":"publish","type":"page","link":"https:\/\/crazytime.com.pl\/pl\/about-us\/","title":{"rendered":"O Nas"},"content":{"rendered":"<p>Witamy na naszej stronie po\u015bwi\u0119conej jednej z najbardziej innowacyjnych i ekscytuj\u0105cych gier w \u015bwiecie kasyn online &#8211; Crazy Time od Evolution Gaming. Nasza strona jest specjalnie zaprojektowana dla fan\u00f3w tej pasjonuj\u0105cej gry, gdzie ka\u017cdy mo\u017ce znale\u017a\u0107 przydatne informacje, porady i przewodniki, aby maksymalnie cieszy\u0107 si\u0119 gr\u0105 i efektywnie j\u0105 prze\u017cywa\u0107.<\/p>\n<h2><strong>Nasza Misja<\/strong><\/h2>\n<p>Naszym celem jest dostarczanie naszym odwiedzaj\u0105cym najbardziej aktualnych i szczeg\u00f3\u0142owych informacji na temat Crazy Time. Naszym celem jest pomoc zar\u00f3wno pocz\u0105tkuj\u0105cym, jak i do\u015bwiadczonym graczom w lepszym zrozumieniu mechaniki gry, strategii obstawiania i mo\u017cliwo\u015bci wygrywania. Wierzymy, \u017ce dok\u0142adne informacje i g\u0142\u0119bokie zrozumienie gry zwi\u0119kszaj\u0105 przyjemno\u015b\u0107 z procesu grania i mog\u0105 znacz\u0105co zwi\u0119kszy\u0107 szanse na sukces.<\/p>\n<h2><strong>Co Oferujemy<\/strong><\/h2>\n<p>Na naszej stronie znajdziesz:<\/p>\n<ul>\n<li><strong>Szczeg\u00f3\u0142owe Przewodniki i Strategie:<\/strong> Od podstaw gry po zaawansowane taktyki i strategie &#8211; obejmujemy wszystkie aspekty Crazy Time.<\/li>\n<li><strong>Porady Ekspert\u00f3w:<\/strong> Nasi eksperci regularnie udzielaj\u0105 profesjonalnych porad i zalece\u0144, kt\u00f3re pomog\u0105 Ci poprawi\u0107 swoj\u0105 gr\u0119.<\/li>\n<li><strong>Aktualno\u015bci i Aktualizacje:<\/strong> B\u0105d\u017a na bie\u017c\u0105co z najnowszymi wiadomo\u015bciami i aktualizacjami w \u015bwiecie Crazy Time, aby zawsze by\u0107 \u015bwiadomym najnowszych wydarze\u0144.<\/li>\n<\/ul>\n<p>Nasza strona to nie tylko \u017ar\u00f3d\u0142o informacji, ale tak\u017ce spo\u0142eczno\u015b\u0107 os\u00f3b o podobnych zainteresowaniach zjednoczonych mi\u0142o\u015bci\u0105 do gry Crazy Time. Cenimy ka\u017cdego odwiedzaj\u0105cego i staramy si\u0119 stworzy\u0107 przyjazn\u0105 i wspieraj\u0105c\u0105 atmosfer\u0119, w kt\u00f3rej ka\u017cdy mo\u017ce czu\u0107 si\u0119 komfortowo i bezpiecznie.<\/p>\n","protected":false},"excerpt":{"rendered":"<p>Witamy na naszej stronie po\u015bwi\u0119conej jednej z najbardziej innowacyjnych i ekscytuj\u0105cych gier w \u015bwiecie kasyn online &#8211; Crazy Time od Evolution Gaming. Nasza strona jest specjalnie zaprojektowana dla fan\u00f3w tej pasjonuj\u0105cej gry, gdzie ka\u017cdy mo\u017ce znale\u017a\u0107 przydatne informacje, porady i przewodniki, aby maksymalnie cieszy\u0107 si\u0119 gr\u0105 i efektywnie j\u0105 prze\u017cywa\u0107. &hellip;<\/p>\n","protected":false},"author":1,"featured_media":0,"parent":0,"menu_order":0,"comment_status":"closed","ping_status":"closed","template":"","meta":{"footnotes":""},"class_list":["post-18","page","type-page","status-publish","hentry"],"yoast_head":"<!-- This site is optimized with the Yoast SEO plugin v27.2 - https:\/\/yoast.com\/product\/yoast-seo-wordpress\/ -->\n<title>\u041e \u0441\u0430\u0439\u0442\u0435 \u0434\u043b\u044f \u0438\u0433\u0440\u044b Crazy Time<\/title>\n<meta name=\"description\" content=\"Nasza witryna jest po\u015bwi\u0119cona grze Crazy Time, gdzie udost\u0119pniamy strategie dotycz\u0105ce tego, jak gra\u0107 i wygrywa\u0107, opisy zasad, informacje o nowo\u015bciach i inne.\" \/>\n<meta name=\"robots\" content=\"index, follow, max-snippet:-1, max-image-preview:large, max-video-preview:-1\" \/>\n<link rel=\"canonical\" href=\"https:\/\/crazytime.com.pl\/pl\/about-us\/\" \/>\n<meta property=\"og:locale\" content=\"pl_PL\" \/>\n<meta property=\"og:locale:alternate\" content=\"ru_RU\" \/>\n<meta property=\"og:locale:alternate\" content=\"en_US\" \/>\n<meta property=\"og:locale:alternate\" content=\"pt_PT\" \/>\n<meta property=\"og:locale:alternate\" content=\"es_ES\" \/>\n<meta property=\"og:locale:alternate\" content=\"fr_FR\" \/>\n<meta property=\"og:locale:alternate\" content=\"de_DE\" \/>\n<meta property=\"og:locale:alternate\" content=\"tr_TR\" \/>\n<meta property=\"og:locale:alternate\" content=\"it_IT\" \/>\n<meta property=\"og:locale:alternate\" content=\"uk\" \/>\n<meta property=\"og:locale:alternate\" content=\"sr_RS\" \/>\n<meta property=\"og:locale:alternate\" content=\"bg_BG\" \/>\n<meta property=\"og:type\" content=\"article\" \/>\n<meta property=\"og:title\" content=\"\u041e \u0441\u0430\u0439\u0442\u0435 \u0434\u043b\u044f \u0438\u0433\u0440\u044b Crazy Time\" \/>\n<meta property=\"og:description\" content=\"\u041d\u0430\u0448 \u0441\u0430\u0439\u0442 \u043f\u043e\u0441\u0432\u044f\u0449\u0435\u043d \u0438\u0433\u0440\u0435 Crazy Time, \u0433\u0434\u0435 \u043c\u044b \u0434\u0430\u0435\u043c \u0441\u0442\u0440\u0430\u0442\u0435\u0433\u0438\u0438 \u043a\u0430\u043a \u0438\u0433\u0440\u0430\u0442\u044c \u0438 \u043f\u043e\u0431\u0435\u0436\u0434\u0430\u0442\u044c, \u043e\u043f\u0438\u0441\u0430\u043d\u0438\u044f \u043f\u0440\u0430\u0432\u0438\u043b, \u043d\u043e\u0432\u043e\u0441\u0442\u0438 \u0438 \u0434\u0440\u0443\u0433\u0443\u044e \u0438\u043d\u0444\u043e\u0440\u043c\u0430\u0446\u0438\u044e\" \/>\n<meta property=\"og:url\" content=\"https:\/\/crazytime.com.pl\/pl\/about-us\/\" \/>\n<meta property=\"og:site_name\" content=\"Crazy Time\" \/>\n<meta property=\"article:modified_time\" content=\"2024-01-17T01:07:10+00:00\" \/>\n<meta name=\"twitter:card\" content=\"summary_large_image\" \/>\n<meta name=\"twitter:label1\" content=\"Szacowany czas czytania\" \/>\n\t<meta name=\"twitter:data1\" content=\"11 minut\" \/>\n<script type=\"application\/ld+json\" class=\"yoast-schema-graph\">{\"@context\":\"https:\/\/schema.org\",\"@graph\":[{\"@type\":\"WebPage\",\"@id\":\"https:\/\/crazytime.com.pl\/about-us\/\",\"url\":\"https:\/\/crazytime.com.pl\/about-us\/\",\"name\":\"\u041e \u0441\u0430\u0439\u0442\u0435 \u0434\u043b\u044f \u0438\u0433\u0440\u044b Crazy Time\",\"isPartOf\":{\"@id\":\"https:\/\/crazytime.com.pl\/#website\"},\"datePublished\":\"2024-01-08T18:56:27+00:00\",\"dateModified\":\"2024-01-17T01:07:10+00:00\",\"description\":\"\u041d\u0430\u0448 \u0441\u0430\u0439\u0442 \u043f\u043e\u0441\u0432\u044f\u0449\u0435\u043d \u0438\u0433\u0440\u0435 Crazy Time, \u0433\u0434\u0435 \u043c\u044b \u0434\u0430\u0435\u043c \u0441\u0442\u0440\u0430\u0442\u0435\u0433\u0438\u0438 \u043a\u0430\u043a \u0438\u0433\u0440\u0430\u0442\u044c \u0438 \u043f\u043e\u0431\u0435\u0436\u0434\u0430\u0442\u044c, \u043e\u043f\u0438\u0441\u0430\u043d\u0438\u044f \u043f\u0440\u0430\u0432\u0438\u043b, \u043d\u043e\u0432\u043e\u0441\u0442\u0438 \u0438 \u0434\u0440\u0443\u0433\u0443\u044e \u0438\u043d\u0444\u043e\u0440\u043c\u0430\u0446\u0438\u044e\",\"breadcrumb\":{\"@id\":\"https:\/\/crazytime.com.pl\/about-us\/#breadcrumb\"},\"inLanguage\":\"pl-PL\",\"potentialAction\":[{\"@type\":\"ReadAction\",\"target\":[\"https:\/\/crazytime.com.pl\/about-us\/\"]}]},{\"@type\":\"BreadcrumbList\",\"@id\":\"https:\/\/crazytime.com.pl\/about-us\/#breadcrumb\",\"itemListElement\":[{\"@type\":\"ListItem\",\"position\":1,\"name\":\"Home\",\"item\":\"https:\/\/crazytime.com.pl\/\"},{\"@type\":\"ListItem\",\"position\":2,\"name\":\"\u041e \u043d\u0430\u0441\"}]},{\"@type\":\"WebSite\",\"@id\":\"https:\/\/crazytime.com.pl\/#website\",\"url\":\"https:\/\/crazytime.com.pl\/\",\"name\":\"Crazy Time\",\"description\":\"\",\"potentialAction\":[{\"@type\":\"SearchAction\",\"target\":{\"@type\":\"EntryPoint\",\"urlTemplate\":\"https:\/\/crazytime.com.pl\/?s={search_term_string}\"},\"query-input\":{\"@type\":\"PropertyValueSpecification\",\"valueRequired\":true,\"valueName\":\"search_term_string\"}}],\"inLanguage\":\"pl-PL\"}]}<\/script>\n<!-- \/ Yoast SEO plugin. -->","yoast_head_json":{"title":"\u041e \u0441\u0430\u0439\u0442\u0435 \u0434\u043b\u044f \u0438\u0433\u0440\u044b Crazy Time","description":"Nasza witryna jest po\u015bwi\u0119cona grze Crazy Time, gdzie udost\u0119pniamy strategie dotycz\u0105ce tego, jak gra\u0107 i wygrywa\u0107, opisy zasad, informacje o nowo\u015bciach i inne.","robots":{"index":"index","follow":"follow","max-snippet":"max-snippet:-1","max-image-preview":"max-image-preview:large","max-video-preview":"max-video-preview:-1"},"canonical":"https:\/\/crazytime.com.pl\/pl\/about-us\/","og_locale":"pl_PL","og_type":"article","og_title":"\u041e \u0441\u0430\u0439\u0442\u0435 \u0434\u043b\u044f \u0438\u0433\u0440\u044b Crazy Time","og_description":"\u041d\u0430\u0448 \u0441\u0430\u0439\u0442 \u043f\u043e\u0441\u0432\u044f\u0449\u0435\u043d \u0438\u0433\u0440\u0435 Crazy Time, \u0433\u0434\u0435 \u043c\u044b \u0434\u0430\u0435\u043c \u0441\u0442\u0440\u0430\u0442\u0435\u0433\u0438\u0438 \u043a\u0430\u043a \u0438\u0433\u0440\u0430\u0442\u044c \u0438 \u043f\u043e\u0431\u0435\u0436\u0434\u0430\u0442\u044c, \u043e\u043f\u0438\u0441\u0430\u043d\u0438\u044f \u043f\u0440\u0430\u0432\u0438\u043b, \u043d\u043e\u0432\u043e\u0441\u0442\u0438 \u0438 \u0434\u0440\u0443\u0433\u0443\u044e \u0438\u043d\u0444\u043e\u0440\u043c\u0430\u0446\u0438\u044e","og_url":"https:\/\/crazytime.com.pl\/pl\/about-us\/","og_site_name":"Crazy Time","article_modified_time":"2024-01-17T01:07:10+00:00","twitter_card":"summary_large_image","twitter_misc":{"Szacowany czas czytania":"11 minut"},"schema":{"@context":"https:\/\/schema.org","@graph":[{"@type":"WebPage","@id":"https:\/\/crazytime.com.pl\/about-us\/","url":"https:\/\/crazytime.com.pl\/about-us\/","name":"\u041e \u0441\u0430\u0439\u0442\u0435 \u0434\u043b\u044f \u0438\u0433\u0440\u044b Crazy Time","isPartOf":{"@id":"https:\/\/crazytime.com.pl\/#website"},"datePublished":"2024-01-08T18:56:27+00:00","dateModified":"2024-01-17T01:07:10+00:00","description":"\u041d\u0430\u0448 \u0441\u0430\u0439\u0442 \u043f\u043e\u0441\u0432\u044f\u0449\u0435\u043d \u0438\u0433\u0440\u0435 Crazy Time, \u0433\u0434\u0435 \u043c\u044b \u0434\u0430\u0435\u043c \u0441\u0442\u0440\u0430\u0442\u0435\u0433\u0438\u0438 \u043a\u0430\u043a \u0438\u0433\u0440\u0430\u0442\u044c \u0438 \u043f\u043e\u0431\u0435\u0436\u0434\u0430\u0442\u044c, \u043e\u043f\u0438\u0441\u0430\u043d\u0438\u044f \u043f\u0440\u0430\u0432\u0438\u043b, \u043d\u043e\u0432\u043e\u0441\u0442\u0438 \u0438 \u0434\u0440\u0443\u0433\u0443\u044e \u0438\u043d\u0444\u043e\u0440\u043c\u0430\u0446\u0438\u044e","breadcrumb":{"@id":"https:\/\/crazytime.com.pl\/about-us\/#breadcrumb"},"inLanguage":"pl-PL","potentialAction":[{"@type":"ReadAction","target":["https:\/\/crazytime.com.pl\/about-us\/"]}]},{"@type":"BreadcrumbList","@id":"https:\/\/crazytime.com.pl\/about-us\/#breadcrumb","itemListElement":[{"@type":"ListItem","position":1,"name":"Home","item":"https:\/\/crazytime.com.pl\/"},{"@type":"ListItem","position":2,"name":"\u041e \u043d\u0430\u0441"}]},{"@type":"WebSite","@id":"https:\/\/crazytime.com.pl\/#website","url":"https:\/\/crazytime.com.pl\/","name":"Crazy Time","description":"","potentialAction":[{"@type":"SearchAction","target":{"@type":"EntryPoint","urlTemplate":"https:\/\/crazytime.com.pl\/?s={search_term_string}"},"query-input":{"@type":"PropertyValueSpecification","valueRequired":true,"valueName":"search_term_string"}}],"inLanguage":"pl-PL"}]}},"_links":{"self":[{"href":"https:\/\/crazytime.com.pl\/pl\/wp-json\/wp\/v2\/pages\/18","targetHints":{"allow":["GET"]}}],"collection":[{"href":"https:\/\/crazytime.com.pl\/pl\/wp-json\/wp\/v2\/pages"}],"about":[{"href":"https:\/\/crazytime.com.pl\/pl\/wp-json\/wp\/v2\/types\/page"}],"author":[{"embeddable":true,"href":"https:\/\/crazytime.com.pl\/pl\/wp-json\/wp\/v2\/users\/1"}],"replies":[{"embeddable":true,"href":"https:\/\/crazytime.com.pl\/pl\/wp-json\/wp\/v2\/comments?post=18"}],"version-history":[{"count":26,"href":"https:\/\/crazytime.com.pl\/pl\/wp-json\/wp\/v2\/pages\/18\/revisions"}],"predecessor-version":[{"id":191,"href":"https:\/\/crazytime.com.pl\/pl\/wp-json\/wp\/v2\/pages\/18\/revisions\/191"}],"wp:attachment":[{"href":"https:\/\/crazytime.com.pl\/pl\/wp-json\/wp\/v2\/media?parent=18"}],"curies":[{"name":"wp","href":"https:\/\/api.w.org\/{rel}","templated":true}]}}