{"id":10,"date":"2024-01-08T18:52:45","date_gmt":"2024-01-08T18:52:45","guid":{"rendered":"https:\/\/crazytime.com.pl\/?page_id=10"},"modified":"2024-01-17T01:09:09","modified_gmt":"2024-01-17T01:09:09","slug":"reviews","status":"publish","type":"page","link":"https:\/\/crazytime.com.pl\/pl\/reviews\/","title":{"rendered":"Recenzje"},"content":{"rendered":"<p>Miliony graczy na ca\u0142ym \u015bwiecie graj\u0105 w gr\u0119 na \u017cywo Crazy Time i ciesz\u0105 si\u0119 do\u015bwiadczeniem. Nie znajdziesz kraju na \u015bwiecie, gdzie nie ma graczy Crazy Time. I istniej\u0105 powody tej popularno\u015bci. W\u015br\u00f3d nich jest uczucie, jakby\u015b by\u0142 w prawdziwym kasynie online, poniewa\u017c gr\u0119 prowadzi prawdziwy krupier. Innymi s\u0142owy, mo\u017cesz wygodnie usi\u0105\u015b\u0107 w swoim krze\u015ble i cieszy\u0107 si\u0119 gr\u0105. Zebrali\u015bmy opinie prawdziwych graczy, dostarczaj\u0105c przegl\u0105du gry Crazy Time.<\/p>\n<p>Gra online Crazy Time to wir emocji! Program na \u017cywo z prawdziwym gospodarzem i r\u00f3\u017cnymi grami bonusowymi nie pozostawia nikogo oboj\u0119tnym. To najlepsze zaj\u0119cie dla mi\u0142o\u015bnik\u00f3w hazardu. To jakby\u015b by\u0142 w kasynie w Las Vegas lub Makau. Bardzo mi si\u0119 podoba\u0142o.<\/p>\n<p>Maksym, 22 lata<\/p>\n<p>Pr\u00f3bowa\u0142em wielu gier w kasynach online, ale Crazy Time sta\u0142a si\u0119 moj\u0105 ulubion\u0105. Jasna grafika, ruchliwi gospodarze i mo\u017cliwo\u015b\u0107 du\u017cych wygranych \u2013 po prostu niesamowite! Troch\u0119 czasu zajmuje zrozumienie gier bonusowych. Jest ich kilka, i s\u0105 r\u00f3\u017cne, ale to nie jest skomplikowane.<\/p>\n<p>Aleksander, 24 lata<\/p>\n<p>Crazy Time jest wyj\u0105tkowa ze wzgl\u0119du na swoje rundy bonusowe. Za ka\u017cdym razem, gdy wygrywasz dost\u0119p do jednej z nich, czujesz niesamowit\u0105 hoss\u0119 adrenaliny. I to znacznie zwi\u0119ksza szanse na du\u017c\u0105 wygran\u0105. Tego rodzaju wygrana, gdy wychodzisz z dziewczyn\u0105, i mo\u017cesz kupi\u0107 jej wszystko, czego chce.<\/p>\n<p>Mark, 27 lat<\/p>\n<p>Ta gra doskonale \u0142\u0105czy w sobie ekscytacj\u0119 show i mo\u017cliwo\u015bci kasyna. Gospodarze sprawiaj\u0105, \u017ce proces staje si\u0119 jeszcze bardziej ekscytuj\u0105cy. Prawdziwa rozrywka dla graczy w ka\u017cdym wieku.<\/p>\n<p>Maria, 22 lata<\/p>\n<p>Crazy Time to wi\u0119cej ni\u017c tylko gra hazardowa. Pe\u0142na niespodzianek i nieoczekiwanych zwrot\u00f3w, sprawia, \u017ce ka\u017cda sesja gry jest wyj\u0105tkowa i niezapomniana. To ca\u0142e show, gdzie mo\u017cesz cieszy\u0107 si\u0119 ka\u017cdym momentem. Nie rozumiem, dlaczego ludzie id\u0105 do kina lub sp\u0119dzaj\u0105 czas w inny spos\u00f3b, skoro mo\u017cna uruchomi\u0107 Crazy Time, a zabawa jest gwarantowana.<\/p>\n<p>Alina, 22 lata<\/p>\n<p>Kocham chwile z grami bonusowymi w Crazy Time. Dodaj\u0105 one grze specjalny charakter i oferuj\u0105 szanse na du\u017ce wygrane. Sp\u0119dzam czas na grze w t\u0119 gr\u0119! I nikt nie mo\u017ce mnie przekona\u0107, \u017ce hazard jest z\u0142y, bo je\u015bli o hazard chodzi, to tylko Crazy Time.<\/p>\n<p>Aleksander, 23 lata<\/p>\n<p>Crazy Time to doskona\u0142y wyb\u00f3r dla tych, kt\u00f3rzy chc\u0105 nie tylko do\u015bwiadczy\u0107 gry, ale ca\u0142e show. Gospodarze, muzyka, interakcja \u2013 wszystko na najwy\u017cszym poziomie! To jakby\u015b odwiedzi\u0142 prawdziwe kasyno.<\/p>\n<p>Nick, 20 lat<\/p>\n<p>Ta gra mnie oczarowa\u0142a od pierwszego spojrzenia. Jasna, energetyczna i zawsze pe\u0142na niespodzianek \u2013 tak sobie wyobra\u017cam doskona\u0142e kasyno online. Kiedy\u015b my\u015bla\u0142em, \u017ce gry crash to kolejny etap rozwoju, ale teraz widz\u0119, \u017ce gry na \u017cywo, takie jak Crazy Time, to kolejny poziom.<\/p>\n<p>Bruno, 26 lat<\/p>\n<p>W Crazy Time ka\u017cda runda to nowa przygoda. Lubi\u0119, \u017ce jest tu tyle r\u00f3\u017cnych element\u00f3w: od kr\u0119cenia ko\u0142em po bonusowe mini-gry. Wydaje si\u0119, \u017ce jest du\u017co r\u00f3\u017cnorodno\u015bci i element\u00f3w w grze, ale nie gubisz si\u0119.<\/p>\n<p>Ignacy, 27 lat<\/p>\n<p>Graj\u0105c w Crazy Time, czuj\u0119 si\u0119 jak cz\u0119\u015b\u0107 du\u017cego i weso\u0142ego show. To nie tylko o hazardzie, ale tak\u017ce doskona\u0142y spos\u00f3b na relaks po ci\u0119\u017ckim dniu. Nie potrafi\u0119 sobie wyobrazi\u0107 mojego \u017cycia bez Crazy Time.<\/p>\n<p>Natalia, 28 lat<\/p>\n<p>\u015awietna gra dla tych, kt\u00f3rzy kochaj\u0105 kasyna na \u017cywo z elementami interakcji. Crazy Time ci\u0105gle zaskakuje r\u00f3\u017cnorodno\u015bci\u0105 rund i mo\u017cliwo\u015bciami. To gra, w kt\u00f3rej zawsze b\u0119dziesz odkrywa\u0107 co\u015b nowego.<\/p>\n<p>Andrzej, 21 lat<\/p>\n<p>Crazy Time to wybuch emocji! Za ka\u017cdym razem odczuwasz podekscytowanie, gdy ko\u0142o zaczyna zwalnia\u0107, czekaj\u0105c, na kt\u00f3rym segmencie si\u0119 zatrzyma. Bardzo mi si\u0119 podoba.<\/p>\n<p>Wanesa, 20 lat<\/p>\n<p>Kocham t\u0119 gr\u0119 za jej dynamik\u0119 i r\u00f3\u017cnorodno\u015b\u0107. W Crazy Time zawsze co\u015b si\u0119 dzieje, i to utrzymuje ca\u0142y proces gry w emocjach.<\/p>\n<p>Aleks, 34 lata<\/p>\n<p>Ta gra to doskona\u0142y spos\u00f3b na przetestowanie swojego szcz\u0119\u015bcia w pe\u0142nym \u017cyciu i ekscytuj\u0105cej atmosferze. Crazy Time to nie tylko kasyno; to ca\u0142e show! Gra jest znana, i wielu moich przyjaci\u00f3\u0142 w ni\u0105 gra. Nikt z moich przyjaci\u00f3\u0142 nie \u017ca\u0142uje, \u017ce gra w Crazy Time.<\/p>\n<p>Daniel, 23 lata<\/p>\n<p>Crazy Time przeros\u0142a wszystkie moje oczekiwania co do gry na \u017cywo. Ekscytuj\u0105ce rundy bonusowe, ruchliwi gospodarze i niesamowita atmosfera \u2013 to dok\u0142adnie to, czego potrzeba do udanego wieczoru. B\u0119d\u0119 kontynuowa\u0107 gr\u0119.<\/p>\n<p>Denis, 20 lat<\/p>\n","protected":false},"excerpt":{"rendered":"<p>Miliony graczy na ca\u0142ym \u015bwiecie graj\u0105 w gr\u0119 na \u017cywo Crazy Time i ciesz\u0105 si\u0119 do\u015bwiadczeniem. Nie znajdziesz kraju na \u015bwiecie, gdzie nie ma graczy Crazy Time. I istniej\u0105 powody tej popularno\u015bci. W\u015br\u00f3d nich jest uczucie, jakby\u015b by\u0142 w prawdziwym kasynie online, poniewa\u017c gr\u0119 prowadzi prawdziwy krupier. Innymi s\u0142owy, mo\u017cesz &hellip;<\/p>\n","protected":false},"author":1,"featured_media":0,"parent":0,"menu_order":0,"comment_status":"closed","ping_status":"closed","template":"","meta":{"footnotes":""},"class_list":["post-10","page","type-page","status-publish","hentry"],"yoast_head":"<!-- This site is optimized with the Yoast SEO plugin v27.2 - https:\/\/yoast.com\/product\/yoast-seo-wordpress\/ -->\n<title>\u041e\u0442\u0437\u044b\u0432\u044b \u0438\u0433\u0440\u043e\u043a\u043e\u0432 \u043e live \u0438\u0433\u0440\u0435 Crazy Time<\/title>\n<meta name=\"description\" content=\"Recenzje, opinie i opinie prawdziwych graczy na temat unikalnej gry z krupierem na \u017cywo Crazy Time. Szczere opinie na temat Crazy Time.\" \/>\n<meta name=\"robots\" content=\"index, follow, max-snippet:-1, max-image-preview:large, max-video-preview:-1\" \/>\n<link rel=\"canonical\" href=\"https:\/\/crazytime.com.pl\/pl\/reviews\/\" \/>\n<meta property=\"og:locale\" content=\"pl_PL\" \/>\n<meta property=\"og:locale:alternate\" content=\"ru_RU\" \/>\n<meta property=\"og:locale:alternate\" content=\"en_US\" \/>\n<meta property=\"og:locale:alternate\" content=\"pt_PT\" \/>\n<meta property=\"og:locale:alternate\" content=\"es_ES\" \/>\n<meta property=\"og:locale:alternate\" content=\"fr_FR\" \/>\n<meta property=\"og:locale:alternate\" content=\"de_DE\" \/>\n<meta property=\"og:locale:alternate\" content=\"tr_TR\" \/>\n<meta property=\"og:locale:alternate\" content=\"it_IT\" \/>\n<meta property=\"og:locale:alternate\" content=\"uk\" \/>\n<meta property=\"og:locale:alternate\" content=\"sr_RS\" \/>\n<meta property=\"og:locale:alternate\" content=\"bg_BG\" \/>\n<meta property=\"og:type\" content=\"article\" \/>\n<meta property=\"og:title\" content=\"\u041e\u0442\u0437\u044b\u0432\u044b \u0438\u0433\u0440\u043e\u043a\u043e\u0432 \u043e live \u0438\u0433\u0440\u0435 Crazy Time\" \/>\n<meta property=\"og:description\" content=\"\u041e\u0431\u0437\u043e\u0440\u044b, \u043c\u043d\u0435\u043d\u0438\u044f \u0438 \u043e\u0442\u0437\u044b\u0432\u044b \u043d\u0430\u0441\u0442\u043e\u044f\u0449\u0438\u0445 \u0438\u0433\u0440\u043e\u043a\u043e\u0432 \u043e\u0431 \u0443\u043d\u0438\u043a\u0430\u043b\u044c\u043d\u043e\u0439 \u0438\u0433\u0440\u0435 \u0441 \u0436\u0438\u0432\u044b\u043c \u0434\u0438\u043b\u0435\u0440\u043e\u043c Crazy Time. \u0427\u0435\u0441\u0442\u043d\u043e\u0435 \u043c\u043d\u0435\u043d\u0438\u0435 \u043e Crazy Time\" \/>\n<meta property=\"og:url\" content=\"https:\/\/crazytime.com.pl\/pl\/reviews\/\" \/>\n<meta property=\"og:site_name\" content=\"Crazy Time\" \/>\n<meta property=\"article:modified_time\" content=\"2024-01-17T01:09:09+00:00\" \/>\n<meta name=\"twitter:card\" content=\"summary_large_image\" \/>\n<meta name=\"twitter:label1\" content=\"Szacowany czas czytania\" \/>\n\t<meta name=\"twitter:data1\" content=\"32 minuty\" \/>\n<script type=\"application\/ld+json\" class=\"yoast-schema-graph\">{\"@context\":\"https:\/\/schema.org\",\"@graph\":[{\"@type\":\"WebPage\",\"@id\":\"https:\/\/crazytime.com.pl\/reviews\/\",\"url\":\"https:\/\/crazytime.com.pl\/reviews\/\",\"name\":\"\u041e\u0442\u0437\u044b\u0432\u044b \u0438\u0433\u0440\u043e\u043a\u043e\u0432 \u043e live \u0438\u0433\u0440\u0435 Crazy Time\",\"isPartOf\":{\"@id\":\"https:\/\/crazytime.com.pl\/#website\"},\"datePublished\":\"2024-01-08T18:52:45+00:00\",\"dateModified\":\"2024-01-17T01:09:09+00:00\",\"description\":\"\u041e\u0431\u0437\u043e\u0440\u044b, \u043c\u043d\u0435\u043d\u0438\u044f \u0438 \u043e\u0442\u0437\u044b\u0432\u044b \u043d\u0430\u0441\u0442\u043e\u044f\u0449\u0438\u0445 \u0438\u0433\u0440\u043e\u043a\u043e\u0432 \u043e\u0431 \u0443\u043d\u0438\u043a\u0430\u043b\u044c\u043d\u043e\u0439 \u0438\u0433\u0440\u0435 \u0441 \u0436\u0438\u0432\u044b\u043c \u0434\u0438\u043b\u0435\u0440\u043e\u043c Crazy Time. \u0427\u0435\u0441\u0442\u043d\u043e\u0435 \u043c\u043d\u0435\u043d\u0438\u0435 \u043e Crazy Time\",\"breadcrumb\":{\"@id\":\"https:\/\/crazytime.com.pl\/reviews\/#breadcrumb\"},\"inLanguage\":\"pl-PL\",\"potentialAction\":[{\"@type\":\"ReadAction\",\"target\":[\"https:\/\/crazytime.com.pl\/reviews\/\"]}]},{\"@type\":\"BreadcrumbList\",\"@id\":\"https:\/\/crazytime.com.pl\/reviews\/#breadcrumb\",\"itemListElement\":[{\"@type\":\"ListItem\",\"position\":1,\"name\":\"Home\",\"item\":\"https:\/\/crazytime.com.pl\/\"},{\"@type\":\"ListItem\",\"position\":2,\"name\":\"\u041e\u0442\u0437\u044b\u0432\u044b\"}]},{\"@type\":\"WebSite\",\"@id\":\"https:\/\/crazytime.com.pl\/#website\",\"url\":\"https:\/\/crazytime.com.pl\/\",\"name\":\"Crazy Time\",\"description\":\"\",\"potentialAction\":[{\"@type\":\"SearchAction\",\"target\":{\"@type\":\"EntryPoint\",\"urlTemplate\":\"https:\/\/crazytime.com.pl\/?s={search_term_string}\"},\"query-input\":{\"@type\":\"PropertyValueSpecification\",\"valueRequired\":true,\"valueName\":\"search_term_string\"}}],\"inLanguage\":\"pl-PL\"}]}<\/script>\n<!-- \/ Yoast SEO plugin. -->","yoast_head_json":{"title":"\u041e\u0442\u0437\u044b\u0432\u044b \u0438\u0433\u0440\u043e\u043a\u043e\u0432 \u043e live \u0438\u0433\u0440\u0435 Crazy Time","description":"Recenzje, opinie i opinie prawdziwych graczy na temat unikalnej gry z krupierem na \u017cywo Crazy Time. Szczere opinie na temat Crazy Time.","robots":{"index":"index","follow":"follow","max-snippet":"max-snippet:-1","max-image-preview":"max-image-preview:large","max-video-preview":"max-video-preview:-1"},"canonical":"https:\/\/crazytime.com.pl\/pl\/reviews\/","og_locale":"pl_PL","og_type":"article","og_title":"\u041e\u0442\u0437\u044b\u0432\u044b \u0438\u0433\u0440\u043e\u043a\u043e\u0432 \u043e live \u0438\u0433\u0440\u0435 Crazy Time","og_description":"\u041e\u0431\u0437\u043e\u0440\u044b, \u043c\u043d\u0435\u043d\u0438\u044f \u0438 \u043e\u0442\u0437\u044b\u0432\u044b \u043d\u0430\u0441\u0442\u043e\u044f\u0449\u0438\u0445 \u0438\u0433\u0440\u043e\u043a\u043e\u0432 \u043e\u0431 \u0443\u043d\u0438\u043a\u0430\u043b\u044c\u043d\u043e\u0439 \u0438\u0433\u0440\u0435 \u0441 \u0436\u0438\u0432\u044b\u043c \u0434\u0438\u043b\u0435\u0440\u043e\u043c Crazy Time. \u0427\u0435\u0441\u0442\u043d\u043e\u0435 \u043c\u043d\u0435\u043d\u0438\u0435 \u043e Crazy Time","og_url":"https:\/\/crazytime.com.pl\/pl\/reviews\/","og_site_name":"Crazy Time","article_modified_time":"2024-01-17T01:09:09+00:00","twitter_card":"summary_large_image","twitter_misc":{"Szacowany czas czytania":"32 minuty"},"schema":{"@context":"https:\/\/schema.org","@graph":[{"@type":"WebPage","@id":"https:\/\/crazytime.com.pl\/reviews\/","url":"https:\/\/crazytime.com.pl\/reviews\/","name":"\u041e\u0442\u0437\u044b\u0432\u044b \u0438\u0433\u0440\u043e\u043a\u043e\u0432 \u043e live \u0438\u0433\u0440\u0435 Crazy Time","isPartOf":{"@id":"https:\/\/crazytime.com.pl\/#website"},"datePublished":"2024-01-08T18:52:45+00:00","dateModified":"2024-01-17T01:09:09+00:00","description":"\u041e\u0431\u0437\u043e\u0440\u044b, \u043c\u043d\u0435\u043d\u0438\u044f \u0438 \u043e\u0442\u0437\u044b\u0432\u044b \u043d\u0430\u0441\u0442\u043e\u044f\u0449\u0438\u0445 \u0438\u0433\u0440\u043e\u043a\u043e\u0432 \u043e\u0431 \u0443\u043d\u0438\u043a\u0430\u043b\u044c\u043d\u043e\u0439 \u0438\u0433\u0440\u0435 \u0441 \u0436\u0438\u0432\u044b\u043c \u0434\u0438\u043b\u0435\u0440\u043e\u043c Crazy Time. \u0427\u0435\u0441\u0442\u043d\u043e\u0435 \u043c\u043d\u0435\u043d\u0438\u0435 \u043e Crazy Time","breadcrumb":{"@id":"https:\/\/crazytime.com.pl\/reviews\/#breadcrumb"},"inLanguage":"pl-PL","potentialAction":[{"@type":"ReadAction","target":["https:\/\/crazytime.com.pl\/reviews\/"]}]},{"@type":"BreadcrumbList","@id":"https:\/\/crazytime.com.pl\/reviews\/#breadcrumb","itemListElement":[{"@type":"ListItem","position":1,"name":"Home","item":"https:\/\/crazytime.com.pl\/"},{"@type":"ListItem","position":2,"name":"\u041e\u0442\u0437\u044b\u0432\u044b"}]},{"@type":"WebSite","@id":"https:\/\/crazytime.com.pl\/#website","url":"https:\/\/crazytime.com.pl\/","name":"Crazy Time","description":"","potentialAction":[{"@type":"SearchAction","target":{"@type":"EntryPoint","urlTemplate":"https:\/\/crazytime.com.pl\/?s={search_term_string}"},"query-input":{"@type":"PropertyValueSpecification","valueRequired":true,"valueName":"search_term_string"}}],"inLanguage":"pl-PL"}]}},"_links":{"self":[{"href":"https:\/\/crazytime.com.pl\/pl\/wp-json\/wp\/v2\/pages\/10","targetHints":{"allow":["GET"]}}],"collection":[{"href":"https:\/\/crazytime.com.pl\/pl\/wp-json\/wp\/v2\/pages"}],"about":[{"href":"https:\/\/crazytime.com.pl\/pl\/wp-json\/wp\/v2\/types\/page"}],"author":[{"embeddable":true,"href":"https:\/\/crazytime.com.pl\/pl\/wp-json\/wp\/v2\/users\/1"}],"replies":[{"embeddable":true,"href":"https:\/\/crazytime.com.pl\/pl\/wp-json\/wp\/v2\/comments?post=10"}],"version-history":[{"count":24,"href":"https:\/\/crazytime.com.pl\/pl\/wp-json\/wp\/v2\/pages\/10\/revisions"}],"predecessor-version":[{"id":193,"href":"https:\/\/crazytime.com.pl\/pl\/wp-json\/wp\/v2\/pages\/10\/revisions\/193"}],"wp:attachment":[{"href":"https:\/\/crazytime.com.pl\/pl\/wp-json\/wp\/v2\/media?parent=10"}],"curies":[{"name":"wp","href":"https:\/\/api.w.org\/{rel}","templated":true}]}}