{"id":8,"date":"2024-01-08T18:51:30","date_gmt":"2024-01-08T18:51:30","guid":{"rendered":"https:\/\/crazytime.com.pl\/?page_id=8"},"modified":"2024-01-17T00:58:32","modified_gmt":"2024-01-17T00:58:32","slug":"bonus-features-of-the-crazy-time-game","status":"publish","type":"page","link":"https:\/\/crazytime.com.pl\/it\/bonus-features-of-the-crazy-time-game\/","title":{"rendered":"Funzioni Bonus del Gioco Crazy Time"},"content":{"rendered":"<p>Un significativo vantaggio del gioco Crazy Time \u00e8 la presenza di bonus sotto forma di quattro giochi diversi e una funzione aggiuntiva Top Slot con moltiplicatori di puntate. Ogni round bonus porta ai giocatori varie ricompense monetarie.<\/p>\n<h2>Coin Flip<\/h2>\n<p>Il conduttore del gioco in uno studio reale con una ruota del denaro lancia una vera moneta usando una macchina speciale. La moneta ha lati blu e rossi. Ogni lato comporta una vincita. Prima del lancio della moneta, vengono determinati casualmente i moltiplicatori per i lati rosso e blu.<\/p>\n<h2>Cash Hunt<\/h2>\n<p>Attivando questa opzione, compare uno schermo enorme con moltiplicatori casuali, per un totale di 108. Tutti i moltiplicatori sono nascosti da simboli scelti casualmente. Dopo l&#8217;avvio del round, i simboli vengono mescolati. Il giocatore deve scegliere un&#8217;immagine sotto la quale si nasconde il moltiplicatore di puntata pi\u00f9 alto possibile.<\/p>\n<h2>Pachinko<\/h2>\n<p>Si tratta di un round molto interessante con buoni premi. Davanti al giocatore appare un&#8217;enorme parete con ostacoli e una pallina. L&#8217;obiettivo \u00e8 far s\u00ec che la pallina superi gli ostacoli a perno e atterri in una cella con un moltiplicatore di puntata o raddoppi il moltiplicatore, offrendo ai giocatori ulteriori possibilit\u00e0 di vincita.<\/p>\n<h2>Crazy Time<\/h2>\n<p>Questo livello bonus \u00e8 il momento pi\u00f9 emozionante del gioco. Il giocatore entra in una nuova posizione virtuale attraverso una misteriosa porta rossa. Qui c&#8217;\u00e8 una grande ruota del denaro con frecce di lancio blu, verde e gialla. Si possono vincere moltiplicatori per le puntate, indicati dalla freccia. C&#8217;\u00e8 la possibilit\u00e0 di raddoppiare o triplicare la ricompensa. Il premio massimo \u00e8 fino a x20000 puntate.<\/p>\n<h2>Top Slot<\/h2>\n<p>Questa funzione dello slot offre ai giocatori ulteriori vantaggi vincenti. Nella parte superiore dello schermo c&#8217;\u00e8 un campo ausiliario con uno slot. Se il giocatore riesce a ottenere una ricompensa numerica per la puntata, si applica un ulteriore moltiplicatore Top Slot, aumentando le dimensioni del pagamento.<\/p>\n<p>Le scommesse nel gioco Crazy Time sono interessanti, coinvolgenti e redditizie. Le regole sono piuttosto semplici e le vincite sono consistenti. Una vasta gamma di scommesse consente a giocatori con diversi bankroll di partecipare ai round. Un giocatore pu\u00f2 scommettere su un settore della ruota o su tutti insieme. Sono allocati 15 secondi per questo. Quindi, il conduttore fa girare il tamburo, avviando un gioco avvincente.<\/p>\n<p>Lo slot Crazy Time rappresenta una combinazione unica di diversi intrattenimenti in un&#8217;unica modalit\u00e0 di gioco. I grandi coefficienti di pagamento e le incredibili opportunit\u00e0 di vincita hanno reso lo slot molto popolare tra i visitatori dei casin\u00f2 virtuali.<\/p>\n","protected":false},"excerpt":{"rendered":"<p>Un significativo vantaggio del gioco Crazy Time \u00e8 la presenza di bonus sotto forma di quattro giochi diversi e una funzione aggiuntiva Top Slot con moltiplicatori di puntate. Ogni round bonus porta ai giocatori varie ricompense monetarie. Coin Flip Il conduttore del gioco in uno studio reale con una ruota &hellip;<\/p>\n","protected":false},"author":1,"featured_media":0,"parent":0,"menu_order":0,"comment_status":"closed","ping_status":"closed","template":"","meta":{"footnotes":""},"class_list":["post-8","page","type-page","status-publish","hentry"],"yoast_head":"<!-- This site is optimized with the Yoast SEO plugin v27.2 - https:\/\/yoast.com\/product\/yoast-seo-wordpress\/ -->\n<title>\u0411\u043e\u043d\u0443\u0441\u0438 \u0432 \u0436\u0438\u0432\u0430\u0442\u0430 \u0438\u0433\u0440\u0430 Crazy Time<\/title>\n<meta name=\"description\" content=\"Coin Flip, Cash Hunt, Pachinko, Crazy Time e altri bonus nell&#039;entusiasmante gioco Crazy Time. Bonus gratuiti nel gioco Crazy Time - come ottenerli e vincere.\" \/>\n<meta name=\"robots\" content=\"index, follow, max-snippet:-1, max-image-preview:large, max-video-preview:-1\" \/>\n<link rel=\"canonical\" href=\"https:\/\/crazytime.com.pl\/it\/bonus-features-of-the-crazy-time-game\/\" \/>\n<meta property=\"og:locale\" content=\"it_IT\" \/>\n<meta property=\"og:locale:alternate\" content=\"ru_RU\" \/>\n<meta property=\"og:locale:alternate\" content=\"en_US\" \/>\n<meta property=\"og:locale:alternate\" content=\"pt_PT\" \/>\n<meta property=\"og:locale:alternate\" content=\"es_ES\" \/>\n<meta property=\"og:locale:alternate\" content=\"fr_FR\" \/>\n<meta property=\"og:locale:alternate\" content=\"de_DE\" \/>\n<meta property=\"og:locale:alternate\" content=\"pl_PL\" \/>\n<meta property=\"og:locale:alternate\" content=\"tr_TR\" \/>\n<meta property=\"og:locale:alternate\" content=\"uk\" \/>\n<meta property=\"og:locale:alternate\" content=\"sr_RS\" \/>\n<meta property=\"og:locale:alternate\" content=\"bg_BG\" \/>\n<meta property=\"og:type\" content=\"article\" \/>\n<meta property=\"og:title\" content=\"\u0411\u043e\u043d\u0443\u0441\u0438 \u0432 \u0436\u0438\u0432\u0430\u0442\u0430 \u0438\u0433\u0440\u0430 Crazy Time\" \/>\n<meta property=\"og:description\" content=\"Coin Flip, Cash Hunt, Pachinko, Crazy Time \u0438 \u0434\u0440\u0443\u0433\u0438 \u0431\u043e\u043d\u0443\u0441\u0438 \u0432 \u0443\u0432\u043b\u0435\u043a\u0430\u0442\u0435\u043b\u043d\u0430\u0442\u0430 \u0438\u0433\u0440\u0430 Crazy Time. \u0421\u0432\u043e\u0431\u043e\u0434\u043d\u0438 \u0431\u043e\u043d\u0443\u0441\u0438 \u0432 \u0438\u0433\u0440\u0430\u0442\u0430 Crazy Time - \u043a\u0430\u043a \u0434\u0430 \u0433\u0438 \u043f\u043e\u043b\u0443\u0447\u0438\u0442\u0435 \u0438 \u0441\u043f\u0435\u0447\u0435\u043b\u0438\u0442\u0435\" \/>\n<meta property=\"og:url\" content=\"https:\/\/crazytime.com.pl\/it\/bonus-features-of-the-crazy-time-game\/\" \/>\n<meta property=\"og:site_name\" content=\"Crazy Time\" \/>\n<meta property=\"article:modified_time\" content=\"2024-01-17T00:58:32+00:00\" \/>\n<meta name=\"twitter:card\" content=\"summary_large_image\" \/>\n<meta name=\"twitter:label1\" content=\"Tempo di lettura stimato\" \/>\n\t<meta name=\"twitter:data1\" content=\"18 minuti\" \/>\n<script type=\"application\/ld+json\" class=\"yoast-schema-graph\">{\"@context\":\"https:\/\/schema.org\",\"@graph\":[{\"@type\":\"WebPage\",\"@id\":\"https:\/\/crazytime.com.pl\/bg\/bonus-features-of-the-crazy-time-game\/\",\"url\":\"https:\/\/crazytime.com.pl\/bg\/bonus-features-of-the-crazy-time-game\/\",\"name\":\"\u0411\u043e\u043d\u0443\u0441\u0438 \u0432 \u0436\u0438\u0432\u0430\u0442\u0430 \u0438\u0433\u0440\u0430 Crazy Time\",\"isPartOf\":{\"@id\":\"https:\/\/crazytime.com.pl\/#website\"},\"datePublished\":\"2024-01-08T18:51:30+00:00\",\"dateModified\":\"2024-01-17T00:58:32+00:00\",\"description\":\"Coin Flip, Cash Hunt, Pachinko, Crazy Time \u0438 \u0434\u0440\u0443\u0433\u0438 \u0431\u043e\u043d\u0443\u0441\u0438 \u0432 \u0443\u0432\u043b\u0435\u043a\u0430\u0442\u0435\u043b\u043d\u0430\u0442\u0430 \u0438\u0433\u0440\u0430 Crazy Time. \u0421\u0432\u043e\u0431\u043e\u0434\u043d\u0438 \u0431\u043e\u043d\u0443\u0441\u0438 \u0432 \u0438\u0433\u0440\u0430\u0442\u0430 Crazy Time - \u043a\u0430\u043a \u0434\u0430 \u0433\u0438 \u043f\u043e\u043b\u0443\u0447\u0438\u0442\u0435 \u0438 \u0441\u043f\u0435\u0447\u0435\u043b\u0438\u0442\u0435\",\"breadcrumb\":{\"@id\":\"https:\/\/crazytime.com.pl\/bg\/bonus-features-of-the-crazy-time-game\/#breadcrumb\"},\"inLanguage\":\"it-IT\",\"potentialAction\":[{\"@type\":\"ReadAction\",\"target\":[\"https:\/\/crazytime.com.pl\/bg\/bonus-features-of-the-crazy-time-game\/\"]}]},{\"@type\":\"BreadcrumbList\",\"@id\":\"https:\/\/crazytime.com.pl\/bg\/bonus-features-of-the-crazy-time-game\/#breadcrumb\",\"itemListElement\":[{\"@type\":\"ListItem\",\"position\":1,\"name\":\"Home\",\"item\":\"https:\/\/crazytime.com.pl\/\"},{\"@type\":\"ListItem\",\"position\":2,\"name\":\"\u0411\u043e\u043d\u0443\u0441 \u0444\u0443\u043d\u043a\u0446\u0438\u0438 \u043d\u0430 \u0438\u0433\u0440\u0430\u0442\u0430 Crazy Time\"}]},{\"@type\":\"WebSite\",\"@id\":\"https:\/\/crazytime.com.pl\/#website\",\"url\":\"https:\/\/crazytime.com.pl\/\",\"name\":\"Crazy Time\",\"description\":\"\",\"potentialAction\":[{\"@type\":\"SearchAction\",\"target\":{\"@type\":\"EntryPoint\",\"urlTemplate\":\"https:\/\/crazytime.com.pl\/?s={search_term_string}\"},\"query-input\":{\"@type\":\"PropertyValueSpecification\",\"valueRequired\":true,\"valueName\":\"search_term_string\"}}],\"inLanguage\":\"it-IT\"}]}<\/script>\n<!-- \/ Yoast SEO plugin. -->","yoast_head_json":{"title":"\u0411\u043e\u043d\u0443\u0441\u0438 \u0432 \u0436\u0438\u0432\u0430\u0442\u0430 \u0438\u0433\u0440\u0430 Crazy Time","description":"Coin Flip, Cash Hunt, Pachinko, Crazy Time e altri bonus nell'entusiasmante gioco Crazy Time. Bonus gratuiti nel gioco Crazy Time - come ottenerli e vincere.","robots":{"index":"index","follow":"follow","max-snippet":"max-snippet:-1","max-image-preview":"max-image-preview:large","max-video-preview":"max-video-preview:-1"},"canonical":"https:\/\/crazytime.com.pl\/it\/bonus-features-of-the-crazy-time-game\/","og_locale":"it_IT","og_type":"article","og_title":"\u0411\u043e\u043d\u0443\u0441\u0438 \u0432 \u0436\u0438\u0432\u0430\u0442\u0430 \u0438\u0433\u0440\u0430 Crazy Time","og_description":"Coin Flip, Cash Hunt, Pachinko, Crazy Time \u0438 \u0434\u0440\u0443\u0433\u0438 \u0431\u043e\u043d\u0443\u0441\u0438 \u0432 \u0443\u0432\u043b\u0435\u043a\u0430\u0442\u0435\u043b\u043d\u0430\u0442\u0430 \u0438\u0433\u0440\u0430 Crazy Time. \u0421\u0432\u043e\u0431\u043e\u0434\u043d\u0438 \u0431\u043e\u043d\u0443\u0441\u0438 \u0432 \u0438\u0433\u0440\u0430\u0442\u0430 Crazy Time - \u043a\u0430\u043a \u0434\u0430 \u0433\u0438 \u043f\u043e\u043b\u0443\u0447\u0438\u0442\u0435 \u0438 \u0441\u043f\u0435\u0447\u0435\u043b\u0438\u0442\u0435","og_url":"https:\/\/crazytime.com.pl\/it\/bonus-features-of-the-crazy-time-game\/","og_site_name":"Crazy Time","article_modified_time":"2024-01-17T00:58:32+00:00","twitter_card":"summary_large_image","twitter_misc":{"Tempo di lettura stimato":"18 minuti"},"schema":{"@context":"https:\/\/schema.org","@graph":[{"@type":"WebPage","@id":"https:\/\/crazytime.com.pl\/bg\/bonus-features-of-the-crazy-time-game\/","url":"https:\/\/crazytime.com.pl\/bg\/bonus-features-of-the-crazy-time-game\/","name":"\u0411\u043e\u043d\u0443\u0441\u0438 \u0432 \u0436\u0438\u0432\u0430\u0442\u0430 \u0438\u0433\u0440\u0430 Crazy Time","isPartOf":{"@id":"https:\/\/crazytime.com.pl\/#website"},"datePublished":"2024-01-08T18:51:30+00:00","dateModified":"2024-01-17T00:58:32+00:00","description":"Coin Flip, Cash Hunt, Pachinko, Crazy Time \u0438 \u0434\u0440\u0443\u0433\u0438 \u0431\u043e\u043d\u0443\u0441\u0438 \u0432 \u0443\u0432\u043b\u0435\u043a\u0430\u0442\u0435\u043b\u043d\u0430\u0442\u0430 \u0438\u0433\u0440\u0430 Crazy Time. \u0421\u0432\u043e\u0431\u043e\u0434\u043d\u0438 \u0431\u043e\u043d\u0443\u0441\u0438 \u0432 \u0438\u0433\u0440\u0430\u0442\u0430 Crazy Time - \u043a\u0430\u043a \u0434\u0430 \u0433\u0438 \u043f\u043e\u043b\u0443\u0447\u0438\u0442\u0435 \u0438 \u0441\u043f\u0435\u0447\u0435\u043b\u0438\u0442\u0435","breadcrumb":{"@id":"https:\/\/crazytime.com.pl\/bg\/bonus-features-of-the-crazy-time-game\/#breadcrumb"},"inLanguage":"it-IT","potentialAction":[{"@type":"ReadAction","target":["https:\/\/crazytime.com.pl\/bg\/bonus-features-of-the-crazy-time-game\/"]}]},{"@type":"BreadcrumbList","@id":"https:\/\/crazytime.com.pl\/bg\/bonus-features-of-the-crazy-time-game\/#breadcrumb","itemListElement":[{"@type":"ListItem","position":1,"name":"Home","item":"https:\/\/crazytime.com.pl\/"},{"@type":"ListItem","position":2,"name":"\u0411\u043e\u043d\u0443\u0441 \u0444\u0443\u043d\u043a\u0446\u0438\u0438 \u043d\u0430 \u0438\u0433\u0440\u0430\u0442\u0430 Crazy Time"}]},{"@type":"WebSite","@id":"https:\/\/crazytime.com.pl\/#website","url":"https:\/\/crazytime.com.pl\/","name":"Crazy Time","description":"","potentialAction":[{"@type":"SearchAction","target":{"@type":"EntryPoint","urlTemplate":"https:\/\/crazytime.com.pl\/?s={search_term_string}"},"query-input":{"@type":"PropertyValueSpecification","valueRequired":true,"valueName":"search_term_string"}}],"inLanguage":"it-IT"}]}},"_links":{"self":[{"href":"https:\/\/crazytime.com.pl\/it\/wp-json\/wp\/v2\/pages\/8","targetHints":{"allow":["GET"]}}],"collection":[{"href":"https:\/\/crazytime.com.pl\/it\/wp-json\/wp\/v2\/pages"}],"about":[{"href":"https:\/\/crazytime.com.pl\/it\/wp-json\/wp\/v2\/types\/page"}],"author":[{"embeddable":true,"href":"https:\/\/crazytime.com.pl\/it\/wp-json\/wp\/v2\/users\/1"}],"replies":[{"embeddable":true,"href":"https:\/\/crazytime.com.pl\/it\/wp-json\/wp\/v2\/comments?post=8"}],"version-history":[{"count":25,"href":"https:\/\/crazytime.com.pl\/it\/wp-json\/wp\/v2\/pages\/8\/revisions"}],"predecessor-version":[{"id":183,"href":"https:\/\/crazytime.com.pl\/it\/wp-json\/wp\/v2\/pages\/8\/revisions\/183"}],"wp:attachment":[{"href":"https:\/\/crazytime.com.pl\/it\/wp-json\/wp\/v2\/media?parent=8"}],"curies":[{"name":"wp","href":"https:\/\/api.w.org\/{rel}","templated":true}]}}