{"id":18,"date":"2024-01-08T18:56:27","date_gmt":"2024-01-08T18:56:27","guid":{"rendered":"https:\/\/crazytime.com.pl\/?page_id=18"},"modified":"2024-01-17T01:07:10","modified_gmt":"2024-01-17T01:07:10","slug":"about-us","status":"publish","type":"page","link":"https:\/\/crazytime.com.pl\/it\/about-us\/","title":{"rendered":"Chi Siamo"},"content":{"rendered":"<p>Benvenuti sul nostro sito dedicato a uno dei giochi pi\u00f9 innovativi ed emozionanti nel mondo dei casin\u00f2 online &#8211; Crazy Time di Evolution Gaming. Il nostro sito \u00e8 appositamente progettato per gli appassionati di questo emozionante gioco, dove ognuno pu\u00f2 trovare informazioni utili, consigli e guide per un&#8217;esperienza di gioco massimamente piacevole ed efficace.<\/p>\n<h2><strong>La nostra Missione<\/strong><\/h2>\n<p>Abbiamo l&#8217;obiettivo di fornire ai nostri visitatori le informazioni pi\u00f9 attuali e dettagliate su Crazy Time. Il nostro scopo \u00e8 aiutare sia i principianti che i giocatori esperti a comprendere meglio la meccanica di gioco, le strategie di scommessa e le possibilit\u00e0 di vincita. Crediamo che informazioni accurate e una profonda comprensione del gioco migliorino il piacere del processo di gioco e possano aumentare significativamente le vostre possibilit\u00e0 di successo.<\/p>\n<h2><strong>Cosa Offriamo<\/strong><\/h2>\n<p>Sul nostro sito troverete:<\/p>\n<ul>\n<li><strong>Guide dettagliate e Strategie:<\/strong> Dalle basi del gioco alle tattiche e strategie avanzate &#8211; copriamo tutti gli aspetti di Crazy Time.<\/li>\n<li><strong>Consigli degli Esperti:<\/strong> I nostri esperti forniscono regolarmente consigli professionali e raccomandazioni per aiutarti a migliorare il tuo gioco.<\/li>\n<li><strong>Notizie e Aggiornamenti:<\/strong> Rimanete sintonizzati per le ultime notizie e aggiornamenti nel mondo di Crazy Time per essere sempre al corrente degli ultimi eventi.<\/li>\n<\/ul>\n<p>Il nostro sito non \u00e8 solo una fonte di informazioni, ma anche una comunit\u00e0 di individui con interessi simili uniti dall&#8217;amore per il gioco Crazy Time. Valorizziamo ogni visitatore e cerchiamo di creare un&#8217;atmosfera amichevole e di supporto in cui ognuno possa sentirsi a suo agio e al sicuro.<\/p>\n","protected":false},"excerpt":{"rendered":"<p>Benvenuti sul nostro sito dedicato a uno dei giochi pi\u00f9 innovativi ed emozionanti nel mondo dei casin\u00f2 online &#8211; Crazy Time di Evolution Gaming. Il nostro sito \u00e8 appositamente progettato per gli appassionati di questo emozionante gioco, dove ognuno pu\u00f2 trovare informazioni utili, consigli e guide per un&#8217;esperienza di gioco &hellip;<\/p>\n","protected":false},"author":1,"featured_media":0,"parent":0,"menu_order":0,"comment_status":"closed","ping_status":"closed","template":"","meta":{"footnotes":""},"class_list":["post-18","page","type-page","status-publish","hentry"],"yoast_head":"<!-- This site is optimized with the Yoast SEO plugin v27.2 - https:\/\/yoast.com\/product\/yoast-seo-wordpress\/ -->\n<title>\u041e \u0441\u0430\u0439\u0442\u0435 \u0434\u043b\u044f \u0438\u0433\u0440\u044b Crazy Time<\/title>\n<meta name=\"description\" content=\"Il nostro sito \u00e8 dedicato al gioco Crazy Time, dove forniamo strategie su come giocare e vincere, descrizioni delle regole, notizie e altre informazioni.\" \/>\n<meta name=\"robots\" content=\"index, follow, max-snippet:-1, max-image-preview:large, max-video-preview:-1\" \/>\n<link rel=\"canonical\" href=\"https:\/\/crazytime.com.pl\/it\/about-us\/\" \/>\n<meta property=\"og:locale\" content=\"it_IT\" \/>\n<meta property=\"og:locale:alternate\" content=\"ru_RU\" \/>\n<meta property=\"og:locale:alternate\" content=\"en_US\" \/>\n<meta property=\"og:locale:alternate\" content=\"pt_PT\" \/>\n<meta property=\"og:locale:alternate\" content=\"es_ES\" \/>\n<meta property=\"og:locale:alternate\" content=\"fr_FR\" \/>\n<meta property=\"og:locale:alternate\" content=\"de_DE\" \/>\n<meta property=\"og:locale:alternate\" content=\"pl_PL\" \/>\n<meta property=\"og:locale:alternate\" content=\"tr_TR\" \/>\n<meta property=\"og:locale:alternate\" content=\"uk\" \/>\n<meta property=\"og:locale:alternate\" content=\"sr_RS\" \/>\n<meta property=\"og:locale:alternate\" content=\"bg_BG\" \/>\n<meta property=\"og:type\" content=\"article\" \/>\n<meta property=\"og:title\" content=\"\u041e \u0441\u0430\u0439\u0442\u0435 \u0434\u043b\u044f \u0438\u0433\u0440\u044b Crazy Time\" \/>\n<meta property=\"og:description\" content=\"\u041d\u0430\u0448 \u0441\u0430\u0439\u0442 \u043f\u043e\u0441\u0432\u044f\u0449\u0435\u043d \u0438\u0433\u0440\u0435 Crazy Time, \u0433\u0434\u0435 \u043c\u044b \u0434\u0430\u0435\u043c \u0441\u0442\u0440\u0430\u0442\u0435\u0433\u0438\u0438 \u043a\u0430\u043a \u0438\u0433\u0440\u0430\u0442\u044c \u0438 \u043f\u043e\u0431\u0435\u0436\u0434\u0430\u0442\u044c, \u043e\u043f\u0438\u0441\u0430\u043d\u0438\u044f \u043f\u0440\u0430\u0432\u0438\u043b, \u043d\u043e\u0432\u043e\u0441\u0442\u0438 \u0438 \u0434\u0440\u0443\u0433\u0443\u044e \u0438\u043d\u0444\u043e\u0440\u043c\u0430\u0446\u0438\u044e\" \/>\n<meta property=\"og:url\" content=\"https:\/\/crazytime.com.pl\/it\/about-us\/\" \/>\n<meta property=\"og:site_name\" content=\"Crazy Time\" \/>\n<meta property=\"article:modified_time\" content=\"2024-01-17T01:07:10+00:00\" \/>\n<meta name=\"twitter:card\" content=\"summary_large_image\" \/>\n<meta name=\"twitter:label1\" content=\"Tempo di lettura stimato\" \/>\n\t<meta name=\"twitter:data1\" content=\"11 minuti\" \/>\n<script type=\"application\/ld+json\" class=\"yoast-schema-graph\">{\"@context\":\"https:\/\/schema.org\",\"@graph\":[{\"@type\":\"WebPage\",\"@id\":\"https:\/\/crazytime.com.pl\/about-us\/\",\"url\":\"https:\/\/crazytime.com.pl\/about-us\/\",\"name\":\"\u041e \u0441\u0430\u0439\u0442\u0435 \u0434\u043b\u044f \u0438\u0433\u0440\u044b Crazy Time\",\"isPartOf\":{\"@id\":\"https:\/\/crazytime.com.pl\/#website\"},\"datePublished\":\"2024-01-08T18:56:27+00:00\",\"dateModified\":\"2024-01-17T01:07:10+00:00\",\"description\":\"\u041d\u0430\u0448 \u0441\u0430\u0439\u0442 \u043f\u043e\u0441\u0432\u044f\u0449\u0435\u043d \u0438\u0433\u0440\u0435 Crazy Time, \u0433\u0434\u0435 \u043c\u044b \u0434\u0430\u0435\u043c \u0441\u0442\u0440\u0430\u0442\u0435\u0433\u0438\u0438 \u043a\u0430\u043a \u0438\u0433\u0440\u0430\u0442\u044c \u0438 \u043f\u043e\u0431\u0435\u0436\u0434\u0430\u0442\u044c, \u043e\u043f\u0438\u0441\u0430\u043d\u0438\u044f \u043f\u0440\u0430\u0432\u0438\u043b, \u043d\u043e\u0432\u043e\u0441\u0442\u0438 \u0438 \u0434\u0440\u0443\u0433\u0443\u044e \u0438\u043d\u0444\u043e\u0440\u043c\u0430\u0446\u0438\u044e\",\"breadcrumb\":{\"@id\":\"https:\/\/crazytime.com.pl\/about-us\/#breadcrumb\"},\"inLanguage\":\"it-IT\",\"potentialAction\":[{\"@type\":\"ReadAction\",\"target\":[\"https:\/\/crazytime.com.pl\/about-us\/\"]}]},{\"@type\":\"BreadcrumbList\",\"@id\":\"https:\/\/crazytime.com.pl\/about-us\/#breadcrumb\",\"itemListElement\":[{\"@type\":\"ListItem\",\"position\":1,\"name\":\"Home\",\"item\":\"https:\/\/crazytime.com.pl\/\"},{\"@type\":\"ListItem\",\"position\":2,\"name\":\"\u041e \u043d\u0430\u0441\"}]},{\"@type\":\"WebSite\",\"@id\":\"https:\/\/crazytime.com.pl\/#website\",\"url\":\"https:\/\/crazytime.com.pl\/\",\"name\":\"Crazy Time\",\"description\":\"\",\"potentialAction\":[{\"@type\":\"SearchAction\",\"target\":{\"@type\":\"EntryPoint\",\"urlTemplate\":\"https:\/\/crazytime.com.pl\/?s={search_term_string}\"},\"query-input\":{\"@type\":\"PropertyValueSpecification\",\"valueRequired\":true,\"valueName\":\"search_term_string\"}}],\"inLanguage\":\"it-IT\"}]}<\/script>\n<!-- \/ Yoast SEO plugin. -->","yoast_head_json":{"title":"\u041e \u0441\u0430\u0439\u0442\u0435 \u0434\u043b\u044f \u0438\u0433\u0440\u044b Crazy Time","description":"Il nostro sito \u00e8 dedicato al gioco Crazy Time, dove forniamo strategie su come giocare e vincere, descrizioni delle regole, notizie e altre informazioni.","robots":{"index":"index","follow":"follow","max-snippet":"max-snippet:-1","max-image-preview":"max-image-preview:large","max-video-preview":"max-video-preview:-1"},"canonical":"https:\/\/crazytime.com.pl\/it\/about-us\/","og_locale":"it_IT","og_type":"article","og_title":"\u041e \u0441\u0430\u0439\u0442\u0435 \u0434\u043b\u044f \u0438\u0433\u0440\u044b Crazy Time","og_description":"\u041d\u0430\u0448 \u0441\u0430\u0439\u0442 \u043f\u043e\u0441\u0432\u044f\u0449\u0435\u043d \u0438\u0433\u0440\u0435 Crazy Time, \u0433\u0434\u0435 \u043c\u044b \u0434\u0430\u0435\u043c \u0441\u0442\u0440\u0430\u0442\u0435\u0433\u0438\u0438 \u043a\u0430\u043a \u0438\u0433\u0440\u0430\u0442\u044c \u0438 \u043f\u043e\u0431\u0435\u0436\u0434\u0430\u0442\u044c, \u043e\u043f\u0438\u0441\u0430\u043d\u0438\u044f \u043f\u0440\u0430\u0432\u0438\u043b, \u043d\u043e\u0432\u043e\u0441\u0442\u0438 \u0438 \u0434\u0440\u0443\u0433\u0443\u044e \u0438\u043d\u0444\u043e\u0440\u043c\u0430\u0446\u0438\u044e","og_url":"https:\/\/crazytime.com.pl\/it\/about-us\/","og_site_name":"Crazy Time","article_modified_time":"2024-01-17T01:07:10+00:00","twitter_card":"summary_large_image","twitter_misc":{"Tempo di lettura stimato":"11 minuti"},"schema":{"@context":"https:\/\/schema.org","@graph":[{"@type":"WebPage","@id":"https:\/\/crazytime.com.pl\/about-us\/","url":"https:\/\/crazytime.com.pl\/about-us\/","name":"\u041e \u0441\u0430\u0439\u0442\u0435 \u0434\u043b\u044f \u0438\u0433\u0440\u044b Crazy Time","isPartOf":{"@id":"https:\/\/crazytime.com.pl\/#website"},"datePublished":"2024-01-08T18:56:27+00:00","dateModified":"2024-01-17T01:07:10+00:00","description":"\u041d\u0430\u0448 \u0441\u0430\u0439\u0442 \u043f\u043e\u0441\u0432\u044f\u0449\u0435\u043d \u0438\u0433\u0440\u0435 Crazy Time, \u0433\u0434\u0435 \u043c\u044b \u0434\u0430\u0435\u043c \u0441\u0442\u0440\u0430\u0442\u0435\u0433\u0438\u0438 \u043a\u0430\u043a \u0438\u0433\u0440\u0430\u0442\u044c \u0438 \u043f\u043e\u0431\u0435\u0436\u0434\u0430\u0442\u044c, \u043e\u043f\u0438\u0441\u0430\u043d\u0438\u044f \u043f\u0440\u0430\u0432\u0438\u043b, \u043d\u043e\u0432\u043e\u0441\u0442\u0438 \u0438 \u0434\u0440\u0443\u0433\u0443\u044e \u0438\u043d\u0444\u043e\u0440\u043c\u0430\u0446\u0438\u044e","breadcrumb":{"@id":"https:\/\/crazytime.com.pl\/about-us\/#breadcrumb"},"inLanguage":"it-IT","potentialAction":[{"@type":"ReadAction","target":["https:\/\/crazytime.com.pl\/about-us\/"]}]},{"@type":"BreadcrumbList","@id":"https:\/\/crazytime.com.pl\/about-us\/#breadcrumb","itemListElement":[{"@type":"ListItem","position":1,"name":"Home","item":"https:\/\/crazytime.com.pl\/"},{"@type":"ListItem","position":2,"name":"\u041e \u043d\u0430\u0441"}]},{"@type":"WebSite","@id":"https:\/\/crazytime.com.pl\/#website","url":"https:\/\/crazytime.com.pl\/","name":"Crazy Time","description":"","potentialAction":[{"@type":"SearchAction","target":{"@type":"EntryPoint","urlTemplate":"https:\/\/crazytime.com.pl\/?s={search_term_string}"},"query-input":{"@type":"PropertyValueSpecification","valueRequired":true,"valueName":"search_term_string"}}],"inLanguage":"it-IT"}]}},"_links":{"self":[{"href":"https:\/\/crazytime.com.pl\/it\/wp-json\/wp\/v2\/pages\/18","targetHints":{"allow":["GET"]}}],"collection":[{"href":"https:\/\/crazytime.com.pl\/it\/wp-json\/wp\/v2\/pages"}],"about":[{"href":"https:\/\/crazytime.com.pl\/it\/wp-json\/wp\/v2\/types\/page"}],"author":[{"embeddable":true,"href":"https:\/\/crazytime.com.pl\/it\/wp-json\/wp\/v2\/users\/1"}],"replies":[{"embeddable":true,"href":"https:\/\/crazytime.com.pl\/it\/wp-json\/wp\/v2\/comments?post=18"}],"version-history":[{"count":26,"href":"https:\/\/crazytime.com.pl\/it\/wp-json\/wp\/v2\/pages\/18\/revisions"}],"predecessor-version":[{"id":191,"href":"https:\/\/crazytime.com.pl\/it\/wp-json\/wp\/v2\/pages\/18\/revisions\/191"}],"wp:attachment":[{"href":"https:\/\/crazytime.com.pl\/it\/wp-json\/wp\/v2\/media?parent=18"}],"curies":[{"name":"wp","href":"https:\/\/api.w.org\/{rel}","templated":true}]}}