{"id":16,"date":"2024-01-08T18:55:33","date_gmt":"2024-01-08T18:55:33","guid":{"rendered":"https:\/\/crazytime.com.pl\/?page_id=16"},"modified":"2024-01-17T01:04:22","modified_gmt":"2024-01-17T01:04:22","slug":"choosing-an-online-casino-for-playing-crazy-time","status":"publish","type":"page","link":"https:\/\/crazytime.com.pl\/it\/choosing-an-online-casino-for-playing-crazy-time\/","title":{"rendered":"Scegliere un Casin\u00f2 Online per Giocare a Crazy Time"},"content":{"rendered":"<p>Scegliere il casin\u00f2 online giusto per giocare a Crazy Time \u00e8 un aspetto cruciale che pu\u00f2 influire significativamente sulla tua esperienza di gioco. Crazy Time \u00e8 un gioco popolare ed eccitante di Evolution Gaming, che richiede una piattaforma affidabile e di alta qualit\u00e0 per giocare. Ecco alcuni consigli su come scegliere il miglior casin\u00f2 online a tale scopo. Da un lato, il gioco \u00e8 lo stesso ovunque. Dall&#8217;altro lato, ogni casin\u00f2 ha regole diverse, come depositare, prelevare vincite e verifica dell&#8217;identit\u00e0 del giocatore. E questo influisce fortemente sull&#8217;esperienza del giocatore.<\/p>\n<h2><strong>Casin\u00f2 Online con Licenza<\/strong><\/h2>\n<p>La prima cosa da considerare \u00e8 la presenza di una licenza per il casin\u00f2. Un casin\u00f2 con licenza garantisce un gioco leale e la protezione del giocatore. \u00c8 anche importante verificare le recensioni degli altri giocatori e la valutazione del casin\u00f2 per garantirne l&#8217;affidabilit\u00e0 e la reputazione. Poich\u00e9 sappiamo quanto sia facile falsificare le recensioni, \u00e8 essenziale verificare in pi\u00f9 posti.<\/p>\n<p>Assicurati che il casin\u00f2 scelto offra Crazy Time nella sua selezione di giochi. \u00c8 anche importante che il sito del casin\u00f2 sia facile da usare, abbia una grafica di qualit\u00e0 e fornisca connessioni stabili senza ritardi, il che \u00e8 cruciale per i giochi dal vivo.<\/p>\n<p>Molti casin\u00f2 online offrono bonus e promozioni allettanti, specialmente per i nuovi giocatori. Cerca un casin\u00f2 con buoni bonus di benvenuto o promozioni speciali per giocare a Crazy Time, ma valuta attentamente le condizioni per ottenerli e utilizzarli.<\/p>\n<p>Scegli un casin\u00f2 che supporti metodi di deposito e prelievo convenienti per te. La disponibilit\u00e0 di diverse opzioni di pagamento, tra cui portafogli elettronici, carte di credito e criptovalute, rende il processo di gioco pi\u00f9 comodo.<\/p>\n<p>Un buon servizio clienti \u00e8 parte integrante di un casin\u00f2 online di qualit\u00e0. Assicurati che il casin\u00f2 offra un efficiente supporto clienti accessibile attraverso vari canali di comunicazione e in grado di risolvere rapidamente domande e problemi.<\/p>\n<p>Se preferisci giocare da un dispositivo mobile, verifica se il casin\u00f2 supporta il gioco su piattaforme mobili. La presenza di un&#8217;applicazione mobile o di un sito mobile ben ottimizzato semplifica notevolmente l&#8217;accesso al gioco in qualsiasi momento e ovunque.<\/p>\n<p>Scegliere un casin\u00f2 online per giocare a Crazy Time \u00e8 una combinazione di preferenze personali e criteri oggettivi, come sicurezza, affidabilit\u00e0, comodit\u00e0 e qualit\u00e0 del servizio. Dedica del tempo a una selezione attenta, e assicurati la migliore esperienza di gioco.<\/p>\n","protected":false},"excerpt":{"rendered":"<p>Scegliere il casin\u00f2 online giusto per giocare a Crazy Time \u00e8 un aspetto cruciale che pu\u00f2 influire significativamente sulla tua esperienza di gioco. Crazy Time \u00e8 un gioco popolare ed eccitante di Evolution Gaming, che richiede una piattaforma affidabile e di alta qualit\u00e0 per giocare. Ecco alcuni consigli su come &hellip;<\/p>\n","protected":false},"author":1,"featured_media":0,"parent":0,"menu_order":0,"comment_status":"closed","ping_status":"closed","template":"","meta":{"footnotes":""},"class_list":["post-16","page","type-page","status-publish","hentry"],"yoast_head":"<!-- This site is optimized with the Yoast SEO plugin v27.2 - https:\/\/yoast.com\/product\/yoast-seo-wordpress\/ -->\n<title>\u041a\u0430\u043a \u0434\u0430 \u0438\u0437\u0431\u0435\u0440\u0435\u0442\u0435 \u043e\u043d\u043b\u0430\u0439\u043d \u043a\u0430\u0437\u0438\u043d\u043e \u0437\u0430 \u0438\u0433\u0440\u0430 \u043d\u0430 Crazy Time<\/title>\n<meta name=\"description\" content=\"Scegliere un casin\u00f2 online per effettuare scommesse nel gioco Crazy Time. Registrazione, accesso per un gioco di successo in Crazy Time.\" \/>\n<meta name=\"robots\" content=\"index, follow, max-snippet:-1, max-image-preview:large, max-video-preview:-1\" \/>\n<link rel=\"canonical\" href=\"https:\/\/crazytime.com.pl\/it\/choosing-an-online-casino-for-playing-crazy-time\/\" \/>\n<meta property=\"og:locale\" content=\"it_IT\" \/>\n<meta property=\"og:locale:alternate\" content=\"ru_RU\" \/>\n<meta property=\"og:locale:alternate\" content=\"en_US\" \/>\n<meta property=\"og:locale:alternate\" content=\"pt_PT\" \/>\n<meta property=\"og:locale:alternate\" content=\"es_ES\" \/>\n<meta property=\"og:locale:alternate\" content=\"fr_FR\" \/>\n<meta property=\"og:locale:alternate\" content=\"de_DE\" \/>\n<meta property=\"og:locale:alternate\" content=\"pl_PL\" \/>\n<meta property=\"og:locale:alternate\" content=\"tr_TR\" \/>\n<meta property=\"og:locale:alternate\" content=\"uk\" \/>\n<meta property=\"og:locale:alternate\" content=\"sr_RS\" \/>\n<meta property=\"og:locale:alternate\" content=\"bg_BG\" \/>\n<meta property=\"og:type\" content=\"article\" \/>\n<meta property=\"og:title\" content=\"\u041a\u0430\u043a \u0434\u0430 \u0438\u0437\u0431\u0435\u0440\u0435\u0442\u0435 \u043e\u043d\u043b\u0430\u0439\u043d \u043a\u0430\u0437\u0438\u043d\u043e \u0437\u0430 \u0438\u0433\u0440\u0430 \u043d\u0430 Crazy Time\" \/>\n<meta property=\"og:description\" content=\"\u0418\u0437\u0431\u043e\u0440 \u043d\u0430 \u043e\u043d\u043b\u0430\u0439\u043d \u043a\u0430\u0437\u0438\u043d\u043e \u0437\u0430 \u043f\u043e\u0441\u0442\u0430\u0432\u044f\u043d\u0435 \u043d\u0430 \u0437\u0430\u043b\u043e\u0437\u0438 \u0432 \u0438\u0433\u0440\u0430\u0442\u0430 Crazy Time. \u0420\u0435\u0433\u0438\u0441\u0442\u0440\u0430\u0446\u0438\u044f, \u0432\u0445\u043e\u0434 \u0437\u0430 \u0443\u0441\u043f\u0435\u0448\u043d\u0430 \u0438\u0433\u0440\u0430 \u0432 Crazy Time.\" \/>\n<meta property=\"og:url\" content=\"https:\/\/crazytime.com.pl\/it\/choosing-an-online-casino-for-playing-crazy-time\/\" \/>\n<meta property=\"og:site_name\" content=\"Crazy Time\" \/>\n<meta property=\"article:modified_time\" content=\"2024-01-17T01:04:22+00:00\" \/>\n<meta name=\"twitter:card\" content=\"summary_large_image\" \/>\n<meta name=\"twitter:label1\" content=\"Tempo di lettura stimato\" \/>\n\t<meta name=\"twitter:data1\" content=\"17 minuti\" \/>\n<script type=\"application\/ld+json\" class=\"yoast-schema-graph\">{\"@context\":\"https:\/\/schema.org\",\"@graph\":[{\"@type\":\"WebPage\",\"@id\":\"https:\/\/crazytime.com.pl\/bg\/choosing-an-online-casino-for-playing-crazy-time\/\",\"url\":\"https:\/\/crazytime.com.pl\/bg\/choosing-an-online-casino-for-playing-crazy-time\/\",\"name\":\"\u041a\u0430\u043a \u0434\u0430 \u0438\u0437\u0431\u0435\u0440\u0435\u0442\u0435 \u043e\u043d\u043b\u0430\u0439\u043d \u043a\u0430\u0437\u0438\u043d\u043e \u0437\u0430 \u0438\u0433\u0440\u0430 \u043d\u0430 Crazy Time\",\"isPartOf\":{\"@id\":\"https:\/\/crazytime.com.pl\/#website\"},\"datePublished\":\"2024-01-08T18:55:33+00:00\",\"dateModified\":\"2024-01-17T01:04:22+00:00\",\"description\":\"\u0418\u0437\u0431\u043e\u0440 \u043d\u0430 \u043e\u043d\u043b\u0430\u0439\u043d \u043a\u0430\u0437\u0438\u043d\u043e \u0437\u0430 \u043f\u043e\u0441\u0442\u0430\u0432\u044f\u043d\u0435 \u043d\u0430 \u0437\u0430\u043b\u043e\u0437\u0438 \u0432 \u0438\u0433\u0440\u0430\u0442\u0430 Crazy Time. \u0420\u0435\u0433\u0438\u0441\u0442\u0440\u0430\u0446\u0438\u044f, \u0432\u0445\u043e\u0434 \u0437\u0430 \u0443\u0441\u043f\u0435\u0448\u043d\u0430 \u0438\u0433\u0440\u0430 \u0432 Crazy Time.\",\"breadcrumb\":{\"@id\":\"https:\/\/crazytime.com.pl\/bg\/choosing-an-online-casino-for-playing-crazy-time\/#breadcrumb\"},\"inLanguage\":\"it-IT\",\"potentialAction\":[{\"@type\":\"ReadAction\",\"target\":[\"https:\/\/crazytime.com.pl\/bg\/choosing-an-online-casino-for-playing-crazy-time\/\"]}]},{\"@type\":\"BreadcrumbList\",\"@id\":\"https:\/\/crazytime.com.pl\/bg\/choosing-an-online-casino-for-playing-crazy-time\/#breadcrumb\",\"itemListElement\":[{\"@type\":\"ListItem\",\"position\":1,\"name\":\"Home\",\"item\":\"https:\/\/crazytime.com.pl\/\"},{\"@type\":\"ListItem\",\"position\":2,\"name\":\"\u0418\u0437\u0431\u043e\u0440 \u043d\u0430 \u043e\u043d\u043b\u0430\u0439\u043d \u043a\u0430\u0437\u0438\u043d\u043e \u0437\u0430 \u0438\u0433\u0440\u0430 \u043d\u0430 Crazy Time\"}]},{\"@type\":\"WebSite\",\"@id\":\"https:\/\/crazytime.com.pl\/#website\",\"url\":\"https:\/\/crazytime.com.pl\/\",\"name\":\"Crazy Time\",\"description\":\"\",\"potentialAction\":[{\"@type\":\"SearchAction\",\"target\":{\"@type\":\"EntryPoint\",\"urlTemplate\":\"https:\/\/crazytime.com.pl\/?s={search_term_string}\"},\"query-input\":{\"@type\":\"PropertyValueSpecification\",\"valueRequired\":true,\"valueName\":\"search_term_string\"}}],\"inLanguage\":\"it-IT\"}]}<\/script>\n<!-- \/ Yoast SEO plugin. -->","yoast_head_json":{"title":"\u041a\u0430\u043a \u0434\u0430 \u0438\u0437\u0431\u0435\u0440\u0435\u0442\u0435 \u043e\u043d\u043b\u0430\u0439\u043d \u043a\u0430\u0437\u0438\u043d\u043e \u0437\u0430 \u0438\u0433\u0440\u0430 \u043d\u0430 Crazy Time","description":"Scegliere un casin\u00f2 online per effettuare scommesse nel gioco Crazy Time. Registrazione, accesso per un gioco di successo in Crazy Time.","robots":{"index":"index","follow":"follow","max-snippet":"max-snippet:-1","max-image-preview":"max-image-preview:large","max-video-preview":"max-video-preview:-1"},"canonical":"https:\/\/crazytime.com.pl\/it\/choosing-an-online-casino-for-playing-crazy-time\/","og_locale":"it_IT","og_type":"article","og_title":"\u041a\u0430\u043a \u0434\u0430 \u0438\u0437\u0431\u0435\u0440\u0435\u0442\u0435 \u043e\u043d\u043b\u0430\u0439\u043d \u043a\u0430\u0437\u0438\u043d\u043e \u0437\u0430 \u0438\u0433\u0440\u0430 \u043d\u0430 Crazy Time","og_description":"\u0418\u0437\u0431\u043e\u0440 \u043d\u0430 \u043e\u043d\u043b\u0430\u0439\u043d \u043a\u0430\u0437\u0438\u043d\u043e \u0437\u0430 \u043f\u043e\u0441\u0442\u0430\u0432\u044f\u043d\u0435 \u043d\u0430 \u0437\u0430\u043b\u043e\u0437\u0438 \u0432 \u0438\u0433\u0440\u0430\u0442\u0430 Crazy Time. \u0420\u0435\u0433\u0438\u0441\u0442\u0440\u0430\u0446\u0438\u044f, \u0432\u0445\u043e\u0434 \u0437\u0430 \u0443\u0441\u043f\u0435\u0448\u043d\u0430 \u0438\u0433\u0440\u0430 \u0432 Crazy Time.","og_url":"https:\/\/crazytime.com.pl\/it\/choosing-an-online-casino-for-playing-crazy-time\/","og_site_name":"Crazy Time","article_modified_time":"2024-01-17T01:04:22+00:00","twitter_card":"summary_large_image","twitter_misc":{"Tempo di lettura stimato":"17 minuti"},"schema":{"@context":"https:\/\/schema.org","@graph":[{"@type":"WebPage","@id":"https:\/\/crazytime.com.pl\/bg\/choosing-an-online-casino-for-playing-crazy-time\/","url":"https:\/\/crazytime.com.pl\/bg\/choosing-an-online-casino-for-playing-crazy-time\/","name":"\u041a\u0430\u043a \u0434\u0430 \u0438\u0437\u0431\u0435\u0440\u0435\u0442\u0435 \u043e\u043d\u043b\u0430\u0439\u043d \u043a\u0430\u0437\u0438\u043d\u043e \u0437\u0430 \u0438\u0433\u0440\u0430 \u043d\u0430 Crazy Time","isPartOf":{"@id":"https:\/\/crazytime.com.pl\/#website"},"datePublished":"2024-01-08T18:55:33+00:00","dateModified":"2024-01-17T01:04:22+00:00","description":"\u0418\u0437\u0431\u043e\u0440 \u043d\u0430 \u043e\u043d\u043b\u0430\u0439\u043d \u043a\u0430\u0437\u0438\u043d\u043e \u0437\u0430 \u043f\u043e\u0441\u0442\u0430\u0432\u044f\u043d\u0435 \u043d\u0430 \u0437\u0430\u043b\u043e\u0437\u0438 \u0432 \u0438\u0433\u0440\u0430\u0442\u0430 Crazy Time. \u0420\u0435\u0433\u0438\u0441\u0442\u0440\u0430\u0446\u0438\u044f, \u0432\u0445\u043e\u0434 \u0437\u0430 \u0443\u0441\u043f\u0435\u0448\u043d\u0430 \u0438\u0433\u0440\u0430 \u0432 Crazy Time.","breadcrumb":{"@id":"https:\/\/crazytime.com.pl\/bg\/choosing-an-online-casino-for-playing-crazy-time\/#breadcrumb"},"inLanguage":"it-IT","potentialAction":[{"@type":"ReadAction","target":["https:\/\/crazytime.com.pl\/bg\/choosing-an-online-casino-for-playing-crazy-time\/"]}]},{"@type":"BreadcrumbList","@id":"https:\/\/crazytime.com.pl\/bg\/choosing-an-online-casino-for-playing-crazy-time\/#breadcrumb","itemListElement":[{"@type":"ListItem","position":1,"name":"Home","item":"https:\/\/crazytime.com.pl\/"},{"@type":"ListItem","position":2,"name":"\u0418\u0437\u0431\u043e\u0440 \u043d\u0430 \u043e\u043d\u043b\u0430\u0439\u043d \u043a\u0430\u0437\u0438\u043d\u043e \u0437\u0430 \u0438\u0433\u0440\u0430 \u043d\u0430 Crazy Time"}]},{"@type":"WebSite","@id":"https:\/\/crazytime.com.pl\/#website","url":"https:\/\/crazytime.com.pl\/","name":"Crazy Time","description":"","potentialAction":[{"@type":"SearchAction","target":{"@type":"EntryPoint","urlTemplate":"https:\/\/crazytime.com.pl\/?s={search_term_string}"},"query-input":{"@type":"PropertyValueSpecification","valueRequired":true,"valueName":"search_term_string"}}],"inLanguage":"it-IT"}]}},"_links":{"self":[{"href":"https:\/\/crazytime.com.pl\/it\/wp-json\/wp\/v2\/pages\/16","targetHints":{"allow":["GET"]}}],"collection":[{"href":"https:\/\/crazytime.com.pl\/it\/wp-json\/wp\/v2\/pages"}],"about":[{"href":"https:\/\/crazytime.com.pl\/it\/wp-json\/wp\/v2\/types\/page"}],"author":[{"embeddable":true,"href":"https:\/\/crazytime.com.pl\/it\/wp-json\/wp\/v2\/users\/1"}],"replies":[{"embeddable":true,"href":"https:\/\/crazytime.com.pl\/it\/wp-json\/wp\/v2\/comments?post=16"}],"version-history":[{"count":26,"href":"https:\/\/crazytime.com.pl\/it\/wp-json\/wp\/v2\/pages\/16\/revisions"}],"predecessor-version":[{"id":187,"href":"https:\/\/crazytime.com.pl\/it\/wp-json\/wp\/v2\/pages\/16\/revisions\/187"}],"wp:attachment":[{"href":"https:\/\/crazytime.com.pl\/it\/wp-json\/wp\/v2\/media?parent=16"}],"curies":[{"name":"wp","href":"https:\/\/api.w.org\/{rel}","templated":true}]}}