{"id":13,"date":"2024-01-08T18:54:30","date_gmt":"2024-01-08T18:54:30","guid":{"rendered":"https:\/\/crazytime.com.pl\/?page_id=13"},"modified":"2024-01-17T01:05:55","modified_gmt":"2024-01-17T01:05:55","slug":"how-to-play-and-win-in-crazy-time","status":"publish","type":"page","link":"https:\/\/crazytime.com.pl\/it\/how-to-play-and-win-in-crazy-time\/","title":{"rendered":"Come Giocare e Vincere a Crazy Time"},"content":{"rendered":"<p>Il gioco live Crazy Time, sviluppato da Evolution Gaming, \u00e8 diventato un vero successo nel mondo dei casin\u00f2 online grazie al suo formato unico ed elementi interattivi. Per giocare a Crazy Time in modo efficace e vincere denaro reale, \u00e8 importante comprendere le strategie di base e le tattiche che possono aumentare le tue possibilit\u00e0 di successo. Non affermiamo che seguendo queste strategie di gioco Crazy Time vincerai sicuramente, ma siamo convinti che sia meglio migliorare le tue probabilit\u00e0 di vittoria seguendo le strategie piuttosto che premere semplicemente i tasti del computer.<\/p>\n<h2><strong>Fondamenti del Gioco Crazy Time<\/strong><\/h2>\n<p>Innanzitutto, \u00e8 importante capire che Crazy Time \u00e8 un gioco basato su una ruota della fortuna con vari settori, inclusi numeri (1, 2, 5, 10) e quattro giochi bonus (Pachinko, Cash Hunt, Coin Flip e Crazy Time). Ogni settore ha diversi moltiplicatori di pagamento, e i giochi bonus offrono opportunit\u00e0 uniche per le vincite. In altre parole, c&#8217;\u00e8 variabilit\u00e0 nei bonus nel gioco Crazy Time. Ed \u00e8 pi\u00f9 preciso dire che questi non sono bonus, ma opportunit\u00e0 bonus, il che significa che un gioco bonus \u00e8 la possibilit\u00e0 di vincere bonus.<\/p>\n<h3><strong>Variazione delle Scommesse<\/strong><\/h3>\n<p>Uno degli aspetti chiave di Crazy Time \u00e8 la variet\u00e0 delle scommesse. I giocatori possono scommettere su qualsiasi numero di settori, inclusi numeri e giochi bonus. La strategia principale \u00e8 distribuire le scommesse in modo che aumenti la probabilit\u00e0 di vincere ma che non perda l&#8217;opportunit\u00e0 di ottenere grandi pagamenti nei round bonus.<\/p>\n<h3><strong>Strategia di Distribuzione delle Scommesse<\/strong><\/h3>\n<p>Una strategia popolare in Crazy Time \u00e8 distribuire le scommesse su numeri e settori bonus. Ad esempio, \u00e8 possibile scommettere sui numeri 1 e 2 per vincite frequenti ma di importo ridotto e scegliere anche uno o due settori bonus per avere la possibilit\u00e0 di vincite pi\u00f9 consistenti.<\/p>\n<h3><strong>Tattica di Concentrazione sui Giochi Bonus<\/strong><\/h3>\n<p>Un altro approccio \u00e8 concentrarsi sui giochi bonus. Poich\u00e9 i giochi bonus offrono moltiplicatori elevati e un gameplay avvincente, alcuni giocatori preferiscono scommettere esclusivamente su di essi. Ci\u00f2 aumenta il rischio di perdita, ma le vincite potenziali possono essere significativamente pi\u00f9 elevate. I calcoli matematici mostrano che questa \u00e8 una strategia di gioco redditizia.<\/p>\n<h3><strong>Strategia Martingale<\/strong><\/h3>\n<p>La strategia Martingale, popolare nella roulette, pu\u00f2 essere applicata anche in Crazy Time. Questo sistema prevede il raddoppio delle scommesse dopo ogni perdita. Tuttavia, \u00e8 essenziale ricordare i rischi elevati e impostare limiti rigorosi per evitare perdite finanziarie significative.<\/p>\n<h3><strong>Gestione del Capitale<\/strong><\/h3>\n<p>Una parte importante di qualsiasi strategia \u00e8 la gestione del capitale. Si consiglia di impostare un budget rigoroso per il gioco e attenersi ad esso per controllare i rischi finanziari. Ci\u00f2 aiuta a evitare scommesse emotive e consente di giocare pi\u00f9 a lungo. Se la somma di denaro che hai assegnato \u00e8 esaurita, smetti semplicemente di giocare. Puoi giocare di nuovo solo il giorno successivo.<\/p>\n<h3><strong>Apprendimento dei Round Bonus<\/strong><\/h3>\n<p>Conoscere le caratteristiche di ogni round bonus pu\u00f2 aumentare significativamente le probabilit\u00e0 di successo. Ad esempio, in Pachinko e Crazy Time ci sono moltiplicatori che possono aumentare le vincite di diverse volte. Comprendere la meccanica di ciascun gioco bonus aiuta a prendere decisioni pi\u00f9 ponderate.<\/p>\n<h3><strong>Utilizzo delle Statistiche<\/strong><\/h3>\n<p>In Crazy Time, \u00e8 anche utile utilizzare le statistiche dai round precedenti. Alcuni giocatori si basano sulla frequenza di determinati settori per prendere decisioni sulle scommesse.<\/p>\n<h3><strong>Conclusioni su Strategie e Tattiche<\/strong><\/h3>\n<p>Giochando a Crazy Time, \u00e8 importante ricordare che \u00e8 principalmente un intrattenimento. Nonostante l&#8217;esistenza di varie strategie e tattiche, i risultati del gioco sono sempre determinati dal caso. La gestione responsabile del capitale dovrebbe essere una priorit\u00e0 per ogni giocatore. Utilizzando queste strategie e approcci, i giocatori possono aumentare le loro possibilit\u00e0 di successo e godere di un&#8217;esperienza di gioco avvincente e dinamica in Crazy Time.<\/p>\n","protected":false},"excerpt":{"rendered":"<p>Il gioco live Crazy Time, sviluppato da Evolution Gaming, \u00e8 diventato un vero successo nel mondo dei casin\u00f2 online grazie al suo formato unico ed elementi interattivi. Per giocare a Crazy Time in modo efficace e vincere denaro reale, \u00e8 importante comprendere le strategie di base e le tattiche che &hellip;<\/p>\n","protected":false},"author":1,"featured_media":0,"parent":0,"menu_order":0,"comment_status":"closed","ping_status":"closed","template":"","meta":{"footnotes":""},"class_list":["post-13","page","type-page","status-publish","hentry"],"yoast_head":"<!-- This site is optimized with the Yoast SEO plugin v27.2 - https:\/\/yoast.com\/product\/yoast-seo-wordpress\/ -->\n<title>\u041a\u0430\u043a \u0434\u0430 \u0438\u0433\u0440\u0430\u0435\u0442\u0435 \u0438 \u0441\u043f\u0435\u0447\u0435\u043b\u0438\u0442\u0435 \u0432 \u0438\u0433\u0440\u0430\u0442\u0430 Crazy Time<\/title>\n<meta name=\"description\" content=\"Le migliori strategie e tattiche per giocare a Crazy Time. Come vincere denaro reale nel gioco live Crazy Time.\" \/>\n<meta name=\"robots\" content=\"index, follow, max-snippet:-1, max-image-preview:large, max-video-preview:-1\" \/>\n<link rel=\"canonical\" href=\"https:\/\/crazytime.com.pl\/it\/how-to-play-and-win-in-crazy-time\/\" \/>\n<meta property=\"og:locale\" content=\"it_IT\" \/>\n<meta property=\"og:locale:alternate\" content=\"ru_RU\" \/>\n<meta property=\"og:locale:alternate\" content=\"en_US\" \/>\n<meta property=\"og:locale:alternate\" content=\"pt_PT\" \/>\n<meta property=\"og:locale:alternate\" content=\"es_ES\" \/>\n<meta property=\"og:locale:alternate\" content=\"fr_FR\" \/>\n<meta property=\"og:locale:alternate\" content=\"de_DE\" \/>\n<meta property=\"og:locale:alternate\" content=\"pl_PL\" \/>\n<meta property=\"og:locale:alternate\" content=\"tr_TR\" \/>\n<meta property=\"og:locale:alternate\" content=\"uk\" \/>\n<meta property=\"og:locale:alternate\" content=\"sr_RS\" \/>\n<meta property=\"og:locale:alternate\" content=\"bg_BG\" \/>\n<meta property=\"og:type\" content=\"article\" \/>\n<meta property=\"og:title\" content=\"\u041a\u0430\u043a \u0434\u0430 \u0438\u0433\u0440\u0430\u0435\u0442\u0435 \u0438 \u0441\u043f\u0435\u0447\u0435\u043b\u0438\u0442\u0435 \u0432 \u0438\u0433\u0440\u0430\u0442\u0430 Crazy Time\" \/>\n<meta property=\"og:description\" content=\"\u041d\u0430\u0439-\u0434\u043e\u0431\u0440\u0438\u0442\u0435 \u0441\u0442\u0440\u0430\u0442\u0435\u0433\u0438\u0438 \u0438 \u0442\u0430\u043a\u0442\u0438\u043a\u0438 \u0437\u0430 \u0438\u0433\u0440\u0430 \u0432 Crazy Time. \u041a\u0430\u043a \u0434\u0430 \u0441\u043f\u0435\u0447\u0435\u043b\u0438\u0442\u0435 \u0440\u0435\u0430\u043b\u043d\u0438 \u043f\u0430\u0440\u0438 \u0432 \u0436\u0438\u0432\u0430\u0442\u0430 \u0438\u0433\u0440\u0430 Crazy Time.\" \/>\n<meta property=\"og:url\" content=\"https:\/\/crazytime.com.pl\/it\/how-to-play-and-win-in-crazy-time\/\" \/>\n<meta property=\"og:site_name\" content=\"Crazy Time\" \/>\n<meta property=\"article:modified_time\" content=\"2024-01-17T01:05:55+00:00\" \/>\n<meta name=\"twitter:card\" content=\"summary_large_image\" \/>\n<meta name=\"twitter:label1\" content=\"Tempo di lettura stimato\" \/>\n\t<meta name=\"twitter:data1\" content=\"27 minuti\" \/>\n<script type=\"application\/ld+json\" class=\"yoast-schema-graph\">{\"@context\":\"https:\/\/schema.org\",\"@graph\":[{\"@type\":\"WebPage\",\"@id\":\"https:\/\/crazytime.com.pl\/bg\/how-to-play-and-win-in-crazy-time\/\",\"url\":\"https:\/\/crazytime.com.pl\/bg\/how-to-play-and-win-in-crazy-time\/\",\"name\":\"\u041a\u0430\u043a \u0434\u0430 \u0438\u0433\u0440\u0430\u0435\u0442\u0435 \u0438 \u0441\u043f\u0435\u0447\u0435\u043b\u0438\u0442\u0435 \u0432 \u0438\u0433\u0440\u0430\u0442\u0430 Crazy Time\",\"isPartOf\":{\"@id\":\"https:\/\/crazytime.com.pl\/#website\"},\"datePublished\":\"2024-01-08T18:54:30+00:00\",\"dateModified\":\"2024-01-17T01:05:55+00:00\",\"description\":\"\u041d\u0430\u0439-\u0434\u043e\u0431\u0440\u0438\u0442\u0435 \u0441\u0442\u0440\u0430\u0442\u0435\u0433\u0438\u0438 \u0438 \u0442\u0430\u043a\u0442\u0438\u043a\u0438 \u0437\u0430 \u0438\u0433\u0440\u0430 \u0432 Crazy Time. \u041a\u0430\u043a \u0434\u0430 \u0441\u043f\u0435\u0447\u0435\u043b\u0438\u0442\u0435 \u0440\u0435\u0430\u043b\u043d\u0438 \u043f\u0430\u0440\u0438 \u0432 \u0436\u0438\u0432\u0430\u0442\u0430 \u0438\u0433\u0440\u0430 Crazy Time.\",\"breadcrumb\":{\"@id\":\"https:\/\/crazytime.com.pl\/bg\/how-to-play-and-win-in-crazy-time\/#breadcrumb\"},\"inLanguage\":\"it-IT\",\"potentialAction\":[{\"@type\":\"ReadAction\",\"target\":[\"https:\/\/crazytime.com.pl\/bg\/how-to-play-and-win-in-crazy-time\/\"]}]},{\"@type\":\"BreadcrumbList\",\"@id\":\"https:\/\/crazytime.com.pl\/bg\/how-to-play-and-win-in-crazy-time\/#breadcrumb\",\"itemListElement\":[{\"@type\":\"ListItem\",\"position\":1,\"name\":\"Home\",\"item\":\"https:\/\/crazytime.com.pl\/\"},{\"@type\":\"ListItem\",\"position\":2,\"name\":\"\u041a\u0430\u043a \u0434\u0430 \u0438\u0433\u0440\u0430\u0435\u0442\u0435 \u0438 \u0441\u043f\u0435\u0447\u0435\u043b\u0438\u0442\u0435 \u0432 Crazy Time\"}]},{\"@type\":\"WebSite\",\"@id\":\"https:\/\/crazytime.com.pl\/#website\",\"url\":\"https:\/\/crazytime.com.pl\/\",\"name\":\"Crazy Time\",\"description\":\"\",\"potentialAction\":[{\"@type\":\"SearchAction\",\"target\":{\"@type\":\"EntryPoint\",\"urlTemplate\":\"https:\/\/crazytime.com.pl\/?s={search_term_string}\"},\"query-input\":{\"@type\":\"PropertyValueSpecification\",\"valueRequired\":true,\"valueName\":\"search_term_string\"}}],\"inLanguage\":\"it-IT\"}]}<\/script>\n<!-- \/ Yoast SEO plugin. -->","yoast_head_json":{"title":"\u041a\u0430\u043a \u0434\u0430 \u0438\u0433\u0440\u0430\u0435\u0442\u0435 \u0438 \u0441\u043f\u0435\u0447\u0435\u043b\u0438\u0442\u0435 \u0432 \u0438\u0433\u0440\u0430\u0442\u0430 Crazy Time","description":"Le migliori strategie e tattiche per giocare a Crazy Time. Come vincere denaro reale nel gioco live Crazy Time.","robots":{"index":"index","follow":"follow","max-snippet":"max-snippet:-1","max-image-preview":"max-image-preview:large","max-video-preview":"max-video-preview:-1"},"canonical":"https:\/\/crazytime.com.pl\/it\/how-to-play-and-win-in-crazy-time\/","og_locale":"it_IT","og_type":"article","og_title":"\u041a\u0430\u043a \u0434\u0430 \u0438\u0433\u0440\u0430\u0435\u0442\u0435 \u0438 \u0441\u043f\u0435\u0447\u0435\u043b\u0438\u0442\u0435 \u0432 \u0438\u0433\u0440\u0430\u0442\u0430 Crazy Time","og_description":"\u041d\u0430\u0439-\u0434\u043e\u0431\u0440\u0438\u0442\u0435 \u0441\u0442\u0440\u0430\u0442\u0435\u0433\u0438\u0438 \u0438 \u0442\u0430\u043a\u0442\u0438\u043a\u0438 \u0437\u0430 \u0438\u0433\u0440\u0430 \u0432 Crazy Time. \u041a\u0430\u043a \u0434\u0430 \u0441\u043f\u0435\u0447\u0435\u043b\u0438\u0442\u0435 \u0440\u0435\u0430\u043b\u043d\u0438 \u043f\u0430\u0440\u0438 \u0432 \u0436\u0438\u0432\u0430\u0442\u0430 \u0438\u0433\u0440\u0430 Crazy Time.","og_url":"https:\/\/crazytime.com.pl\/it\/how-to-play-and-win-in-crazy-time\/","og_site_name":"Crazy Time","article_modified_time":"2024-01-17T01:05:55+00:00","twitter_card":"summary_large_image","twitter_misc":{"Tempo di lettura stimato":"27 minuti"},"schema":{"@context":"https:\/\/schema.org","@graph":[{"@type":"WebPage","@id":"https:\/\/crazytime.com.pl\/bg\/how-to-play-and-win-in-crazy-time\/","url":"https:\/\/crazytime.com.pl\/bg\/how-to-play-and-win-in-crazy-time\/","name":"\u041a\u0430\u043a \u0434\u0430 \u0438\u0433\u0440\u0430\u0435\u0442\u0435 \u0438 \u0441\u043f\u0435\u0447\u0435\u043b\u0438\u0442\u0435 \u0432 \u0438\u0433\u0440\u0430\u0442\u0430 Crazy Time","isPartOf":{"@id":"https:\/\/crazytime.com.pl\/#website"},"datePublished":"2024-01-08T18:54:30+00:00","dateModified":"2024-01-17T01:05:55+00:00","description":"\u041d\u0430\u0439-\u0434\u043e\u0431\u0440\u0438\u0442\u0435 \u0441\u0442\u0440\u0430\u0442\u0435\u0433\u0438\u0438 \u0438 \u0442\u0430\u043a\u0442\u0438\u043a\u0438 \u0437\u0430 \u0438\u0433\u0440\u0430 \u0432 Crazy Time. \u041a\u0430\u043a \u0434\u0430 \u0441\u043f\u0435\u0447\u0435\u043b\u0438\u0442\u0435 \u0440\u0435\u0430\u043b\u043d\u0438 \u043f\u0430\u0440\u0438 \u0432 \u0436\u0438\u0432\u0430\u0442\u0430 \u0438\u0433\u0440\u0430 Crazy Time.","breadcrumb":{"@id":"https:\/\/crazytime.com.pl\/bg\/how-to-play-and-win-in-crazy-time\/#breadcrumb"},"inLanguage":"it-IT","potentialAction":[{"@type":"ReadAction","target":["https:\/\/crazytime.com.pl\/bg\/how-to-play-and-win-in-crazy-time\/"]}]},{"@type":"BreadcrumbList","@id":"https:\/\/crazytime.com.pl\/bg\/how-to-play-and-win-in-crazy-time\/#breadcrumb","itemListElement":[{"@type":"ListItem","position":1,"name":"Home","item":"https:\/\/crazytime.com.pl\/"},{"@type":"ListItem","position":2,"name":"\u041a\u0430\u043a \u0434\u0430 \u0438\u0433\u0440\u0430\u0435\u0442\u0435 \u0438 \u0441\u043f\u0435\u0447\u0435\u043b\u0438\u0442\u0435 \u0432 Crazy Time"}]},{"@type":"WebSite","@id":"https:\/\/crazytime.com.pl\/#website","url":"https:\/\/crazytime.com.pl\/","name":"Crazy Time","description":"","potentialAction":[{"@type":"SearchAction","target":{"@type":"EntryPoint","urlTemplate":"https:\/\/crazytime.com.pl\/?s={search_term_string}"},"query-input":{"@type":"PropertyValueSpecification","valueRequired":true,"valueName":"search_term_string"}}],"inLanguage":"it-IT"}]}},"_links":{"self":[{"href":"https:\/\/crazytime.com.pl\/it\/wp-json\/wp\/v2\/pages\/13","targetHints":{"allow":["GET"]}}],"collection":[{"href":"https:\/\/crazytime.com.pl\/it\/wp-json\/wp\/v2\/pages"}],"about":[{"href":"https:\/\/crazytime.com.pl\/it\/wp-json\/wp\/v2\/types\/page"}],"author":[{"embeddable":true,"href":"https:\/\/crazytime.com.pl\/it\/wp-json\/wp\/v2\/users\/1"}],"replies":[{"embeddable":true,"href":"https:\/\/crazytime.com.pl\/it\/wp-json\/wp\/v2\/comments?post=13"}],"version-history":[{"count":25,"href":"https:\/\/crazytime.com.pl\/it\/wp-json\/wp\/v2\/pages\/13\/revisions"}],"predecessor-version":[{"id":189,"href":"https:\/\/crazytime.com.pl\/it\/wp-json\/wp\/v2\/pages\/13\/revisions\/189"}],"wp:attachment":[{"href":"https:\/\/crazytime.com.pl\/it\/wp-json\/wp\/v2\/media?parent=13"}],"curies":[{"name":"wp","href":"https:\/\/api.w.org\/{rel}","templated":true}]}}