{"id":10,"date":"2024-01-08T18:52:45","date_gmt":"2024-01-08T18:52:45","guid":{"rendered":"https:\/\/crazytime.com.pl\/?page_id=10"},"modified":"2024-01-17T01:09:09","modified_gmt":"2024-01-17T01:09:09","slug":"reviews","status":"publish","type":"page","link":"https:\/\/crazytime.com.pl\/it\/reviews\/","title":{"rendered":"Recensioni"},"content":{"rendered":"<p>Milioni di giocatori in tutto il mondo partecipano al gioco dal vivo Crazy Time e ne godono l&#8217;esperienza. Non troverai un singolo paese al mondo senza giocatori di Crazy Time. E ci sono ragioni per questa popolarit\u00e0. Tra queste c&#8217;\u00e8 la sensazione di trovarsi in un vero casin\u00f2 online, poich\u00e9 il gioco \u00e8 condotto da un croupier dal vivo. In altre parole, puoi comodamente sederti sulla tua sedia e goderti il gioco. Abbiamo raccolto opinioni da veri giocatori, fornendo una panoramica del gioco Crazy Time.<\/p>\n<p>Il gioco online Crazy Time \u00e8 un vortice di emozioni! Uno spettacolo dal vivo con un vero presentatore e vari giochi bonus non lascia nessuno indifferente. \u00c8 il miglior passatempo per gli appassionati di gioco d&#8217;azzardo. Ti sembra di essere in un casin\u00f2 di Las Vegas o Macao. Mi \u00e8 davvero piaciuto.<\/p>\n<p>Maxim, 22 anni<\/p>\n<p>Ho provato molti giochi nei casin\u00f2 online, ma Crazy Time \u00e8 diventato il mio preferito. Grafica vivace, presentatori dinamici e la possibilit\u00e0 di grandi vincite: semplicemente fantastico! Ci vuole un po&#8217; di tempo per capire i giochi bonus. Ce ne sono diversi e sono diversi, ma non \u00e8 complicato.<\/p>\n<p>Alessandro, 24 anni<\/p>\n<p>Crazy Time \u00e8 unico con i suoi round bonus. Ogni volta che vinci l&#8217;accesso a uno di essi, provi un&#8217;incredibile scarica di adrenalina. E questo aumenta notevolmente le possibilit\u00e0 di una grande vittoria. Il tipo di vittoria in cui esci con la tua ragazza e puoi comprare tutto ci\u00f2 che vuole.<\/p>\n<p>Marco, 27 anni<\/p>\n<p>Questo gioco combina perfettamente l&#8217;emozione di uno spettacolo e le opportunit\u00e0 del casin\u00f2. I presentatori rendono il processo ancora pi\u00f9 avvincente. Un vero intrattenimento per giocatori di tutte le et\u00e0.<\/p>\n<p>Maria, 22 anni<\/p>\n<p>Crazy Time \u00e8 pi\u00f9 di un semplice gioco d&#8217;azzardo. \u00c8 pieno di sorprese e colpi di scena inaspettati, rendendo ogni sessione di gioco unica e indimenticabile. \u00c8 uno spettacolo completo in cui puoi goderti ogni momento. Non capisco perch\u00e9 le persone vadano al cinema o trascorrano il loro tempo in modo diverso quando possono avviare Crazy Time e il divertimento \u00e8 garantito.<\/p>\n<p>Alina, 22 anni<\/p>\n<p>Amo i momenti con i giochi bonus in Crazy Time. Aggiungono un tocco speciale al gioco e offrono possibilit\u00e0 di grandi vincite. Trascorro del tempo di qualit\u00e0 giocando a questo gioco! E nessuno pu\u00f2 convincermi che il gioco d&#8217;azzardo sia cattivo perch\u00e9 se si tratta di gioco d&#8217;azzardo, solo Crazy Time.<\/p>\n<p>Alessandro, 23 anni<\/p>\n<p>Crazy Time \u00e8 la scelta perfetta per chi vuole vivere non solo un&#8217;esperienza di gioco, ma uno spettacolo completo. I presentatori, la musica, l&#8217;interazione: tutto \u00e8 di altissimo livello! \u00c8 come se avessi visitato un vero casin\u00f2.<\/p>\n<p>Nick, 20 anni<\/p>\n<p>Questo gioco mi ha catturato dal primo sguardo. Luminoso, energico e sempre pieno di sorprese: \u00e8 cos\u00ec che immagino il casin\u00f2 online perfetto. Pensavo che i giochi crash fossero il passo successivo nello sviluppo, ma ora vedo che i giochi dal vivo come Crazy Time sono il prossimo livello.<\/p>\n<p>Bruno, 26 anni<\/p>\n<p>In Crazy Time, ogni round \u00e8 una nuova avventura. Mi piace che ci siano cos\u00ec tanti elementi diversi: dalla rotazione della ruota alle mini-giochi bonus. Sembra che ci sia molta variet\u00e0 e elementi nel gioco, ma non ti perdi.<\/p>\n<p>Ignazio, 27 anni<\/p>\n<p>Giocando a Crazy Time, mi sento parte di uno spettacolo grande e divertente. Non si tratta solo di gioco d&#8217;azzardo, ma \u00e8 anche un ottimo modo per rilassarsi dopo una giornata intensa. Non riesco a immaginare la mia vita senza Crazy Time.<\/p>\n<p>Natalia, 28 anni<\/p>\n<p>Ottimo gioco per chi ama i casin\u00f2 dal vivo con elementi interattivi. Crazy Time sorprende costantemente con la variet\u00e0 di round e possibilit\u00e0. \u00c8 un gioco in cui scoprirai sempre qualcosa di nuovo.<\/p>\n<p>Andrea, 21 anni<\/p>\n<p>Crazy Time \u00e8 un&#8217;esplosione di emozioni! Ogni volta si prova eccitazione quando la ruota inizia a rallentare, aspettando di vedere su quale segmento si fermer\u00e0. Mi piace molto.<\/p>\n<p>Vanessa, 20 anni<\/p>\n<p>Amo questo gioco per la sua dinamicit\u00e0 e variet\u00e0. In Crazy Time, succede sempre qualcosa, e questo rende tutto il processo di gioco avvincente.<\/p>\n<p>Alessio, 34 anni<\/p>\n<p>Questo gioco \u00e8 un ottimo modo per testare la fortuna in un&#8217;atmosfera vibrante e avvincente. Crazy Time non \u00e8 solo un casin\u00f2; \u00e8 uno spettacolo completo! Il gioco \u00e8 conosciuto, e molti dei miei amici lo giocano. Nessuno dei miei amici si pente di giocare a Crazy Time.<\/p>\n<p>Daniele, 23 anni<\/p>\n<p>Crazy Time ha superato tutte le mie aspettative per un gioco dal vivo. Round bonus emozionanti, presentatori vivaci e un&#8217;atmosfera incredibile: \u00e8 esattamente ci\u00f2 di cui hai bisogno per una serata fantastica. Continuer\u00f2 a giocare.<\/p>\n<p>Denis, 20 anni<\/p>\n","protected":false},"excerpt":{"rendered":"<p>Milioni di giocatori in tutto il mondo partecipano al gioco dal vivo Crazy Time e ne godono l&#8217;esperienza. Non troverai un singolo paese al mondo senza giocatori di Crazy Time. E ci sono ragioni per questa popolarit\u00e0. Tra queste c&#8217;\u00e8 la sensazione di trovarsi in un vero casin\u00f2 online, poich\u00e9 &hellip;<\/p>\n","protected":false},"author":1,"featured_media":0,"parent":0,"menu_order":0,"comment_status":"closed","ping_status":"closed","template":"","meta":{"footnotes":""},"class_list":["post-10","page","type-page","status-publish","hentry"],"yoast_head":"<!-- This site is optimized with the Yoast SEO plugin v27.2 - https:\/\/yoast.com\/product\/yoast-seo-wordpress\/ -->\n<title>\u041e\u0442\u0437\u044b\u0432\u044b \u0438\u0433\u0440\u043e\u043a\u043e\u0432 \u043e live \u0438\u0433\u0440\u0435 Crazy Time<\/title>\n<meta name=\"description\" content=\"Recensioni, opinioni e feedback dei veri giocatori sul gioco unico con dealer dal vivo Crazy Time. Opinioni oneste su Crazy Time.\" \/>\n<meta name=\"robots\" content=\"index, follow, max-snippet:-1, max-image-preview:large, max-video-preview:-1\" \/>\n<link rel=\"canonical\" href=\"https:\/\/crazytime.com.pl\/it\/reviews\/\" \/>\n<meta property=\"og:locale\" content=\"it_IT\" \/>\n<meta property=\"og:locale:alternate\" content=\"ru_RU\" \/>\n<meta property=\"og:locale:alternate\" content=\"en_US\" \/>\n<meta property=\"og:locale:alternate\" content=\"pt_PT\" \/>\n<meta property=\"og:locale:alternate\" content=\"es_ES\" \/>\n<meta property=\"og:locale:alternate\" content=\"fr_FR\" \/>\n<meta property=\"og:locale:alternate\" content=\"de_DE\" \/>\n<meta property=\"og:locale:alternate\" content=\"pl_PL\" \/>\n<meta property=\"og:locale:alternate\" content=\"tr_TR\" \/>\n<meta property=\"og:locale:alternate\" content=\"uk\" \/>\n<meta property=\"og:locale:alternate\" content=\"sr_RS\" \/>\n<meta property=\"og:locale:alternate\" content=\"bg_BG\" \/>\n<meta property=\"og:type\" content=\"article\" \/>\n<meta property=\"og:title\" content=\"\u041e\u0442\u0437\u044b\u0432\u044b \u0438\u0433\u0440\u043e\u043a\u043e\u0432 \u043e live \u0438\u0433\u0440\u0435 Crazy Time\" \/>\n<meta property=\"og:description\" content=\"\u041e\u0431\u0437\u043e\u0440\u044b, \u043c\u043d\u0435\u043d\u0438\u044f \u0438 \u043e\u0442\u0437\u044b\u0432\u044b \u043d\u0430\u0441\u0442\u043e\u044f\u0449\u0438\u0445 \u0438\u0433\u0440\u043e\u043a\u043e\u0432 \u043e\u0431 \u0443\u043d\u0438\u043a\u0430\u043b\u044c\u043d\u043e\u0439 \u0438\u0433\u0440\u0435 \u0441 \u0436\u0438\u0432\u044b\u043c \u0434\u0438\u043b\u0435\u0440\u043e\u043c Crazy Time. \u0427\u0435\u0441\u0442\u043d\u043e\u0435 \u043c\u043d\u0435\u043d\u0438\u0435 \u043e Crazy Time\" \/>\n<meta property=\"og:url\" content=\"https:\/\/crazytime.com.pl\/it\/reviews\/\" \/>\n<meta property=\"og:site_name\" content=\"Crazy Time\" \/>\n<meta property=\"article:modified_time\" content=\"2024-01-17T01:09:09+00:00\" \/>\n<meta name=\"twitter:card\" content=\"summary_large_image\" \/>\n<meta name=\"twitter:label1\" content=\"Tempo di lettura stimato\" \/>\n\t<meta name=\"twitter:data1\" content=\"32 minuti\" \/>\n<script type=\"application\/ld+json\" class=\"yoast-schema-graph\">{\"@context\":\"https:\/\/schema.org\",\"@graph\":[{\"@type\":\"WebPage\",\"@id\":\"https:\/\/crazytime.com.pl\/reviews\/\",\"url\":\"https:\/\/crazytime.com.pl\/reviews\/\",\"name\":\"\u041e\u0442\u0437\u044b\u0432\u044b \u0438\u0433\u0440\u043e\u043a\u043e\u0432 \u043e live \u0438\u0433\u0440\u0435 Crazy Time\",\"isPartOf\":{\"@id\":\"https:\/\/crazytime.com.pl\/#website\"},\"datePublished\":\"2024-01-08T18:52:45+00:00\",\"dateModified\":\"2024-01-17T01:09:09+00:00\",\"description\":\"\u041e\u0431\u0437\u043e\u0440\u044b, \u043c\u043d\u0435\u043d\u0438\u044f \u0438 \u043e\u0442\u0437\u044b\u0432\u044b \u043d\u0430\u0441\u0442\u043e\u044f\u0449\u0438\u0445 \u0438\u0433\u0440\u043e\u043a\u043e\u0432 \u043e\u0431 \u0443\u043d\u0438\u043a\u0430\u043b\u044c\u043d\u043e\u0439 \u0438\u0433\u0440\u0435 \u0441 \u0436\u0438\u0432\u044b\u043c \u0434\u0438\u043b\u0435\u0440\u043e\u043c Crazy Time. \u0427\u0435\u0441\u0442\u043d\u043e\u0435 \u043c\u043d\u0435\u043d\u0438\u0435 \u043e Crazy Time\",\"breadcrumb\":{\"@id\":\"https:\/\/crazytime.com.pl\/reviews\/#breadcrumb\"},\"inLanguage\":\"it-IT\",\"potentialAction\":[{\"@type\":\"ReadAction\",\"target\":[\"https:\/\/crazytime.com.pl\/reviews\/\"]}]},{\"@type\":\"BreadcrumbList\",\"@id\":\"https:\/\/crazytime.com.pl\/reviews\/#breadcrumb\",\"itemListElement\":[{\"@type\":\"ListItem\",\"position\":1,\"name\":\"Home\",\"item\":\"https:\/\/crazytime.com.pl\/\"},{\"@type\":\"ListItem\",\"position\":2,\"name\":\"\u041e\u0442\u0437\u044b\u0432\u044b\"}]},{\"@type\":\"WebSite\",\"@id\":\"https:\/\/crazytime.com.pl\/#website\",\"url\":\"https:\/\/crazytime.com.pl\/\",\"name\":\"Crazy Time\",\"description\":\"\",\"potentialAction\":[{\"@type\":\"SearchAction\",\"target\":{\"@type\":\"EntryPoint\",\"urlTemplate\":\"https:\/\/crazytime.com.pl\/?s={search_term_string}\"},\"query-input\":{\"@type\":\"PropertyValueSpecification\",\"valueRequired\":true,\"valueName\":\"search_term_string\"}}],\"inLanguage\":\"it-IT\"}]}<\/script>\n<!-- \/ Yoast SEO plugin. -->","yoast_head_json":{"title":"\u041e\u0442\u0437\u044b\u0432\u044b \u0438\u0433\u0440\u043e\u043a\u043e\u0432 \u043e live \u0438\u0433\u0440\u0435 Crazy Time","description":"Recensioni, opinioni e feedback dei veri giocatori sul gioco unico con dealer dal vivo Crazy Time. Opinioni oneste su Crazy Time.","robots":{"index":"index","follow":"follow","max-snippet":"max-snippet:-1","max-image-preview":"max-image-preview:large","max-video-preview":"max-video-preview:-1"},"canonical":"https:\/\/crazytime.com.pl\/it\/reviews\/","og_locale":"it_IT","og_type":"article","og_title":"\u041e\u0442\u0437\u044b\u0432\u044b \u0438\u0433\u0440\u043e\u043a\u043e\u0432 \u043e live \u0438\u0433\u0440\u0435 Crazy Time","og_description":"\u041e\u0431\u0437\u043e\u0440\u044b, \u043c\u043d\u0435\u043d\u0438\u044f \u0438 \u043e\u0442\u0437\u044b\u0432\u044b \u043d\u0430\u0441\u0442\u043e\u044f\u0449\u0438\u0445 \u0438\u0433\u0440\u043e\u043a\u043e\u0432 \u043e\u0431 \u0443\u043d\u0438\u043a\u0430\u043b\u044c\u043d\u043e\u0439 \u0438\u0433\u0440\u0435 \u0441 \u0436\u0438\u0432\u044b\u043c \u0434\u0438\u043b\u0435\u0440\u043e\u043c Crazy Time. \u0427\u0435\u0441\u0442\u043d\u043e\u0435 \u043c\u043d\u0435\u043d\u0438\u0435 \u043e Crazy Time","og_url":"https:\/\/crazytime.com.pl\/it\/reviews\/","og_site_name":"Crazy Time","article_modified_time":"2024-01-17T01:09:09+00:00","twitter_card":"summary_large_image","twitter_misc":{"Tempo di lettura stimato":"32 minuti"},"schema":{"@context":"https:\/\/schema.org","@graph":[{"@type":"WebPage","@id":"https:\/\/crazytime.com.pl\/reviews\/","url":"https:\/\/crazytime.com.pl\/reviews\/","name":"\u041e\u0442\u0437\u044b\u0432\u044b \u0438\u0433\u0440\u043e\u043a\u043e\u0432 \u043e live \u0438\u0433\u0440\u0435 Crazy Time","isPartOf":{"@id":"https:\/\/crazytime.com.pl\/#website"},"datePublished":"2024-01-08T18:52:45+00:00","dateModified":"2024-01-17T01:09:09+00:00","description":"\u041e\u0431\u0437\u043e\u0440\u044b, \u043c\u043d\u0435\u043d\u0438\u044f \u0438 \u043e\u0442\u0437\u044b\u0432\u044b \u043d\u0430\u0441\u0442\u043e\u044f\u0449\u0438\u0445 \u0438\u0433\u0440\u043e\u043a\u043e\u0432 \u043e\u0431 \u0443\u043d\u0438\u043a\u0430\u043b\u044c\u043d\u043e\u0439 \u0438\u0433\u0440\u0435 \u0441 \u0436\u0438\u0432\u044b\u043c \u0434\u0438\u043b\u0435\u0440\u043e\u043c Crazy Time. \u0427\u0435\u0441\u0442\u043d\u043e\u0435 \u043c\u043d\u0435\u043d\u0438\u0435 \u043e Crazy Time","breadcrumb":{"@id":"https:\/\/crazytime.com.pl\/reviews\/#breadcrumb"},"inLanguage":"it-IT","potentialAction":[{"@type":"ReadAction","target":["https:\/\/crazytime.com.pl\/reviews\/"]}]},{"@type":"BreadcrumbList","@id":"https:\/\/crazytime.com.pl\/reviews\/#breadcrumb","itemListElement":[{"@type":"ListItem","position":1,"name":"Home","item":"https:\/\/crazytime.com.pl\/"},{"@type":"ListItem","position":2,"name":"\u041e\u0442\u0437\u044b\u0432\u044b"}]},{"@type":"WebSite","@id":"https:\/\/crazytime.com.pl\/#website","url":"https:\/\/crazytime.com.pl\/","name":"Crazy Time","description":"","potentialAction":[{"@type":"SearchAction","target":{"@type":"EntryPoint","urlTemplate":"https:\/\/crazytime.com.pl\/?s={search_term_string}"},"query-input":{"@type":"PropertyValueSpecification","valueRequired":true,"valueName":"search_term_string"}}],"inLanguage":"it-IT"}]}},"_links":{"self":[{"href":"https:\/\/crazytime.com.pl\/it\/wp-json\/wp\/v2\/pages\/10","targetHints":{"allow":["GET"]}}],"collection":[{"href":"https:\/\/crazytime.com.pl\/it\/wp-json\/wp\/v2\/pages"}],"about":[{"href":"https:\/\/crazytime.com.pl\/it\/wp-json\/wp\/v2\/types\/page"}],"author":[{"embeddable":true,"href":"https:\/\/crazytime.com.pl\/it\/wp-json\/wp\/v2\/users\/1"}],"replies":[{"embeddable":true,"href":"https:\/\/crazytime.com.pl\/it\/wp-json\/wp\/v2\/comments?post=10"}],"version-history":[{"count":24,"href":"https:\/\/crazytime.com.pl\/it\/wp-json\/wp\/v2\/pages\/10\/revisions"}],"predecessor-version":[{"id":193,"href":"https:\/\/crazytime.com.pl\/it\/wp-json\/wp\/v2\/pages\/10\/revisions\/193"}],"wp:attachment":[{"href":"https:\/\/crazytime.com.pl\/it\/wp-json\/wp\/v2\/media?parent=10"}],"curies":[{"name":"wp","href":"https:\/\/api.w.org\/{rel}","templated":true}]}}