{"id":8,"date":"2024-01-08T18:51:30","date_gmt":"2024-01-08T18:51:30","guid":{"rendered":"https:\/\/crazytime.com.pl\/?page_id=8"},"modified":"2024-01-17T00:58:32","modified_gmt":"2024-01-17T00:58:32","slug":"bonus-features-of-the-crazy-time-game","status":"publish","type":"page","link":"https:\/\/crazytime.com.pl\/fr\/bonus-features-of-the-crazy-time-game\/","title":{"rendered":"Fonctionnalit\u00e9s Bonus du Jeu Crazy Time"},"content":{"rendered":"<p>Un avantage significatif du jeu Crazy Time est la pr\u00e9sence de bonus sous la forme de quatre jeux diff\u00e9rents et d&rsquo;une fonction suppl\u00e9mentaire Top Slot avec des multiplicateurs de mise. Chaque tour de bonus offre aux joueurs diverses r\u00e9compenses mon\u00e9taires.<\/p>\n<h2>Coin Flip<\/h2>\n<p>L&rsquo;animateur du jeu dans un studio r\u00e9el avec une roue d&rsquo;argent lance une v\u00e9ritable pi\u00e8ce \u00e0 l&rsquo;aide d&rsquo;une machine sp\u00e9ciale. La pi\u00e8ce a des c\u00f4t\u00e9s bleu et rouge. Chaque c\u00f4t\u00e9 donne un gain. Avant de lancer la pi\u00e8ce, des multiplicateurs pour les c\u00f4t\u00e9s rouge et bleu sont d\u00e9termin\u00e9s de mani\u00e8re al\u00e9atoire.<\/p>\n<h2>Cash Hunt<\/h2>\n<p>Lors de l&rsquo;activation de cette option, un \u00e9cran \u00e9norme avec des multiplicateurs al\u00e9atoires appara\u00eet, pour un total de 108. Tous les multiplicateurs sont dissimul\u00e9s par des symboles choisis au hasard. Apr\u00e8s le d\u00e9but du tour, les symboles se m\u00e9langent. Le joueur doit choisir une image sous laquelle se cache le multiplicateur de mise le plus \u00e9lev\u00e9 possible.<\/p>\n<h2>Pachinko<\/h2>\n<p>Il s&rsquo;agit d&rsquo;un tour tr\u00e8s int\u00e9ressant avec de bons prix. Un mur massif avec des obstacles et une rondelle appara\u00eet devant le joueur. L&rsquo;objectif est de faire en sorte que la rondelle surmonte les obstacles et atterrisse dans une cellule avec un multiplicateur de mise ou double le multiplicateur, offrant aux joueurs des chances suppl\u00e9mentaires de gagner.<\/p>\n<h2>Crazy Time<\/h2>\n<p>Ce niveau de bonus est le moment le plus excitant du jeu. Le parieur entre dans une nouvelle localit\u00e9 virtuelle par une myst\u00e9rieuse porte rouge. Ici, une grande roue d&rsquo;argent avec des fl\u00e8ches de lancement bleue, verte et jaune est pr\u00e9sente. Les multiplicateurs pour les mises, indiqu\u00e9s par la fl\u00e8che, peuvent \u00eatre remport\u00e9s. Il y a une chance de doubler ou tripler la r\u00e9compense. Le gain maximum est jusqu&rsquo;\u00e0 x20000 mises.<\/p>\n<h2>Top Slot<\/h2>\n<p>Cette fonction de la machine \u00e0 sous offre aux joueurs des avantages suppl\u00e9mentaires pour gagner. Dans la partie sup\u00e9rieure de l&rsquo;\u00e9cran, il y a un champ auxiliaire avec une fente. Si le joueur parvient \u00e0 obtenir une r\u00e9compense num\u00e9rique de mise, un multiplicateur Top Slot suppl\u00e9mentaire lui est appliqu\u00e9, augmentant la taille du paiement.<\/p>\n<p>Parier dans le jeu Crazy Time est int\u00e9ressant, captivant et rentable. Les r\u00e8gles sont assez simples et les gains sont importants. Une large gamme de paris permet \u00e0 des joueurs avec diff\u00e9rents fonds de participer aux tours. Un joueur peut parier sur un secteur de la roue ou sur tous les secteurs ensemble. 15 secondes sont allou\u00e9es \u00e0 cela. Ensuite, l&rsquo;animateur fait tourner le tambour, lan\u00e7ant un jeu passionnant.<\/p>\n<p>La machine \u00e0 sous Crazy Time repr\u00e9sente une combinaison unique de plusieurs divertissements dans un seul mod\u00e8le de jeu. Les \u00e9normes coefficients de paiement et les incroyables opportunit\u00e9s de gain ont rendu la machine \u00e0 sous tr\u00e8s populaire parmi les visiteurs des casinos virtuels.<\/p>\n","protected":false},"excerpt":{"rendered":"<p>Un avantage significatif du jeu Crazy Time est la pr\u00e9sence de bonus sous la forme de quatre jeux diff\u00e9rents et d&rsquo;une fonction suppl\u00e9mentaire Top Slot avec des multiplicateurs de mise. Chaque tour de bonus offre aux joueurs diverses r\u00e9compenses mon\u00e9taires. Coin Flip L&rsquo;animateur du jeu dans un studio r\u00e9el avec &hellip;<\/p>\n","protected":false},"author":1,"featured_media":0,"parent":0,"menu_order":0,"comment_status":"closed","ping_status":"closed","template":"","meta":{"footnotes":""},"class_list":["post-8","page","type-page","status-publish","hentry"],"yoast_head":"<!-- This site is optimized with the Yoast SEO plugin v27.2 - https:\/\/yoast.com\/product\/yoast-seo-wordpress\/ -->\n<title>\u0411\u043e\u043d\u0443\u0441\u0438 \u0432 \u0436\u0438\u0432\u0430\u0442\u0430 \u0438\u0433\u0440\u0430 Crazy Time<\/title>\n<meta name=\"description\" content=\"Coin Flip, Cash Hunt, Pachinko, Crazy Time et autres bonus dans le passionnant jeu Crazy Time. Bonus gratuits dans le jeu Crazy Time - comment les obtenir et gagner.\" \/>\n<meta name=\"robots\" content=\"index, follow, max-snippet:-1, max-image-preview:large, max-video-preview:-1\" \/>\n<link rel=\"canonical\" href=\"https:\/\/crazytime.com.pl\/fr\/bonus-features-of-the-crazy-time-game\/\" \/>\n<meta property=\"og:locale\" content=\"fr_FR\" \/>\n<meta property=\"og:locale:alternate\" content=\"ru_RU\" \/>\n<meta property=\"og:locale:alternate\" content=\"en_US\" \/>\n<meta property=\"og:locale:alternate\" content=\"pt_PT\" \/>\n<meta property=\"og:locale:alternate\" content=\"es_ES\" \/>\n<meta property=\"og:locale:alternate\" content=\"de_DE\" \/>\n<meta property=\"og:locale:alternate\" content=\"pl_PL\" \/>\n<meta property=\"og:locale:alternate\" content=\"tr_TR\" \/>\n<meta property=\"og:locale:alternate\" content=\"it_IT\" \/>\n<meta property=\"og:locale:alternate\" content=\"uk\" \/>\n<meta property=\"og:locale:alternate\" content=\"sr_RS\" \/>\n<meta property=\"og:locale:alternate\" content=\"bg_BG\" \/>\n<meta property=\"og:type\" content=\"article\" \/>\n<meta property=\"og:title\" content=\"\u0411\u043e\u043d\u0443\u0441\u0438 \u0432 \u0436\u0438\u0432\u0430\u0442\u0430 \u0438\u0433\u0440\u0430 Crazy Time\" \/>\n<meta property=\"og:description\" content=\"Coin Flip, Cash Hunt, Pachinko, Crazy Time \u0438 \u0434\u0440\u0443\u0433\u0438 \u0431\u043e\u043d\u0443\u0441\u0438 \u0432 \u0443\u0432\u043b\u0435\u043a\u0430\u0442\u0435\u043b\u043d\u0430\u0442\u0430 \u0438\u0433\u0440\u0430 Crazy Time. \u0421\u0432\u043e\u0431\u043e\u0434\u043d\u0438 \u0431\u043e\u043d\u0443\u0441\u0438 \u0432 \u0438\u0433\u0440\u0430\u0442\u0430 Crazy Time - \u043a\u0430\u043a \u0434\u0430 \u0433\u0438 \u043f\u043e\u043b\u0443\u0447\u0438\u0442\u0435 \u0438 \u0441\u043f\u0435\u0447\u0435\u043b\u0438\u0442\u0435\" \/>\n<meta property=\"og:url\" content=\"https:\/\/crazytime.com.pl\/fr\/bonus-features-of-the-crazy-time-game\/\" \/>\n<meta property=\"og:site_name\" content=\"Crazy Time\" \/>\n<meta property=\"article:modified_time\" content=\"2024-01-17T00:58:32+00:00\" \/>\n<meta name=\"twitter:card\" content=\"summary_large_image\" \/>\n<meta name=\"twitter:label1\" content=\"Dur\u00e9e de lecture estim\u00e9e\" \/>\n\t<meta name=\"twitter:data1\" content=\"18 minutes\" \/>\n<script type=\"application\/ld+json\" class=\"yoast-schema-graph\">{\"@context\":\"https:\/\/schema.org\",\"@graph\":[{\"@type\":\"WebPage\",\"@id\":\"https:\/\/crazytime.com.pl\/bg\/bonus-features-of-the-crazy-time-game\/\",\"url\":\"https:\/\/crazytime.com.pl\/bg\/bonus-features-of-the-crazy-time-game\/\",\"name\":\"\u0411\u043e\u043d\u0443\u0441\u0438 \u0432 \u0436\u0438\u0432\u0430\u0442\u0430 \u0438\u0433\u0440\u0430 Crazy Time\",\"isPartOf\":{\"@id\":\"https:\/\/crazytime.com.pl\/#website\"},\"datePublished\":\"2024-01-08T18:51:30+00:00\",\"dateModified\":\"2024-01-17T00:58:32+00:00\",\"description\":\"Coin Flip, Cash Hunt, Pachinko, Crazy Time \u0438 \u0434\u0440\u0443\u0433\u0438 \u0431\u043e\u043d\u0443\u0441\u0438 \u0432 \u0443\u0432\u043b\u0435\u043a\u0430\u0442\u0435\u043b\u043d\u0430\u0442\u0430 \u0438\u0433\u0440\u0430 Crazy Time. \u0421\u0432\u043e\u0431\u043e\u0434\u043d\u0438 \u0431\u043e\u043d\u0443\u0441\u0438 \u0432 \u0438\u0433\u0440\u0430\u0442\u0430 Crazy Time - \u043a\u0430\u043a \u0434\u0430 \u0433\u0438 \u043f\u043e\u043b\u0443\u0447\u0438\u0442\u0435 \u0438 \u0441\u043f\u0435\u0447\u0435\u043b\u0438\u0442\u0435\",\"breadcrumb\":{\"@id\":\"https:\/\/crazytime.com.pl\/bg\/bonus-features-of-the-crazy-time-game\/#breadcrumb\"},\"inLanguage\":\"fr-FR\",\"potentialAction\":[{\"@type\":\"ReadAction\",\"target\":[\"https:\/\/crazytime.com.pl\/bg\/bonus-features-of-the-crazy-time-game\/\"]}]},{\"@type\":\"BreadcrumbList\",\"@id\":\"https:\/\/crazytime.com.pl\/bg\/bonus-features-of-the-crazy-time-game\/#breadcrumb\",\"itemListElement\":[{\"@type\":\"ListItem\",\"position\":1,\"name\":\"Home\",\"item\":\"https:\/\/crazytime.com.pl\/\"},{\"@type\":\"ListItem\",\"position\":2,\"name\":\"\u0411\u043e\u043d\u0443\u0441 \u0444\u0443\u043d\u043a\u0446\u0438\u0438 \u043d\u0430 \u0438\u0433\u0440\u0430\u0442\u0430 Crazy Time\"}]},{\"@type\":\"WebSite\",\"@id\":\"https:\/\/crazytime.com.pl\/#website\",\"url\":\"https:\/\/crazytime.com.pl\/\",\"name\":\"Crazy Time\",\"description\":\"\",\"potentialAction\":[{\"@type\":\"SearchAction\",\"target\":{\"@type\":\"EntryPoint\",\"urlTemplate\":\"https:\/\/crazytime.com.pl\/?s={search_term_string}\"},\"query-input\":{\"@type\":\"PropertyValueSpecification\",\"valueRequired\":true,\"valueName\":\"search_term_string\"}}],\"inLanguage\":\"fr-FR\"}]}<\/script>\n<!-- \/ Yoast SEO plugin. -->","yoast_head_json":{"title":"\u0411\u043e\u043d\u0443\u0441\u0438 \u0432 \u0436\u0438\u0432\u0430\u0442\u0430 \u0438\u0433\u0440\u0430 Crazy Time","description":"Coin Flip, Cash Hunt, Pachinko, Crazy Time et autres bonus dans le passionnant jeu Crazy Time. Bonus gratuits dans le jeu Crazy Time - comment les obtenir et gagner.","robots":{"index":"index","follow":"follow","max-snippet":"max-snippet:-1","max-image-preview":"max-image-preview:large","max-video-preview":"max-video-preview:-1"},"canonical":"https:\/\/crazytime.com.pl\/fr\/bonus-features-of-the-crazy-time-game\/","og_locale":"fr_FR","og_type":"article","og_title":"\u0411\u043e\u043d\u0443\u0441\u0438 \u0432 \u0436\u0438\u0432\u0430\u0442\u0430 \u0438\u0433\u0440\u0430 Crazy Time","og_description":"Coin Flip, Cash Hunt, Pachinko, Crazy Time \u0438 \u0434\u0440\u0443\u0433\u0438 \u0431\u043e\u043d\u0443\u0441\u0438 \u0432 \u0443\u0432\u043b\u0435\u043a\u0430\u0442\u0435\u043b\u043d\u0430\u0442\u0430 \u0438\u0433\u0440\u0430 Crazy Time. \u0421\u0432\u043e\u0431\u043e\u0434\u043d\u0438 \u0431\u043e\u043d\u0443\u0441\u0438 \u0432 \u0438\u0433\u0440\u0430\u0442\u0430 Crazy Time - \u043a\u0430\u043a \u0434\u0430 \u0433\u0438 \u043f\u043e\u043b\u0443\u0447\u0438\u0442\u0435 \u0438 \u0441\u043f\u0435\u0447\u0435\u043b\u0438\u0442\u0435","og_url":"https:\/\/crazytime.com.pl\/fr\/bonus-features-of-the-crazy-time-game\/","og_site_name":"Crazy Time","article_modified_time":"2024-01-17T00:58:32+00:00","twitter_card":"summary_large_image","twitter_misc":{"Dur\u00e9e de lecture estim\u00e9e":"18 minutes"},"schema":{"@context":"https:\/\/schema.org","@graph":[{"@type":"WebPage","@id":"https:\/\/crazytime.com.pl\/bg\/bonus-features-of-the-crazy-time-game\/","url":"https:\/\/crazytime.com.pl\/bg\/bonus-features-of-the-crazy-time-game\/","name":"\u0411\u043e\u043d\u0443\u0441\u0438 \u0432 \u0436\u0438\u0432\u0430\u0442\u0430 \u0438\u0433\u0440\u0430 Crazy Time","isPartOf":{"@id":"https:\/\/crazytime.com.pl\/#website"},"datePublished":"2024-01-08T18:51:30+00:00","dateModified":"2024-01-17T00:58:32+00:00","description":"Coin Flip, Cash Hunt, Pachinko, Crazy Time \u0438 \u0434\u0440\u0443\u0433\u0438 \u0431\u043e\u043d\u0443\u0441\u0438 \u0432 \u0443\u0432\u043b\u0435\u043a\u0430\u0442\u0435\u043b\u043d\u0430\u0442\u0430 \u0438\u0433\u0440\u0430 Crazy Time. \u0421\u0432\u043e\u0431\u043e\u0434\u043d\u0438 \u0431\u043e\u043d\u0443\u0441\u0438 \u0432 \u0438\u0433\u0440\u0430\u0442\u0430 Crazy Time - \u043a\u0430\u043a \u0434\u0430 \u0433\u0438 \u043f\u043e\u043b\u0443\u0447\u0438\u0442\u0435 \u0438 \u0441\u043f\u0435\u0447\u0435\u043b\u0438\u0442\u0435","breadcrumb":{"@id":"https:\/\/crazytime.com.pl\/bg\/bonus-features-of-the-crazy-time-game\/#breadcrumb"},"inLanguage":"fr-FR","potentialAction":[{"@type":"ReadAction","target":["https:\/\/crazytime.com.pl\/bg\/bonus-features-of-the-crazy-time-game\/"]}]},{"@type":"BreadcrumbList","@id":"https:\/\/crazytime.com.pl\/bg\/bonus-features-of-the-crazy-time-game\/#breadcrumb","itemListElement":[{"@type":"ListItem","position":1,"name":"Home","item":"https:\/\/crazytime.com.pl\/"},{"@type":"ListItem","position":2,"name":"\u0411\u043e\u043d\u0443\u0441 \u0444\u0443\u043d\u043a\u0446\u0438\u0438 \u043d\u0430 \u0438\u0433\u0440\u0430\u0442\u0430 Crazy Time"}]},{"@type":"WebSite","@id":"https:\/\/crazytime.com.pl\/#website","url":"https:\/\/crazytime.com.pl\/","name":"Crazy Time","description":"","potentialAction":[{"@type":"SearchAction","target":{"@type":"EntryPoint","urlTemplate":"https:\/\/crazytime.com.pl\/?s={search_term_string}"},"query-input":{"@type":"PropertyValueSpecification","valueRequired":true,"valueName":"search_term_string"}}],"inLanguage":"fr-FR"}]}},"_links":{"self":[{"href":"https:\/\/crazytime.com.pl\/fr\/wp-json\/wp\/v2\/pages\/8","targetHints":{"allow":["GET"]}}],"collection":[{"href":"https:\/\/crazytime.com.pl\/fr\/wp-json\/wp\/v2\/pages"}],"about":[{"href":"https:\/\/crazytime.com.pl\/fr\/wp-json\/wp\/v2\/types\/page"}],"author":[{"embeddable":true,"href":"https:\/\/crazytime.com.pl\/fr\/wp-json\/wp\/v2\/users\/1"}],"replies":[{"embeddable":true,"href":"https:\/\/crazytime.com.pl\/fr\/wp-json\/wp\/v2\/comments?post=8"}],"version-history":[{"count":25,"href":"https:\/\/crazytime.com.pl\/fr\/wp-json\/wp\/v2\/pages\/8\/revisions"}],"predecessor-version":[{"id":183,"href":"https:\/\/crazytime.com.pl\/fr\/wp-json\/wp\/v2\/pages\/8\/revisions\/183"}],"wp:attachment":[{"href":"https:\/\/crazytime.com.pl\/fr\/wp-json\/wp\/v2\/media?parent=8"}],"curies":[{"name":"wp","href":"https:\/\/api.w.org\/{rel}","templated":true}]}}