{"id":6,"date":"2024-01-08T18:50:22","date_gmt":"2024-01-08T18:50:22","guid":{"rendered":"https:\/\/crazytime.com.pl\/?page_id=6"},"modified":"2024-01-17T01:01:09","modified_gmt":"2024-01-17T01:01:09","slug":"crazy-time","status":"publish","type":"page","link":"https:\/\/crazytime.com.pl\/fr\/","title":{"rendered":"Avantages et Caract\u00e9ristiques du Jeu en Direct Crazy Time"},"content":{"rendered":"<p>Dans la gamme de machines \u00e0 sous de la c\u00e9l\u00e8bre soci\u00e9t\u00e9 Evolution Gaming, le jeu Crazy Time m\u00e9rite une attention particuli\u00e8re. Il s&rsquo;agit d&rsquo;un jeu avec des tours bonus uniques, des multiplicateurs importants et des gains substantiels. Ce divertissement passionnant se d\u00e9roule en temps r\u00e9el. L&rsquo;essence du jeu est bas\u00e9e sur le principe de la roue d&rsquo;argent Dream Catcher, mais le jeu propose des tours bonus uniques &#8211; Coin Flip, Cash Hunt, Pachinko et Crazy Time. Ce sont quatre opportunit\u00e9s suppl\u00e9mentaires de remporter le jackpot dans un casino en ligne. Les tours se d\u00e9roulent avec la participation d&rsquo;un croupier professionnel, et la machine \u00e0 sous ne peut \u00eatre jou\u00e9e qu&rsquo;avec de la monnaie r\u00e9elle ; il n&rsquo;y a pas de version d\u00e9mo.<\/p>\n<h2>Caract\u00e9ristiques et particularit\u00e9s de la machine \u00e0 sous Crazy Time<\/h2>\n<p>Apr\u00e8s le lancement de la machine \u00e0 sous vid\u00e9o Crazy Time, un \u00e9norme tambour d&rsquo;argent appara\u00eet devant le parieur, divis\u00e9 en 54 secteurs. Les segments portent les num\u00e9ros 1, 2, 5 ou 10, ainsi que des symboles repr\u00e9sentant l&rsquo;un des quatre tours bonus. Les chiffres et les symboles ont des valeurs diff\u00e9rentes et sont r\u00e9partis de mani\u00e8re in\u00e9gale sur le tambour de jeu.<\/p>\n<p>La roue d&rsquo;argent contient 21 secteurs avec un coefficient de x1, 13 segments avec x2, 7 secteurs avec x5, et 4 segments avec un multiplicateur de x10. Les symboles bonus des tours de machine \u00e0 sous Coin Flip, Cash Hunt, Pachinko et Crazy Time occupent respectivement 4, 2, 2 et 1 secteur sur le tambour. Le gain lorsque ces cellules apparaissent atteint x5000, x10000, x10000 et x20000 mises, ce qui est une r\u00e9compense assez g\u00e9n\u00e9reuse pour les parieurs. Il est tout \u00e0 fait possible d&rsquo;atterrir dans les secteurs de r\u00e9compense ; les chances des joueurs sont de 16% sur 100% &#8211; chaque 6-7 tours de la roue d&rsquo;argent apportent un bonus. Un croupier en direct, ou animateur, fait tourner le tambour dans diff\u00e9rentes directions dans Crazy Time. Les principales caract\u00e9ristiques et param\u00e8tres du jeu Crazy Time :<\/p>\n<ul>\n<li>Date de sortie du jeu \u2013 2020 ;<\/li>\n<li>D\u00e9veloppeur \u2013 Evolution Gaming ;<\/li>\n<li>Type de jeu \u2013 jeu en temps r\u00e9el ;<\/li>\n<li>Pourcentage th\u00e9orique de retour au joueur \u2013 95,5% ;<\/li>\n<li>Gain maximum possible \u2013 x25000 mises ;<\/li>\n<li>Champ de jeu \u2013 54 secteurs avec des chiffres et des symboles ;<\/li>\n<li>Quatre tours bonus avec des r\u00e9compenses diff\u00e9rentes ;<\/li>\n<li>Prise en charge sur PC et appareils mobiles ;<\/li>\n<li>Diffusions vid\u00e9o en direct des tours de jeu ;<\/li>\n<li>Plage de paris \u2013 de 0,1 \u00e0 100 euros (livres, dollars) ;<\/li>\n<li>Fonction sp\u00e9ciale Top Slot avec des multiplicateurs de mise.<\/li>\n<\/ul>\n<p>Le tambour color\u00e9 \u00e9norme avec des segments lumineux peut r\u00e9compenser le joueur avec des gains en esp\u00e8ces substantiels. L&rsquo;attrait du gameplay est renforc\u00e9 par la r\u00e9alisation des tours en format live avec la participation d&rsquo;un v\u00e9ritable croupier. La machine \u00e0 sous vid\u00e9o propose des fonctionnalit\u00e9s bonus uniques capables d&rsquo;augmenter consid\u00e9rablement les gains du parieur. La machine \u00e0 sous peut \u00eatre jou\u00e9e dans les casinos en ligne avec une cat\u00e9gorie de jeux en direct et le logiciel de la soci\u00e9t\u00e9 de d\u00e9veloppement de la machine \u00e0 sous.<\/p>\n","protected":false},"excerpt":{"rendered":"<p>Dans la gamme de machines \u00e0 sous de la c\u00e9l\u00e8bre soci\u00e9t\u00e9 Evolution Gaming, le jeu Crazy Time m\u00e9rite une attention particuli\u00e8re. Il s&rsquo;agit d&rsquo;un jeu avec des tours bonus uniques, des multiplicateurs importants et des gains substantiels. Ce divertissement passionnant se d\u00e9roule en temps r\u00e9el. L&rsquo;essence du jeu est bas\u00e9e &hellip;<\/p>\n","protected":false},"author":1,"featured_media":163,"parent":0,"menu_order":0,"comment_status":"closed","ping_status":"closed","template":"","meta":{"footnotes":""},"class_list":["post-6","page","type-page","status-publish","has-post-thumbnail","hentry"],"yoast_head":"<!-- This site is optimized with the Yoast SEO plugin v27.2 - https:\/\/yoast.com\/product\/yoast-seo-wordpress\/ -->\n<title>\u0418\u0433\u0440\u0430 \u043d\u0430 \u043e\u043d\u043b\u0430\u0439\u043d \u0438\u0433\u0440\u0430\u0442\u0430 Crazy Time \u0432 \u043e\u043d\u043b\u0430\u0439\u043d \u043a\u0430\u0437\u0438\u043d\u043e.<\/title>\n<meta name=\"description\" content=\"Jouer pour de l&#039;argent r\u00e9el dans le jeu en direct Crazy Time sur un casino en ligne. Pr\u00e9dire le r\u00e9sultat, t\u00e9l\u00e9charger l&#039;application sur iPhone et Android, placer des paris, jeu en direct\" \/>\n<meta name=\"robots\" content=\"index, follow, max-snippet:-1, max-image-preview:large, max-video-preview:-1\" \/>\n<link rel=\"canonical\" href=\"https:\/\/crazytime.com.pl\/fr\/\" \/>\n<meta property=\"og:locale\" content=\"fr_FR\" \/>\n<meta property=\"og:locale:alternate\" content=\"ru_RU\" \/>\n<meta property=\"og:locale:alternate\" content=\"en_US\" \/>\n<meta property=\"og:locale:alternate\" content=\"pt_PT\" \/>\n<meta property=\"og:locale:alternate\" content=\"es_ES\" \/>\n<meta property=\"og:locale:alternate\" content=\"de_DE\" \/>\n<meta property=\"og:locale:alternate\" content=\"pl_PL\" \/>\n<meta property=\"og:locale:alternate\" content=\"tr_TR\" \/>\n<meta property=\"og:locale:alternate\" content=\"it_IT\" \/>\n<meta property=\"og:locale:alternate\" content=\"uk\" \/>\n<meta property=\"og:locale:alternate\" content=\"sr_RS\" \/>\n<meta property=\"og:locale:alternate\" content=\"bg_BG\" \/>\n<meta property=\"og:type\" content=\"article\" \/>\n<meta property=\"og:title\" content=\"\u0418\u0433\u0440\u0430 \u043d\u0430 \u043e\u043d\u043b\u0430\u0439\u043d \u0438\u0433\u0440\u0430\u0442\u0430 Crazy Time \u0432 \u043e\u043d\u043b\u0430\u0439\u043d \u043a\u0430\u0437\u0438\u043d\u043e.\" \/>\n<meta property=\"og:description\" content=\"\u0418\u0433\u0440\u0430 \u0437\u0430 \u0438\u0441\u0442\u0438\u043d\u0441\u043a\u0438 \u043f\u0430\u0440\u0438 \u0432 \u0436\u0438\u0432\u0430\u0442\u0430 \u0438\u0433\u0440\u0430 Crazy Time \u0432 \u043e\u043d\u043b\u0430\u0439\u043d \u043a\u0430\u0437\u0438\u043d\u043e. \u041f\u0440\u0435\u0434\u0432\u0438\u0436\u0434\u0430\u043d\u0435 \u043d\u0430 \u0440\u0435\u0437\u0443\u043b\u0442\u0430\u0442\u0430, \u0438\u0437\u0442\u0435\u0433\u043b\u044f\u043d\u0435 \u043d\u0430 \u043f\u0440\u0438\u043b\u043e\u0436\u0435\u043d\u0438\u0435\u0442\u043e \u0437\u0430 iPhone \u0438 Android, \u043f\u043e\u0441\u0442\u0430\u0432\u044f\u043d\u0435 \u043d\u0430 \u0437\u0430\u043b\u043e\u0437\u0438, \u0436\u0438\u0432\u0430 \u0438\u0433\u0440\u0430.\" \/>\n<meta property=\"og:url\" content=\"https:\/\/crazytime.com.pl\/fr\/\" \/>\n<meta property=\"og:site_name\" content=\"Crazy Time\" \/>\n<meta property=\"article:modified_time\" content=\"2024-01-17T01:01:09+00:00\" \/>\n<meta property=\"og:image\" content=\"https:\/\/crazytime.com.pl\/wp-content\/uploads\/crazy-time.webp\" \/>\n\t<meta property=\"og:image:width\" content=\"2354\" \/>\n\t<meta property=\"og:image:height\" content=\"981\" \/>\n\t<meta property=\"og:image:type\" content=\"image\/webp\" \/>\n<meta name=\"twitter:card\" content=\"summary_large_image\" \/>\n<meta name=\"twitter:label1\" content=\"Dur\u00e9e de lecture estim\u00e9e\" \/>\n\t<meta name=\"twitter:data1\" content=\"19 minutes\" \/>\n<script type=\"application\/ld+json\" class=\"yoast-schema-graph\">{\"@context\":\"https:\/\/schema.org\",\"@graph\":[{\"@type\":\"WebPage\",\"@id\":\"https:\/\/crazytime.com.pl\/\",\"url\":\"https:\/\/crazytime.com.pl\/\",\"name\":\"\u0418\u0433\u0440\u0430 \u043d\u0430 \u043e\u043d\u043b\u0430\u0439\u043d \u0438\u0433\u0440\u0430\u0442\u0430 Crazy Time \u0432 \u043e\u043d\u043b\u0430\u0439\u043d \u043a\u0430\u0437\u0438\u043d\u043e.\",\"isPartOf\":{\"@id\":\"https:\/\/crazytime.com.pl\/#website\"},\"primaryImageOfPage\":{\"@id\":\"https:\/\/crazytime.com.pl\/#primaryimage\"},\"image\":{\"@id\":\"https:\/\/crazytime.com.pl\/#primaryimage\"},\"thumbnailUrl\":\"https:\/\/crazytime.com.pl\/wp-content\/uploads\/crazy-time.webp\",\"datePublished\":\"2024-01-08T18:50:22+00:00\",\"dateModified\":\"2024-01-17T01:01:09+00:00\",\"description\":\"\u0418\u0433\u0440\u0430 \u0437\u0430 \u0438\u0441\u0442\u0438\u043d\u0441\u043a\u0438 \u043f\u0430\u0440\u0438 \u0432 \u0436\u0438\u0432\u0430\u0442\u0430 \u0438\u0433\u0440\u0430 Crazy Time \u0432 \u043e\u043d\u043b\u0430\u0439\u043d \u043a\u0430\u0437\u0438\u043d\u043e. \u041f\u0440\u0435\u0434\u0432\u0438\u0436\u0434\u0430\u043d\u0435 \u043d\u0430 \u0440\u0435\u0437\u0443\u043b\u0442\u0430\u0442\u0430, \u0438\u0437\u0442\u0435\u0433\u043b\u044f\u043d\u0435 \u043d\u0430 \u043f\u0440\u0438\u043b\u043e\u0436\u0435\u043d\u0438\u0435\u0442\u043e \u0437\u0430 iPhone \u0438 Android, \u043f\u043e\u0441\u0442\u0430\u0432\u044f\u043d\u0435 \u043d\u0430 \u0437\u0430\u043b\u043e\u0437\u0438, \u0436\u0438\u0432\u0430 \u0438\u0433\u0440\u0430.\",\"breadcrumb\":{\"@id\":\"https:\/\/crazytime.com.pl\/#breadcrumb\"},\"inLanguage\":\"fr-FR\",\"potentialAction\":[{\"@type\":\"ReadAction\",\"target\":[\"https:\/\/crazytime.com.pl\/\"]}]},{\"@type\":\"ImageObject\",\"inLanguage\":\"fr-FR\",\"@id\":\"https:\/\/crazytime.com.pl\/#primaryimage\",\"url\":\"https:\/\/crazytime.com.pl\/wp-content\/uploads\/crazy-time.webp\",\"contentUrl\":\"https:\/\/crazytime.com.pl\/wp-content\/uploads\/crazy-time.webp\",\"width\":2354,\"height\":981},{\"@type\":\"BreadcrumbList\",\"@id\":\"https:\/\/crazytime.com.pl\/#breadcrumb\",\"itemListElement\":[{\"@type\":\"ListItem\",\"position\":1,\"name\":\"Home\",\"item\":\"https:\/\/crazytime.com.pl\/\"},{\"@type\":\"ListItem\",\"position\":2,\"name\":\"\u041f\u0440\u0435\u0434\u0438\u043c\u0441\u0442\u0432\u0430 \u0438 \u0445\u0430\u0440\u0430\u043a\u0442\u0435\u0440\u0438\u0441\u0442\u0438\u043a\u0438 \u043d\u0430 \u0436\u0438\u0432\u0430\u0442\u0430 \u0438\u0433\u0440\u0430 Crazy Time\"}]},{\"@type\":\"WebSite\",\"@id\":\"https:\/\/crazytime.com.pl\/#website\",\"url\":\"https:\/\/crazytime.com.pl\/\",\"name\":\"Crazy Time\",\"description\":\"\",\"potentialAction\":[{\"@type\":\"SearchAction\",\"target\":{\"@type\":\"EntryPoint\",\"urlTemplate\":\"https:\/\/crazytime.com.pl\/?s={search_term_string}\"},\"query-input\":{\"@type\":\"PropertyValueSpecification\",\"valueRequired\":true,\"valueName\":\"search_term_string\"}}],\"inLanguage\":\"fr-FR\"}]}<\/script>\n<!-- \/ Yoast SEO plugin. -->","yoast_head_json":{"title":"\u0418\u0433\u0440\u0430 \u043d\u0430 \u043e\u043d\u043b\u0430\u0439\u043d \u0438\u0433\u0440\u0430\u0442\u0430 Crazy Time \u0432 \u043e\u043d\u043b\u0430\u0439\u043d \u043a\u0430\u0437\u0438\u043d\u043e.","description":"Jouer pour de l'argent r\u00e9el dans le jeu en direct Crazy Time sur un casino en ligne. Pr\u00e9dire le r\u00e9sultat, t\u00e9l\u00e9charger l'application sur iPhone et Android, placer des paris, jeu en direct","robots":{"index":"index","follow":"follow","max-snippet":"max-snippet:-1","max-image-preview":"max-image-preview:large","max-video-preview":"max-video-preview:-1"},"canonical":"https:\/\/crazytime.com.pl\/fr\/","og_locale":"fr_FR","og_type":"article","og_title":"\u0418\u0433\u0440\u0430 \u043d\u0430 \u043e\u043d\u043b\u0430\u0439\u043d \u0438\u0433\u0440\u0430\u0442\u0430 Crazy Time \u0432 \u043e\u043d\u043b\u0430\u0439\u043d \u043a\u0430\u0437\u0438\u043d\u043e.","og_description":"\u0418\u0433\u0440\u0430 \u0437\u0430 \u0438\u0441\u0442\u0438\u043d\u0441\u043a\u0438 \u043f\u0430\u0440\u0438 \u0432 \u0436\u0438\u0432\u0430\u0442\u0430 \u0438\u0433\u0440\u0430 Crazy Time \u0432 \u043e\u043d\u043b\u0430\u0439\u043d \u043a\u0430\u0437\u0438\u043d\u043e. \u041f\u0440\u0435\u0434\u0432\u0438\u0436\u0434\u0430\u043d\u0435 \u043d\u0430 \u0440\u0435\u0437\u0443\u043b\u0442\u0430\u0442\u0430, \u0438\u0437\u0442\u0435\u0433\u043b\u044f\u043d\u0435 \u043d\u0430 \u043f\u0440\u0438\u043b\u043e\u0436\u0435\u043d\u0438\u0435\u0442\u043e \u0437\u0430 iPhone \u0438 Android, \u043f\u043e\u0441\u0442\u0430\u0432\u044f\u043d\u0435 \u043d\u0430 \u0437\u0430\u043b\u043e\u0437\u0438, \u0436\u0438\u0432\u0430 \u0438\u0433\u0440\u0430.","og_url":"https:\/\/crazytime.com.pl\/fr\/","og_site_name":"Crazy Time","article_modified_time":"2024-01-17T01:01:09+00:00","og_image":[{"width":2354,"height":981,"url":"https:\/\/crazytime.com.pl\/wp-content\/uploads\/crazy-time.webp","type":"image\/webp"}],"twitter_card":"summary_large_image","twitter_misc":{"Dur\u00e9e de lecture estim\u00e9e":"19 minutes"},"schema":{"@context":"https:\/\/schema.org","@graph":[{"@type":"WebPage","@id":"https:\/\/crazytime.com.pl\/","url":"https:\/\/crazytime.com.pl\/","name":"\u0418\u0433\u0440\u0430 \u043d\u0430 \u043e\u043d\u043b\u0430\u0439\u043d \u0438\u0433\u0440\u0430\u0442\u0430 Crazy Time \u0432 \u043e\u043d\u043b\u0430\u0439\u043d \u043a\u0430\u0437\u0438\u043d\u043e.","isPartOf":{"@id":"https:\/\/crazytime.com.pl\/#website"},"primaryImageOfPage":{"@id":"https:\/\/crazytime.com.pl\/#primaryimage"},"image":{"@id":"https:\/\/crazytime.com.pl\/#primaryimage"},"thumbnailUrl":"https:\/\/crazytime.com.pl\/wp-content\/uploads\/crazy-time.webp","datePublished":"2024-01-08T18:50:22+00:00","dateModified":"2024-01-17T01:01:09+00:00","description":"\u0418\u0433\u0440\u0430 \u0437\u0430 \u0438\u0441\u0442\u0438\u043d\u0441\u043a\u0438 \u043f\u0430\u0440\u0438 \u0432 \u0436\u0438\u0432\u0430\u0442\u0430 \u0438\u0433\u0440\u0430 Crazy Time \u0432 \u043e\u043d\u043b\u0430\u0439\u043d \u043a\u0430\u0437\u0438\u043d\u043e. \u041f\u0440\u0435\u0434\u0432\u0438\u0436\u0434\u0430\u043d\u0435 \u043d\u0430 \u0440\u0435\u0437\u0443\u043b\u0442\u0430\u0442\u0430, \u0438\u0437\u0442\u0435\u0433\u043b\u044f\u043d\u0435 \u043d\u0430 \u043f\u0440\u0438\u043b\u043e\u0436\u0435\u043d\u0438\u0435\u0442\u043e \u0437\u0430 iPhone \u0438 Android, \u043f\u043e\u0441\u0442\u0430\u0432\u044f\u043d\u0435 \u043d\u0430 \u0437\u0430\u043b\u043e\u0437\u0438, \u0436\u0438\u0432\u0430 \u0438\u0433\u0440\u0430.","breadcrumb":{"@id":"https:\/\/crazytime.com.pl\/#breadcrumb"},"inLanguage":"fr-FR","potentialAction":[{"@type":"ReadAction","target":["https:\/\/crazytime.com.pl\/"]}]},{"@type":"ImageObject","inLanguage":"fr-FR","@id":"https:\/\/crazytime.com.pl\/#primaryimage","url":"https:\/\/crazytime.com.pl\/wp-content\/uploads\/crazy-time.webp","contentUrl":"https:\/\/crazytime.com.pl\/wp-content\/uploads\/crazy-time.webp","width":2354,"height":981},{"@type":"BreadcrumbList","@id":"https:\/\/crazytime.com.pl\/#breadcrumb","itemListElement":[{"@type":"ListItem","position":1,"name":"Home","item":"https:\/\/crazytime.com.pl\/"},{"@type":"ListItem","position":2,"name":"\u041f\u0440\u0435\u0434\u0438\u043c\u0441\u0442\u0432\u0430 \u0438 \u0445\u0430\u0440\u0430\u043a\u0442\u0435\u0440\u0438\u0441\u0442\u0438\u043a\u0438 \u043d\u0430 \u0436\u0438\u0432\u0430\u0442\u0430 \u0438\u0433\u0440\u0430 Crazy Time"}]},{"@type":"WebSite","@id":"https:\/\/crazytime.com.pl\/#website","url":"https:\/\/crazytime.com.pl\/","name":"Crazy Time","description":"","potentialAction":[{"@type":"SearchAction","target":{"@type":"EntryPoint","urlTemplate":"https:\/\/crazytime.com.pl\/?s={search_term_string}"},"query-input":{"@type":"PropertyValueSpecification","valueRequired":true,"valueName":"search_term_string"}}],"inLanguage":"fr-FR"}]}},"_links":{"self":[{"href":"https:\/\/crazytime.com.pl\/fr\/wp-json\/wp\/v2\/pages\/6","targetHints":{"allow":["GET"]}}],"collection":[{"href":"https:\/\/crazytime.com.pl\/fr\/wp-json\/wp\/v2\/pages"}],"about":[{"href":"https:\/\/crazytime.com.pl\/fr\/wp-json\/wp\/v2\/types\/page"}],"author":[{"embeddable":true,"href":"https:\/\/crazytime.com.pl\/fr\/wp-json\/wp\/v2\/users\/1"}],"replies":[{"embeddable":true,"href":"https:\/\/crazytime.com.pl\/fr\/wp-json\/wp\/v2\/comments?post=6"}],"version-history":[{"count":26,"href":"https:\/\/crazytime.com.pl\/fr\/wp-json\/wp\/v2\/pages\/6\/revisions"}],"predecessor-version":[{"id":185,"href":"https:\/\/crazytime.com.pl\/fr\/wp-json\/wp\/v2\/pages\/6\/revisions\/185"}],"wp:featuredmedia":[{"embeddable":true,"href":"https:\/\/crazytime.com.pl\/fr\/wp-json\/wp\/v2\/media\/163"}],"wp:attachment":[{"href":"https:\/\/crazytime.com.pl\/fr\/wp-json\/wp\/v2\/media?parent=6"}],"curies":[{"name":"wp","href":"https:\/\/api.w.org\/{rel}","templated":true}]}}