{"id":18,"date":"2024-01-08T18:56:27","date_gmt":"2024-01-08T18:56:27","guid":{"rendered":"https:\/\/crazytime.com.pl\/?page_id=18"},"modified":"2024-01-17T01:07:10","modified_gmt":"2024-01-17T01:07:10","slug":"about-us","status":"publish","type":"page","link":"https:\/\/crazytime.com.pl\/fr\/about-us\/","title":{"rendered":"\u00c0 Propos de Nous"},"content":{"rendered":"<p>Bienvenue sur notre site d\u00e9di\u00e9 \u00e0 l&rsquo;un des jeux les plus innovants et passionnants du monde des casinos en ligne &#8211; Crazy Time d&rsquo;Evolution Gaming. Notre site est sp\u00e9cialement con\u00e7u pour les fans de ce jeu passionnant, o\u00f9 chacun peut trouver des informations utiles, des conseils et des guides pour une exp\u00e9rience de jeu maximale et efficace.<\/p>\n<h2><strong>Notre Mission<\/strong><\/h2>\n<p>Nous visons \u00e0 fournir \u00e0 nos visiteurs les informations les plus actuelles et d\u00e9taill\u00e9es sur Crazy Time. Notre objectif est d&rsquo;aider les d\u00e9butants et les joueurs exp\u00e9riment\u00e9s \u00e0 mieux comprendre la m\u00e9canique du jeu, les strat\u00e9gies de paris et les possibilit\u00e9s de gain. Nous croyons que des informations pr\u00e9cises et une compr\u00e9hension approfondie du jeu am\u00e9liorent le plaisir du processus de jeu et peuvent augmenter significativement vos chances de succ\u00e8s.<\/p>\n<h2><strong>Ce Que Nous Offrons<\/strong><\/h2>\n<p>Sur notre site, vous trouverez :<\/p>\n<ul>\n<li><strong>Guides D\u00e9taill\u00e9s et Strat\u00e9gies :<\/strong> Des bases du jeu aux tactiques et strat\u00e9gies avanc\u00e9es &#8211; nous couvrons tous les aspects de Crazy Time.<\/li>\n<li><strong>Conseils d&rsquo;Experts :<\/strong> Nos experts fournissent r\u00e9guli\u00e8rement des conseils professionnels et des recommandations pour vous aider \u00e0 am\u00e9liorer votre jeu.<\/li>\n<li><strong>Actualit\u00e9s et Mises \u00e0 Jour :<\/strong> Restez \u00e0 l&rsquo;\u00e9coute des derni\u00e8res actualit\u00e9s et mises \u00e0 jour dans le monde de Crazy Time pour \u00eatre toujours inform\u00e9 des \u00e9v\u00e9nements les plus r\u00e9cents.<\/li>\n<\/ul>\n<p>Notre site n&rsquo;est pas seulement une source d&rsquo;information, mais aussi une communaut\u00e9 de personnes partageant les m\u00eames id\u00e9es, unies par leur amour pour le jeu Crazy Time. Nous appr\u00e9cions chaque visiteur et nous effor\u00e7ons de cr\u00e9er une atmosph\u00e8re conviviale et solidaire o\u00f9 chacun peut se sentir \u00e0 l&rsquo;aise et en s\u00e9curit\u00e9.<\/p>\n","protected":false},"excerpt":{"rendered":"<p>Bienvenue sur notre site d\u00e9di\u00e9 \u00e0 l&rsquo;un des jeux les plus innovants et passionnants du monde des casinos en ligne &#8211; Crazy Time d&rsquo;Evolution Gaming. Notre site est sp\u00e9cialement con\u00e7u pour les fans de ce jeu passionnant, o\u00f9 chacun peut trouver des informations utiles, des conseils et des guides pour &hellip;<\/p>\n","protected":false},"author":1,"featured_media":0,"parent":0,"menu_order":0,"comment_status":"closed","ping_status":"closed","template":"","meta":{"footnotes":""},"class_list":["post-18","page","type-page","status-publish","hentry"],"yoast_head":"<!-- This site is optimized with the Yoast SEO plugin v27.2 - https:\/\/yoast.com\/product\/yoast-seo-wordpress\/ -->\n<title>\u041e \u0441\u0430\u0439\u0442\u0435 \u0434\u043b\u044f \u0438\u0433\u0440\u044b Crazy Time<\/title>\n<meta name=\"description\" content=\"Notre site est d\u00e9di\u00e9 au jeu Crazy Time, o\u00f9 nous fournissons des strat\u00e9gies sur la fa\u00e7on de jouer et de gagner, des descriptions de r\u00e8gles, des actualit\u00e9s et d&#039;autres informations.\" \/>\n<meta name=\"robots\" content=\"index, follow, max-snippet:-1, max-image-preview:large, max-video-preview:-1\" \/>\n<link rel=\"canonical\" href=\"https:\/\/crazytime.com.pl\/fr\/about-us\/\" \/>\n<meta property=\"og:locale\" content=\"fr_FR\" \/>\n<meta property=\"og:locale:alternate\" content=\"ru_RU\" \/>\n<meta property=\"og:locale:alternate\" content=\"en_US\" \/>\n<meta property=\"og:locale:alternate\" content=\"pt_PT\" \/>\n<meta property=\"og:locale:alternate\" content=\"es_ES\" \/>\n<meta property=\"og:locale:alternate\" content=\"de_DE\" \/>\n<meta property=\"og:locale:alternate\" content=\"pl_PL\" \/>\n<meta property=\"og:locale:alternate\" content=\"tr_TR\" \/>\n<meta property=\"og:locale:alternate\" content=\"it_IT\" \/>\n<meta property=\"og:locale:alternate\" content=\"uk\" \/>\n<meta property=\"og:locale:alternate\" content=\"sr_RS\" \/>\n<meta property=\"og:locale:alternate\" content=\"bg_BG\" \/>\n<meta property=\"og:type\" content=\"article\" \/>\n<meta property=\"og:title\" content=\"\u041e \u0441\u0430\u0439\u0442\u0435 \u0434\u043b\u044f \u0438\u0433\u0440\u044b Crazy Time\" \/>\n<meta property=\"og:description\" content=\"\u041d\u0430\u0448 \u0441\u0430\u0439\u0442 \u043f\u043e\u0441\u0432\u044f\u0449\u0435\u043d \u0438\u0433\u0440\u0435 Crazy Time, \u0433\u0434\u0435 \u043c\u044b \u0434\u0430\u0435\u043c \u0441\u0442\u0440\u0430\u0442\u0435\u0433\u0438\u0438 \u043a\u0430\u043a \u0438\u0433\u0440\u0430\u0442\u044c \u0438 \u043f\u043e\u0431\u0435\u0436\u0434\u0430\u0442\u044c, \u043e\u043f\u0438\u0441\u0430\u043d\u0438\u044f \u043f\u0440\u0430\u0432\u0438\u043b, \u043d\u043e\u0432\u043e\u0441\u0442\u0438 \u0438 \u0434\u0440\u0443\u0433\u0443\u044e \u0438\u043d\u0444\u043e\u0440\u043c\u0430\u0446\u0438\u044e\" \/>\n<meta property=\"og:url\" content=\"https:\/\/crazytime.com.pl\/fr\/about-us\/\" \/>\n<meta property=\"og:site_name\" content=\"Crazy Time\" \/>\n<meta property=\"article:modified_time\" content=\"2024-01-17T01:07:10+00:00\" \/>\n<meta name=\"twitter:card\" content=\"summary_large_image\" \/>\n<meta name=\"twitter:label1\" content=\"Dur\u00e9e de lecture estim\u00e9e\" \/>\n\t<meta name=\"twitter:data1\" content=\"11 minutes\" \/>\n<script type=\"application\/ld+json\" class=\"yoast-schema-graph\">{\"@context\":\"https:\/\/schema.org\",\"@graph\":[{\"@type\":\"WebPage\",\"@id\":\"https:\/\/crazytime.com.pl\/about-us\/\",\"url\":\"https:\/\/crazytime.com.pl\/about-us\/\",\"name\":\"\u041e \u0441\u0430\u0439\u0442\u0435 \u0434\u043b\u044f \u0438\u0433\u0440\u044b Crazy Time\",\"isPartOf\":{\"@id\":\"https:\/\/crazytime.com.pl\/#website\"},\"datePublished\":\"2024-01-08T18:56:27+00:00\",\"dateModified\":\"2024-01-17T01:07:10+00:00\",\"description\":\"\u041d\u0430\u0448 \u0441\u0430\u0439\u0442 \u043f\u043e\u0441\u0432\u044f\u0449\u0435\u043d \u0438\u0433\u0440\u0435 Crazy Time, \u0433\u0434\u0435 \u043c\u044b \u0434\u0430\u0435\u043c \u0441\u0442\u0440\u0430\u0442\u0435\u0433\u0438\u0438 \u043a\u0430\u043a \u0438\u0433\u0440\u0430\u0442\u044c \u0438 \u043f\u043e\u0431\u0435\u0436\u0434\u0430\u0442\u044c, \u043e\u043f\u0438\u0441\u0430\u043d\u0438\u044f \u043f\u0440\u0430\u0432\u0438\u043b, \u043d\u043e\u0432\u043e\u0441\u0442\u0438 \u0438 \u0434\u0440\u0443\u0433\u0443\u044e \u0438\u043d\u0444\u043e\u0440\u043c\u0430\u0446\u0438\u044e\",\"breadcrumb\":{\"@id\":\"https:\/\/crazytime.com.pl\/about-us\/#breadcrumb\"},\"inLanguage\":\"fr-FR\",\"potentialAction\":[{\"@type\":\"ReadAction\",\"target\":[\"https:\/\/crazytime.com.pl\/about-us\/\"]}]},{\"@type\":\"BreadcrumbList\",\"@id\":\"https:\/\/crazytime.com.pl\/about-us\/#breadcrumb\",\"itemListElement\":[{\"@type\":\"ListItem\",\"position\":1,\"name\":\"Home\",\"item\":\"https:\/\/crazytime.com.pl\/\"},{\"@type\":\"ListItem\",\"position\":2,\"name\":\"\u041e \u043d\u0430\u0441\"}]},{\"@type\":\"WebSite\",\"@id\":\"https:\/\/crazytime.com.pl\/#website\",\"url\":\"https:\/\/crazytime.com.pl\/\",\"name\":\"Crazy Time\",\"description\":\"\",\"potentialAction\":[{\"@type\":\"SearchAction\",\"target\":{\"@type\":\"EntryPoint\",\"urlTemplate\":\"https:\/\/crazytime.com.pl\/?s={search_term_string}\"},\"query-input\":{\"@type\":\"PropertyValueSpecification\",\"valueRequired\":true,\"valueName\":\"search_term_string\"}}],\"inLanguage\":\"fr-FR\"}]}<\/script>\n<!-- \/ Yoast SEO plugin. -->","yoast_head_json":{"title":"\u041e \u0441\u0430\u0439\u0442\u0435 \u0434\u043b\u044f \u0438\u0433\u0440\u044b Crazy Time","description":"Notre site est d\u00e9di\u00e9 au jeu Crazy Time, o\u00f9 nous fournissons des strat\u00e9gies sur la fa\u00e7on de jouer et de gagner, des descriptions de r\u00e8gles, des actualit\u00e9s et d'autres informations.","robots":{"index":"index","follow":"follow","max-snippet":"max-snippet:-1","max-image-preview":"max-image-preview:large","max-video-preview":"max-video-preview:-1"},"canonical":"https:\/\/crazytime.com.pl\/fr\/about-us\/","og_locale":"fr_FR","og_type":"article","og_title":"\u041e \u0441\u0430\u0439\u0442\u0435 \u0434\u043b\u044f \u0438\u0433\u0440\u044b Crazy Time","og_description":"\u041d\u0430\u0448 \u0441\u0430\u0439\u0442 \u043f\u043e\u0441\u0432\u044f\u0449\u0435\u043d \u0438\u0433\u0440\u0435 Crazy Time, \u0433\u0434\u0435 \u043c\u044b \u0434\u0430\u0435\u043c \u0441\u0442\u0440\u0430\u0442\u0435\u0433\u0438\u0438 \u043a\u0430\u043a \u0438\u0433\u0440\u0430\u0442\u044c \u0438 \u043f\u043e\u0431\u0435\u0436\u0434\u0430\u0442\u044c, \u043e\u043f\u0438\u0441\u0430\u043d\u0438\u044f \u043f\u0440\u0430\u0432\u0438\u043b, \u043d\u043e\u0432\u043e\u0441\u0442\u0438 \u0438 \u0434\u0440\u0443\u0433\u0443\u044e \u0438\u043d\u0444\u043e\u0440\u043c\u0430\u0446\u0438\u044e","og_url":"https:\/\/crazytime.com.pl\/fr\/about-us\/","og_site_name":"Crazy Time","article_modified_time":"2024-01-17T01:07:10+00:00","twitter_card":"summary_large_image","twitter_misc":{"Dur\u00e9e de lecture estim\u00e9e":"11 minutes"},"schema":{"@context":"https:\/\/schema.org","@graph":[{"@type":"WebPage","@id":"https:\/\/crazytime.com.pl\/about-us\/","url":"https:\/\/crazytime.com.pl\/about-us\/","name":"\u041e \u0441\u0430\u0439\u0442\u0435 \u0434\u043b\u044f \u0438\u0433\u0440\u044b Crazy Time","isPartOf":{"@id":"https:\/\/crazytime.com.pl\/#website"},"datePublished":"2024-01-08T18:56:27+00:00","dateModified":"2024-01-17T01:07:10+00:00","description":"\u041d\u0430\u0448 \u0441\u0430\u0439\u0442 \u043f\u043e\u0441\u0432\u044f\u0449\u0435\u043d \u0438\u0433\u0440\u0435 Crazy Time, \u0433\u0434\u0435 \u043c\u044b \u0434\u0430\u0435\u043c \u0441\u0442\u0440\u0430\u0442\u0435\u0433\u0438\u0438 \u043a\u0430\u043a \u0438\u0433\u0440\u0430\u0442\u044c \u0438 \u043f\u043e\u0431\u0435\u0436\u0434\u0430\u0442\u044c, \u043e\u043f\u0438\u0441\u0430\u043d\u0438\u044f \u043f\u0440\u0430\u0432\u0438\u043b, \u043d\u043e\u0432\u043e\u0441\u0442\u0438 \u0438 \u0434\u0440\u0443\u0433\u0443\u044e \u0438\u043d\u0444\u043e\u0440\u043c\u0430\u0446\u0438\u044e","breadcrumb":{"@id":"https:\/\/crazytime.com.pl\/about-us\/#breadcrumb"},"inLanguage":"fr-FR","potentialAction":[{"@type":"ReadAction","target":["https:\/\/crazytime.com.pl\/about-us\/"]}]},{"@type":"BreadcrumbList","@id":"https:\/\/crazytime.com.pl\/about-us\/#breadcrumb","itemListElement":[{"@type":"ListItem","position":1,"name":"Home","item":"https:\/\/crazytime.com.pl\/"},{"@type":"ListItem","position":2,"name":"\u041e \u043d\u0430\u0441"}]},{"@type":"WebSite","@id":"https:\/\/crazytime.com.pl\/#website","url":"https:\/\/crazytime.com.pl\/","name":"Crazy Time","description":"","potentialAction":[{"@type":"SearchAction","target":{"@type":"EntryPoint","urlTemplate":"https:\/\/crazytime.com.pl\/?s={search_term_string}"},"query-input":{"@type":"PropertyValueSpecification","valueRequired":true,"valueName":"search_term_string"}}],"inLanguage":"fr-FR"}]}},"_links":{"self":[{"href":"https:\/\/crazytime.com.pl\/fr\/wp-json\/wp\/v2\/pages\/18","targetHints":{"allow":["GET"]}}],"collection":[{"href":"https:\/\/crazytime.com.pl\/fr\/wp-json\/wp\/v2\/pages"}],"about":[{"href":"https:\/\/crazytime.com.pl\/fr\/wp-json\/wp\/v2\/types\/page"}],"author":[{"embeddable":true,"href":"https:\/\/crazytime.com.pl\/fr\/wp-json\/wp\/v2\/users\/1"}],"replies":[{"embeddable":true,"href":"https:\/\/crazytime.com.pl\/fr\/wp-json\/wp\/v2\/comments?post=18"}],"version-history":[{"count":26,"href":"https:\/\/crazytime.com.pl\/fr\/wp-json\/wp\/v2\/pages\/18\/revisions"}],"predecessor-version":[{"id":191,"href":"https:\/\/crazytime.com.pl\/fr\/wp-json\/wp\/v2\/pages\/18\/revisions\/191"}],"wp:attachment":[{"href":"https:\/\/crazytime.com.pl\/fr\/wp-json\/wp\/v2\/media?parent=18"}],"curies":[{"name":"wp","href":"https:\/\/api.w.org\/{rel}","templated":true}]}}