{"id":16,"date":"2024-01-08T18:55:33","date_gmt":"2024-01-08T18:55:33","guid":{"rendered":"https:\/\/crazytime.com.pl\/?page_id=16"},"modified":"2024-01-17T01:04:22","modified_gmt":"2024-01-17T01:04:22","slug":"choosing-an-online-casino-for-playing-crazy-time","status":"publish","type":"page","link":"https:\/\/crazytime.com.pl\/fr\/choosing-an-online-casino-for-playing-crazy-time\/","title":{"rendered":"Choisir un Casino en Ligne pour Jouer \u00e0 Crazy Time"},"content":{"rendered":"<p>Le choix du bon casino en ligne pour jouer \u00e0 Crazy Time est un aspect crucial qui peut avoir un impact significatif sur votre exp\u00e9rience de jeu. Crazy Time est un jeu populaire et excitant d&rsquo;Evolution Gaming, n\u00e9cessitant une plateforme fiable et de haute qualit\u00e9 pour jouer. Voici quelques conseils sur la fa\u00e7on de choisir le meilleur casino en ligne \u00e0 cette fin. D&rsquo;une part, le jeu est le m\u00eame partout. D&rsquo;autre part, chaque casino a des r\u00e8gles diff\u00e9rentes, telles que le d\u00e9p\u00f4t, le retrait des gains et la v\u00e9rification de l&rsquo;identit\u00e9 du joueur. Et cela influence fortement l&rsquo;exp\u00e9rience du joueur.<\/p>\n<h2><strong>Casinos en ligne sous licence<\/strong><\/h2>\n<p>La premi\u00e8re chose \u00e0 consid\u00e9rer est la pr\u00e9sence d&rsquo;une licence pour le casino. Un casino sous licence garantit un jeu \u00e9quitable et la protection du joueur. Il est \u00e9galement important de v\u00e9rifier les avis d&rsquo;autres joueurs et la note du casino pour assurer sa fiabilit\u00e9 et sa r\u00e9putation. Comme nous savons \u00e0 quel point il est facile de falsifier des avis, il est essentiel de v\u00e9rifier dans plusieurs endroits.<\/p>\n<p>Assurez-vous que le casino choisi propose Crazy Time dans sa s\u00e9lection de jeux. Il est \u00e9galement important que le site du casino soit convivial, ait de bons graphismes et offre des connexions stables sans d\u00e9lais, ce qui est crucial pour les jeux en direct.<\/p>\n<p>De nombreux casinos en ligne offrent des bonus attractifs et des promotions, en particulier pour les nouveaux joueurs. Recherchez un casino avec de bons bonus de bienvenue ou des promotions sp\u00e9ciales pour jouer \u00e0 Crazy Time, mais examinez \u00e9galement attentivement les conditions pour les obtenir et les utiliser.<\/p>\n<p>Choisissez un casino qui prend en charge des m\u00e9thodes pratiques de d\u00e9p\u00f4t et de retrait pour vous. La disponibilit\u00e9 de diverses options de paiement, y compris les portefeuilles \u00e9lectroniques, les cartes de cr\u00e9dit et les cryptomonnaies, rend le processus de jeu plus confortable.<\/p>\n<p>Un bon service client est une partie int\u00e9grante d&rsquo;un casino en ligne de qualit\u00e9. Assurez-vous que le casino propose un support client efficace accessible via divers canaux de communication et capable de r\u00e9soudre rapidement les questions et probl\u00e8mes qui surviennent.<\/p>\n<p>Si vous pr\u00e9f\u00e9rez jouer depuis un appareil mobile, v\u00e9rifiez si le casino prend en charge le jeu sur les plates-formes mobiles. La pr\u00e9sence d&rsquo;une application mobile ou d&rsquo;un site mobile bien optimis\u00e9 simplifie consid\u00e9rablement l&rsquo;acc\u00e8s au jeu \u00e0 tout moment et en tout lieu.<\/p>\n<p>Le choix d&rsquo;un casino en ligne pour jouer \u00e0 Crazy Time est une combinaison de pr\u00e9f\u00e9rences personnelles et de crit\u00e8res objectifs tels que la s\u00e9curit\u00e9, la fiabilit\u00e9, la commodit\u00e9 et la qualit\u00e9 du service. Prenez le temps pour une s\u00e9lection minutieuse, et cela vous assurera la meilleure exp\u00e9rience de jeu.<\/p>\n","protected":false},"excerpt":{"rendered":"<p>Le choix du bon casino en ligne pour jouer \u00e0 Crazy Time est un aspect crucial qui peut avoir un impact significatif sur votre exp\u00e9rience de jeu. Crazy Time est un jeu populaire et excitant d&rsquo;Evolution Gaming, n\u00e9cessitant une plateforme fiable et de haute qualit\u00e9 pour jouer. Voici quelques conseils &hellip;<\/p>\n","protected":false},"author":1,"featured_media":0,"parent":0,"menu_order":0,"comment_status":"closed","ping_status":"closed","template":"","meta":{"footnotes":""},"class_list":["post-16","page","type-page","status-publish","hentry"],"yoast_head":"<!-- This site is optimized with the Yoast SEO plugin v27.2 - https:\/\/yoast.com\/product\/yoast-seo-wordpress\/ -->\n<title>\u041a\u0430\u043a \u0434\u0430 \u0438\u0437\u0431\u0435\u0440\u0435\u0442\u0435 \u043e\u043d\u043b\u0430\u0439\u043d \u043a\u0430\u0437\u0438\u043d\u043e \u0437\u0430 \u0438\u0433\u0440\u0430 \u043d\u0430 Crazy Time<\/title>\n<meta name=\"description\" content=\"Choisir un casino en ligne pour placer des paris dans le jeu Crazy Time. Inscription, connexion pour un jeu r\u00e9ussi dans Crazy Time.\" \/>\n<meta name=\"robots\" content=\"index, follow, max-snippet:-1, max-image-preview:large, max-video-preview:-1\" \/>\n<link rel=\"canonical\" href=\"https:\/\/crazytime.com.pl\/fr\/choosing-an-online-casino-for-playing-crazy-time\/\" \/>\n<meta property=\"og:locale\" content=\"fr_FR\" \/>\n<meta property=\"og:locale:alternate\" content=\"ru_RU\" \/>\n<meta property=\"og:locale:alternate\" content=\"en_US\" \/>\n<meta property=\"og:locale:alternate\" content=\"pt_PT\" \/>\n<meta property=\"og:locale:alternate\" content=\"es_ES\" \/>\n<meta property=\"og:locale:alternate\" content=\"de_DE\" \/>\n<meta property=\"og:locale:alternate\" content=\"pl_PL\" \/>\n<meta property=\"og:locale:alternate\" content=\"tr_TR\" \/>\n<meta property=\"og:locale:alternate\" content=\"it_IT\" \/>\n<meta property=\"og:locale:alternate\" content=\"uk\" \/>\n<meta property=\"og:locale:alternate\" content=\"sr_RS\" \/>\n<meta property=\"og:locale:alternate\" content=\"bg_BG\" \/>\n<meta property=\"og:type\" content=\"article\" \/>\n<meta property=\"og:title\" content=\"\u041a\u0430\u043a \u0434\u0430 \u0438\u0437\u0431\u0435\u0440\u0435\u0442\u0435 \u043e\u043d\u043b\u0430\u0439\u043d \u043a\u0430\u0437\u0438\u043d\u043e \u0437\u0430 \u0438\u0433\u0440\u0430 \u043d\u0430 Crazy Time\" \/>\n<meta property=\"og:description\" content=\"\u0418\u0437\u0431\u043e\u0440 \u043d\u0430 \u043e\u043d\u043b\u0430\u0439\u043d \u043a\u0430\u0437\u0438\u043d\u043e \u0437\u0430 \u043f\u043e\u0441\u0442\u0430\u0432\u044f\u043d\u0435 \u043d\u0430 \u0437\u0430\u043b\u043e\u0437\u0438 \u0432 \u0438\u0433\u0440\u0430\u0442\u0430 Crazy Time. \u0420\u0435\u0433\u0438\u0441\u0442\u0440\u0430\u0446\u0438\u044f, \u0432\u0445\u043e\u0434 \u0437\u0430 \u0443\u0441\u043f\u0435\u0448\u043d\u0430 \u0438\u0433\u0440\u0430 \u0432 Crazy Time.\" \/>\n<meta property=\"og:url\" content=\"https:\/\/crazytime.com.pl\/fr\/choosing-an-online-casino-for-playing-crazy-time\/\" \/>\n<meta property=\"og:site_name\" content=\"Crazy Time\" \/>\n<meta property=\"article:modified_time\" content=\"2024-01-17T01:04:22+00:00\" \/>\n<meta name=\"twitter:card\" content=\"summary_large_image\" \/>\n<meta name=\"twitter:label1\" content=\"Dur\u00e9e de lecture estim\u00e9e\" \/>\n\t<meta name=\"twitter:data1\" content=\"17 minutes\" \/>\n<script type=\"application\/ld+json\" class=\"yoast-schema-graph\">{\"@context\":\"https:\/\/schema.org\",\"@graph\":[{\"@type\":\"WebPage\",\"@id\":\"https:\/\/crazytime.com.pl\/bg\/choosing-an-online-casino-for-playing-crazy-time\/\",\"url\":\"https:\/\/crazytime.com.pl\/bg\/choosing-an-online-casino-for-playing-crazy-time\/\",\"name\":\"\u041a\u0430\u043a \u0434\u0430 \u0438\u0437\u0431\u0435\u0440\u0435\u0442\u0435 \u043e\u043d\u043b\u0430\u0439\u043d \u043a\u0430\u0437\u0438\u043d\u043e \u0437\u0430 \u0438\u0433\u0440\u0430 \u043d\u0430 Crazy Time\",\"isPartOf\":{\"@id\":\"https:\/\/crazytime.com.pl\/#website\"},\"datePublished\":\"2024-01-08T18:55:33+00:00\",\"dateModified\":\"2024-01-17T01:04:22+00:00\",\"description\":\"\u0418\u0437\u0431\u043e\u0440 \u043d\u0430 \u043e\u043d\u043b\u0430\u0439\u043d \u043a\u0430\u0437\u0438\u043d\u043e \u0437\u0430 \u043f\u043e\u0441\u0442\u0430\u0432\u044f\u043d\u0435 \u043d\u0430 \u0437\u0430\u043b\u043e\u0437\u0438 \u0432 \u0438\u0433\u0440\u0430\u0442\u0430 Crazy Time. \u0420\u0435\u0433\u0438\u0441\u0442\u0440\u0430\u0446\u0438\u044f, \u0432\u0445\u043e\u0434 \u0437\u0430 \u0443\u0441\u043f\u0435\u0448\u043d\u0430 \u0438\u0433\u0440\u0430 \u0432 Crazy Time.\",\"breadcrumb\":{\"@id\":\"https:\/\/crazytime.com.pl\/bg\/choosing-an-online-casino-for-playing-crazy-time\/#breadcrumb\"},\"inLanguage\":\"fr-FR\",\"potentialAction\":[{\"@type\":\"ReadAction\",\"target\":[\"https:\/\/crazytime.com.pl\/bg\/choosing-an-online-casino-for-playing-crazy-time\/\"]}]},{\"@type\":\"BreadcrumbList\",\"@id\":\"https:\/\/crazytime.com.pl\/bg\/choosing-an-online-casino-for-playing-crazy-time\/#breadcrumb\",\"itemListElement\":[{\"@type\":\"ListItem\",\"position\":1,\"name\":\"Home\",\"item\":\"https:\/\/crazytime.com.pl\/\"},{\"@type\":\"ListItem\",\"position\":2,\"name\":\"\u0418\u0437\u0431\u043e\u0440 \u043d\u0430 \u043e\u043d\u043b\u0430\u0439\u043d \u043a\u0430\u0437\u0438\u043d\u043e \u0437\u0430 \u0438\u0433\u0440\u0430 \u043d\u0430 Crazy Time\"}]},{\"@type\":\"WebSite\",\"@id\":\"https:\/\/crazytime.com.pl\/#website\",\"url\":\"https:\/\/crazytime.com.pl\/\",\"name\":\"Crazy Time\",\"description\":\"\",\"potentialAction\":[{\"@type\":\"SearchAction\",\"target\":{\"@type\":\"EntryPoint\",\"urlTemplate\":\"https:\/\/crazytime.com.pl\/?s={search_term_string}\"},\"query-input\":{\"@type\":\"PropertyValueSpecification\",\"valueRequired\":true,\"valueName\":\"search_term_string\"}}],\"inLanguage\":\"fr-FR\"}]}<\/script>\n<!-- \/ Yoast SEO plugin. -->","yoast_head_json":{"title":"\u041a\u0430\u043a \u0434\u0430 \u0438\u0437\u0431\u0435\u0440\u0435\u0442\u0435 \u043e\u043d\u043b\u0430\u0439\u043d \u043a\u0430\u0437\u0438\u043d\u043e \u0437\u0430 \u0438\u0433\u0440\u0430 \u043d\u0430 Crazy Time","description":"Choisir un casino en ligne pour placer des paris dans le jeu Crazy Time. Inscription, connexion pour un jeu r\u00e9ussi dans Crazy Time.","robots":{"index":"index","follow":"follow","max-snippet":"max-snippet:-1","max-image-preview":"max-image-preview:large","max-video-preview":"max-video-preview:-1"},"canonical":"https:\/\/crazytime.com.pl\/fr\/choosing-an-online-casino-for-playing-crazy-time\/","og_locale":"fr_FR","og_type":"article","og_title":"\u041a\u0430\u043a \u0434\u0430 \u0438\u0437\u0431\u0435\u0440\u0435\u0442\u0435 \u043e\u043d\u043b\u0430\u0439\u043d \u043a\u0430\u0437\u0438\u043d\u043e \u0437\u0430 \u0438\u0433\u0440\u0430 \u043d\u0430 Crazy Time","og_description":"\u0418\u0437\u0431\u043e\u0440 \u043d\u0430 \u043e\u043d\u043b\u0430\u0439\u043d \u043a\u0430\u0437\u0438\u043d\u043e \u0437\u0430 \u043f\u043e\u0441\u0442\u0430\u0432\u044f\u043d\u0435 \u043d\u0430 \u0437\u0430\u043b\u043e\u0437\u0438 \u0432 \u0438\u0433\u0440\u0430\u0442\u0430 Crazy Time. \u0420\u0435\u0433\u0438\u0441\u0442\u0440\u0430\u0446\u0438\u044f, \u0432\u0445\u043e\u0434 \u0437\u0430 \u0443\u0441\u043f\u0435\u0448\u043d\u0430 \u0438\u0433\u0440\u0430 \u0432 Crazy Time.","og_url":"https:\/\/crazytime.com.pl\/fr\/choosing-an-online-casino-for-playing-crazy-time\/","og_site_name":"Crazy Time","article_modified_time":"2024-01-17T01:04:22+00:00","twitter_card":"summary_large_image","twitter_misc":{"Dur\u00e9e de lecture estim\u00e9e":"17 minutes"},"schema":{"@context":"https:\/\/schema.org","@graph":[{"@type":"WebPage","@id":"https:\/\/crazytime.com.pl\/bg\/choosing-an-online-casino-for-playing-crazy-time\/","url":"https:\/\/crazytime.com.pl\/bg\/choosing-an-online-casino-for-playing-crazy-time\/","name":"\u041a\u0430\u043a \u0434\u0430 \u0438\u0437\u0431\u0435\u0440\u0435\u0442\u0435 \u043e\u043d\u043b\u0430\u0439\u043d \u043a\u0430\u0437\u0438\u043d\u043e \u0437\u0430 \u0438\u0433\u0440\u0430 \u043d\u0430 Crazy Time","isPartOf":{"@id":"https:\/\/crazytime.com.pl\/#website"},"datePublished":"2024-01-08T18:55:33+00:00","dateModified":"2024-01-17T01:04:22+00:00","description":"\u0418\u0437\u0431\u043e\u0440 \u043d\u0430 \u043e\u043d\u043b\u0430\u0439\u043d \u043a\u0430\u0437\u0438\u043d\u043e \u0437\u0430 \u043f\u043e\u0441\u0442\u0430\u0432\u044f\u043d\u0435 \u043d\u0430 \u0437\u0430\u043b\u043e\u0437\u0438 \u0432 \u0438\u0433\u0440\u0430\u0442\u0430 Crazy Time. \u0420\u0435\u0433\u0438\u0441\u0442\u0440\u0430\u0446\u0438\u044f, \u0432\u0445\u043e\u0434 \u0437\u0430 \u0443\u0441\u043f\u0435\u0448\u043d\u0430 \u0438\u0433\u0440\u0430 \u0432 Crazy Time.","breadcrumb":{"@id":"https:\/\/crazytime.com.pl\/bg\/choosing-an-online-casino-for-playing-crazy-time\/#breadcrumb"},"inLanguage":"fr-FR","potentialAction":[{"@type":"ReadAction","target":["https:\/\/crazytime.com.pl\/bg\/choosing-an-online-casino-for-playing-crazy-time\/"]}]},{"@type":"BreadcrumbList","@id":"https:\/\/crazytime.com.pl\/bg\/choosing-an-online-casino-for-playing-crazy-time\/#breadcrumb","itemListElement":[{"@type":"ListItem","position":1,"name":"Home","item":"https:\/\/crazytime.com.pl\/"},{"@type":"ListItem","position":2,"name":"\u0418\u0437\u0431\u043e\u0440 \u043d\u0430 \u043e\u043d\u043b\u0430\u0439\u043d \u043a\u0430\u0437\u0438\u043d\u043e \u0437\u0430 \u0438\u0433\u0440\u0430 \u043d\u0430 Crazy Time"}]},{"@type":"WebSite","@id":"https:\/\/crazytime.com.pl\/#website","url":"https:\/\/crazytime.com.pl\/","name":"Crazy Time","description":"","potentialAction":[{"@type":"SearchAction","target":{"@type":"EntryPoint","urlTemplate":"https:\/\/crazytime.com.pl\/?s={search_term_string}"},"query-input":{"@type":"PropertyValueSpecification","valueRequired":true,"valueName":"search_term_string"}}],"inLanguage":"fr-FR"}]}},"_links":{"self":[{"href":"https:\/\/crazytime.com.pl\/fr\/wp-json\/wp\/v2\/pages\/16","targetHints":{"allow":["GET"]}}],"collection":[{"href":"https:\/\/crazytime.com.pl\/fr\/wp-json\/wp\/v2\/pages"}],"about":[{"href":"https:\/\/crazytime.com.pl\/fr\/wp-json\/wp\/v2\/types\/page"}],"author":[{"embeddable":true,"href":"https:\/\/crazytime.com.pl\/fr\/wp-json\/wp\/v2\/users\/1"}],"replies":[{"embeddable":true,"href":"https:\/\/crazytime.com.pl\/fr\/wp-json\/wp\/v2\/comments?post=16"}],"version-history":[{"count":26,"href":"https:\/\/crazytime.com.pl\/fr\/wp-json\/wp\/v2\/pages\/16\/revisions"}],"predecessor-version":[{"id":187,"href":"https:\/\/crazytime.com.pl\/fr\/wp-json\/wp\/v2\/pages\/16\/revisions\/187"}],"wp:attachment":[{"href":"https:\/\/crazytime.com.pl\/fr\/wp-json\/wp\/v2\/media?parent=16"}],"curies":[{"name":"wp","href":"https:\/\/api.w.org\/{rel}","templated":true}]}}