{"id":8,"date":"2024-01-08T18:51:30","date_gmt":"2024-01-08T18:51:30","guid":{"rendered":"https:\/\/crazytime.com.pl\/?page_id=8"},"modified":"2024-01-17T00:58:32","modified_gmt":"2024-01-17T00:58:32","slug":"bonus-features-of-the-crazy-time-game","status":"publish","type":"page","link":"https:\/\/crazytime.com.pl\/es\/bonus-features-of-the-crazy-time-game\/","title":{"rendered":"Funciones de Bono del Juego Crazy Time"},"content":{"rendered":"<p>Una ventaja significativa del juego Crazy Time es la presencia de bonificaciones en forma de cuatro juegos diferentes y una funci\u00f3n adicional llamada Top Slot con multiplicadores de apuestas. Cada ronda de bonificaci\u00f3n ofrece a los jugadores diversas recompensas monetarias.<\/p>\n<h2>Coin Flip<\/h2>\n<p>El presentador del juego en un estudio real con una rueda de dinero lanza una moneda real usando una m\u00e1quina especial. La moneda tiene lados azules y rojos. Cualquier lado resulta en una victoria. Antes de lanzar la moneda, se determinan aleatoriamente los multiplicadores para los lados rojo y azul.<\/p>\n<h2>Cash Hunt<\/h2>\n<p>Al activar esta opci\u00f3n, aparece una pantalla enorme con multiplicadores aleatorios, con un total de 108. Todos los multiplicadores est\u00e1n ocultos por s\u00edmbolos elegidos al azar. Despu\u00e9s de que comienza la ronda, los s\u00edmbolos se mezclan. El jugador debe elegir una imagen debajo de la cual se oculta el multiplicador de apuestas m\u00e1s alto posible.<\/p>\n<h2>Pachinko<\/h2>\n<p>Esta es una ronda muy interesante con buenos premios. Aparece una pared masiva con obst\u00e1culos y una ficha frente al jugador. El objetivo es lograr que la ficha supere los obst\u00e1culos de clavijas y caiga en una celda con un multiplicador de apuestas o duplique el multiplicador, brindando a los jugadores oportunidades adicionales para ganar.<\/p>\n<h2>Crazy Time<\/h2>\n<p>Este nivel de bonificaci\u00f3n es el momento m\u00e1s emocionante del juego. El jugador entra en una nueva ubicaci\u00f3n virtual a trav\u00e9s de una misteriosa puerta roja. Aqu\u00ed, hay una gran rueda de dinero con flechas de lanzamiento azules, verdes y amarillas. Se pueden ganar multiplicadores para las apuestas, indicados por la flecha. Existe la posibilidad de duplicar o triplicar la recompensa. El premio m\u00e1ximo es hasta x20000 apuestas.<\/p>\n<h2>Top Slot<\/h2>\n<p>Esta funci\u00f3n de la tragamonedas brinda a los jugadores ventajas adicionales para ganar. En la parte superior de la pantalla, hay un campo auxiliar con una tragamonedas. Si el jugador logra recibir una recompensa de apuesta num\u00e9rica, se aplica un multiplicador adicional de Top Slot, aumentando el tama\u00f1o del pago.<\/p>\n<p>Hacer apuestas en el juego Crazy Time es interesante, atractivo y rentable. Las reglas son bastante simples y las ganancias son sustanciales. Una amplia gama de apuestas permite que jugadores con diferentes presupuestos participen en las rondas. Un jugador puede hacer una apuesta en un sector de la rueda o en todos juntos. Se asignan 15 segundos para esto. Luego, el presentador gira el tambor, iniciando un juego emocionante.<\/p>\n<p>La tragamonedas Crazy Time representa una combinaci\u00f3n \u00fanica de varios entretenimientos en un solo modelo de juego. Los enormes coeficientes de pago y las incre\u00edbles oportunidades de premios han convertido a la tragamonedas en muy popular entre los visitantes de casinos virtuales.<\/p>\n","protected":false},"excerpt":{"rendered":"<p>Una ventaja significativa del juego Crazy Time es la presencia de bonificaciones en forma de cuatro juegos diferentes y una funci\u00f3n adicional llamada Top Slot con multiplicadores de apuestas. Cada ronda de bonificaci\u00f3n ofrece a los jugadores diversas recompensas monetarias. Coin Flip El presentador del juego en un estudio real &hellip;<\/p>\n","protected":false},"author":1,"featured_media":0,"parent":0,"menu_order":0,"comment_status":"closed","ping_status":"closed","template":"","meta":{"footnotes":""},"class_list":["post-8","page","type-page","status-publish","hentry"],"yoast_head":"<!-- This site is optimized with the Yoast SEO plugin v27.2 - https:\/\/yoast.com\/product\/yoast-seo-wordpress\/ -->\n<title>\u0411\u043e\u043d\u0443\u0441\u0438 \u0432 \u0436\u0438\u0432\u0430\u0442\u0430 \u0438\u0433\u0440\u0430 Crazy Time<\/title>\n<meta name=\"description\" content=\"Coin Flip, Cash Hunt, Pachinko, Crazy Time y otros bonos en el emocionante juego Crazy Time. Bonos gratuitos en el juego Crazy Time: c\u00f3mo obtenerlos y ganar.\" \/>\n<meta name=\"robots\" content=\"index, follow, max-snippet:-1, max-image-preview:large, max-video-preview:-1\" \/>\n<link rel=\"canonical\" href=\"https:\/\/crazytime.com.pl\/es\/bonus-features-of-the-crazy-time-game\/\" \/>\n<meta property=\"og:locale\" content=\"es_ES\" \/>\n<meta property=\"og:locale:alternate\" content=\"ru_RU\" \/>\n<meta property=\"og:locale:alternate\" content=\"en_US\" \/>\n<meta property=\"og:locale:alternate\" content=\"pt_PT\" \/>\n<meta property=\"og:locale:alternate\" content=\"fr_FR\" \/>\n<meta property=\"og:locale:alternate\" content=\"de_DE\" \/>\n<meta property=\"og:locale:alternate\" content=\"pl_PL\" \/>\n<meta property=\"og:locale:alternate\" content=\"tr_TR\" \/>\n<meta property=\"og:locale:alternate\" content=\"it_IT\" \/>\n<meta property=\"og:locale:alternate\" content=\"uk\" \/>\n<meta property=\"og:locale:alternate\" content=\"sr_RS\" \/>\n<meta property=\"og:locale:alternate\" content=\"bg_BG\" \/>\n<meta property=\"og:type\" content=\"article\" \/>\n<meta property=\"og:title\" content=\"\u0411\u043e\u043d\u0443\u0441\u0438 \u0432 \u0436\u0438\u0432\u0430\u0442\u0430 \u0438\u0433\u0440\u0430 Crazy Time\" \/>\n<meta property=\"og:description\" content=\"Coin Flip, Cash Hunt, Pachinko, Crazy Time \u0438 \u0434\u0440\u0443\u0433\u0438 \u0431\u043e\u043d\u0443\u0441\u0438 \u0432 \u0443\u0432\u043b\u0435\u043a\u0430\u0442\u0435\u043b\u043d\u0430\u0442\u0430 \u0438\u0433\u0440\u0430 Crazy Time. \u0421\u0432\u043e\u0431\u043e\u0434\u043d\u0438 \u0431\u043e\u043d\u0443\u0441\u0438 \u0432 \u0438\u0433\u0440\u0430\u0442\u0430 Crazy Time - \u043a\u0430\u043a \u0434\u0430 \u0433\u0438 \u043f\u043e\u043b\u0443\u0447\u0438\u0442\u0435 \u0438 \u0441\u043f\u0435\u0447\u0435\u043b\u0438\u0442\u0435\" \/>\n<meta property=\"og:url\" content=\"https:\/\/crazytime.com.pl\/es\/bonus-features-of-the-crazy-time-game\/\" \/>\n<meta property=\"og:site_name\" content=\"Crazy Time\" \/>\n<meta property=\"article:modified_time\" content=\"2024-01-17T00:58:32+00:00\" \/>\n<meta name=\"twitter:card\" content=\"summary_large_image\" \/>\n<meta name=\"twitter:label1\" content=\"Tiempo de lectura\" \/>\n\t<meta name=\"twitter:data1\" content=\"18 minutos\" \/>\n<script type=\"application\/ld+json\" class=\"yoast-schema-graph\">{\"@context\":\"https:\/\/schema.org\",\"@graph\":[{\"@type\":\"WebPage\",\"@id\":\"https:\/\/crazytime.com.pl\/bg\/bonus-features-of-the-crazy-time-game\/\",\"url\":\"https:\/\/crazytime.com.pl\/bg\/bonus-features-of-the-crazy-time-game\/\",\"name\":\"\u0411\u043e\u043d\u0443\u0441\u0438 \u0432 \u0436\u0438\u0432\u0430\u0442\u0430 \u0438\u0433\u0440\u0430 Crazy Time\",\"isPartOf\":{\"@id\":\"https:\/\/crazytime.com.pl\/#website\"},\"datePublished\":\"2024-01-08T18:51:30+00:00\",\"dateModified\":\"2024-01-17T00:58:32+00:00\",\"description\":\"Coin Flip, Cash Hunt, Pachinko, Crazy Time \u0438 \u0434\u0440\u0443\u0433\u0438 \u0431\u043e\u043d\u0443\u0441\u0438 \u0432 \u0443\u0432\u043b\u0435\u043a\u0430\u0442\u0435\u043b\u043d\u0430\u0442\u0430 \u0438\u0433\u0440\u0430 Crazy Time. \u0421\u0432\u043e\u0431\u043e\u0434\u043d\u0438 \u0431\u043e\u043d\u0443\u0441\u0438 \u0432 \u0438\u0433\u0440\u0430\u0442\u0430 Crazy Time - \u043a\u0430\u043a \u0434\u0430 \u0433\u0438 \u043f\u043e\u043b\u0443\u0447\u0438\u0442\u0435 \u0438 \u0441\u043f\u0435\u0447\u0435\u043b\u0438\u0442\u0435\",\"breadcrumb\":{\"@id\":\"https:\/\/crazytime.com.pl\/bg\/bonus-features-of-the-crazy-time-game\/#breadcrumb\"},\"inLanguage\":\"es-ES\",\"potentialAction\":[{\"@type\":\"ReadAction\",\"target\":[\"https:\/\/crazytime.com.pl\/bg\/bonus-features-of-the-crazy-time-game\/\"]}]},{\"@type\":\"BreadcrumbList\",\"@id\":\"https:\/\/crazytime.com.pl\/bg\/bonus-features-of-the-crazy-time-game\/#breadcrumb\",\"itemListElement\":[{\"@type\":\"ListItem\",\"position\":1,\"name\":\"Home\",\"item\":\"https:\/\/crazytime.com.pl\/\"},{\"@type\":\"ListItem\",\"position\":2,\"name\":\"\u0411\u043e\u043d\u0443\u0441 \u0444\u0443\u043d\u043a\u0446\u0438\u0438 \u043d\u0430 \u0438\u0433\u0440\u0430\u0442\u0430 Crazy Time\"}]},{\"@type\":\"WebSite\",\"@id\":\"https:\/\/crazytime.com.pl\/#website\",\"url\":\"https:\/\/crazytime.com.pl\/\",\"name\":\"Crazy Time\",\"description\":\"\",\"potentialAction\":[{\"@type\":\"SearchAction\",\"target\":{\"@type\":\"EntryPoint\",\"urlTemplate\":\"https:\/\/crazytime.com.pl\/?s={search_term_string}\"},\"query-input\":{\"@type\":\"PropertyValueSpecification\",\"valueRequired\":true,\"valueName\":\"search_term_string\"}}],\"inLanguage\":\"es-ES\"}]}<\/script>\n<!-- \/ Yoast SEO plugin. -->","yoast_head_json":{"title":"\u0411\u043e\u043d\u0443\u0441\u0438 \u0432 \u0436\u0438\u0432\u0430\u0442\u0430 \u0438\u0433\u0440\u0430 Crazy Time","description":"Coin Flip, Cash Hunt, Pachinko, Crazy Time y otros bonos en el emocionante juego Crazy Time. Bonos gratuitos en el juego Crazy Time: c\u00f3mo obtenerlos y ganar.","robots":{"index":"index","follow":"follow","max-snippet":"max-snippet:-1","max-image-preview":"max-image-preview:large","max-video-preview":"max-video-preview:-1"},"canonical":"https:\/\/crazytime.com.pl\/es\/bonus-features-of-the-crazy-time-game\/","og_locale":"es_ES","og_type":"article","og_title":"\u0411\u043e\u043d\u0443\u0441\u0438 \u0432 \u0436\u0438\u0432\u0430\u0442\u0430 \u0438\u0433\u0440\u0430 Crazy Time","og_description":"Coin Flip, Cash Hunt, Pachinko, Crazy Time \u0438 \u0434\u0440\u0443\u0433\u0438 \u0431\u043e\u043d\u0443\u0441\u0438 \u0432 \u0443\u0432\u043b\u0435\u043a\u0430\u0442\u0435\u043b\u043d\u0430\u0442\u0430 \u0438\u0433\u0440\u0430 Crazy Time. \u0421\u0432\u043e\u0431\u043e\u0434\u043d\u0438 \u0431\u043e\u043d\u0443\u0441\u0438 \u0432 \u0438\u0433\u0440\u0430\u0442\u0430 Crazy Time - \u043a\u0430\u043a \u0434\u0430 \u0433\u0438 \u043f\u043e\u043b\u0443\u0447\u0438\u0442\u0435 \u0438 \u0441\u043f\u0435\u0447\u0435\u043b\u0438\u0442\u0435","og_url":"https:\/\/crazytime.com.pl\/es\/bonus-features-of-the-crazy-time-game\/","og_site_name":"Crazy Time","article_modified_time":"2024-01-17T00:58:32+00:00","twitter_card":"summary_large_image","twitter_misc":{"Tiempo de lectura":"18 minutos"},"schema":{"@context":"https:\/\/schema.org","@graph":[{"@type":"WebPage","@id":"https:\/\/crazytime.com.pl\/bg\/bonus-features-of-the-crazy-time-game\/","url":"https:\/\/crazytime.com.pl\/bg\/bonus-features-of-the-crazy-time-game\/","name":"\u0411\u043e\u043d\u0443\u0441\u0438 \u0432 \u0436\u0438\u0432\u0430\u0442\u0430 \u0438\u0433\u0440\u0430 Crazy Time","isPartOf":{"@id":"https:\/\/crazytime.com.pl\/#website"},"datePublished":"2024-01-08T18:51:30+00:00","dateModified":"2024-01-17T00:58:32+00:00","description":"Coin Flip, Cash Hunt, Pachinko, Crazy Time \u0438 \u0434\u0440\u0443\u0433\u0438 \u0431\u043e\u043d\u0443\u0441\u0438 \u0432 \u0443\u0432\u043b\u0435\u043a\u0430\u0442\u0435\u043b\u043d\u0430\u0442\u0430 \u0438\u0433\u0440\u0430 Crazy Time. \u0421\u0432\u043e\u0431\u043e\u0434\u043d\u0438 \u0431\u043e\u043d\u0443\u0441\u0438 \u0432 \u0438\u0433\u0440\u0430\u0442\u0430 Crazy Time - \u043a\u0430\u043a \u0434\u0430 \u0433\u0438 \u043f\u043e\u043b\u0443\u0447\u0438\u0442\u0435 \u0438 \u0441\u043f\u0435\u0447\u0435\u043b\u0438\u0442\u0435","breadcrumb":{"@id":"https:\/\/crazytime.com.pl\/bg\/bonus-features-of-the-crazy-time-game\/#breadcrumb"},"inLanguage":"es-ES","potentialAction":[{"@type":"ReadAction","target":["https:\/\/crazytime.com.pl\/bg\/bonus-features-of-the-crazy-time-game\/"]}]},{"@type":"BreadcrumbList","@id":"https:\/\/crazytime.com.pl\/bg\/bonus-features-of-the-crazy-time-game\/#breadcrumb","itemListElement":[{"@type":"ListItem","position":1,"name":"Home","item":"https:\/\/crazytime.com.pl\/"},{"@type":"ListItem","position":2,"name":"\u0411\u043e\u043d\u0443\u0441 \u0444\u0443\u043d\u043a\u0446\u0438\u0438 \u043d\u0430 \u0438\u0433\u0440\u0430\u0442\u0430 Crazy Time"}]},{"@type":"WebSite","@id":"https:\/\/crazytime.com.pl\/#website","url":"https:\/\/crazytime.com.pl\/","name":"Crazy Time","description":"","potentialAction":[{"@type":"SearchAction","target":{"@type":"EntryPoint","urlTemplate":"https:\/\/crazytime.com.pl\/?s={search_term_string}"},"query-input":{"@type":"PropertyValueSpecification","valueRequired":true,"valueName":"search_term_string"}}],"inLanguage":"es-ES"}]}},"_links":{"self":[{"href":"https:\/\/crazytime.com.pl\/es\/wp-json\/wp\/v2\/pages\/8","targetHints":{"allow":["GET"]}}],"collection":[{"href":"https:\/\/crazytime.com.pl\/es\/wp-json\/wp\/v2\/pages"}],"about":[{"href":"https:\/\/crazytime.com.pl\/es\/wp-json\/wp\/v2\/types\/page"}],"author":[{"embeddable":true,"href":"https:\/\/crazytime.com.pl\/es\/wp-json\/wp\/v2\/users\/1"}],"replies":[{"embeddable":true,"href":"https:\/\/crazytime.com.pl\/es\/wp-json\/wp\/v2\/comments?post=8"}],"version-history":[{"count":25,"href":"https:\/\/crazytime.com.pl\/es\/wp-json\/wp\/v2\/pages\/8\/revisions"}],"predecessor-version":[{"id":183,"href":"https:\/\/crazytime.com.pl\/es\/wp-json\/wp\/v2\/pages\/8\/revisions\/183"}],"wp:attachment":[{"href":"https:\/\/crazytime.com.pl\/es\/wp-json\/wp\/v2\/media?parent=8"}],"curies":[{"name":"wp","href":"https:\/\/api.w.org\/{rel}","templated":true}]}}