{"id":6,"date":"2024-01-08T18:50:22","date_gmt":"2024-01-08T18:50:22","guid":{"rendered":"https:\/\/crazytime.com.pl\/?page_id=6"},"modified":"2024-01-17T01:01:09","modified_gmt":"2024-01-17T01:01:09","slug":"crazy-time","status":"publish","type":"page","link":"https:\/\/crazytime.com.pl\/es\/","title":{"rendered":"Ventajas y Caracter\u00edsticas del Juego en Vivo Crazy Time"},"content":{"rendered":"<p>En la l\u00ednea de m\u00e1quinas tragamonedas de la reconocida compa\u00f1\u00eda Evolution Gaming, el juego Crazy Time merece atenci\u00f3n especial. Es un juego con rondas de bonificaci\u00f3n \u00fanicas, multiplicadores significativos y ganancias sustanciales. La emocionante diversi\u00f3n tiene lugar en tiempo real. La esencia del juego se basa en el principio de la rueda de dinero Dream Catcher, pero el juego cuenta con rondas de bonificaci\u00f3n \u00fanicas: Coin Flip, Cash Hunt, Pachinko y Crazy Time. Estas son cuatro oportunidades adicionales para ganar el premio mayor en un casino en l\u00ednea. Las rondas se llevan a cabo con la participaci\u00f3n de un crupier profesional y el slot solo se puede jugar con moneda real; no hay versi\u00f3n demo.<\/p>\n<h2>Caracter\u00edsticas y especificaciones de la m\u00e1quina tragamonedas Crazy Time<\/h2>\n<p>Despu\u00e9s de iniciar la m\u00e1quina tragamonedas de video Crazy Time, aparece frente al jugador una enorme rueda de dinero dividida en 54 sectores. Los segmentos tienen n\u00fameros 1, 2, 5 o 10, as\u00ed como s\u00edmbolos que representan una de las cuatro rondas de bonificaci\u00f3n. Los n\u00fameros y s\u00edmbolos tienen diferentes valores y est\u00e1n distribuidos de manera desigual en la rueda de juego.<\/p>\n<p>La rueda de dinero contiene 21 sectores con un coeficiente de x1, 13 segmentos con x2, 7 sectores con x5 y 4 segmentos con un multiplicador de x10. Los s\u00edmbolos de bonificaci\u00f3n de las rondas de la m\u00e1quina tragamonedas Coin Flip, Cash Hunt, Pachinko y Crazy Time ocupan 4, 2, 2 y 1 sector en la rueda, respectivamente. La ganancia cuando aparecen estas celdas alcanza x5000, x10000, x10000 y x20000 apuestas, lo cual es una recompensa bastante generosa para los jugadores. Es bastante posible caer en los sectores de premios; las probabilidades de los jugadores son del 16% de 100%: cada 6-7 giros de la rueda de dinero traen un bono. Un crupier en vivo, o anfitri\u00f3n, hace girar el tambor en diferentes direcciones en Crazy Time. Las principales caracter\u00edsticas y par\u00e1metros del juego Crazy Time:<\/p>\n<ul>\n<li>Fecha de lanzamiento del juego: 2020;<\/li>\n<li>Desarrollador: Evolution Gaming;<\/li>\n<li>Tipo de juego: juego en tiempo real;<\/li>\n<li>Porcentaje te\u00f3rico de retorno al jugador: 95.5%;<\/li>\n<li>Premio m\u00e1ximo posible: x25000 apuestas;<\/li>\n<li>Campo de juego: 54 sectores con n\u00fameros y s\u00edmbolos;<\/li>\n<li>Cuatro rondas de bonificaci\u00f3n con diferentes premios;<\/li>\n<li>Soporte en PC y dispositivos m\u00f3viles;<\/li>\n<li>Transmisiones de video en vivo de las rondas del juego;<\/li>\n<li>Rango de apuestas: de 0.1 a 100 euros (libras, d\u00f3lares);<\/li>\n<li>Funci\u00f3n especial Top Slot con multiplicadores de apuestas.<\/li>\n<\/ul>\n<p>El enorme tambor colorido con segmentos brillantes puede recompensar al jugador con sustanciales premios en efectivo. El atractivo al juego se a\u00f1ade al llevar a cabo rondas en formato en vivo con la participaci\u00f3n de un crupier real. La m\u00e1quina tragamonedas contiene caracter\u00edsticas de bonificaci\u00f3n \u00fanicas que pueden aumentar significativamente las ganancias del jugador. El slot se puede jugar en casinos en l\u00ednea con una categor\u00eda de juegos en vivo y el software de la compa\u00f1\u00eda desarrolladora.<\/p>\n","protected":false},"excerpt":{"rendered":"<p>En la l\u00ednea de m\u00e1quinas tragamonedas de la reconocida compa\u00f1\u00eda Evolution Gaming, el juego Crazy Time merece atenci\u00f3n especial. Es un juego con rondas de bonificaci\u00f3n \u00fanicas, multiplicadores significativos y ganancias sustanciales. La emocionante diversi\u00f3n tiene lugar en tiempo real. La esencia del juego se basa en el principio de &hellip;<\/p>\n","protected":false},"author":1,"featured_media":163,"parent":0,"menu_order":0,"comment_status":"closed","ping_status":"closed","template":"","meta":{"footnotes":""},"class_list":["post-6","page","type-page","status-publish","has-post-thumbnail","hentry"],"yoast_head":"<!-- This site is optimized with the Yoast SEO plugin v27.2 - https:\/\/yoast.com\/product\/yoast-seo-wordpress\/ -->\n<title>\u0418\u0433\u0440\u0430 \u043d\u0430 \u043e\u043d\u043b\u0430\u0439\u043d \u0438\u0433\u0440\u0430\u0442\u0430 Crazy Time \u0432 \u043e\u043d\u043b\u0430\u0439\u043d \u043a\u0430\u0437\u0438\u043d\u043e.<\/title>\n<meta name=\"description\" content=\"Jugando por dinero real en el juego en vivo Crazy Time en un casino en l\u00ednea. Predecir el resultado, descargar la aplicaci\u00f3n en iPhone y Android, realizar apuestas, juego en vivo\" \/>\n<meta name=\"robots\" content=\"index, follow, max-snippet:-1, max-image-preview:large, max-video-preview:-1\" \/>\n<link rel=\"canonical\" href=\"https:\/\/crazytime.com.pl\/es\/\" \/>\n<meta property=\"og:locale\" content=\"es_ES\" \/>\n<meta property=\"og:locale:alternate\" content=\"ru_RU\" \/>\n<meta property=\"og:locale:alternate\" content=\"en_US\" \/>\n<meta property=\"og:locale:alternate\" content=\"pt_PT\" \/>\n<meta property=\"og:locale:alternate\" content=\"fr_FR\" \/>\n<meta property=\"og:locale:alternate\" content=\"de_DE\" \/>\n<meta property=\"og:locale:alternate\" content=\"pl_PL\" \/>\n<meta property=\"og:locale:alternate\" content=\"tr_TR\" \/>\n<meta property=\"og:locale:alternate\" content=\"it_IT\" \/>\n<meta property=\"og:locale:alternate\" content=\"uk\" \/>\n<meta property=\"og:locale:alternate\" content=\"sr_RS\" \/>\n<meta property=\"og:locale:alternate\" content=\"bg_BG\" \/>\n<meta property=\"og:type\" content=\"article\" \/>\n<meta property=\"og:title\" content=\"\u0418\u0433\u0440\u0430 \u043d\u0430 \u043e\u043d\u043b\u0430\u0439\u043d \u0438\u0433\u0440\u0430\u0442\u0430 Crazy Time \u0432 \u043e\u043d\u043b\u0430\u0439\u043d \u043a\u0430\u0437\u0438\u043d\u043e.\" \/>\n<meta property=\"og:description\" content=\"\u0418\u0433\u0440\u0430 \u0437\u0430 \u0438\u0441\u0442\u0438\u043d\u0441\u043a\u0438 \u043f\u0430\u0440\u0438 \u0432 \u0436\u0438\u0432\u0430\u0442\u0430 \u0438\u0433\u0440\u0430 Crazy Time \u0432 \u043e\u043d\u043b\u0430\u0439\u043d \u043a\u0430\u0437\u0438\u043d\u043e. \u041f\u0440\u0435\u0434\u0432\u0438\u0436\u0434\u0430\u043d\u0435 \u043d\u0430 \u0440\u0435\u0437\u0443\u043b\u0442\u0430\u0442\u0430, \u0438\u0437\u0442\u0435\u0433\u043b\u044f\u043d\u0435 \u043d\u0430 \u043f\u0440\u0438\u043b\u043e\u0436\u0435\u043d\u0438\u0435\u0442\u043e \u0437\u0430 iPhone \u0438 Android, \u043f\u043e\u0441\u0442\u0430\u0432\u044f\u043d\u0435 \u043d\u0430 \u0437\u0430\u043b\u043e\u0437\u0438, \u0436\u0438\u0432\u0430 \u0438\u0433\u0440\u0430.\" \/>\n<meta property=\"og:url\" content=\"https:\/\/crazytime.com.pl\/es\/\" \/>\n<meta property=\"og:site_name\" content=\"Crazy Time\" \/>\n<meta property=\"article:modified_time\" content=\"2024-01-17T01:01:09+00:00\" \/>\n<meta property=\"og:image\" content=\"https:\/\/crazytime.com.pl\/wp-content\/uploads\/crazy-time.webp\" \/>\n\t<meta property=\"og:image:width\" content=\"2354\" \/>\n\t<meta property=\"og:image:height\" content=\"981\" \/>\n\t<meta property=\"og:image:type\" content=\"image\/webp\" \/>\n<meta name=\"twitter:card\" content=\"summary_large_image\" \/>\n<meta name=\"twitter:label1\" content=\"Tiempo de lectura\" \/>\n\t<meta name=\"twitter:data1\" content=\"19 minutos\" \/>\n<script type=\"application\/ld+json\" class=\"yoast-schema-graph\">{\"@context\":\"https:\/\/schema.org\",\"@graph\":[{\"@type\":\"WebPage\",\"@id\":\"https:\/\/crazytime.com.pl\/\",\"url\":\"https:\/\/crazytime.com.pl\/\",\"name\":\"\u0418\u0433\u0440\u0430 \u043d\u0430 \u043e\u043d\u043b\u0430\u0439\u043d \u0438\u0433\u0440\u0430\u0442\u0430 Crazy Time \u0432 \u043e\u043d\u043b\u0430\u0439\u043d \u043a\u0430\u0437\u0438\u043d\u043e.\",\"isPartOf\":{\"@id\":\"https:\/\/crazytime.com.pl\/#website\"},\"primaryImageOfPage\":{\"@id\":\"https:\/\/crazytime.com.pl\/#primaryimage\"},\"image\":{\"@id\":\"https:\/\/crazytime.com.pl\/#primaryimage\"},\"thumbnailUrl\":\"https:\/\/crazytime.com.pl\/wp-content\/uploads\/crazy-time.webp\",\"datePublished\":\"2024-01-08T18:50:22+00:00\",\"dateModified\":\"2024-01-17T01:01:09+00:00\",\"description\":\"\u0418\u0433\u0440\u0430 \u0437\u0430 \u0438\u0441\u0442\u0438\u043d\u0441\u043a\u0438 \u043f\u0430\u0440\u0438 \u0432 \u0436\u0438\u0432\u0430\u0442\u0430 \u0438\u0433\u0440\u0430 Crazy Time \u0432 \u043e\u043d\u043b\u0430\u0439\u043d \u043a\u0430\u0437\u0438\u043d\u043e. \u041f\u0440\u0435\u0434\u0432\u0438\u0436\u0434\u0430\u043d\u0435 \u043d\u0430 \u0440\u0435\u0437\u0443\u043b\u0442\u0430\u0442\u0430, \u0438\u0437\u0442\u0435\u0433\u043b\u044f\u043d\u0435 \u043d\u0430 \u043f\u0440\u0438\u043b\u043e\u0436\u0435\u043d\u0438\u0435\u0442\u043e \u0437\u0430 iPhone \u0438 Android, \u043f\u043e\u0441\u0442\u0430\u0432\u044f\u043d\u0435 \u043d\u0430 \u0437\u0430\u043b\u043e\u0437\u0438, \u0436\u0438\u0432\u0430 \u0438\u0433\u0440\u0430.\",\"breadcrumb\":{\"@id\":\"https:\/\/crazytime.com.pl\/#breadcrumb\"},\"inLanguage\":\"es-ES\",\"potentialAction\":[{\"@type\":\"ReadAction\",\"target\":[\"https:\/\/crazytime.com.pl\/\"]}]},{\"@type\":\"ImageObject\",\"inLanguage\":\"es-ES\",\"@id\":\"https:\/\/crazytime.com.pl\/#primaryimage\",\"url\":\"https:\/\/crazytime.com.pl\/wp-content\/uploads\/crazy-time.webp\",\"contentUrl\":\"https:\/\/crazytime.com.pl\/wp-content\/uploads\/crazy-time.webp\",\"width\":2354,\"height\":981},{\"@type\":\"BreadcrumbList\",\"@id\":\"https:\/\/crazytime.com.pl\/#breadcrumb\",\"itemListElement\":[{\"@type\":\"ListItem\",\"position\":1,\"name\":\"Home\",\"item\":\"https:\/\/crazytime.com.pl\/\"},{\"@type\":\"ListItem\",\"position\":2,\"name\":\"\u041f\u0440\u0435\u0434\u0438\u043c\u0441\u0442\u0432\u0430 \u0438 \u0445\u0430\u0440\u0430\u043a\u0442\u0435\u0440\u0438\u0441\u0442\u0438\u043a\u0438 \u043d\u0430 \u0436\u0438\u0432\u0430\u0442\u0430 \u0438\u0433\u0440\u0430 Crazy Time\"}]},{\"@type\":\"WebSite\",\"@id\":\"https:\/\/crazytime.com.pl\/#website\",\"url\":\"https:\/\/crazytime.com.pl\/\",\"name\":\"Crazy Time\",\"description\":\"\",\"potentialAction\":[{\"@type\":\"SearchAction\",\"target\":{\"@type\":\"EntryPoint\",\"urlTemplate\":\"https:\/\/crazytime.com.pl\/?s={search_term_string}\"},\"query-input\":{\"@type\":\"PropertyValueSpecification\",\"valueRequired\":true,\"valueName\":\"search_term_string\"}}],\"inLanguage\":\"es-ES\"}]}<\/script>\n<!-- \/ Yoast SEO plugin. -->","yoast_head_json":{"title":"\u0418\u0433\u0440\u0430 \u043d\u0430 \u043e\u043d\u043b\u0430\u0439\u043d \u0438\u0433\u0440\u0430\u0442\u0430 Crazy Time \u0432 \u043e\u043d\u043b\u0430\u0439\u043d \u043a\u0430\u0437\u0438\u043d\u043e.","description":"Jugando por dinero real en el juego en vivo Crazy Time en un casino en l\u00ednea. Predecir el resultado, descargar la aplicaci\u00f3n en iPhone y Android, realizar apuestas, juego en vivo","robots":{"index":"index","follow":"follow","max-snippet":"max-snippet:-1","max-image-preview":"max-image-preview:large","max-video-preview":"max-video-preview:-1"},"canonical":"https:\/\/crazytime.com.pl\/es\/","og_locale":"es_ES","og_type":"article","og_title":"\u0418\u0433\u0440\u0430 \u043d\u0430 \u043e\u043d\u043b\u0430\u0439\u043d \u0438\u0433\u0440\u0430\u0442\u0430 Crazy Time \u0432 \u043e\u043d\u043b\u0430\u0439\u043d \u043a\u0430\u0437\u0438\u043d\u043e.","og_description":"\u0418\u0433\u0440\u0430 \u0437\u0430 \u0438\u0441\u0442\u0438\u043d\u0441\u043a\u0438 \u043f\u0430\u0440\u0438 \u0432 \u0436\u0438\u0432\u0430\u0442\u0430 \u0438\u0433\u0440\u0430 Crazy Time \u0432 \u043e\u043d\u043b\u0430\u0439\u043d \u043a\u0430\u0437\u0438\u043d\u043e. \u041f\u0440\u0435\u0434\u0432\u0438\u0436\u0434\u0430\u043d\u0435 \u043d\u0430 \u0440\u0435\u0437\u0443\u043b\u0442\u0430\u0442\u0430, \u0438\u0437\u0442\u0435\u0433\u043b\u044f\u043d\u0435 \u043d\u0430 \u043f\u0440\u0438\u043b\u043e\u0436\u0435\u043d\u0438\u0435\u0442\u043e \u0437\u0430 iPhone \u0438 Android, \u043f\u043e\u0441\u0442\u0430\u0432\u044f\u043d\u0435 \u043d\u0430 \u0437\u0430\u043b\u043e\u0437\u0438, \u0436\u0438\u0432\u0430 \u0438\u0433\u0440\u0430.","og_url":"https:\/\/crazytime.com.pl\/es\/","og_site_name":"Crazy Time","article_modified_time":"2024-01-17T01:01:09+00:00","og_image":[{"width":2354,"height":981,"url":"https:\/\/crazytime.com.pl\/wp-content\/uploads\/crazy-time.webp","type":"image\/webp"}],"twitter_card":"summary_large_image","twitter_misc":{"Tiempo de lectura":"19 minutos"},"schema":{"@context":"https:\/\/schema.org","@graph":[{"@type":"WebPage","@id":"https:\/\/crazytime.com.pl\/","url":"https:\/\/crazytime.com.pl\/","name":"\u0418\u0433\u0440\u0430 \u043d\u0430 \u043e\u043d\u043b\u0430\u0439\u043d \u0438\u0433\u0440\u0430\u0442\u0430 Crazy Time \u0432 \u043e\u043d\u043b\u0430\u0439\u043d \u043a\u0430\u0437\u0438\u043d\u043e.","isPartOf":{"@id":"https:\/\/crazytime.com.pl\/#website"},"primaryImageOfPage":{"@id":"https:\/\/crazytime.com.pl\/#primaryimage"},"image":{"@id":"https:\/\/crazytime.com.pl\/#primaryimage"},"thumbnailUrl":"https:\/\/crazytime.com.pl\/wp-content\/uploads\/crazy-time.webp","datePublished":"2024-01-08T18:50:22+00:00","dateModified":"2024-01-17T01:01:09+00:00","description":"\u0418\u0433\u0440\u0430 \u0437\u0430 \u0438\u0441\u0442\u0438\u043d\u0441\u043a\u0438 \u043f\u0430\u0440\u0438 \u0432 \u0436\u0438\u0432\u0430\u0442\u0430 \u0438\u0433\u0440\u0430 Crazy Time \u0432 \u043e\u043d\u043b\u0430\u0439\u043d \u043a\u0430\u0437\u0438\u043d\u043e. \u041f\u0440\u0435\u0434\u0432\u0438\u0436\u0434\u0430\u043d\u0435 \u043d\u0430 \u0440\u0435\u0437\u0443\u043b\u0442\u0430\u0442\u0430, \u0438\u0437\u0442\u0435\u0433\u043b\u044f\u043d\u0435 \u043d\u0430 \u043f\u0440\u0438\u043b\u043e\u0436\u0435\u043d\u0438\u0435\u0442\u043e \u0437\u0430 iPhone \u0438 Android, \u043f\u043e\u0441\u0442\u0430\u0432\u044f\u043d\u0435 \u043d\u0430 \u0437\u0430\u043b\u043e\u0437\u0438, \u0436\u0438\u0432\u0430 \u0438\u0433\u0440\u0430.","breadcrumb":{"@id":"https:\/\/crazytime.com.pl\/#breadcrumb"},"inLanguage":"es-ES","potentialAction":[{"@type":"ReadAction","target":["https:\/\/crazytime.com.pl\/"]}]},{"@type":"ImageObject","inLanguage":"es-ES","@id":"https:\/\/crazytime.com.pl\/#primaryimage","url":"https:\/\/crazytime.com.pl\/wp-content\/uploads\/crazy-time.webp","contentUrl":"https:\/\/crazytime.com.pl\/wp-content\/uploads\/crazy-time.webp","width":2354,"height":981},{"@type":"BreadcrumbList","@id":"https:\/\/crazytime.com.pl\/#breadcrumb","itemListElement":[{"@type":"ListItem","position":1,"name":"Home","item":"https:\/\/crazytime.com.pl\/"},{"@type":"ListItem","position":2,"name":"\u041f\u0440\u0435\u0434\u0438\u043c\u0441\u0442\u0432\u0430 \u0438 \u0445\u0430\u0440\u0430\u043a\u0442\u0435\u0440\u0438\u0441\u0442\u0438\u043a\u0438 \u043d\u0430 \u0436\u0438\u0432\u0430\u0442\u0430 \u0438\u0433\u0440\u0430 Crazy Time"}]},{"@type":"WebSite","@id":"https:\/\/crazytime.com.pl\/#website","url":"https:\/\/crazytime.com.pl\/","name":"Crazy Time","description":"","potentialAction":[{"@type":"SearchAction","target":{"@type":"EntryPoint","urlTemplate":"https:\/\/crazytime.com.pl\/?s={search_term_string}"},"query-input":{"@type":"PropertyValueSpecification","valueRequired":true,"valueName":"search_term_string"}}],"inLanguage":"es-ES"}]}},"_links":{"self":[{"href":"https:\/\/crazytime.com.pl\/es\/wp-json\/wp\/v2\/pages\/6","targetHints":{"allow":["GET"]}}],"collection":[{"href":"https:\/\/crazytime.com.pl\/es\/wp-json\/wp\/v2\/pages"}],"about":[{"href":"https:\/\/crazytime.com.pl\/es\/wp-json\/wp\/v2\/types\/page"}],"author":[{"embeddable":true,"href":"https:\/\/crazytime.com.pl\/es\/wp-json\/wp\/v2\/users\/1"}],"replies":[{"embeddable":true,"href":"https:\/\/crazytime.com.pl\/es\/wp-json\/wp\/v2\/comments?post=6"}],"version-history":[{"count":26,"href":"https:\/\/crazytime.com.pl\/es\/wp-json\/wp\/v2\/pages\/6\/revisions"}],"predecessor-version":[{"id":185,"href":"https:\/\/crazytime.com.pl\/es\/wp-json\/wp\/v2\/pages\/6\/revisions\/185"}],"wp:featuredmedia":[{"embeddable":true,"href":"https:\/\/crazytime.com.pl\/es\/wp-json\/wp\/v2\/media\/163"}],"wp:attachment":[{"href":"https:\/\/crazytime.com.pl\/es\/wp-json\/wp\/v2\/media?parent=6"}],"curies":[{"name":"wp","href":"https:\/\/api.w.org\/{rel}","templated":true}]}}