{"id":18,"date":"2024-01-08T18:56:27","date_gmt":"2024-01-08T18:56:27","guid":{"rendered":"https:\/\/crazytime.com.pl\/?page_id=18"},"modified":"2024-01-17T01:07:10","modified_gmt":"2024-01-17T01:07:10","slug":"about-us","status":"publish","type":"page","link":"https:\/\/crazytime.com.pl\/es\/about-us\/","title":{"rendered":"Sobre Nosotros"},"content":{"rendered":"<p>Bienvenido a nuestro sitio web dedicado a uno de los juegos m\u00e1s innovadores y emocionantes en el mundo de los casinos en l\u00ednea: Crazy Time de Evolution Gaming. Nuestro sitio est\u00e1 dise\u00f1ado espec\u00edficamente para los fan\u00e1ticos de este emocionante juego, donde todos pueden encontrar informaci\u00f3n \u00fatil, consejos y gu\u00edas para disfrutar al m\u00e1ximo de una experiencia de juego efectiva y divertida.<\/p>\n<h2><strong>Nuestra Misi\u00f3n<\/strong><\/h2>\n<p>Nuestro objetivo es proporcionar a nuestros visitantes la informaci\u00f3n m\u00e1s actualizada y detallada sobre Crazy Time. Buscamos ayudar tanto a principiantes como a jugadores experimentados a comprender mejor la mec\u00e1nica del juego, las estrategias de apuestas y las posibilidades de ganar. Creemos que la informaci\u00f3n precisa y una comprensi\u00f3n profunda del juego mejoran la experiencia de juego y pueden aumentar significativamente tus posibilidades de \u00e9xito.<\/p>\n<h2><strong>Lo Que Ofrecemos<\/strong><\/h2>\n<p>En nuestro sitio web, encontrar\u00e1s:<\/p>\n<ul>\n<li><strong>Gu\u00edas detalladas y estrategias:<\/strong> Desde los conceptos b\u00e1sicos del juego hasta t\u00e1cticas y estrategias avanzadas, cubrimos todos los aspectos de Crazy Time.<\/li>\n<li><strong>Consejos de expertos:<\/strong> Nuestros expertos proporcionan regularmente consejos y recomendaciones profesionales para ayudarte a mejorar tu juego.<\/li>\n<li><strong>Noticias y Actualizaciones:<\/strong> Mantente informado sobre las \u00faltimas noticias y actualizaciones en el mundo de Crazy Time para estar al tanto de los eventos m\u00e1s recientes.<\/li>\n<\/ul>\n<p>Nuestro sitio web no solo es una fuente de informaci\u00f3n, sino tambi\u00e9n una comunidad de personas con ideas afines unidas por su amor por el juego Crazy Time. Valoramos a cada visitante y nos esforzamos por crear un ambiente amigable y solidario donde todos puedan sentirse c\u00f3modos y seguros.<\/p>\n","protected":false},"excerpt":{"rendered":"<p>Bienvenido a nuestro sitio web dedicado a uno de los juegos m\u00e1s innovadores y emocionantes en el mundo de los casinos en l\u00ednea: Crazy Time de Evolution Gaming. Nuestro sitio est\u00e1 dise\u00f1ado espec\u00edficamente para los fan\u00e1ticos de este emocionante juego, donde todos pueden encontrar informaci\u00f3n \u00fatil, consejos y gu\u00edas para &hellip;<\/p>\n","protected":false},"author":1,"featured_media":0,"parent":0,"menu_order":0,"comment_status":"closed","ping_status":"closed","template":"","meta":{"footnotes":""},"class_list":["post-18","page","type-page","status-publish","hentry"],"yoast_head":"<!-- This site is optimized with the Yoast SEO plugin v27.2 - https:\/\/yoast.com\/product\/yoast-seo-wordpress\/ -->\n<title>\u041e \u0441\u0430\u0439\u0442\u0435 \u0434\u043b\u044f \u0438\u0433\u0440\u044b Crazy Time<\/title>\n<meta name=\"description\" content=\"Nuestro sitio est\u00e1 dedicado al juego Crazy Time, donde proporcionamos estrategias sobre c\u00f3mo jugar y ganar, descripciones de reglas, noticias y otra informaci\u00f3n.\" \/>\n<meta name=\"robots\" content=\"index, follow, max-snippet:-1, max-image-preview:large, max-video-preview:-1\" \/>\n<link rel=\"canonical\" href=\"https:\/\/crazytime.com.pl\/es\/about-us\/\" \/>\n<meta property=\"og:locale\" content=\"es_ES\" \/>\n<meta property=\"og:locale:alternate\" content=\"ru_RU\" \/>\n<meta property=\"og:locale:alternate\" content=\"en_US\" \/>\n<meta property=\"og:locale:alternate\" content=\"pt_PT\" \/>\n<meta property=\"og:locale:alternate\" content=\"fr_FR\" \/>\n<meta property=\"og:locale:alternate\" content=\"de_DE\" \/>\n<meta property=\"og:locale:alternate\" content=\"pl_PL\" \/>\n<meta property=\"og:locale:alternate\" content=\"tr_TR\" \/>\n<meta property=\"og:locale:alternate\" content=\"it_IT\" \/>\n<meta property=\"og:locale:alternate\" content=\"uk\" \/>\n<meta property=\"og:locale:alternate\" content=\"sr_RS\" \/>\n<meta property=\"og:locale:alternate\" content=\"bg_BG\" \/>\n<meta property=\"og:type\" content=\"article\" \/>\n<meta property=\"og:title\" content=\"\u041e \u0441\u0430\u0439\u0442\u0435 \u0434\u043b\u044f \u0438\u0433\u0440\u044b Crazy Time\" \/>\n<meta property=\"og:description\" content=\"\u041d\u0430\u0448 \u0441\u0430\u0439\u0442 \u043f\u043e\u0441\u0432\u044f\u0449\u0435\u043d \u0438\u0433\u0440\u0435 Crazy Time, \u0433\u0434\u0435 \u043c\u044b \u0434\u0430\u0435\u043c \u0441\u0442\u0440\u0430\u0442\u0435\u0433\u0438\u0438 \u043a\u0430\u043a \u0438\u0433\u0440\u0430\u0442\u044c \u0438 \u043f\u043e\u0431\u0435\u0436\u0434\u0430\u0442\u044c, \u043e\u043f\u0438\u0441\u0430\u043d\u0438\u044f \u043f\u0440\u0430\u0432\u0438\u043b, \u043d\u043e\u0432\u043e\u0441\u0442\u0438 \u0438 \u0434\u0440\u0443\u0433\u0443\u044e \u0438\u043d\u0444\u043e\u0440\u043c\u0430\u0446\u0438\u044e\" \/>\n<meta property=\"og:url\" content=\"https:\/\/crazytime.com.pl\/es\/about-us\/\" \/>\n<meta property=\"og:site_name\" content=\"Crazy Time\" \/>\n<meta property=\"article:modified_time\" content=\"2024-01-17T01:07:10+00:00\" \/>\n<meta name=\"twitter:card\" content=\"summary_large_image\" \/>\n<meta name=\"twitter:label1\" content=\"Tiempo de lectura\" \/>\n\t<meta name=\"twitter:data1\" content=\"11 minutos\" \/>\n<script type=\"application\/ld+json\" class=\"yoast-schema-graph\">{\"@context\":\"https:\/\/schema.org\",\"@graph\":[{\"@type\":\"WebPage\",\"@id\":\"https:\/\/crazytime.com.pl\/about-us\/\",\"url\":\"https:\/\/crazytime.com.pl\/about-us\/\",\"name\":\"\u041e \u0441\u0430\u0439\u0442\u0435 \u0434\u043b\u044f \u0438\u0433\u0440\u044b Crazy Time\",\"isPartOf\":{\"@id\":\"https:\/\/crazytime.com.pl\/#website\"},\"datePublished\":\"2024-01-08T18:56:27+00:00\",\"dateModified\":\"2024-01-17T01:07:10+00:00\",\"description\":\"\u041d\u0430\u0448 \u0441\u0430\u0439\u0442 \u043f\u043e\u0441\u0432\u044f\u0449\u0435\u043d \u0438\u0433\u0440\u0435 Crazy Time, \u0433\u0434\u0435 \u043c\u044b \u0434\u0430\u0435\u043c \u0441\u0442\u0440\u0430\u0442\u0435\u0433\u0438\u0438 \u043a\u0430\u043a \u0438\u0433\u0440\u0430\u0442\u044c \u0438 \u043f\u043e\u0431\u0435\u0436\u0434\u0430\u0442\u044c, \u043e\u043f\u0438\u0441\u0430\u043d\u0438\u044f \u043f\u0440\u0430\u0432\u0438\u043b, \u043d\u043e\u0432\u043e\u0441\u0442\u0438 \u0438 \u0434\u0440\u0443\u0433\u0443\u044e \u0438\u043d\u0444\u043e\u0440\u043c\u0430\u0446\u0438\u044e\",\"breadcrumb\":{\"@id\":\"https:\/\/crazytime.com.pl\/about-us\/#breadcrumb\"},\"inLanguage\":\"es-ES\",\"potentialAction\":[{\"@type\":\"ReadAction\",\"target\":[\"https:\/\/crazytime.com.pl\/about-us\/\"]}]},{\"@type\":\"BreadcrumbList\",\"@id\":\"https:\/\/crazytime.com.pl\/about-us\/#breadcrumb\",\"itemListElement\":[{\"@type\":\"ListItem\",\"position\":1,\"name\":\"Home\",\"item\":\"https:\/\/crazytime.com.pl\/\"},{\"@type\":\"ListItem\",\"position\":2,\"name\":\"\u041e \u043d\u0430\u0441\"}]},{\"@type\":\"WebSite\",\"@id\":\"https:\/\/crazytime.com.pl\/#website\",\"url\":\"https:\/\/crazytime.com.pl\/\",\"name\":\"Crazy Time\",\"description\":\"\",\"potentialAction\":[{\"@type\":\"SearchAction\",\"target\":{\"@type\":\"EntryPoint\",\"urlTemplate\":\"https:\/\/crazytime.com.pl\/?s={search_term_string}\"},\"query-input\":{\"@type\":\"PropertyValueSpecification\",\"valueRequired\":true,\"valueName\":\"search_term_string\"}}],\"inLanguage\":\"es-ES\"}]}<\/script>\n<!-- \/ Yoast SEO plugin. -->","yoast_head_json":{"title":"\u041e \u0441\u0430\u0439\u0442\u0435 \u0434\u043b\u044f \u0438\u0433\u0440\u044b Crazy Time","description":"Nuestro sitio est\u00e1 dedicado al juego Crazy Time, donde proporcionamos estrategias sobre c\u00f3mo jugar y ganar, descripciones de reglas, noticias y otra informaci\u00f3n.","robots":{"index":"index","follow":"follow","max-snippet":"max-snippet:-1","max-image-preview":"max-image-preview:large","max-video-preview":"max-video-preview:-1"},"canonical":"https:\/\/crazytime.com.pl\/es\/about-us\/","og_locale":"es_ES","og_type":"article","og_title":"\u041e \u0441\u0430\u0439\u0442\u0435 \u0434\u043b\u044f \u0438\u0433\u0440\u044b Crazy Time","og_description":"\u041d\u0430\u0448 \u0441\u0430\u0439\u0442 \u043f\u043e\u0441\u0432\u044f\u0449\u0435\u043d \u0438\u0433\u0440\u0435 Crazy Time, \u0433\u0434\u0435 \u043c\u044b \u0434\u0430\u0435\u043c \u0441\u0442\u0440\u0430\u0442\u0435\u0433\u0438\u0438 \u043a\u0430\u043a \u0438\u0433\u0440\u0430\u0442\u044c \u0438 \u043f\u043e\u0431\u0435\u0436\u0434\u0430\u0442\u044c, \u043e\u043f\u0438\u0441\u0430\u043d\u0438\u044f \u043f\u0440\u0430\u0432\u0438\u043b, \u043d\u043e\u0432\u043e\u0441\u0442\u0438 \u0438 \u0434\u0440\u0443\u0433\u0443\u044e \u0438\u043d\u0444\u043e\u0440\u043c\u0430\u0446\u0438\u044e","og_url":"https:\/\/crazytime.com.pl\/es\/about-us\/","og_site_name":"Crazy Time","article_modified_time":"2024-01-17T01:07:10+00:00","twitter_card":"summary_large_image","twitter_misc":{"Tiempo de lectura":"11 minutos"},"schema":{"@context":"https:\/\/schema.org","@graph":[{"@type":"WebPage","@id":"https:\/\/crazytime.com.pl\/about-us\/","url":"https:\/\/crazytime.com.pl\/about-us\/","name":"\u041e \u0441\u0430\u0439\u0442\u0435 \u0434\u043b\u044f \u0438\u0433\u0440\u044b Crazy Time","isPartOf":{"@id":"https:\/\/crazytime.com.pl\/#website"},"datePublished":"2024-01-08T18:56:27+00:00","dateModified":"2024-01-17T01:07:10+00:00","description":"\u041d\u0430\u0448 \u0441\u0430\u0439\u0442 \u043f\u043e\u0441\u0432\u044f\u0449\u0435\u043d \u0438\u0433\u0440\u0435 Crazy Time, \u0433\u0434\u0435 \u043c\u044b \u0434\u0430\u0435\u043c \u0441\u0442\u0440\u0430\u0442\u0435\u0433\u0438\u0438 \u043a\u0430\u043a \u0438\u0433\u0440\u0430\u0442\u044c \u0438 \u043f\u043e\u0431\u0435\u0436\u0434\u0430\u0442\u044c, \u043e\u043f\u0438\u0441\u0430\u043d\u0438\u044f \u043f\u0440\u0430\u0432\u0438\u043b, \u043d\u043e\u0432\u043e\u0441\u0442\u0438 \u0438 \u0434\u0440\u0443\u0433\u0443\u044e \u0438\u043d\u0444\u043e\u0440\u043c\u0430\u0446\u0438\u044e","breadcrumb":{"@id":"https:\/\/crazytime.com.pl\/about-us\/#breadcrumb"},"inLanguage":"es-ES","potentialAction":[{"@type":"ReadAction","target":["https:\/\/crazytime.com.pl\/about-us\/"]}]},{"@type":"BreadcrumbList","@id":"https:\/\/crazytime.com.pl\/about-us\/#breadcrumb","itemListElement":[{"@type":"ListItem","position":1,"name":"Home","item":"https:\/\/crazytime.com.pl\/"},{"@type":"ListItem","position":2,"name":"\u041e \u043d\u0430\u0441"}]},{"@type":"WebSite","@id":"https:\/\/crazytime.com.pl\/#website","url":"https:\/\/crazytime.com.pl\/","name":"Crazy Time","description":"","potentialAction":[{"@type":"SearchAction","target":{"@type":"EntryPoint","urlTemplate":"https:\/\/crazytime.com.pl\/?s={search_term_string}"},"query-input":{"@type":"PropertyValueSpecification","valueRequired":true,"valueName":"search_term_string"}}],"inLanguage":"es-ES"}]}},"_links":{"self":[{"href":"https:\/\/crazytime.com.pl\/es\/wp-json\/wp\/v2\/pages\/18","targetHints":{"allow":["GET"]}}],"collection":[{"href":"https:\/\/crazytime.com.pl\/es\/wp-json\/wp\/v2\/pages"}],"about":[{"href":"https:\/\/crazytime.com.pl\/es\/wp-json\/wp\/v2\/types\/page"}],"author":[{"embeddable":true,"href":"https:\/\/crazytime.com.pl\/es\/wp-json\/wp\/v2\/users\/1"}],"replies":[{"embeddable":true,"href":"https:\/\/crazytime.com.pl\/es\/wp-json\/wp\/v2\/comments?post=18"}],"version-history":[{"count":26,"href":"https:\/\/crazytime.com.pl\/es\/wp-json\/wp\/v2\/pages\/18\/revisions"}],"predecessor-version":[{"id":191,"href":"https:\/\/crazytime.com.pl\/es\/wp-json\/wp\/v2\/pages\/18\/revisions\/191"}],"wp:attachment":[{"href":"https:\/\/crazytime.com.pl\/es\/wp-json\/wp\/v2\/media?parent=18"}],"curies":[{"name":"wp","href":"https:\/\/api.w.org\/{rel}","templated":true}]}}