{"id":10,"date":"2024-01-08T18:52:45","date_gmt":"2024-01-08T18:52:45","guid":{"rendered":"https:\/\/crazytime.com.pl\/?page_id=10"},"modified":"2024-01-17T01:09:09","modified_gmt":"2024-01-17T01:09:09","slug":"reviews","status":"publish","type":"page","link":"https:\/\/crazytime.com.pl\/es\/reviews\/","title":{"rendered":"Rese\u00f1as"},"content":{"rendered":"<p>Millones de jugadores en todo el mundo participan en el juego en vivo Crazy Time y disfrutan de la experiencia. No encontrar\u00e1s un solo pa\u00eds en el mundo sin jugadores de Crazy Time. Y hay razones para esta popularidad. Entre ellas est\u00e1 la sensaci\u00f3n de estar en un casino en l\u00ednea real, ya que el juego es dirigido por un crupier en vivo. En otras palabras, puedes sentarte c\u00f3modamente en tu silla y disfrutar del juego. Hemos recopilado opiniones de jugadores reales, brindando una visi\u00f3n general del juego Crazy Time.<\/p>\n<p>El juego en l\u00ednea Crazy Time es un torbellino de emociones. Un espect\u00e1culo en vivo con un presentador real y varios juegos de bonificaci\u00f3n no deja a nadie indiferente. Es la mejor manera de pasar el tiempo para los entusiastas del juego. Se siente como si estuvieras en un casino de Las Vegas o Macao. Realmente lo disfrut\u00e9.<\/p>\n<p>Maxim, 22 a\u00f1os<\/p>\n<p>He probado muchos juegos en casinos en l\u00ednea, pero Crazy Time se ha convertido en mi juego favorito. Gr\u00e1ficos brillantes, presentadores animados y la posibilidad de grandes ganancias: \u00a1simplemente incre\u00edble! Se necesita un poco de tiempo para entender los juegos de bonificaci\u00f3n. Hay varios de ellos y son diferentes, pero no es complicado.<\/p>\n<p>Alejandro, 24 a\u00f1os<\/p>\n<p>Crazy Time es \u00fanica con sus rondas de bonificaci\u00f3n. Cada vez que ganas acceso a una de ellas, sientes una incre\u00edble oleada de adrenalina. Y esto aumenta bruscamente las posibilidades de una gran victoria. El tipo de victoria con la que sales con tu novia y puedes comprarle lo que quiera.<\/p>\n<p>Mark, 27 a\u00f1os<\/p>\n<p>Este juego combina perfectamente la emoci\u00f3n de un espect\u00e1culo y las oportunidades del casino. Los presentadores hacen que el proceso sea a\u00fan m\u00e1s emocionante. Entretenimiento real para jugadores de todas las edades.<\/p>\n<p>Maria, 22 a\u00f1os<\/p>\n<p>Crazy Time es m\u00e1s que solo un juego de azar. Est\u00e1 lleno de sorpresas y giros inesperados, haciendo que cada sesi\u00f3n de juego sea \u00fanica e inolvidable. Es todo un espect\u00e1culo donde puedes disfrutar de cada momento. No entiendo por qu\u00e9 la gente va al cine o gasta su tiempo de otra manera cuando puedes empezar Crazy Time y la diversi\u00f3n est\u00e1 garantizada.<\/p>\n<p>Alina, 22 a\u00f1os<\/p>\n<p>Me encantan los momentos con los juegos de bonificaci\u00f3n en Crazy Time. Le agregan un toque especial al juego y ofrecen oportunidades para grandes victorias. \u00a1Paso un buen rato jugando este juego! Y nadie puede convencerme de que el juego es malo, porque si se trata de juego, solo Crazy Time.<\/p>\n<p>Alejandro, 23 a\u00f1os<\/p>\n<p>Crazy Time es la elecci\u00f3n perfecta para aquellos que buscan no solo una experiencia de juego sino todo un espect\u00e1culo. Los presentadores, la m\u00fasica, la interacci\u00f3n, todo es de primera. Es como si hubieras visitado un casino real.<\/p>\n<p>Nick, 20 a\u00f1os<\/p>\n<p>Este juego me cautiv\u00f3 desde el primer vistazo. Brillante, en\u00e9rgico y siempre lleno de sorpresas: as\u00ed es como imagino el casino en l\u00ednea perfecto. Sol\u00eda pensar que los juegos de crash eran el siguiente paso en el desarrollo, pero ahora veo que los juegos en vivo como Crazy Time son el siguiente nivel.<\/p>\n<p>Bruno, 26 a\u00f1os<\/p>\n<p>En Crazy Time, cada ronda es una nueva aventura. Me gusta que haya tantos elementos diferentes: desde girar la rueda hasta los minijuegos de bonificaci\u00f3n. Parece que hay mucha variedad y elementos en el juego, pero no te pierdes.<\/p>\n<p>Ignat, 27 a\u00f1os<\/p>\n<p>Jugando a Crazy Time, me siento parte de un gran y divertido espect\u00e1culo. No solo se trata de juego, sino tambi\u00e9n de una excelente manera de relajarse despu\u00e9s de un d\u00eda dif\u00edcil. No puedo imaginar mi vida sin Crazy Time.<\/p>\n<p>Natalia, 28 a\u00f1os<\/p>\n<p>Gran juego para aquellos a quienes les gustan los casinos en vivo con elementos interactivos. Crazy Time sorprende constantemente con la variedad de rondas y posibilidades. Es un juego donde siempre descubrir\u00e1s algo nuevo.<\/p>\n<p>Andrey, 21 a\u00f1os<\/p>\n<p>Crazy Time es una explosi\u00f3n de emociones. Cada vez sientes emoci\u00f3n cuando la rueda comienza a frenar, esperando ver en qu\u00e9 segmento se detendr\u00e1. Realmente me gusta.<\/p>\n<p>Vanessa, 20 a\u00f1os<\/p>\n<p>Amo este juego por su dinamismo y variedad. En Crazy Time siempre est\u00e1 pasando algo, y eso mantiene todo el proceso de juego emocionante.<\/p>\n<p>Alex, 34 a\u00f1os<\/p>\n<p>Este juego es una excelente manera de probar tu suerte en una atm\u00f3sfera vibrante y emocionante. Crazy Time no es solo un casino; \u00a1es todo un espect\u00e1culo! El juego es conocido y muchos de mis amigos lo juegan. Ninguno de mis amigos se arrepiente de jugar a Crazy Time.<\/p>\n<p>Dan, 23 a\u00f1os<\/p>\n<p>Crazy Time super\u00f3 todas mis expectativas para un juego en vivo. Rondas de bonificaci\u00f3n emocionantes, presentadores animados y una atm\u00f3sfera incre\u00edble: eso es exactamente lo que necesitas para una gran noche. Seguir\u00e9 jugando.<\/p>\n<p>Denis, 20 a\u00f1os<\/p>\n","protected":false},"excerpt":{"rendered":"<p>Millones de jugadores en todo el mundo participan en el juego en vivo Crazy Time y disfrutan de la experiencia. No encontrar\u00e1s un solo pa\u00eds en el mundo sin jugadores de Crazy Time. Y hay razones para esta popularidad. Entre ellas est\u00e1 la sensaci\u00f3n de estar en un casino en &hellip;<\/p>\n","protected":false},"author":1,"featured_media":0,"parent":0,"menu_order":0,"comment_status":"closed","ping_status":"closed","template":"","meta":{"footnotes":""},"class_list":["post-10","page","type-page","status-publish","hentry"],"yoast_head":"<!-- This site is optimized with the Yoast SEO plugin v27.2 - https:\/\/yoast.com\/product\/yoast-seo-wordpress\/ -->\n<title>\u041e\u0442\u0437\u044b\u0432\u044b \u0438\u0433\u0440\u043e\u043a\u043e\u0432 \u043e live \u0438\u0433\u0440\u0435 Crazy Time<\/title>\n<meta name=\"description\" content=\"Rese\u00f1as, opiniones y comentarios de jugadores reales sobre el juego \u00fanico con crupier en vivo Crazy Time. Opiniones honestas sobre Crazy Time.\" \/>\n<meta name=\"robots\" content=\"index, follow, max-snippet:-1, max-image-preview:large, max-video-preview:-1\" \/>\n<link rel=\"canonical\" href=\"https:\/\/crazytime.com.pl\/es\/reviews\/\" \/>\n<meta property=\"og:locale\" content=\"es_ES\" \/>\n<meta property=\"og:locale:alternate\" content=\"ru_RU\" \/>\n<meta property=\"og:locale:alternate\" content=\"en_US\" \/>\n<meta property=\"og:locale:alternate\" content=\"pt_PT\" \/>\n<meta property=\"og:locale:alternate\" content=\"fr_FR\" \/>\n<meta property=\"og:locale:alternate\" content=\"de_DE\" \/>\n<meta property=\"og:locale:alternate\" content=\"pl_PL\" \/>\n<meta property=\"og:locale:alternate\" content=\"tr_TR\" \/>\n<meta property=\"og:locale:alternate\" content=\"it_IT\" \/>\n<meta property=\"og:locale:alternate\" content=\"uk\" \/>\n<meta property=\"og:locale:alternate\" content=\"sr_RS\" \/>\n<meta property=\"og:locale:alternate\" content=\"bg_BG\" \/>\n<meta property=\"og:type\" content=\"article\" \/>\n<meta property=\"og:title\" content=\"\u041e\u0442\u0437\u044b\u0432\u044b \u0438\u0433\u0440\u043e\u043a\u043e\u0432 \u043e live \u0438\u0433\u0440\u0435 Crazy Time\" \/>\n<meta property=\"og:description\" content=\"\u041e\u0431\u0437\u043e\u0440\u044b, \u043c\u043d\u0435\u043d\u0438\u044f \u0438 \u043e\u0442\u0437\u044b\u0432\u044b \u043d\u0430\u0441\u0442\u043e\u044f\u0449\u0438\u0445 \u0438\u0433\u0440\u043e\u043a\u043e\u0432 \u043e\u0431 \u0443\u043d\u0438\u043a\u0430\u043b\u044c\u043d\u043e\u0439 \u0438\u0433\u0440\u0435 \u0441 \u0436\u0438\u0432\u044b\u043c \u0434\u0438\u043b\u0435\u0440\u043e\u043c Crazy Time. \u0427\u0435\u0441\u0442\u043d\u043e\u0435 \u043c\u043d\u0435\u043d\u0438\u0435 \u043e Crazy Time\" \/>\n<meta property=\"og:url\" content=\"https:\/\/crazytime.com.pl\/es\/reviews\/\" \/>\n<meta property=\"og:site_name\" content=\"Crazy Time\" \/>\n<meta property=\"article:modified_time\" content=\"2024-01-17T01:09:09+00:00\" \/>\n<meta name=\"twitter:card\" content=\"summary_large_image\" \/>\n<meta name=\"twitter:label1\" content=\"Tiempo de lectura\" \/>\n\t<meta name=\"twitter:data1\" content=\"32 minutos\" \/>\n<script type=\"application\/ld+json\" class=\"yoast-schema-graph\">{\"@context\":\"https:\/\/schema.org\",\"@graph\":[{\"@type\":\"WebPage\",\"@id\":\"https:\/\/crazytime.com.pl\/reviews\/\",\"url\":\"https:\/\/crazytime.com.pl\/reviews\/\",\"name\":\"\u041e\u0442\u0437\u044b\u0432\u044b \u0438\u0433\u0440\u043e\u043a\u043e\u0432 \u043e live \u0438\u0433\u0440\u0435 Crazy Time\",\"isPartOf\":{\"@id\":\"https:\/\/crazytime.com.pl\/#website\"},\"datePublished\":\"2024-01-08T18:52:45+00:00\",\"dateModified\":\"2024-01-17T01:09:09+00:00\",\"description\":\"\u041e\u0431\u0437\u043e\u0440\u044b, \u043c\u043d\u0435\u043d\u0438\u044f \u0438 \u043e\u0442\u0437\u044b\u0432\u044b \u043d\u0430\u0441\u0442\u043e\u044f\u0449\u0438\u0445 \u0438\u0433\u0440\u043e\u043a\u043e\u0432 \u043e\u0431 \u0443\u043d\u0438\u043a\u0430\u043b\u044c\u043d\u043e\u0439 \u0438\u0433\u0440\u0435 \u0441 \u0436\u0438\u0432\u044b\u043c \u0434\u0438\u043b\u0435\u0440\u043e\u043c Crazy Time. \u0427\u0435\u0441\u0442\u043d\u043e\u0435 \u043c\u043d\u0435\u043d\u0438\u0435 \u043e Crazy Time\",\"breadcrumb\":{\"@id\":\"https:\/\/crazytime.com.pl\/reviews\/#breadcrumb\"},\"inLanguage\":\"es-ES\",\"potentialAction\":[{\"@type\":\"ReadAction\",\"target\":[\"https:\/\/crazytime.com.pl\/reviews\/\"]}]},{\"@type\":\"BreadcrumbList\",\"@id\":\"https:\/\/crazytime.com.pl\/reviews\/#breadcrumb\",\"itemListElement\":[{\"@type\":\"ListItem\",\"position\":1,\"name\":\"Home\",\"item\":\"https:\/\/crazytime.com.pl\/\"},{\"@type\":\"ListItem\",\"position\":2,\"name\":\"\u041e\u0442\u0437\u044b\u0432\u044b\"}]},{\"@type\":\"WebSite\",\"@id\":\"https:\/\/crazytime.com.pl\/#website\",\"url\":\"https:\/\/crazytime.com.pl\/\",\"name\":\"Crazy Time\",\"description\":\"\",\"potentialAction\":[{\"@type\":\"SearchAction\",\"target\":{\"@type\":\"EntryPoint\",\"urlTemplate\":\"https:\/\/crazytime.com.pl\/?s={search_term_string}\"},\"query-input\":{\"@type\":\"PropertyValueSpecification\",\"valueRequired\":true,\"valueName\":\"search_term_string\"}}],\"inLanguage\":\"es-ES\"}]}<\/script>\n<!-- \/ Yoast SEO plugin. -->","yoast_head_json":{"title":"\u041e\u0442\u0437\u044b\u0432\u044b \u0438\u0433\u0440\u043e\u043a\u043e\u0432 \u043e live \u0438\u0433\u0440\u0435 Crazy Time","description":"Rese\u00f1as, opiniones y comentarios de jugadores reales sobre el juego \u00fanico con crupier en vivo Crazy Time. Opiniones honestas sobre Crazy Time.","robots":{"index":"index","follow":"follow","max-snippet":"max-snippet:-1","max-image-preview":"max-image-preview:large","max-video-preview":"max-video-preview:-1"},"canonical":"https:\/\/crazytime.com.pl\/es\/reviews\/","og_locale":"es_ES","og_type":"article","og_title":"\u041e\u0442\u0437\u044b\u0432\u044b \u0438\u0433\u0440\u043e\u043a\u043e\u0432 \u043e live \u0438\u0433\u0440\u0435 Crazy Time","og_description":"\u041e\u0431\u0437\u043e\u0440\u044b, \u043c\u043d\u0435\u043d\u0438\u044f \u0438 \u043e\u0442\u0437\u044b\u0432\u044b \u043d\u0430\u0441\u0442\u043e\u044f\u0449\u0438\u0445 \u0438\u0433\u0440\u043e\u043a\u043e\u0432 \u043e\u0431 \u0443\u043d\u0438\u043a\u0430\u043b\u044c\u043d\u043e\u0439 \u0438\u0433\u0440\u0435 \u0441 \u0436\u0438\u0432\u044b\u043c \u0434\u0438\u043b\u0435\u0440\u043e\u043c Crazy Time. \u0427\u0435\u0441\u0442\u043d\u043e\u0435 \u043c\u043d\u0435\u043d\u0438\u0435 \u043e Crazy Time","og_url":"https:\/\/crazytime.com.pl\/es\/reviews\/","og_site_name":"Crazy Time","article_modified_time":"2024-01-17T01:09:09+00:00","twitter_card":"summary_large_image","twitter_misc":{"Tiempo de lectura":"32 minutos"},"schema":{"@context":"https:\/\/schema.org","@graph":[{"@type":"WebPage","@id":"https:\/\/crazytime.com.pl\/reviews\/","url":"https:\/\/crazytime.com.pl\/reviews\/","name":"\u041e\u0442\u0437\u044b\u0432\u044b \u0438\u0433\u0440\u043e\u043a\u043e\u0432 \u043e live \u0438\u0433\u0440\u0435 Crazy Time","isPartOf":{"@id":"https:\/\/crazytime.com.pl\/#website"},"datePublished":"2024-01-08T18:52:45+00:00","dateModified":"2024-01-17T01:09:09+00:00","description":"\u041e\u0431\u0437\u043e\u0440\u044b, \u043c\u043d\u0435\u043d\u0438\u044f \u0438 \u043e\u0442\u0437\u044b\u0432\u044b \u043d\u0430\u0441\u0442\u043e\u044f\u0449\u0438\u0445 \u0438\u0433\u0440\u043e\u043a\u043e\u0432 \u043e\u0431 \u0443\u043d\u0438\u043a\u0430\u043b\u044c\u043d\u043e\u0439 \u0438\u0433\u0440\u0435 \u0441 \u0436\u0438\u0432\u044b\u043c \u0434\u0438\u043b\u0435\u0440\u043e\u043c Crazy Time. \u0427\u0435\u0441\u0442\u043d\u043e\u0435 \u043c\u043d\u0435\u043d\u0438\u0435 \u043e Crazy Time","breadcrumb":{"@id":"https:\/\/crazytime.com.pl\/reviews\/#breadcrumb"},"inLanguage":"es-ES","potentialAction":[{"@type":"ReadAction","target":["https:\/\/crazytime.com.pl\/reviews\/"]}]},{"@type":"BreadcrumbList","@id":"https:\/\/crazytime.com.pl\/reviews\/#breadcrumb","itemListElement":[{"@type":"ListItem","position":1,"name":"Home","item":"https:\/\/crazytime.com.pl\/"},{"@type":"ListItem","position":2,"name":"\u041e\u0442\u0437\u044b\u0432\u044b"}]},{"@type":"WebSite","@id":"https:\/\/crazytime.com.pl\/#website","url":"https:\/\/crazytime.com.pl\/","name":"Crazy Time","description":"","potentialAction":[{"@type":"SearchAction","target":{"@type":"EntryPoint","urlTemplate":"https:\/\/crazytime.com.pl\/?s={search_term_string}"},"query-input":{"@type":"PropertyValueSpecification","valueRequired":true,"valueName":"search_term_string"}}],"inLanguage":"es-ES"}]}},"_links":{"self":[{"href":"https:\/\/crazytime.com.pl\/es\/wp-json\/wp\/v2\/pages\/10","targetHints":{"allow":["GET"]}}],"collection":[{"href":"https:\/\/crazytime.com.pl\/es\/wp-json\/wp\/v2\/pages"}],"about":[{"href":"https:\/\/crazytime.com.pl\/es\/wp-json\/wp\/v2\/types\/page"}],"author":[{"embeddable":true,"href":"https:\/\/crazytime.com.pl\/es\/wp-json\/wp\/v2\/users\/1"}],"replies":[{"embeddable":true,"href":"https:\/\/crazytime.com.pl\/es\/wp-json\/wp\/v2\/comments?post=10"}],"version-history":[{"count":24,"href":"https:\/\/crazytime.com.pl\/es\/wp-json\/wp\/v2\/pages\/10\/revisions"}],"predecessor-version":[{"id":193,"href":"https:\/\/crazytime.com.pl\/es\/wp-json\/wp\/v2\/pages\/10\/revisions\/193"}],"wp:attachment":[{"href":"https:\/\/crazytime.com.pl\/es\/wp-json\/wp\/v2\/media?parent=10"}],"curies":[{"name":"wp","href":"https:\/\/api.w.org\/{rel}","templated":true}]}}