{"id":6,"date":"2024-01-08T18:50:22","date_gmt":"2024-01-08T18:50:22","guid":{"rendered":"https:\/\/crazytime.com.pl\/?page_id=6"},"modified":"2024-01-17T01:01:09","modified_gmt":"2024-01-17T01:01:09","slug":"crazy-time","status":"publish","type":"page","link":"https:\/\/crazytime.com.pl\/de\/","title":{"rendered":"Vorteile und Besonderheiten des Live-Spiels Crazy Time"},"content":{"rendered":"<p>In der Reihe der Spielautomaten des bekannten Unternehmens Evolution Gaming verdient das Spiel Crazy Time besondere Aufmerksamkeit. Es handelt sich um ein Spiel mit einzigartigen Bonusrunden, bedeutenden Multiplikatoren und betr\u00e4chtlichen Gewinnen. Das aufregende Entertainment findet in Echtzeit statt. Die Essenz des Spiels basiert auf dem Prinzip des Geldrades Dream Catcher, aber das Spiel verf\u00fcgt \u00fcber einzigartige Bonusrunden \u2013 Coin Flip, Cash Hunt, Pachinko und Crazy Time. Das sind vier zus\u00e4tzliche M\u00f6glichkeiten, den Jackpot in einem Online-Casino zu knacken. Die Runden finden unter Beteiligung eines professionellen Dealers statt, und der Slot kann nur mit echter W\u00e4hrung gespielt werden; es gibt keine Demo-Version.<\/p>\n<h2>Merkmale und Eigenschaften des Spielautomaten Crazy Time<\/h2>\n<p>Nach dem Start des Crazy Time-Videospielautomaten erscheint vor dem Spieler ein riesiges Geldrad, das in 54 Sektoren unterteilt ist. Die Segmente haben die Nummern 1, 2, 5 oder 10, sowie Symbole, die einen der vier Bonusrunden repr\u00e4sentieren. Zahlen und Symbole haben unterschiedliche Werte und sind ungleichm\u00e4\u00dfig auf dem Spielrad verteilt.<\/p>\n<p>Das Geldrad enth\u00e4lt 21 Sektoren mit einem Koeffizienten von x1, 13 Segmente mit x2, 7 Sektoren mit x5 und 4 Segmente mit einem Multiplikator von x10. Bonus-Symbole der Coin Flip, Cash Hunt, Pachinko und Crazy Time-Spielrunden belegen 4, 2, 2 bzw. 1 Sektor auf dem Rad. Der Gewinn, wenn diese Zellen erscheinen, erreicht x5000, x10000, x10000 und x20000 Eins\u00e4tze, was eine ziemlich gro\u00dfz\u00fcgige Belohnung f\u00fcr die Spieler ist. Es ist durchaus m\u00f6glich, in die Gewinnsektoren zu gelangen; die Chancen der Spieler betragen 16% von 100% &#8211; jede 6-7 Umdrehung des Geldrades bringt einen Bonus. Ein Live-Dealer oder Moderator dreht das Rad in verschiedenen Richtungen in Crazy Time. Die Hauptmerkmale und Parameter des Spiels Crazy Time:<\/p>\n<ul>\n<li>Ver\u00f6ffentlichungsdatum des Spiels \u2013 2020;<\/li>\n<li>Entwickler \u2013 Evolution Gaming;<\/li>\n<li>Spieltyp \u2013 Echtzeit-Spiel;<\/li>\n<li>Theoretischer R\u00fcckzahlungsprozentsatz \u2013 95,5%;<\/li>\n<li>Maximale m\u00f6gliche Belohnung \u2013 x25000 Eins\u00e4tze;<\/li>\n<li>Spielfeld \u2013 54 Sektoren mit Zahlen und Symbolen;<\/li>\n<li>Vier Bonusrunden mit verschiedenen Belohnungen;<\/li>\n<li>Unterst\u00fctzung auf PC und mobilen Ger\u00e4ten;<\/li>\n<li>Live-Video\u00fcbertragungen der Spielrunden;<\/li>\n<li>Einsatzbereich \u2013 von 0,1 bis 100 Euro (Pfund, Dollar);<\/li>\n<li>Besonderes Top Slot-Feature mit Einsatzmultiplikatoren.<\/li>\n<\/ul>\n<p>Das riesige bunte Rad mit leuchtenden Segmenten kann den Spieler mit betr\u00e4chtlichen Bargeldpreisen belohnen. Die Anziehungskraft des Gameplays wird durch die Durchf\u00fchrung von Runden im Live-Format mit Beteiligung eines echten Dealers verst\u00e4rkt. Der Videospielautomat enth\u00e4lt einzigartige Bonusfunktionen, die die Gewinne des Spielers erheblich steigern k\u00f6nnen. Der Slot kann in Online-Casinos mit einer Kategorie f\u00fcr Live-Spiele und der Slot-Software des Entwicklers gespielt werden.<\/p>\n","protected":false},"excerpt":{"rendered":"<p>In der Reihe der Spielautomaten des bekannten Unternehmens Evolution Gaming verdient das Spiel Crazy Time besondere Aufmerksamkeit. Es handelt sich um ein Spiel mit einzigartigen Bonusrunden, bedeutenden Multiplikatoren und betr\u00e4chtlichen Gewinnen. Das aufregende Entertainment findet in Echtzeit statt. Die Essenz des Spiels basiert auf dem Prinzip des Geldrades Dream Catcher, &hellip;<\/p>\n","protected":false},"author":1,"featured_media":163,"parent":0,"menu_order":0,"comment_status":"closed","ping_status":"closed","template":"","meta":{"footnotes":""},"class_list":["post-6","page","type-page","status-publish","has-post-thumbnail","hentry"],"yoast_head":"<!-- This site is optimized with the Yoast SEO plugin v27.2 - https:\/\/yoast.com\/product\/yoast-seo-wordpress\/ -->\n<title>\u0418\u0433\u0440\u0430 \u043d\u0430 \u043e\u043d\u043b\u0430\u0439\u043d \u0438\u0433\u0440\u0430\u0442\u0430 Crazy Time \u0432 \u043e\u043d\u043b\u0430\u0439\u043d \u043a\u0430\u0437\u0438\u043d\u043e.<\/title>\n<meta name=\"description\" content=\"Mit echtem Geld spielen im Live-Spiel Crazy Time in einem Online-Casino. Das Ergebnis vorhersagen, die App auf iPhone und Android herunterladen, Wetten platzieren, Live-Spiel\" \/>\n<meta name=\"robots\" content=\"index, follow, max-snippet:-1, max-image-preview:large, max-video-preview:-1\" \/>\n<link rel=\"canonical\" href=\"https:\/\/crazytime.com.pl\/de\/\" \/>\n<meta property=\"og:locale\" content=\"de_DE\" \/>\n<meta property=\"og:locale:alternate\" content=\"ru_RU\" \/>\n<meta property=\"og:locale:alternate\" content=\"en_US\" \/>\n<meta property=\"og:locale:alternate\" content=\"pt_PT\" \/>\n<meta property=\"og:locale:alternate\" content=\"es_ES\" \/>\n<meta property=\"og:locale:alternate\" content=\"fr_FR\" \/>\n<meta property=\"og:locale:alternate\" content=\"pl_PL\" \/>\n<meta property=\"og:locale:alternate\" content=\"tr_TR\" \/>\n<meta property=\"og:locale:alternate\" content=\"it_IT\" \/>\n<meta property=\"og:locale:alternate\" content=\"uk\" \/>\n<meta property=\"og:locale:alternate\" content=\"sr_RS\" \/>\n<meta property=\"og:locale:alternate\" content=\"bg_BG\" \/>\n<meta property=\"og:type\" content=\"article\" \/>\n<meta property=\"og:title\" content=\"\u0418\u0433\u0440\u0430 \u043d\u0430 \u043e\u043d\u043b\u0430\u0439\u043d \u0438\u0433\u0440\u0430\u0442\u0430 Crazy Time \u0432 \u043e\u043d\u043b\u0430\u0439\u043d \u043a\u0430\u0437\u0438\u043d\u043e.\" \/>\n<meta property=\"og:description\" content=\"\u0418\u0433\u0440\u0430 \u0437\u0430 \u0438\u0441\u0442\u0438\u043d\u0441\u043a\u0438 \u043f\u0430\u0440\u0438 \u0432 \u0436\u0438\u0432\u0430\u0442\u0430 \u0438\u0433\u0440\u0430 Crazy Time \u0432 \u043e\u043d\u043b\u0430\u0439\u043d \u043a\u0430\u0437\u0438\u043d\u043e. \u041f\u0440\u0435\u0434\u0432\u0438\u0436\u0434\u0430\u043d\u0435 \u043d\u0430 \u0440\u0435\u0437\u0443\u043b\u0442\u0430\u0442\u0430, \u0438\u0437\u0442\u0435\u0433\u043b\u044f\u043d\u0435 \u043d\u0430 \u043f\u0440\u0438\u043b\u043e\u0436\u0435\u043d\u0438\u0435\u0442\u043e \u0437\u0430 iPhone \u0438 Android, \u043f\u043e\u0441\u0442\u0430\u0432\u044f\u043d\u0435 \u043d\u0430 \u0437\u0430\u043b\u043e\u0437\u0438, \u0436\u0438\u0432\u0430 \u0438\u0433\u0440\u0430.\" \/>\n<meta property=\"og:url\" content=\"https:\/\/crazytime.com.pl\/de\/\" \/>\n<meta property=\"og:site_name\" content=\"Crazy Time\" \/>\n<meta property=\"article:modified_time\" content=\"2024-01-17T01:01:09+00:00\" \/>\n<meta property=\"og:image\" content=\"https:\/\/crazytime.com.pl\/wp-content\/uploads\/crazy-time.webp\" \/>\n\t<meta property=\"og:image:width\" content=\"2354\" \/>\n\t<meta property=\"og:image:height\" content=\"981\" \/>\n\t<meta property=\"og:image:type\" content=\"image\/webp\" \/>\n<meta name=\"twitter:card\" content=\"summary_large_image\" \/>\n<meta name=\"twitter:label1\" content=\"Gesch\u00e4tzte Lesezeit\" \/>\n\t<meta name=\"twitter:data1\" content=\"19\u00a0Minuten\" \/>\n<script type=\"application\/ld+json\" class=\"yoast-schema-graph\">{\"@context\":\"https:\/\/schema.org\",\"@graph\":[{\"@type\":\"WebPage\",\"@id\":\"https:\/\/crazytime.com.pl\/\",\"url\":\"https:\/\/crazytime.com.pl\/\",\"name\":\"\u0418\u0433\u0440\u0430 \u043d\u0430 \u043e\u043d\u043b\u0430\u0439\u043d \u0438\u0433\u0440\u0430\u0442\u0430 Crazy Time \u0432 \u043e\u043d\u043b\u0430\u0439\u043d \u043a\u0430\u0437\u0438\u043d\u043e.\",\"isPartOf\":{\"@id\":\"https:\/\/crazytime.com.pl\/#website\"},\"primaryImageOfPage\":{\"@id\":\"https:\/\/crazytime.com.pl\/#primaryimage\"},\"image\":{\"@id\":\"https:\/\/crazytime.com.pl\/#primaryimage\"},\"thumbnailUrl\":\"https:\/\/crazytime.com.pl\/wp-content\/uploads\/crazy-time.webp\",\"datePublished\":\"2024-01-08T18:50:22+00:00\",\"dateModified\":\"2024-01-17T01:01:09+00:00\",\"description\":\"\u0418\u0433\u0440\u0430 \u0437\u0430 \u0438\u0441\u0442\u0438\u043d\u0441\u043a\u0438 \u043f\u0430\u0440\u0438 \u0432 \u0436\u0438\u0432\u0430\u0442\u0430 \u0438\u0433\u0440\u0430 Crazy Time \u0432 \u043e\u043d\u043b\u0430\u0439\u043d \u043a\u0430\u0437\u0438\u043d\u043e. \u041f\u0440\u0435\u0434\u0432\u0438\u0436\u0434\u0430\u043d\u0435 \u043d\u0430 \u0440\u0435\u0437\u0443\u043b\u0442\u0430\u0442\u0430, \u0438\u0437\u0442\u0435\u0433\u043b\u044f\u043d\u0435 \u043d\u0430 \u043f\u0440\u0438\u043b\u043e\u0436\u0435\u043d\u0438\u0435\u0442\u043e \u0437\u0430 iPhone \u0438 Android, \u043f\u043e\u0441\u0442\u0430\u0432\u044f\u043d\u0435 \u043d\u0430 \u0437\u0430\u043b\u043e\u0437\u0438, \u0436\u0438\u0432\u0430 \u0438\u0433\u0440\u0430.\",\"breadcrumb\":{\"@id\":\"https:\/\/crazytime.com.pl\/#breadcrumb\"},\"inLanguage\":\"de-DE\",\"potentialAction\":[{\"@type\":\"ReadAction\",\"target\":[\"https:\/\/crazytime.com.pl\/\"]}]},{\"@type\":\"ImageObject\",\"inLanguage\":\"de-DE\",\"@id\":\"https:\/\/crazytime.com.pl\/#primaryimage\",\"url\":\"https:\/\/crazytime.com.pl\/wp-content\/uploads\/crazy-time.webp\",\"contentUrl\":\"https:\/\/crazytime.com.pl\/wp-content\/uploads\/crazy-time.webp\",\"width\":2354,\"height\":981},{\"@type\":\"BreadcrumbList\",\"@id\":\"https:\/\/crazytime.com.pl\/#breadcrumb\",\"itemListElement\":[{\"@type\":\"ListItem\",\"position\":1,\"name\":\"Home\",\"item\":\"https:\/\/crazytime.com.pl\/\"},{\"@type\":\"ListItem\",\"position\":2,\"name\":\"\u041f\u0440\u0435\u0434\u0438\u043c\u0441\u0442\u0432\u0430 \u0438 \u0445\u0430\u0440\u0430\u043a\u0442\u0435\u0440\u0438\u0441\u0442\u0438\u043a\u0438 \u043d\u0430 \u0436\u0438\u0432\u0430\u0442\u0430 \u0438\u0433\u0440\u0430 Crazy Time\"}]},{\"@type\":\"WebSite\",\"@id\":\"https:\/\/crazytime.com.pl\/#website\",\"url\":\"https:\/\/crazytime.com.pl\/\",\"name\":\"Crazy Time\",\"description\":\"\",\"potentialAction\":[{\"@type\":\"SearchAction\",\"target\":{\"@type\":\"EntryPoint\",\"urlTemplate\":\"https:\/\/crazytime.com.pl\/?s={search_term_string}\"},\"query-input\":{\"@type\":\"PropertyValueSpecification\",\"valueRequired\":true,\"valueName\":\"search_term_string\"}}],\"inLanguage\":\"de-DE\"}]}<\/script>\n<!-- \/ Yoast SEO plugin. -->","yoast_head_json":{"title":"\u0418\u0433\u0440\u0430 \u043d\u0430 \u043e\u043d\u043b\u0430\u0439\u043d \u0438\u0433\u0440\u0430\u0442\u0430 Crazy Time \u0432 \u043e\u043d\u043b\u0430\u0439\u043d \u043a\u0430\u0437\u0438\u043d\u043e.","description":"Mit echtem Geld spielen im Live-Spiel Crazy Time in einem Online-Casino. Das Ergebnis vorhersagen, die App auf iPhone und Android herunterladen, Wetten platzieren, Live-Spiel","robots":{"index":"index","follow":"follow","max-snippet":"max-snippet:-1","max-image-preview":"max-image-preview:large","max-video-preview":"max-video-preview:-1"},"canonical":"https:\/\/crazytime.com.pl\/de\/","og_locale":"de_DE","og_type":"article","og_title":"\u0418\u0433\u0440\u0430 \u043d\u0430 \u043e\u043d\u043b\u0430\u0439\u043d \u0438\u0433\u0440\u0430\u0442\u0430 Crazy Time \u0432 \u043e\u043d\u043b\u0430\u0439\u043d \u043a\u0430\u0437\u0438\u043d\u043e.","og_description":"\u0418\u0433\u0440\u0430 \u0437\u0430 \u0438\u0441\u0442\u0438\u043d\u0441\u043a\u0438 \u043f\u0430\u0440\u0438 \u0432 \u0436\u0438\u0432\u0430\u0442\u0430 \u0438\u0433\u0440\u0430 Crazy Time \u0432 \u043e\u043d\u043b\u0430\u0439\u043d \u043a\u0430\u0437\u0438\u043d\u043e. \u041f\u0440\u0435\u0434\u0432\u0438\u0436\u0434\u0430\u043d\u0435 \u043d\u0430 \u0440\u0435\u0437\u0443\u043b\u0442\u0430\u0442\u0430, \u0438\u0437\u0442\u0435\u0433\u043b\u044f\u043d\u0435 \u043d\u0430 \u043f\u0440\u0438\u043b\u043e\u0436\u0435\u043d\u0438\u0435\u0442\u043e \u0437\u0430 iPhone \u0438 Android, \u043f\u043e\u0441\u0442\u0430\u0432\u044f\u043d\u0435 \u043d\u0430 \u0437\u0430\u043b\u043e\u0437\u0438, \u0436\u0438\u0432\u0430 \u0438\u0433\u0440\u0430.","og_url":"https:\/\/crazytime.com.pl\/de\/","og_site_name":"Crazy Time","article_modified_time":"2024-01-17T01:01:09+00:00","og_image":[{"width":2354,"height":981,"url":"https:\/\/crazytime.com.pl\/wp-content\/uploads\/crazy-time.webp","type":"image\/webp"}],"twitter_card":"summary_large_image","twitter_misc":{"Gesch\u00e4tzte Lesezeit":"19\u00a0Minuten"},"schema":{"@context":"https:\/\/schema.org","@graph":[{"@type":"WebPage","@id":"https:\/\/crazytime.com.pl\/","url":"https:\/\/crazytime.com.pl\/","name":"\u0418\u0433\u0440\u0430 \u043d\u0430 \u043e\u043d\u043b\u0430\u0439\u043d \u0438\u0433\u0440\u0430\u0442\u0430 Crazy Time \u0432 \u043e\u043d\u043b\u0430\u0439\u043d \u043a\u0430\u0437\u0438\u043d\u043e.","isPartOf":{"@id":"https:\/\/crazytime.com.pl\/#website"},"primaryImageOfPage":{"@id":"https:\/\/crazytime.com.pl\/#primaryimage"},"image":{"@id":"https:\/\/crazytime.com.pl\/#primaryimage"},"thumbnailUrl":"https:\/\/crazytime.com.pl\/wp-content\/uploads\/crazy-time.webp","datePublished":"2024-01-08T18:50:22+00:00","dateModified":"2024-01-17T01:01:09+00:00","description":"\u0418\u0433\u0440\u0430 \u0437\u0430 \u0438\u0441\u0442\u0438\u043d\u0441\u043a\u0438 \u043f\u0430\u0440\u0438 \u0432 \u0436\u0438\u0432\u0430\u0442\u0430 \u0438\u0433\u0440\u0430 Crazy Time \u0432 \u043e\u043d\u043b\u0430\u0439\u043d \u043a\u0430\u0437\u0438\u043d\u043e. \u041f\u0440\u0435\u0434\u0432\u0438\u0436\u0434\u0430\u043d\u0435 \u043d\u0430 \u0440\u0435\u0437\u0443\u043b\u0442\u0430\u0442\u0430, \u0438\u0437\u0442\u0435\u0433\u043b\u044f\u043d\u0435 \u043d\u0430 \u043f\u0440\u0438\u043b\u043e\u0436\u0435\u043d\u0438\u0435\u0442\u043e \u0437\u0430 iPhone \u0438 Android, \u043f\u043e\u0441\u0442\u0430\u0432\u044f\u043d\u0435 \u043d\u0430 \u0437\u0430\u043b\u043e\u0437\u0438, \u0436\u0438\u0432\u0430 \u0438\u0433\u0440\u0430.","breadcrumb":{"@id":"https:\/\/crazytime.com.pl\/#breadcrumb"},"inLanguage":"de-DE","potentialAction":[{"@type":"ReadAction","target":["https:\/\/crazytime.com.pl\/"]}]},{"@type":"ImageObject","inLanguage":"de-DE","@id":"https:\/\/crazytime.com.pl\/#primaryimage","url":"https:\/\/crazytime.com.pl\/wp-content\/uploads\/crazy-time.webp","contentUrl":"https:\/\/crazytime.com.pl\/wp-content\/uploads\/crazy-time.webp","width":2354,"height":981},{"@type":"BreadcrumbList","@id":"https:\/\/crazytime.com.pl\/#breadcrumb","itemListElement":[{"@type":"ListItem","position":1,"name":"Home","item":"https:\/\/crazytime.com.pl\/"},{"@type":"ListItem","position":2,"name":"\u041f\u0440\u0435\u0434\u0438\u043c\u0441\u0442\u0432\u0430 \u0438 \u0445\u0430\u0440\u0430\u043a\u0442\u0435\u0440\u0438\u0441\u0442\u0438\u043a\u0438 \u043d\u0430 \u0436\u0438\u0432\u0430\u0442\u0430 \u0438\u0433\u0440\u0430 Crazy Time"}]},{"@type":"WebSite","@id":"https:\/\/crazytime.com.pl\/#website","url":"https:\/\/crazytime.com.pl\/","name":"Crazy Time","description":"","potentialAction":[{"@type":"SearchAction","target":{"@type":"EntryPoint","urlTemplate":"https:\/\/crazytime.com.pl\/?s={search_term_string}"},"query-input":{"@type":"PropertyValueSpecification","valueRequired":true,"valueName":"search_term_string"}}],"inLanguage":"de-DE"}]}},"_links":{"self":[{"href":"https:\/\/crazytime.com.pl\/de\/wp-json\/wp\/v2\/pages\/6","targetHints":{"allow":["GET"]}}],"collection":[{"href":"https:\/\/crazytime.com.pl\/de\/wp-json\/wp\/v2\/pages"}],"about":[{"href":"https:\/\/crazytime.com.pl\/de\/wp-json\/wp\/v2\/types\/page"}],"author":[{"embeddable":true,"href":"https:\/\/crazytime.com.pl\/de\/wp-json\/wp\/v2\/users\/1"}],"replies":[{"embeddable":true,"href":"https:\/\/crazytime.com.pl\/de\/wp-json\/wp\/v2\/comments?post=6"}],"version-history":[{"count":26,"href":"https:\/\/crazytime.com.pl\/de\/wp-json\/wp\/v2\/pages\/6\/revisions"}],"predecessor-version":[{"id":185,"href":"https:\/\/crazytime.com.pl\/de\/wp-json\/wp\/v2\/pages\/6\/revisions\/185"}],"wp:featuredmedia":[{"embeddable":true,"href":"https:\/\/crazytime.com.pl\/de\/wp-json\/wp\/v2\/media\/163"}],"wp:attachment":[{"href":"https:\/\/crazytime.com.pl\/de\/wp-json\/wp\/v2\/media?parent=6"}],"curies":[{"name":"wp","href":"https:\/\/api.w.org\/{rel}","templated":true}]}}