{"id":16,"date":"2024-01-08T18:55:33","date_gmt":"2024-01-08T18:55:33","guid":{"rendered":"https:\/\/crazytime.com.pl\/?page_id=16"},"modified":"2024-01-17T01:04:22","modified_gmt":"2024-01-17T01:04:22","slug":"choosing-an-online-casino-for-playing-crazy-time","status":"publish","type":"page","link":"https:\/\/crazytime.com.pl\/de\/choosing-an-online-casino-for-playing-crazy-time\/","title":{"rendered":"Die Auswahl eines Online-Casinos f\u00fcr das Spielen von Crazy Time"},"content":{"rendered":"<p>Die Auswahl des richtigen Online-Casinos f\u00fcr das Spielen von Crazy Time ist ein entscheidender Aspekt, der Ihre Spielerfahrung erheblich beeinflussen kann. Crazy Time ist ein beliebtes und aufregendes Spiel von Evolution Gaming, das eine zuverl\u00e4ssige und hochwertige Plattform zum Spielen erfordert. Hier sind einige Tipps, wie Sie das beste Online-Casino f\u00fcr diesen Zweck ausw\u00e4hlen k\u00f6nnen. Einerseits ist das Spiel \u00fcberall gleich. Andererseits haben alle Casinos unterschiedliche Regeln, wie zum Beispiel Einzahlungen, Auszahlungen von Gewinnen und die \u00dcberpr\u00fcfung der Spieleridentit\u00e4t. Und dies beeinflusst die Spielerfahrung erheblich.<\/p>\n<h2><strong>Lizenzierte Online-Casinos<\/strong><\/h2>\n<p>Das erste, worauf Sie achten sollten, ist das Vorhandensein einer Lizenz f\u00fcr das Casino. Ein lizenziertes Casino gew\u00e4hrleistet faires Spielen und den Schutz der Spieler. Es ist auch wichtig, Bewertungen von anderen Spielern und die Bewertung des Casinos zu \u00fcberpr\u00fcfen, um dessen Zuverl\u00e4ssigkeit und Ruf sicherzustellen. Da wir wissen, wie einfach es ist, Bewertungen zu f\u00e4lschen, ist es wichtig, an mehreren Stellen zu \u00fcberpr\u00fcfen.<\/p>\n<p>Stellen Sie sicher, dass das ausgew\u00e4hlte Casino Crazy Time in seiner Spielauswahl anbietet. Es ist auch wichtig, dass die Website des Casinos benutzerfreundlich ist, eine gute Grafik bietet und stabile Verbindungen ohne Verz\u00f6gerungen gew\u00e4hrleistet, was besonders f\u00fcr Live-Spiele wichtig ist.<\/p>\n<p>Viele Online-Casinos bieten attraktive Boni und Promotionen, insbesondere f\u00fcr neue Spieler. Suchen Sie nach einem Casino mit guten Willkommensboni oder speziellen Aktionen f\u00fcr das Spielen von Crazy Time, lesen Sie aber auch sorgf\u00e4ltig die Bedingungen f\u00fcr deren Erhalt und Verwendung.<\/p>\n<p>W\u00e4hlen Sie ein Casino, das bequeme Einzahlungs- und Auszahlungsmethoden f\u00fcr Sie unterst\u00fctzt. Die Verf\u00fcgbarkeit verschiedener Zahlungsoptionen, einschlie\u00dflich E-Wallets, Kreditkarten und Kryptow\u00e4hrungen, macht den Spielprozess bequemer.<\/p>\n<p>Ein guter Kundenservice ist ein wesentlicher Bestandteil eines qualitativ hochwertigen Online-Casinos. Stellen Sie sicher, dass das Casino effizienten Kundensupport bietet, der \u00fcber verschiedene Kommunikationskan\u00e4le erreichbar ist und in der Lage ist, aufkommende Fragen und Probleme schnell zu l\u00f6sen.<\/p>\n<p>Wenn Sie lieber von einem mobilen Ger\u00e4t aus spielen, \u00fcberpr\u00fcfen Sie, ob das Casino das Spielen auf mobilen Plattformen unterst\u00fctzt. Die Verf\u00fcgbarkeit einer mobilen Anwendung oder einer gut optimierten mobilen Website erleichtert den Zugang zum Spiel jederzeit und \u00fcberall.<\/p>\n<p>Die Auswahl eines Online-Casinos f\u00fcr das Spielen von Crazy Time ist eine Kombination aus pers\u00f6nlichen Vorlieben und objektiven Kriterien wie Sicherheit, Zuverl\u00e4ssigkeit, Benutzerfreundlichkeit und Servicequalit\u00e4t. Nehmen Sie sich Zeit f\u00fcr eine sorgf\u00e4ltige Auswahl, und dies wird Ihnen das beste Spielerlebnis gew\u00e4hrleisten.<\/p>\n","protected":false},"excerpt":{"rendered":"<p>Die Auswahl des richtigen Online-Casinos f\u00fcr das Spielen von Crazy Time ist ein entscheidender Aspekt, der Ihre Spielerfahrung erheblich beeinflussen kann. Crazy Time ist ein beliebtes und aufregendes Spiel von Evolution Gaming, das eine zuverl\u00e4ssige und hochwertige Plattform zum Spielen erfordert. Hier sind einige Tipps, wie Sie das beste Online-Casino &hellip;<\/p>\n","protected":false},"author":1,"featured_media":0,"parent":0,"menu_order":0,"comment_status":"closed","ping_status":"closed","template":"","meta":{"footnotes":""},"class_list":["post-16","page","type-page","status-publish","hentry"],"yoast_head":"<!-- This site is optimized with the Yoast SEO plugin v27.2 - https:\/\/yoast.com\/product\/yoast-seo-wordpress\/ -->\n<title>\u041a\u0430\u043a \u0434\u0430 \u0438\u0437\u0431\u0435\u0440\u0435\u0442\u0435 \u043e\u043d\u043b\u0430\u0439\u043d \u043a\u0430\u0437\u0438\u043d\u043e \u0437\u0430 \u0438\u0433\u0440\u0430 \u043d\u0430 Crazy Time<\/title>\n<meta name=\"description\" content=\"Auswahl eines Online-Casinos f\u00fcr Wetten im Spiel Crazy Time. Anmeldung, Anmeldung f\u00fcr ein erfolgreiches Spiel in Crazy Time.\" \/>\n<meta name=\"robots\" content=\"index, follow, max-snippet:-1, max-image-preview:large, max-video-preview:-1\" \/>\n<link rel=\"canonical\" href=\"https:\/\/crazytime.com.pl\/de\/choosing-an-online-casino-for-playing-crazy-time\/\" \/>\n<meta property=\"og:locale\" content=\"de_DE\" \/>\n<meta property=\"og:locale:alternate\" content=\"ru_RU\" \/>\n<meta property=\"og:locale:alternate\" content=\"en_US\" \/>\n<meta property=\"og:locale:alternate\" content=\"pt_PT\" \/>\n<meta property=\"og:locale:alternate\" content=\"es_ES\" \/>\n<meta property=\"og:locale:alternate\" content=\"fr_FR\" \/>\n<meta property=\"og:locale:alternate\" content=\"pl_PL\" \/>\n<meta property=\"og:locale:alternate\" content=\"tr_TR\" \/>\n<meta property=\"og:locale:alternate\" content=\"it_IT\" \/>\n<meta property=\"og:locale:alternate\" content=\"uk\" \/>\n<meta property=\"og:locale:alternate\" content=\"sr_RS\" \/>\n<meta property=\"og:locale:alternate\" content=\"bg_BG\" \/>\n<meta property=\"og:type\" content=\"article\" \/>\n<meta property=\"og:title\" content=\"\u041a\u0430\u043a \u0434\u0430 \u0438\u0437\u0431\u0435\u0440\u0435\u0442\u0435 \u043e\u043d\u043b\u0430\u0439\u043d \u043a\u0430\u0437\u0438\u043d\u043e \u0437\u0430 \u0438\u0433\u0440\u0430 \u043d\u0430 Crazy Time\" \/>\n<meta property=\"og:description\" content=\"\u0418\u0437\u0431\u043e\u0440 \u043d\u0430 \u043e\u043d\u043b\u0430\u0439\u043d \u043a\u0430\u0437\u0438\u043d\u043e \u0437\u0430 \u043f\u043e\u0441\u0442\u0430\u0432\u044f\u043d\u0435 \u043d\u0430 \u0437\u0430\u043b\u043e\u0437\u0438 \u0432 \u0438\u0433\u0440\u0430\u0442\u0430 Crazy Time. \u0420\u0435\u0433\u0438\u0441\u0442\u0440\u0430\u0446\u0438\u044f, \u0432\u0445\u043e\u0434 \u0437\u0430 \u0443\u0441\u043f\u0435\u0448\u043d\u0430 \u0438\u0433\u0440\u0430 \u0432 Crazy Time.\" \/>\n<meta property=\"og:url\" content=\"https:\/\/crazytime.com.pl\/de\/choosing-an-online-casino-for-playing-crazy-time\/\" \/>\n<meta property=\"og:site_name\" content=\"Crazy Time\" \/>\n<meta property=\"article:modified_time\" content=\"2024-01-17T01:04:22+00:00\" \/>\n<meta name=\"twitter:card\" content=\"summary_large_image\" \/>\n<meta name=\"twitter:label1\" content=\"Gesch\u00e4tzte Lesezeit\" \/>\n\t<meta name=\"twitter:data1\" content=\"17\u00a0Minuten\" \/>\n<script type=\"application\/ld+json\" class=\"yoast-schema-graph\">{\"@context\":\"https:\/\/schema.org\",\"@graph\":[{\"@type\":\"WebPage\",\"@id\":\"https:\/\/crazytime.com.pl\/bg\/choosing-an-online-casino-for-playing-crazy-time\/\",\"url\":\"https:\/\/crazytime.com.pl\/bg\/choosing-an-online-casino-for-playing-crazy-time\/\",\"name\":\"\u041a\u0430\u043a \u0434\u0430 \u0438\u0437\u0431\u0435\u0440\u0435\u0442\u0435 \u043e\u043d\u043b\u0430\u0439\u043d \u043a\u0430\u0437\u0438\u043d\u043e \u0437\u0430 \u0438\u0433\u0440\u0430 \u043d\u0430 Crazy Time\",\"isPartOf\":{\"@id\":\"https:\/\/crazytime.com.pl\/#website\"},\"datePublished\":\"2024-01-08T18:55:33+00:00\",\"dateModified\":\"2024-01-17T01:04:22+00:00\",\"description\":\"\u0418\u0437\u0431\u043e\u0440 \u043d\u0430 \u043e\u043d\u043b\u0430\u0439\u043d \u043a\u0430\u0437\u0438\u043d\u043e \u0437\u0430 \u043f\u043e\u0441\u0442\u0430\u0432\u044f\u043d\u0435 \u043d\u0430 \u0437\u0430\u043b\u043e\u0437\u0438 \u0432 \u0438\u0433\u0440\u0430\u0442\u0430 Crazy Time. \u0420\u0435\u0433\u0438\u0441\u0442\u0440\u0430\u0446\u0438\u044f, \u0432\u0445\u043e\u0434 \u0437\u0430 \u0443\u0441\u043f\u0435\u0448\u043d\u0430 \u0438\u0433\u0440\u0430 \u0432 Crazy Time.\",\"breadcrumb\":{\"@id\":\"https:\/\/crazytime.com.pl\/bg\/choosing-an-online-casino-for-playing-crazy-time\/#breadcrumb\"},\"inLanguage\":\"de-DE\",\"potentialAction\":[{\"@type\":\"ReadAction\",\"target\":[\"https:\/\/crazytime.com.pl\/bg\/choosing-an-online-casino-for-playing-crazy-time\/\"]}]},{\"@type\":\"BreadcrumbList\",\"@id\":\"https:\/\/crazytime.com.pl\/bg\/choosing-an-online-casino-for-playing-crazy-time\/#breadcrumb\",\"itemListElement\":[{\"@type\":\"ListItem\",\"position\":1,\"name\":\"Home\",\"item\":\"https:\/\/crazytime.com.pl\/\"},{\"@type\":\"ListItem\",\"position\":2,\"name\":\"\u0418\u0437\u0431\u043e\u0440 \u043d\u0430 \u043e\u043d\u043b\u0430\u0439\u043d \u043a\u0430\u0437\u0438\u043d\u043e \u0437\u0430 \u0438\u0433\u0440\u0430 \u043d\u0430 Crazy Time\"}]},{\"@type\":\"WebSite\",\"@id\":\"https:\/\/crazytime.com.pl\/#website\",\"url\":\"https:\/\/crazytime.com.pl\/\",\"name\":\"Crazy Time\",\"description\":\"\",\"potentialAction\":[{\"@type\":\"SearchAction\",\"target\":{\"@type\":\"EntryPoint\",\"urlTemplate\":\"https:\/\/crazytime.com.pl\/?s={search_term_string}\"},\"query-input\":{\"@type\":\"PropertyValueSpecification\",\"valueRequired\":true,\"valueName\":\"search_term_string\"}}],\"inLanguage\":\"de-DE\"}]}<\/script>\n<!-- \/ Yoast SEO plugin. -->","yoast_head_json":{"title":"\u041a\u0430\u043a \u0434\u0430 \u0438\u0437\u0431\u0435\u0440\u0435\u0442\u0435 \u043e\u043d\u043b\u0430\u0439\u043d \u043a\u0430\u0437\u0438\u043d\u043e \u0437\u0430 \u0438\u0433\u0440\u0430 \u043d\u0430 Crazy Time","description":"Auswahl eines Online-Casinos f\u00fcr Wetten im Spiel Crazy Time. Anmeldung, Anmeldung f\u00fcr ein erfolgreiches Spiel in Crazy Time.","robots":{"index":"index","follow":"follow","max-snippet":"max-snippet:-1","max-image-preview":"max-image-preview:large","max-video-preview":"max-video-preview:-1"},"canonical":"https:\/\/crazytime.com.pl\/de\/choosing-an-online-casino-for-playing-crazy-time\/","og_locale":"de_DE","og_type":"article","og_title":"\u041a\u0430\u043a \u0434\u0430 \u0438\u0437\u0431\u0435\u0440\u0435\u0442\u0435 \u043e\u043d\u043b\u0430\u0439\u043d \u043a\u0430\u0437\u0438\u043d\u043e \u0437\u0430 \u0438\u0433\u0440\u0430 \u043d\u0430 Crazy Time","og_description":"\u0418\u0437\u0431\u043e\u0440 \u043d\u0430 \u043e\u043d\u043b\u0430\u0439\u043d \u043a\u0430\u0437\u0438\u043d\u043e \u0437\u0430 \u043f\u043e\u0441\u0442\u0430\u0432\u044f\u043d\u0435 \u043d\u0430 \u0437\u0430\u043b\u043e\u0437\u0438 \u0432 \u0438\u0433\u0440\u0430\u0442\u0430 Crazy Time. \u0420\u0435\u0433\u0438\u0441\u0442\u0440\u0430\u0446\u0438\u044f, \u0432\u0445\u043e\u0434 \u0437\u0430 \u0443\u0441\u043f\u0435\u0448\u043d\u0430 \u0438\u0433\u0440\u0430 \u0432 Crazy Time.","og_url":"https:\/\/crazytime.com.pl\/de\/choosing-an-online-casino-for-playing-crazy-time\/","og_site_name":"Crazy Time","article_modified_time":"2024-01-17T01:04:22+00:00","twitter_card":"summary_large_image","twitter_misc":{"Gesch\u00e4tzte Lesezeit":"17\u00a0Minuten"},"schema":{"@context":"https:\/\/schema.org","@graph":[{"@type":"WebPage","@id":"https:\/\/crazytime.com.pl\/bg\/choosing-an-online-casino-for-playing-crazy-time\/","url":"https:\/\/crazytime.com.pl\/bg\/choosing-an-online-casino-for-playing-crazy-time\/","name":"\u041a\u0430\u043a \u0434\u0430 \u0438\u0437\u0431\u0435\u0440\u0435\u0442\u0435 \u043e\u043d\u043b\u0430\u0439\u043d \u043a\u0430\u0437\u0438\u043d\u043e \u0437\u0430 \u0438\u0433\u0440\u0430 \u043d\u0430 Crazy Time","isPartOf":{"@id":"https:\/\/crazytime.com.pl\/#website"},"datePublished":"2024-01-08T18:55:33+00:00","dateModified":"2024-01-17T01:04:22+00:00","description":"\u0418\u0437\u0431\u043e\u0440 \u043d\u0430 \u043e\u043d\u043b\u0430\u0439\u043d \u043a\u0430\u0437\u0438\u043d\u043e \u0437\u0430 \u043f\u043e\u0441\u0442\u0430\u0432\u044f\u043d\u0435 \u043d\u0430 \u0437\u0430\u043b\u043e\u0437\u0438 \u0432 \u0438\u0433\u0440\u0430\u0442\u0430 Crazy Time. \u0420\u0435\u0433\u0438\u0441\u0442\u0440\u0430\u0446\u0438\u044f, \u0432\u0445\u043e\u0434 \u0437\u0430 \u0443\u0441\u043f\u0435\u0448\u043d\u0430 \u0438\u0433\u0440\u0430 \u0432 Crazy Time.","breadcrumb":{"@id":"https:\/\/crazytime.com.pl\/bg\/choosing-an-online-casino-for-playing-crazy-time\/#breadcrumb"},"inLanguage":"de-DE","potentialAction":[{"@type":"ReadAction","target":["https:\/\/crazytime.com.pl\/bg\/choosing-an-online-casino-for-playing-crazy-time\/"]}]},{"@type":"BreadcrumbList","@id":"https:\/\/crazytime.com.pl\/bg\/choosing-an-online-casino-for-playing-crazy-time\/#breadcrumb","itemListElement":[{"@type":"ListItem","position":1,"name":"Home","item":"https:\/\/crazytime.com.pl\/"},{"@type":"ListItem","position":2,"name":"\u0418\u0437\u0431\u043e\u0440 \u043d\u0430 \u043e\u043d\u043b\u0430\u0439\u043d \u043a\u0430\u0437\u0438\u043d\u043e \u0437\u0430 \u0438\u0433\u0440\u0430 \u043d\u0430 Crazy Time"}]},{"@type":"WebSite","@id":"https:\/\/crazytime.com.pl\/#website","url":"https:\/\/crazytime.com.pl\/","name":"Crazy Time","description":"","potentialAction":[{"@type":"SearchAction","target":{"@type":"EntryPoint","urlTemplate":"https:\/\/crazytime.com.pl\/?s={search_term_string}"},"query-input":{"@type":"PropertyValueSpecification","valueRequired":true,"valueName":"search_term_string"}}],"inLanguage":"de-DE"}]}},"_links":{"self":[{"href":"https:\/\/crazytime.com.pl\/de\/wp-json\/wp\/v2\/pages\/16","targetHints":{"allow":["GET"]}}],"collection":[{"href":"https:\/\/crazytime.com.pl\/de\/wp-json\/wp\/v2\/pages"}],"about":[{"href":"https:\/\/crazytime.com.pl\/de\/wp-json\/wp\/v2\/types\/page"}],"author":[{"embeddable":true,"href":"https:\/\/crazytime.com.pl\/de\/wp-json\/wp\/v2\/users\/1"}],"replies":[{"embeddable":true,"href":"https:\/\/crazytime.com.pl\/de\/wp-json\/wp\/v2\/comments?post=16"}],"version-history":[{"count":26,"href":"https:\/\/crazytime.com.pl\/de\/wp-json\/wp\/v2\/pages\/16\/revisions"}],"predecessor-version":[{"id":187,"href":"https:\/\/crazytime.com.pl\/de\/wp-json\/wp\/v2\/pages\/16\/revisions\/187"}],"wp:attachment":[{"href":"https:\/\/crazytime.com.pl\/de\/wp-json\/wp\/v2\/media?parent=16"}],"curies":[{"name":"wp","href":"https:\/\/api.w.org\/{rel}","templated":true}]}}