{"id":10,"date":"2024-01-08T18:52:45","date_gmt":"2024-01-08T18:52:45","guid":{"rendered":"https:\/\/crazytime.com.pl\/?page_id=10"},"modified":"2024-01-17T01:09:09","modified_gmt":"2024-01-17T01:09:09","slug":"reviews","status":"publish","type":"page","link":"https:\/\/crazytime.com.pl\/de\/reviews\/","title":{"rendered":"Bewertungen"},"content":{"rendered":"<p>Millionen von Spielern weltweit spielen das Live-Spiel Crazy Time und genie\u00dfen die Erfahrung. Sie werden kein einziges Land auf der Welt finden, in dem es keine Crazy Time-Spieler gibt. Und es gibt Gr\u00fcnde f\u00fcr diese Beliebtheit. Dazu geh\u00f6rt das Gef\u00fchl, sich in einem echten Online-Casino zu befinden, da das Spiel von einem Live-Dealer moderiert wird. Mit anderen Worten, Sie k\u00f6nnen bequem in Ihrem Stuhl sitzen und das Spiel genie\u00dfen. Wir haben Meinungen von echten Spielern gesammelt und geben einen \u00dcberblick \u00fcber das Spiel Crazy Time.<\/p>\n<p>Das Online-Spiel Crazy Time ist ein Wirbelwind der Emotionen! Eine Live-Show mit einem echten Moderator und verschiedenen Bonus-Spielen l\u00e4sst niemanden gleichg\u00fcltig. Es ist die beste Freizeitbesch\u00e4ftigung f\u00fcr Gl\u00fccksspielenthusiasten. Es f\u00fchlt sich an, als w\u00e4ren Sie in einem Casino in Las Vegas oder Macau. Es hat mir wirklich gut gefallen.<\/p>\n<p>Maxim, 22 Jahre<\/p>\n<p>Ich habe viele Spiele in Online-Casinos ausprobiert, aber Crazy Time ist mein Favorit geworden. Helle Grafiken, lebendige Moderatoren und die M\u00f6glichkeit von gro\u00dfen Gewinnen \u2013 einfach fantastisch! Es dauert eine Weile, um die Bonus-Spiele zu verstehen. Es gibt mehrere davon, und sie sind unterschiedlich, aber es ist nicht kompliziert.<\/p>\n<p>Alexander, 24 Jahre<\/p>\n<p>Crazy Time ist einzigartig mit seinen Bonus-Runden. Jedes Mal, wenn Sie Zugang zu einer von ihnen gewinnen, sp\u00fcren Sie einen unglaublichen Adrenalinschub. Und das erh\u00f6ht die Chancen auf einen gro\u00dfen Gewinn drastisch. Die Art von Gewinn, bei dem Sie mit Ihrer Freundin ausgehen und alles kaufen k\u00f6nnen, was sie m\u00f6chte.<\/p>\n<p>Mark, 27 Jahre<\/p>\n<p>Dieses Spiel vereint perfekt die Aufregung einer Show und die M\u00f6glichkeiten eines Casinos. Die Moderatoren machen den Prozess noch aufregender. Echte Unterhaltung f\u00fcr Spieler jeden Alters.<\/p>\n<p>Maria, 22 Jahre<\/p>\n<p>Crazy Time ist mehr als nur ein Gl\u00fccksspiel. Es steckt voller \u00dcberraschungen und unerwarteter Wendungen, die jede Spielsitzung einzigartig und unvergesslich machen. Es ist eine ganze Show, bei der Sie jeden Moment genie\u00dfen k\u00f6nnen. Ich verstehe nicht, warum die Leute ins Kino gehen oder ihre Zeit anders verbringen, wenn Sie Crazy Time starten k\u00f6nnen und der Spa\u00df garantiert ist.<\/p>\n<p>Alina, 22 Jahre<\/p>\n<p>Ich liebe die Momente mit Bonus-Spielen in Crazy Time. Sie verleihen dem Spiel eine besondere Note und bieten Chancen auf gro\u00dfe Gewinne. Ich verbringe gerne Zeit mit diesem Spiel! Und niemand kann mich davon \u00fcberzeugen, dass Gl\u00fccksspiel schlecht ist, denn wenn es Gl\u00fccksspiel ist, dann nur Crazy Time.<\/p>\n<p>Alexander, 23 Jahre<\/p>\n<p>Crazy Time ist die perfekte Wahl f\u00fcr diejenigen, die nicht nur Spielerfahrung, sondern eine ganze Show wollen. Die Moderatoren, die Musik, die Interaktion \u2013 alles ist erstklassig! Es ist, als w\u00e4ren Sie in einem echten Casino gewesen.<\/p>\n<p>Nick, 20 Jahre<\/p>\n<p>Dieses Spiel hat mich auf den ersten Blick gefesselt. Hell, energiegeladen und immer voller \u00dcberraschungen \u2013 so stelle ich mir das perfekte Online-Casino vor. Fr\u00fcher dachte ich, dass Crash-Spiele die n\u00e4chste Entwicklungsstufe sind, aber jetzt sehe ich, dass Live-Spiele wie Crazy Time das n\u00e4chste Level sind.<\/p>\n<p>Bruno, 26 Jahre<\/p>\n<p>In Crazy Time ist jede Runde ein neues Abenteuer. Mir gef\u00e4llt, dass es so viele verschiedene Elemente gibt: vom Drehen des Rads bis zu Bonus-Minispiel. Es scheint, als g\u00e4be es viel Vielfalt und Elemente im Spiel, aber man verliert sich dabei nicht.<\/p>\n<p>Ignat, 27 Jahre<\/p>\n<p>Wenn ich Crazy Time spiele, f\u00fchle ich mich wie ein Teil einer gro\u00dfen und lustigen Show. Es geht nicht nur um Gl\u00fccksspiel, sondern auch um eine gro\u00dfartige M\u00f6glichkeit, sich nach einem anstrengenden Tag zu entspannen. Ich kann mir mein Leben ohne Crazy Time nicht vorstellen.<\/p>\n<p>Natalia, 28 Jahre<\/p>\n<p>Ein tolles Spiel f\u00fcr diejenigen, die Live-Casinos mit interaktiven Elementen lieben. Crazy Time \u00fcberrascht st\u00e4ndig mit der Vielfalt der Runden und M\u00f6glichkeiten. Es ist ein Spiel, in dem Sie immer etwas Neues entdecken werden.<\/p>\n<p>Andrey, 21 Jahre<\/p>\n<p>Crazy Time ist eine Explosion der Emotionen! Jedes Mal sp\u00fcren Sie Aufregung, wenn sich das Rad zu verlangsamen beginnt und darauf wartet, auf welchem Segment es stoppen wird. Es gef\u00e4llt mir sehr.<\/p>\n<p>Vanessa, 20 Jahre<\/p>\n<p>Ich liebe dieses Spiel wegen seiner Dynamik und Vielfalt. In Crazy Time passiert immer etwas, und das h\u00e4lt den gesamten Spielprozess aufregend.<\/p>\n<p>Alex, 34 Jahre<\/p>\n<p>Dieses Spiel ist eine hervorragende M\u00f6glichkeit, Ihr Gl\u00fcck in einer lebhaften und aufregenden Atmosph\u00e4re zu testen. Crazy Time ist nicht nur ein Casino; es ist eine ganze Show! Das Spiel ist bekannt, und viele meiner Freunde spielen es. Keiner meiner Freunde bereut es, Crazy Time zu spielen.<\/p>\n<p>Dan, 23 Jahre<\/p>\n<p>Crazy Time hat alle meine Erwartungen an ein Live-Spiel \u00fcbertroffen. Aufregende Bonus-Runden, lebendige Moderatoren und eine erstaunliche Atmosph\u00e4re \u2013 genau das braucht man f\u00fcr einen gro\u00dfartigen Abend. Ich werde weiterhin spielen.<\/p>\n<p>Denis, 20 Jahre<\/p>\n","protected":false},"excerpt":{"rendered":"<p>Millionen von Spielern weltweit spielen das Live-Spiel Crazy Time und genie\u00dfen die Erfahrung. Sie werden kein einziges Land auf der Welt finden, in dem es keine Crazy Time-Spieler gibt. Und es gibt Gr\u00fcnde f\u00fcr diese Beliebtheit. Dazu geh\u00f6rt das Gef\u00fchl, sich in einem echten Online-Casino zu befinden, da das Spiel &hellip;<\/p>\n","protected":false},"author":1,"featured_media":0,"parent":0,"menu_order":0,"comment_status":"closed","ping_status":"closed","template":"","meta":{"footnotes":""},"class_list":["post-10","page","type-page","status-publish","hentry"],"yoast_head":"<!-- This site is optimized with the Yoast SEO plugin v27.2 - https:\/\/yoast.com\/product\/yoast-seo-wordpress\/ -->\n<title>\u041e\u0442\u0437\u044b\u0432\u044b \u0438\u0433\u0440\u043e\u043a\u043e\u0432 \u043e live \u0438\u0433\u0440\u0435 Crazy Time<\/title>\n<meta name=\"description\" content=\"Bewertungen, Meinungen und Feedback von echten Spielern zum einzigartigen Live-Dealer-Spiel Crazy Time. Ehrliche Meinungen \u00fcber Crazy Time.\" \/>\n<meta name=\"robots\" content=\"index, follow, max-snippet:-1, max-image-preview:large, max-video-preview:-1\" \/>\n<link rel=\"canonical\" href=\"https:\/\/crazytime.com.pl\/de\/reviews\/\" \/>\n<meta property=\"og:locale\" content=\"de_DE\" \/>\n<meta property=\"og:locale:alternate\" content=\"ru_RU\" \/>\n<meta property=\"og:locale:alternate\" content=\"en_US\" \/>\n<meta property=\"og:locale:alternate\" content=\"pt_PT\" \/>\n<meta property=\"og:locale:alternate\" content=\"es_ES\" \/>\n<meta property=\"og:locale:alternate\" content=\"fr_FR\" \/>\n<meta property=\"og:locale:alternate\" content=\"pl_PL\" \/>\n<meta property=\"og:locale:alternate\" content=\"tr_TR\" \/>\n<meta property=\"og:locale:alternate\" content=\"it_IT\" \/>\n<meta property=\"og:locale:alternate\" content=\"uk\" \/>\n<meta property=\"og:locale:alternate\" content=\"sr_RS\" \/>\n<meta property=\"og:locale:alternate\" content=\"bg_BG\" \/>\n<meta property=\"og:type\" content=\"article\" \/>\n<meta property=\"og:title\" content=\"\u041e\u0442\u0437\u044b\u0432\u044b \u0438\u0433\u0440\u043e\u043a\u043e\u0432 \u043e live \u0438\u0433\u0440\u0435 Crazy Time\" \/>\n<meta property=\"og:description\" content=\"\u041e\u0431\u0437\u043e\u0440\u044b, \u043c\u043d\u0435\u043d\u0438\u044f \u0438 \u043e\u0442\u0437\u044b\u0432\u044b \u043d\u0430\u0441\u0442\u043e\u044f\u0449\u0438\u0445 \u0438\u0433\u0440\u043e\u043a\u043e\u0432 \u043e\u0431 \u0443\u043d\u0438\u043a\u0430\u043b\u044c\u043d\u043e\u0439 \u0438\u0433\u0440\u0435 \u0441 \u0436\u0438\u0432\u044b\u043c \u0434\u0438\u043b\u0435\u0440\u043e\u043c Crazy Time. \u0427\u0435\u0441\u0442\u043d\u043e\u0435 \u043c\u043d\u0435\u043d\u0438\u0435 \u043e Crazy Time\" \/>\n<meta property=\"og:url\" content=\"https:\/\/crazytime.com.pl\/de\/reviews\/\" \/>\n<meta property=\"og:site_name\" content=\"Crazy Time\" \/>\n<meta property=\"article:modified_time\" content=\"2024-01-17T01:09:09+00:00\" \/>\n<meta name=\"twitter:card\" content=\"summary_large_image\" \/>\n<meta name=\"twitter:label1\" content=\"Gesch\u00e4tzte Lesezeit\" \/>\n\t<meta name=\"twitter:data1\" content=\"32\u00a0Minuten\" \/>\n<script type=\"application\/ld+json\" class=\"yoast-schema-graph\">{\"@context\":\"https:\/\/schema.org\",\"@graph\":[{\"@type\":\"WebPage\",\"@id\":\"https:\/\/crazytime.com.pl\/reviews\/\",\"url\":\"https:\/\/crazytime.com.pl\/reviews\/\",\"name\":\"\u041e\u0442\u0437\u044b\u0432\u044b \u0438\u0433\u0440\u043e\u043a\u043e\u0432 \u043e live \u0438\u0433\u0440\u0435 Crazy Time\",\"isPartOf\":{\"@id\":\"https:\/\/crazytime.com.pl\/#website\"},\"datePublished\":\"2024-01-08T18:52:45+00:00\",\"dateModified\":\"2024-01-17T01:09:09+00:00\",\"description\":\"\u041e\u0431\u0437\u043e\u0440\u044b, \u043c\u043d\u0435\u043d\u0438\u044f \u0438 \u043e\u0442\u0437\u044b\u0432\u044b \u043d\u0430\u0441\u0442\u043e\u044f\u0449\u0438\u0445 \u0438\u0433\u0440\u043e\u043a\u043e\u0432 \u043e\u0431 \u0443\u043d\u0438\u043a\u0430\u043b\u044c\u043d\u043e\u0439 \u0438\u0433\u0440\u0435 \u0441 \u0436\u0438\u0432\u044b\u043c \u0434\u0438\u043b\u0435\u0440\u043e\u043c Crazy Time. \u0427\u0435\u0441\u0442\u043d\u043e\u0435 \u043c\u043d\u0435\u043d\u0438\u0435 \u043e Crazy Time\",\"breadcrumb\":{\"@id\":\"https:\/\/crazytime.com.pl\/reviews\/#breadcrumb\"},\"inLanguage\":\"de-DE\",\"potentialAction\":[{\"@type\":\"ReadAction\",\"target\":[\"https:\/\/crazytime.com.pl\/reviews\/\"]}]},{\"@type\":\"BreadcrumbList\",\"@id\":\"https:\/\/crazytime.com.pl\/reviews\/#breadcrumb\",\"itemListElement\":[{\"@type\":\"ListItem\",\"position\":1,\"name\":\"Home\",\"item\":\"https:\/\/crazytime.com.pl\/\"},{\"@type\":\"ListItem\",\"position\":2,\"name\":\"\u041e\u0442\u0437\u044b\u0432\u044b\"}]},{\"@type\":\"WebSite\",\"@id\":\"https:\/\/crazytime.com.pl\/#website\",\"url\":\"https:\/\/crazytime.com.pl\/\",\"name\":\"Crazy Time\",\"description\":\"\",\"potentialAction\":[{\"@type\":\"SearchAction\",\"target\":{\"@type\":\"EntryPoint\",\"urlTemplate\":\"https:\/\/crazytime.com.pl\/?s={search_term_string}\"},\"query-input\":{\"@type\":\"PropertyValueSpecification\",\"valueRequired\":true,\"valueName\":\"search_term_string\"}}],\"inLanguage\":\"de-DE\"}]}<\/script>\n<!-- \/ Yoast SEO plugin. -->","yoast_head_json":{"title":"\u041e\u0442\u0437\u044b\u0432\u044b \u0438\u0433\u0440\u043e\u043a\u043e\u0432 \u043e live \u0438\u0433\u0440\u0435 Crazy Time","description":"Bewertungen, Meinungen und Feedback von echten Spielern zum einzigartigen Live-Dealer-Spiel Crazy Time. Ehrliche Meinungen \u00fcber Crazy Time.","robots":{"index":"index","follow":"follow","max-snippet":"max-snippet:-1","max-image-preview":"max-image-preview:large","max-video-preview":"max-video-preview:-1"},"canonical":"https:\/\/crazytime.com.pl\/de\/reviews\/","og_locale":"de_DE","og_type":"article","og_title":"\u041e\u0442\u0437\u044b\u0432\u044b \u0438\u0433\u0440\u043e\u043a\u043e\u0432 \u043e live \u0438\u0433\u0440\u0435 Crazy Time","og_description":"\u041e\u0431\u0437\u043e\u0440\u044b, \u043c\u043d\u0435\u043d\u0438\u044f \u0438 \u043e\u0442\u0437\u044b\u0432\u044b \u043d\u0430\u0441\u0442\u043e\u044f\u0449\u0438\u0445 \u0438\u0433\u0440\u043e\u043a\u043e\u0432 \u043e\u0431 \u0443\u043d\u0438\u043a\u0430\u043b\u044c\u043d\u043e\u0439 \u0438\u0433\u0440\u0435 \u0441 \u0436\u0438\u0432\u044b\u043c \u0434\u0438\u043b\u0435\u0440\u043e\u043c Crazy Time. \u0427\u0435\u0441\u0442\u043d\u043e\u0435 \u043c\u043d\u0435\u043d\u0438\u0435 \u043e Crazy Time","og_url":"https:\/\/crazytime.com.pl\/de\/reviews\/","og_site_name":"Crazy Time","article_modified_time":"2024-01-17T01:09:09+00:00","twitter_card":"summary_large_image","twitter_misc":{"Gesch\u00e4tzte Lesezeit":"32\u00a0Minuten"},"schema":{"@context":"https:\/\/schema.org","@graph":[{"@type":"WebPage","@id":"https:\/\/crazytime.com.pl\/reviews\/","url":"https:\/\/crazytime.com.pl\/reviews\/","name":"\u041e\u0442\u0437\u044b\u0432\u044b \u0438\u0433\u0440\u043e\u043a\u043e\u0432 \u043e live \u0438\u0433\u0440\u0435 Crazy Time","isPartOf":{"@id":"https:\/\/crazytime.com.pl\/#website"},"datePublished":"2024-01-08T18:52:45+00:00","dateModified":"2024-01-17T01:09:09+00:00","description":"\u041e\u0431\u0437\u043e\u0440\u044b, \u043c\u043d\u0435\u043d\u0438\u044f \u0438 \u043e\u0442\u0437\u044b\u0432\u044b \u043d\u0430\u0441\u0442\u043e\u044f\u0449\u0438\u0445 \u0438\u0433\u0440\u043e\u043a\u043e\u0432 \u043e\u0431 \u0443\u043d\u0438\u043a\u0430\u043b\u044c\u043d\u043e\u0439 \u0438\u0433\u0440\u0435 \u0441 \u0436\u0438\u0432\u044b\u043c \u0434\u0438\u043b\u0435\u0440\u043e\u043c Crazy Time. \u0427\u0435\u0441\u0442\u043d\u043e\u0435 \u043c\u043d\u0435\u043d\u0438\u0435 \u043e Crazy Time","breadcrumb":{"@id":"https:\/\/crazytime.com.pl\/reviews\/#breadcrumb"},"inLanguage":"de-DE","potentialAction":[{"@type":"ReadAction","target":["https:\/\/crazytime.com.pl\/reviews\/"]}]},{"@type":"BreadcrumbList","@id":"https:\/\/crazytime.com.pl\/reviews\/#breadcrumb","itemListElement":[{"@type":"ListItem","position":1,"name":"Home","item":"https:\/\/crazytime.com.pl\/"},{"@type":"ListItem","position":2,"name":"\u041e\u0442\u0437\u044b\u0432\u044b"}]},{"@type":"WebSite","@id":"https:\/\/crazytime.com.pl\/#website","url":"https:\/\/crazytime.com.pl\/","name":"Crazy Time","description":"","potentialAction":[{"@type":"SearchAction","target":{"@type":"EntryPoint","urlTemplate":"https:\/\/crazytime.com.pl\/?s={search_term_string}"},"query-input":{"@type":"PropertyValueSpecification","valueRequired":true,"valueName":"search_term_string"}}],"inLanguage":"de-DE"}]}},"_links":{"self":[{"href":"https:\/\/crazytime.com.pl\/de\/wp-json\/wp\/v2\/pages\/10","targetHints":{"allow":["GET"]}}],"collection":[{"href":"https:\/\/crazytime.com.pl\/de\/wp-json\/wp\/v2\/pages"}],"about":[{"href":"https:\/\/crazytime.com.pl\/de\/wp-json\/wp\/v2\/types\/page"}],"author":[{"embeddable":true,"href":"https:\/\/crazytime.com.pl\/de\/wp-json\/wp\/v2\/users\/1"}],"replies":[{"embeddable":true,"href":"https:\/\/crazytime.com.pl\/de\/wp-json\/wp\/v2\/comments?post=10"}],"version-history":[{"count":24,"href":"https:\/\/crazytime.com.pl\/de\/wp-json\/wp\/v2\/pages\/10\/revisions"}],"predecessor-version":[{"id":193,"href":"https:\/\/crazytime.com.pl\/de\/wp-json\/wp\/v2\/pages\/10\/revisions\/193"}],"wp:attachment":[{"href":"https:\/\/crazytime.com.pl\/de\/wp-json\/wp\/v2\/media?parent=10"}],"curies":[{"name":"wp","href":"https:\/\/api.w.org\/{rel}","templated":true}]}}